{"id":99,"date":"2016-03-23T18:23:39","date_gmt":"2016-03-23T18:23:39","guid":{"rendered":"http:\/\/www.atalaywebhosting.com\/demo\/asya\/?page_id=99"},"modified":"2016-04-28T08:37:41","modified_gmt":"2016-04-28T08:37:41","slug":"sanat","status":"publish","type":"page","link":"https:\/\/asyanakliyat.com\/tr\/sanat\/","title":{"rendered":"SANAT"},"content":{"rendered":"<p>[vc_row][vc_column width=&#8221;1\/4&#8243; css=&#8221;.vc_custom_1458908786900{background-color: #e0e0e0 !important;}&#8221;][vc_column_text]<\/p>\n<h6><span style=\"color: #ff6600;\"><a style=\"color: #ff6600;\" href=\"https:\/\/www.asyanakliyat.com\/sanat\/\">SANAT NAKL\u0130YES\u0130<\/a><br \/>\n<\/span><br \/>\n<span style=\"color: #999999;\"><a style=\"color: #999999;\" href=\"https:\/\/www.asyanakliyat.com\/kara-yolu\/\">KARA YOLU<\/a><br \/>\n<\/span><br \/>\n<span style=\"color: #999999;\"><a style=\"color: #999999;\" href=\"https:\/\/www.asyanakliyat.com\/hava-yolu\/\">HAVA YOLU<\/a><br \/>\n<\/span><br \/>\n<span style=\"color: #999999;\"><a style=\"color: #999999;\" href=\"https:\/\/www.asyanakliyat.com\/deniz-yolu-2\/\">DEN\u0130Z YOLU<\/a><br \/>\n<\/span><br \/>\n<span style=\"color: #999999;\"><a style=\"color: #999999;\" href=\"https:\/\/www.asyanakliyat.com\/kurye-hizmetleri\/\">KURYE H\u0130ZMETLER\u0130<br \/>\n<\/a><\/span><br \/>\n<span style=\"color: #999999;\"><a style=\"color: #999999;\" href=\"https:\/\/www.asyanakliyat.com\/paketleme-ve-sandik-yapimi\/\">PAKETLEME VE SANDIK YAPIMI<\/a><br \/>\n<\/span><br \/>\n<span style=\"color: #999999;\"><a style=\"color: #999999;\" href=\"https:\/\/www.asyanakliyat.com\/kurulum\/\">KURULUM<\/a><br \/>\n<\/span><br \/>\n<span style=\"color: #999999;\"><a style=\"color: #999999;\" href=\"https:\/\/www.asyanakliyat.com\/sanat-gumruk\/\">G\u00dcMR\u00dcKLEME<\/a><br \/>\n<\/span><br \/>\n<a href=\"https:\/\/www.asyanakliyat.com\/english-storage\/\"><span style=\"color: #999999;\">DEPOLAMA<\/span><\/a><\/h6>\n<p>[\/vc_column_text][\/vc_column][vc_column width=&#8221;3\/4&#8243;][vc_separator][vc_column_text]<\/p>\n<h4 style=\"text-align: justify;\"><span style=\"color: #3b78ab;\">ASYA NAKLiYAT, ARKEOLOJiK ESERLERDEN G\u00dcNCEL ESERLERE KADAR HER T\u00dcR SANAT ESERiNE OLA\u011eAN\u00dcST\u00dc BiR \u00d6ZEN VE EN G\u00dcNCEL TEKNiKLERLE MUAMELE YAPMAKTADIR.\u00a0<\/span><\/h4>\n<p>Sanat eseri nakliyesi fevkalade uzmanl\u0131k isteyen bir hizmettir ve ancak uzun y\u0131llar i\u00e7erisinde edinebilecek \u00e7ok geni\u015f bilgi birikimi ve beceri gerektirmektedir. Istanbul, Ankara, \u0130zmir ve Adana ofislerimizle eser elle\u00e7leme, paketleme ve nakliyesinde \u00fcst\u00fcn beceri ile hizmet vermekteyiz.<\/p>\n<p>Geni\u015f acente a\u011f\u0131m\u0131z sayesinde ey iyi ta\u015f\u0131ma hizmetini vermekteyiz. Yasal, uluslararas\u0131 ve demokratik bir sanat eseri nakliyecileri organizasyonu olan ICEFAT \u00fcyesi olmam\u0131z vesilesiyle, eserleriniz nereye giderse gitsin, ayni uzman eller taraf\u0131ndan dokunuluyor olacaklar.[\/vc_column_text][\/vc_column][\/vc_row]<\/p>","protected":false},"excerpt":{"rendered":"<p>[vc_row][vc_column width=&#8221;1\/4&#8243; css=&#8221;.vc_custom_1458908786900{background-color: #e0e0e0 !important;}&#8221;][vc_column_text] SANAT NAKL\u0130YES\u0130 KARA YOLU HAVA YOLU DEN\u0130Z YOLU KURYE H\u0130ZMETLER\u0130 PAKETLEME VE SANDIK YAPIMI KURULUM G\u00dcMR\u00dcKLEME DEPOLAMA [\/vc_column_text][\/vc_column][vc_column width=&#8221;3\/4&#8243;][vc_separator][vc_column_text] ASYA NAKLiYAT, [&hellip;]<\/p>\n","protected":false},"author":1,"featured_media":0,"parent":0,"menu_order":0,"comment_status":"closed","ping_status":"closed","template":"","meta":{"footnotes":""},"class_list":["post-99","page","type-page","status-publish","hentry"],"_links":{"self":[{"href":"https:\/\/asyanakliyat.com\/tr\/wp-json\/wp\/v2\/pages\/99","targetHints":{"allow":["GET"]}}],"collection":[{"href":"https:\/\/asyanakliyat.com\/tr\/wp-json\/wp\/v2\/pages"}],"about":[{"href":"https:\/\/asyanakliyat.com\/tr\/wp-json\/wp\/v2\/types\/page"}],"author":[{"embeddable":true,"href":"https:\/\/asyanakliyat.com\/tr\/wp-json\/wp\/v2\/users\/1"}],"replies":[{"embeddable":true,"href":"https:\/\/asyanakliyat.com\/tr\/wp-json\/wp\/v2\/comments?post=99"}],"version-history":[{"count":13,"href":"https:\/\/asyanakliyat.com\/tr\/wp-json\/wp\/v2\/pages\/99\/revisions"}],"predecessor-version":[{"id":850,"href":"https:\/\/asyanakliyat.com\/tr\/wp-json\/wp\/v2\/pages\/99\/revisions\/850"}],"wp:attachment":[{"href":"https:\/\/asyanakliyat.com\/tr\/wp-json\/wp\/v2\/media?parent=99"}],"curies":[{"name":"wp","href":"https:\/\/api.w.org\/{rel}","templated":true}]}}