{"id":962,"date":"2016-05-04T09:10:26","date_gmt":"2016-05-04T09:10:26","guid":{"rendered":"http:\/\/www.asyanakliyat.com\/?page_id=962"},"modified":"2023-05-25T07:03:43","modified_gmt":"2023-05-25T07:03:43","slug":"contact","status":"publish","type":"page","link":"https:\/\/asyanakliyat.com\/tr\/contact\/","title":{"rendered":"CONTACT"},"content":{"rendered":"<p>[vc_row][vc_column width=&#8221;1\/2&#8243; css=&#8221;.vc_custom_1458923639771{background-color: #dbdbdb !important;}&#8221;][vc_column_text]<\/p>\n<div class=\"sag contact\">\n<div class=\"adresler\">\n<h1><span style=\"color: #3b78ab;\">\u0130STANBUL<\/span><\/h1>\n<p>Re\u015fitpa\u015fa Mah. De\u011firmentepe Aykan Sok. No: 18\/2 Emirgan, 34467 Sar\u0131yer \u0130stanbul-Turkey<br \/>\nT: +90 212 359 20 00<br \/>\nF: +90 212 243 65 09<br \/>\nE: <a href=\"mailto:ist@asyanakliyat.com\">ist@asyanakliyat.com<\/a><br \/>\n<span style=\"color: #3b78ab;\"><a style=\"color: #3b78ab;\" href=\"https:\/\/goo.gl\/maps\/4r8v4ur97QK2\" target=\"_blank\">CLICK FOR MAP<\/a><\/span><\/p>\n<div class=\"qr-container\"><img loading=\"lazy\" decoding=\"async\" class=\"alignnone size-medium wp-image-622\" src=\"https:\/\/www.asyanakliyat.com\/wp-content\/uploads\/2016\/03\/qr_istanbul.jpg\" alt=\"qr_istanbul\" width=\"119\" height=\"119\" srcset=\"https:\/\/asyanakliyat.com\/wp-content\/uploads\/2016\/03\/qr_istanbul.jpg 119w, https:\/\/asyanakliyat.com\/wp-content\/uploads\/2016\/03\/qr_istanbul-50x50.jpg 50w, https:\/\/asyanakliyat.com\/wp-content\/uploads\/2016\/03\/qr_istanbul-75x75.jpg 75w, https:\/\/asyanakliyat.com\/wp-content\/uploads\/2016\/03\/qr_istanbul-85x85.jpg 85w, https:\/\/asyanakliyat.com\/wp-content\/uploads\/2016\/03\/qr_istanbul-80x80.jpg 80w\" sizes=\"auto, (max-width: 119px) 100vw, 119px\" \/><\/div>\n<\/div>\n<div class=\"adresler\">\n<h1><span style=\"color: #3b78ab;\">ANKARA<\/span><\/h1>\n<p>Atat\u00fcrk Bulvar\u0131 No: 127\/2 06640 Bakanl\u0131klar Ankara-Turkey<br \/>\nT: +90 312 417 41 84<br \/>\nF: +90 312 425 69 95<br \/>\nE: <a href=\"mailto:ank@asyanakliyat.com\">ank@asyanakliyat.com<\/a><br \/>\n<span style=\"color: #3b78ab;\"><a style=\"color: #3b78ab;\" href=\"https:\/\/goo.gl\/maps\/einw1PRU5A72\" target=\"_blank\">CLICK FOR MAP<\/a><\/span><\/p>\n<div class=\"qr-container\"><img loading=\"lazy\" decoding=\"async\" class=\"alignnone size-medium wp-image-623\" src=\"https:\/\/www.asyanakliyat.com\/wp-content\/uploads\/2016\/03\/qr_ankara.jpg\" alt=\"qr_ankara\" width=\"118\" height=\"118\" srcset=\"https:\/\/asyanakliyat.com\/wp-content\/uploads\/2016\/03\/qr_ankara.jpg 118w, https:\/\/asyanakliyat.com\/wp-content\/uploads\/2016\/03\/qr_ankara-50x50.jpg 50w, https:\/\/asyanakliyat.com\/wp-content\/uploads\/2016\/03\/qr_ankara-75x75.jpg 75w, https:\/\/asyanakliyat.com\/wp-content\/uploads\/2016\/03\/qr_ankara-85x85.jpg 85w, https:\/\/asyanakliyat.com\/wp-content\/uploads\/2016\/03\/qr_ankara-80x80.jpg 80w\" sizes=\"auto, (max-width: 118px) 100vw, 118px\" \/><\/div>\n<\/div>\n<\/div>\n<div class=\"qr-container\">\n<div class=\"qr-container\"><\/div>\n<div class=\"qr-container\"><\/div>\n<div class=\"qr-container\"><\/div>\n<div class=\"qr-container\"><\/div>\n<div class=\"qr-container\"><\/div>\n<div class=\"qr-container\"><\/div>\n<div class=\"qr-container\">.<\/div>\n<\/div>\n<p>[\/vc_column_text][\/vc_column][vc_column width=&#8221;1\/2&#8243; css=&#8221;.vc_custom_1458923647819{background-color: #dbdbdb !important;}&#8221;][vc_column_text]<\/p>\n<div class=\"sag contact\">\n<div class=\"adresler\">\n<h1><span style=\"color: #3b78ab;\">\u0130ZM\u0130R<\/span><\/h1>\n<p>H\u00fcrriyet Bulvar\u0131, Kavala Plaza No: 4\/1 K: 2 D: 207 35210 Konak \u0130zmir-Turkey<br \/>\nT: +90 232 441 76 06<br \/>\nF: +90 232 441 76 33<br \/>\nE: <a href=\"mailto:izm@asyanakliyat.com\">izm@asyanakliyat.com<\/a><br \/>\n<span style=\"color: #3b78ab;\"><a style=\"color: #3b78ab;\" href=\"https:\/\/goo.gl\/maps\/xrgsyngdm5K2\" target=\"_blank\">CLICK FOR MAP<\/a><\/span><\/p>\n<div class=\"qr-container\"><img loading=\"lazy\" decoding=\"async\" class=\"alignnone size-medium wp-image-624\" src=\"https:\/\/www.asyanakliyat.com\/wp-content\/uploads\/2016\/03\/qr_izmir.jpg\" alt=\"qr_izmir\" width=\"118\" height=\"118\" srcset=\"https:\/\/asyanakliyat.com\/wp-content\/uploads\/2016\/03\/qr_izmir.jpg 118w, https:\/\/asyanakliyat.com\/wp-content\/uploads\/2016\/03\/qr_izmir-50x50.jpg 50w, https:\/\/asyanakliyat.com\/wp-content\/uploads\/2016\/03\/qr_izmir-75x75.jpg 75w, https:\/\/asyanakliyat.com\/wp-content\/uploads\/2016\/03\/qr_izmir-85x85.jpg 85w, https:\/\/asyanakliyat.com\/wp-content\/uploads\/2016\/03\/qr_izmir-80x80.jpg 80w\" sizes=\"auto, (max-width: 118px) 100vw, 118px\" \/><\/div>\n<\/div>\n<h1 class=\"adresler\"><span style=\"color: #3b78ab;\">ADANA<\/span><\/h1>\n<div class=\"adresler\">\n<p>Ceyhan Yolu 12. km 01310 \u0130ncirlik Adana-Turkey<br \/>\nT: +90 322 332 73 02<br \/>\nF: +90 322 332 98 65<br \/>\nE: <a href=\"mailto:adn@asyanakliyat.com\">adn@asyanakliyat.com<\/a><br \/>\n<span style=\"color: #3b78ab;\"><a style=\"color: #3b78ab;\" href=\"https:\/\/goo.gl\/maps\/PQn6pyY9WWH2\" target=\"_blank\">CLICK FOR MAP<\/a><\/span><\/p>\n<p><img loading=\"lazy\" decoding=\"async\" class=\"alignnone size-medium wp-image-625\" src=\"https:\/\/www.asyanakliyat.com\/wp-content\/uploads\/2016\/03\/qr_adana.jpg\" alt=\"qr_adana\" width=\"118\" height=\"118\" srcset=\"https:\/\/asyanakliyat.com\/wp-content\/uploads\/2016\/03\/qr_adana.jpg 118w, https:\/\/asyanakliyat.com\/wp-content\/uploads\/2016\/03\/qr_adana-50x50.jpg 50w, https:\/\/asyanakliyat.com\/wp-content\/uploads\/2016\/03\/qr_adana-75x75.jpg 75w, https:\/\/asyanakliyat.com\/wp-content\/uploads\/2016\/03\/qr_adana-85x85.jpg 85w, https:\/\/asyanakliyat.com\/wp-content\/uploads\/2016\/03\/qr_adana-80x80.jpg 80w\" sizes=\"auto, (max-width: 118px) 100vw, 118px\" \/><\/p>\n<\/div>\n<\/div>\n<div class=\"qr-container\"><\/div>\n<div class=\"qr-container\"><\/div>\n<div class=\"qr-container\"><\/div>\n<div class=\"qr-container\"><\/div>\n<div class=\"qr-container\"><\/div>\n<div class=\"qr-container\"><\/div>\n<div class=\"qr-container\">.<\/div>\n<p>[\/vc_column_text][\/vc_column][\/vc_row][vc_row][vc_column][\/vc_column][\/vc_row]<\/p>","protected":false},"excerpt":{"rendered":"<p>[vc_row][vc_column width=&#8221;1\/2&#8243; css=&#8221;.vc_custom_1458923639771{background-color: #dbdbdb !important;}&#8221;][vc_column_text] \u0130STANBUL Re\u015fitpa\u015fa Mah. De\u011firmentepe Aykan Sok. No: 18\/2 Emirgan, 34467 Sar\u0131yer \u0130stanbul-Turkey T: +90 212 359 20 00 F: +90 212 [&hellip;]<\/p>\n","protected":false},"author":1,"featured_media":0,"parent":0,"menu_order":0,"comment_status":"closed","ping_status":"closed","template":"","meta":{"footnotes":""},"class_list":["post-962","page","type-page","status-publish","hentry"],"_links":{"self":[{"href":"https:\/\/asyanakliyat.com\/tr\/wp-json\/wp\/v2\/pages\/962","targetHints":{"allow":["GET"]}}],"collection":[{"href":"https:\/\/asyanakliyat.com\/tr\/wp-json\/wp\/v2\/pages"}],"about":[{"href":"https:\/\/asyanakliyat.com\/tr\/wp-json\/wp\/v2\/types\/page"}],"author":[{"embeddable":true,"href":"https:\/\/asyanakliyat.com\/tr\/wp-json\/wp\/v2\/users\/1"}],"replies":[{"embeddable":true,"href":"https:\/\/asyanakliyat.com\/tr\/wp-json\/wp\/v2\/comments?post=962"}],"version-history":[{"count":3,"href":"https:\/\/asyanakliyat.com\/tr\/wp-json\/wp\/v2\/pages\/962\/revisions"}],"predecessor-version":[{"id":1540,"href":"https:\/\/asyanakliyat.com\/tr\/wp-json\/wp\/v2\/pages\/962\/revisions\/1540"}],"wp:attachment":[{"href":"https:\/\/asyanakliyat.com\/tr\/wp-json\/wp\/v2\/media?parent=962"}],"curies":[{"name":"wp","href":"https:\/\/api.w.org\/{rel}","templated":true}]}}