{"id":94,"date":"2016-03-23T18:21:18","date_gmt":"2016-03-23T18:21:18","guid":{"rendered":"http:\/\/www.atalaywebhosting.com\/demo\/asya\/?page_id=94"},"modified":"2016-05-06T09:39:26","modified_gmt":"2016-05-06T09:39:26","slug":"english-worldwide","status":"publish","type":"page","link":"https:\/\/asyanakliyat.com\/tr\/english-worldwide\/","title":{"rendered":"ULUSLARARASI NAKL\u0130YE"},"content":{"rendered":"<p>[vc_row][vc_column width=&#8221;1\/4&#8243; css=&#8221;.vc_custom_1458832881148{background-color: #e0e0e0 !important;}&#8221;][vc_column_text]<\/p>\n<h6><a href=\"https:\/\/www.asyanakliyat.com\/worldwide\"><span style=\"color: #999999;\"><span style=\"color: #ff6600;\">ULUSLARARASI NAKL\u0130YE<\/span><br \/>\n<\/span><\/a><br \/>\n<a href=\"https:\/\/www.asyanakliyat.com\/english-worldwide\/adan-zye-nakliye\/\"><span style=\"color: #999999;\">A`DAN Z`YE NAKL\u0130YE<br \/>\n<\/span><\/a><br \/>\n<a href=\"https:\/\/www.asyanakliyat.com\/english-worldwide\/hava-kara-ve-deniz\/\"><span style=\"color: #999999;\">HAVA, KARA VE DEN\u0130Z<br \/>\n<\/span><\/a><br \/>\n<a href=\"https:\/\/www.asyanakliyat.com\/english-worldwide\/gumrukleme-2\/\"><span style=\"color: #999999;\">G\u00dcMR\u00dcKLEME<br \/>\n<\/span><\/a><br \/>\n<a href=\"https:\/\/www.asyanakliyat.com\/storage\/storage-2\/\"><span style=\"color: #999999;\">DEPOLAMA<\/span><\/a><\/h6>\n<p>&nbsp;<\/p>\n<p>&nbsp;<\/p>\n<p>&nbsp;<\/p>\n<p>&nbsp;<\/p>\n<p>[\/vc_column_text][\/vc_column][vc_column width=&#8221;3\/4&#8243;][vc_separator][vc_column_text]<\/p>\n<h4><span style=\"color: #3b78ab;\">\u00c7OK iYi BiLiYORUZ Ki, YENi BiR \u00dcLKEYE TA\u015eINIRKEN YAPILAN YOLCULUK, YENi EViNiZE \u201cYUVA\u201d DEMENiN iLK ADIMIDIR. BUNUN BiLiNCiNDE OLARAK, BU YOLCULU\u011eUN \u00c7IKMAYA DE\u011eER BiR YOLCULUK OLMASI i\u00c7iN \u00c7ABALIYORUZ.\u00a0<\/span><\/h4>\n<p>Profesyonel ve deneyimli nakliye koordinat\u00f6rleri ekibimiz, her bir dosya i\u00e7in en do\u011fru nakliye turunu belirlemek i\u00e7in m\u00fc\u015fterilerimize yard\u0131m eder. Bunlar; kara deniz ve hava yolu olmaktad\u0131r. \u0130\u015fine odakl\u0131 dosya koordinat\u00f6r\u00fcm\u00fcz, e\u015fyalar\u0131n hacmine ve gidecekleri \u00fclkeye ba\u011fl\u0131 olarak en iyi nakliye y\u00f6ntemini planlayacak ve e\u015fyalar yeni eve g\u00fcvenli bir \u015fekilde teslim edilene kadar, t\u00fcm nakliye surecinde takip\u00e7isi olacakt\u0131r.<\/p>\n<p>Uluslararas\u0131 nakliye \u00e7ok titiz bir haz\u0131rl\u0131k ve paketleme gerektirir. Tecr\u00fcbeli paketleme ekibimiz bu konuda sanatsal bir hizmet vermektedir. Ekibimiz, k\u0131ymetli e\u015fyalar\u0131n en becerikli eller taraf\u0131ndan paketlendi\u011finden emin olmak, belli bir kalite seviyesini s\u00fcrd\u00fcrmek ve en iyi uygulamalardan haberdar olmak ad\u0131na periyodik \u015fekilde e\u011fitime tabi tutulurlar.<\/p>\n<p>Buna mobilyalar\u0131n demonte edilmesi, her bir par\u00e7an\u0131n paketlenmesi ve t\u00fcm e\u015fyalar en uygun \u015fekilde paketlenip koruma alt\u0131na al\u0131nd\u0131ktan sonra etrafl\u0131 bir paketleme listesi haz\u0131rlanmas\u0131 da d\u00e2hildir. Piyano, kasa, tablo ve manevi de\u011feri y\u00fcksek bir tak\u0131m \u00f6zel e\u015fyalar, daha g\u00fcvenli bir yolculuk i\u00e7in paketlendikten sonra her biri i\u00e7in \u00f6zel yap\u0131lm\u0131\u015f tahta sand\u0131klara yerle\u015ftirilir.<\/p>\n<p>Teslimat esnas\u0131nda t\u00fcm e\u015fyalar tamamen ambalajlar\u0131ndan \u00e7\u0131kart\u0131larak, m\u00fc\u015fterinin daha sonra arzu etti\u011fi yere koyabilmesi i\u00e7in d\u00fcz zeminlere koyulur. \u00d6rne\u011fin mutfak malzemeleri tezg\u00e2h \u00fczerine, porselenler yemek masas\u0131 \u00fczerine, k\u0131yafetler yataklar\u0131n \u00fczerine konulur.[\/vc_column_text][\/vc_column][\/vc_row]<\/p>","protected":false},"excerpt":{"rendered":"<p>[vc_row][vc_column width=&#8221;1\/4&#8243; css=&#8221;.vc_custom_1458832881148{background-color: #e0e0e0 !important;}&#8221;][vc_column_text] ULUSLARARASI NAKL\u0130YE A`DAN Z`YE NAKL\u0130YE HAVA, KARA VE DEN\u0130Z G\u00dcMR\u00dcKLEME DEPOLAMA &nbsp; &nbsp; &nbsp; &nbsp; [\/vc_column_text][\/vc_column][vc_column width=&#8221;3\/4&#8243;][vc_separator][vc_column_text] \u00c7OK iYi BiLiYORUZ Ki, [&hellip;]<\/p>\n","protected":false},"author":1,"featured_media":0,"parent":0,"menu_order":0,"comment_status":"closed","ping_status":"closed","template":"","meta":{"footnotes":""},"class_list":["post-94","page","type-page","status-publish","hentry"],"_links":{"self":[{"href":"https:\/\/asyanakliyat.com\/tr\/wp-json\/wp\/v2\/pages\/94","targetHints":{"allow":["GET"]}}],"collection":[{"href":"https:\/\/asyanakliyat.com\/tr\/wp-json\/wp\/v2\/pages"}],"about":[{"href":"https:\/\/asyanakliyat.com\/tr\/wp-json\/wp\/v2\/types\/page"}],"author":[{"embeddable":true,"href":"https:\/\/asyanakliyat.com\/tr\/wp-json\/wp\/v2\/users\/1"}],"replies":[{"embeddable":true,"href":"https:\/\/asyanakliyat.com\/tr\/wp-json\/wp\/v2\/comments?post=94"}],"version-history":[{"count":29,"href":"https:\/\/asyanakliyat.com\/tr\/wp-json\/wp\/v2\/pages\/94\/revisions"}],"predecessor-version":[{"id":1133,"href":"https:\/\/asyanakliyat.com\/tr\/wp-json\/wp\/v2\/pages\/94\/revisions\/1133"}],"wp:attachment":[{"href":"https:\/\/asyanakliyat.com\/tr\/wp-json\/wp\/v2\/media?parent=94"}],"curies":[{"name":"wp","href":"https:\/\/api.w.org\/{rel}","templated":true}]}}