{"id":91,"date":"2016-03-23T18:19:23","date_gmt":"2016-03-23T18:19:23","guid":{"rendered":"http:\/\/www.atalaywebhosting.com\/demo\/asya\/?page_id=91"},"modified":"2020-05-13T09:00:24","modified_gmt":"2020-05-13T09:00:24","slug":"hakkim-2","status":"publish","type":"page","link":"https:\/\/asyanakliyat.com\/tr\/hakkim-2\/","title":{"rendered":"HAKKIMIZDA"},"content":{"rendered":"<p>[vc_row][vc_column][\/vc_column][\/vc_row][vc_row][vc_column width=&#8221;1\/4&#8243; css=&#8221;.vc_custom_1458823762021{background-color: #e0e0e0 !important;}&#8221;][vc_column_text]<\/p>\n<h6><span style=\"color: #999999;\"><a style=\"color: #999999;\" href=\"https:\/\/www.asyanakliyat.com\/hakkim\/\"><span style=\"color: #ff6600;\">HAKKIMIZDA<\/span><\/a><\/span><\/h6>\n<p><span style=\"color: #999999;\"><a style=\"color: #999999;\" href=\"https:\/\/www.asyanakliyat.com\/ekip\/\">EKiP<\/a><\/span><\/p>\n<p><span style=\"color: #999999;\"><a style=\"color: #999999;\" href=\"https:\/\/www.asyanakliyat.com\/memberships\/\">\u00dcYELiKLER<\/a><\/span><\/p>\n<p><span style=\"color: #999999;\"><a style=\"color: #999999;\" href=\"https:\/\/www.asyanakliyat.com\/hakkim\/kalite-yonetimi\/kisisel-verilerin-korunmasi-ve-islenmesi-politikasi\/\">KAL\u0130TE Y\u00d6NET\u0130M\u0130<\/a><\/span><\/p>\n<p><span style=\"color: #999999;\"><a style=\"color: #999999;\" href=\"https:\/\/www.asyanakliyat.com\/hakkim\/kalite-yonetimi\/kisisel-verilerin-korunmasi-ve-islenmesi-politikasi\/\">&#8211; Ki\u015fisel Verilerin Korunmas\u0131 ve \u0130\u015flenmesi Politikas\u0131<\/a><\/span><\/p>\n<p><span style=\"color: #999999;\"><a style=\"color: #999999;\" href=\"https:\/\/www.asyanakliyat.com\/hakkim\/kalite-yonetimi\/kisisel-veri-saklama-ve-imha-politikasi\/\">&#8211; Ki\u015fisel Veri Saklama ve \u0130mha Politikas\u0131<\/a><\/span><\/p>\n<p><span style=\"color: #999999;\"><a style=\"color: #999999;\" href=\"https:\/\/www.asyanakliyat.com\/hakkim\/kalite-yonetimi\/cerez-politikalari\/\">&#8211; \u00c7erez Politikalar\u0131<\/a><\/span><\/p>\n<p><span style=\"color: #999999;\"><a style=\"color: #999999;\" href=\"https:\/\/www.asyanakliyat.com\/hakkim\/kalite-yonetimi\/veri-sahibinin-acik-riza-beyan-formu\/\">&#8211; Veri Sahibinin A\u00e7\u0131k R\u0131za Beyan Formu<\/a><\/span><\/p>\n<p><span style=\"color: #999999;\"><a style=\"color: #999999;\" href=\"https:\/\/www.asyanakliyat.com\/hakkim\/kalite-yonetimi\/veri-sahibi-basvuru-formu\/\">&#8211; Veri Sahibi Ba\u015fvuru Formu<\/a><\/span><\/p>\n<p><span style=\"color: #999999;\"><a style=\"color: #999999;\" href=\"https:\/\/www.asyanakliyat.com\/hakkim\/kalite-yonetimi\/kisisel-verilerin-islenmesi-ve-aktarimina-iliskin-bilgilendirme-formu\/\">&#8211; Ki\u015fisel Verilerin \u0130\u015flenmesi ve Aktar\u0131m\u0131na \u0130li\u015fkin Bilgilendirme (Ayd\u0131nlatma) Formu<\/a><\/span><\/p>\n<p><a href=\"https:\/\/www.asyanakliyat.com\/policies\/\"><span style=\"color: #999999;\">POLiTiKALARIMIZ<\/span><\/a><\/p>\n<p><a href=\"https:\/\/www.asyanakliyat.com\/wp-content\/uploads\/2016\/03\/BRANCH-RESPONSIBILITY-STATEMENT.pdf\" target=\"_blank\" rel=\"noopener\"><span style=\"color: #999999;\">\u015eUBE SORUMLULUK BEYANI<\/span><\/a><\/p>\n<p><a href=\"https:\/\/www.asyanakliyat.com\/wp-content\/uploads\/2016\/03\/ATC-Charter.pdf\" target=\"_blank\" rel=\"noopener\"><span style=\"color: #999999;\">Anti-Tr\u00f6st Beyannamesi<\/span><\/a><\/p>\n<p><a href=\"https:\/\/www.asyanakliyat.com\/wp-content\/uploads\/2016\/03\/ABC-Charter.pdf\" target=\"_blank\" rel=\"noopener\"><span style=\"color: #999999;\">R\u00fc\u015fvet ve Yolsuzlukla M\u00fccadele Beyannamesi<\/span><\/a><\/p>\n<p><span style=\"color: #999999;\"><a style=\"color: #999999;\" href=\"https:\/\/www.asyanakliyat.com\/hakkim\/haberler\/\">HABERLER<\/a><\/span><\/p>\n<h6><\/h6>\n<p>[\/vc_column_text][\/vc_column][vc_column width=&#8221;3\/4&#8243;][vc_separator][vc_separator style=&#8221;dotted&#8221;][vc_column_text]<\/p>\n<h4 style=\"text-align: justify;\"><span style=\"color: #3b78ab;\">B\u0130Z BU GELENE\u011eE 1963 SENES\u0130NDE BA\u015eLADIK. AMACIMIZ, M\u00dcMK\u00dcN OLAN EN \u0130Y\u0130 H\u0130ZMET\u0130 SUNMAK VE H\u0130\u00c7B\u0130R ZAMAN M\u00dcSTER\u0130LER\u0130M\u0130Z\u0130N MEMNUN\u0130YET\u0130NDEN VE KAL\u0130TEM\u0130ZDEN \u00d6D\u00dcN VERMEMEKT\u0130R.\u00a0<\/span><\/h4>\n<p>Sirketimiz 1963 senesinde, \u00fclkemizdeki uluslararas\u0131 nakliye sekt\u00f6r\u00fcne profesyonel ve yenilik\u00e7i bir bakisi a\u00e7\u0131s\u0131 getirmek \u00fczere kuruldu. Ev e\u015fyas\u0131 nakliyesi ile ba\u015flayan ser\u00fcvenimize 20 y\u0131l\u0131 a\u015fk\u0131n suredir sanat eseri nakliyesini de ilave ederek s\u00fcrd\u00fcrmekteyiz.<\/p>\n<h4><span style=\"color: #ff6600;\">Son derece yal\u0131n olan vizyonumuz: <\/span><\/h4>\n<p>Sanat eseri ve ev e\u015fyas\u0131 elle\u00e7leme, ta\u015f\u0131ma ve depolama hizmetlerinde en y\u00fcksek kalite hizmeti sa\u011flamakt\u0131r. Bir nakliyenin yol a\u00e7aca\u011f\u0131 stresi bilerek, bizden beklenen hassasiyet ve mahremiyeti son derece \u00f6nemseyerek hareket etmekteyiz.<br \/>\n[\/vc_column_text][\/vc_column][\/vc_row][vc_row][vc_column][\/vc_column][\/vc_row]<\/p>","protected":false},"excerpt":{"rendered":"<p>[vc_row][vc_column][\/vc_column][\/vc_row][vc_row][vc_column width=&#8221;1\/4&#8243; css=&#8221;.vc_custom_1458823762021{background-color: #e0e0e0 !important;}&#8221;][vc_column_text] HAKKIMIZDA EKiP \u00dcYELiKLER KAL\u0130TE Y\u00d6NET\u0130M\u0130 &#8211; Ki\u015fisel Verilerin Korunmas\u0131 ve \u0130\u015flenmesi Politikas\u0131 &#8211; Ki\u015fisel Veri Saklama ve \u0130mha Politikas\u0131 &#8211; \u00c7erez [&hellip;]<\/p>\n","protected":false},"author":1,"featured_media":0,"parent":0,"menu_order":0,"comment_status":"closed","ping_status":"closed","template":"","meta":{"footnotes":""},"class_list":["post-91","page","type-page","status-publish","hentry"],"_links":{"self":[{"href":"https:\/\/asyanakliyat.com\/tr\/wp-json\/wp\/v2\/pages\/91","targetHints":{"allow":["GET"]}}],"collection":[{"href":"https:\/\/asyanakliyat.com\/tr\/wp-json\/wp\/v2\/pages"}],"about":[{"href":"https:\/\/asyanakliyat.com\/tr\/wp-json\/wp\/v2\/types\/page"}],"author":[{"embeddable":true,"href":"https:\/\/asyanakliyat.com\/tr\/wp-json\/wp\/v2\/users\/1"}],"replies":[{"embeddable":true,"href":"https:\/\/asyanakliyat.com\/tr\/wp-json\/wp\/v2\/comments?post=91"}],"version-history":[{"count":121,"href":"https:\/\/asyanakliyat.com\/tr\/wp-json\/wp\/v2\/pages\/91\/revisions"}],"predecessor-version":[{"id":1435,"href":"https:\/\/asyanakliyat.com\/tr\/wp-json\/wp\/v2\/pages\/91\/revisions\/1435"}],"wp:attachment":[{"href":"https:\/\/asyanakliyat.com\/tr\/wp-json\/wp\/v2\/media?parent=91"}],"curies":[{"name":"wp","href":"https:\/\/api.w.org\/{rel}","templated":true}]}}