{"id":907,"date":"2016-05-03T14:33:23","date_gmt":"2016-05-03T14:33:23","guid":{"rendered":"http:\/\/www.asyanakliyat.com\/?page_id=907"},"modified":"2016-05-04T09:16:27","modified_gmt":"2016-05-04T09:16:27","slug":"memberships","status":"publish","type":"page","link":"https:\/\/asyanakliyat.com\/tr\/company\/memberships\/","title":{"rendered":"Memberships"},"content":{"rendered":"<p>[vc_row][vc_column width=&#8221;1\/4&#8243; css=&#8221;.vc_custom_1458988506598{background-color: #e0e0e0 !important;}&#8221;][vc_column_text css_animation=&#8221;bottom-to-top&#8221;]<\/p>\n<h6><a href=\"https:\/\/www.asyanakliyat.com\/company\/\"><span style=\"color: #999999;\">COMPANY<\/span><\/a><\/h6>\n<h6><a href=\"https:\/\/www.asyanakliyat.com\/company\/the-team\/\"><span style=\"color: #999999;\">THE TEAM<\/span><\/a><\/h6>\n<h6><a href=\"https:\/\/www.asyanakliyat.com\/company\/memberships\/\"><span style=\"color: #ff6600;\">MEMBERSHIPS<\/span><\/a><\/h6>\n<h6><a href=\"https:\/\/www.asyanakliyat.com\/company\/environmental-policy\/\"><span style=\"color: #999999;\">ENVIRONMENTAL POLICY<\/span><\/a><\/h6>\n<h6><a href=\"https:\/\/www.asyanakliyat.com\/company\/corporate-social-responsibility-policy\/\"><span style=\"color: #999999;\">CORPORATE SOCIAL RESPONSIBILITY POLICY<\/span><\/a><\/h6>\n<h6><a href=\"https:\/\/www.asyanakliyat.com\/company\/news\/\"><span style=\"color: #999999;\"><span lang=\"en\">NEWS<\/span><\/span><\/a><\/h6>\n<div id=\"tw-target-text-container\" class=\"tw-ta-container tw-nfl\"><\/div>\n<p>[\/vc_column_text][\/vc_column][vc_column width=&#8221;3\/4&#8243;][vc_separator][vc_column_text]<\/p>\n<h4><span style=\"color: #3b78ab;\">WE ARE PROUD TO BE ACCREDITED BY THE MOST DISTINGUISHED INDUSTRY ASSOCIATIONS FROM AROUND THE WORLD.<\/span><\/h4>\n<p style=\"text-align: justify;\">We are committed to adopt the rules of these associations in order to make sure our clients experience the highest industry standards through us.<\/p>\n<p>By virtue of these associations, we have access to an exclusive network of more than 500 movers worldwide, which helps us provide our clients an outstanding and seamless service from end to end. Our clients can feel the confidence of entrusting their precious items to a leading global provider affiliated with certified partners within the industry committed to ensuring the same level of quality.<\/p>\n<table>\n<tbody>\n<tr>\n<td rowspan=\"7\"><img decoding=\"async\" src=\"http:\/\/asyanakliyat.mehmetakiforakci.com\/wp-content\/uploads\/2016\/01\/logolar.png\" alt=\"\" \/><\/td>\n<td>International Convention of Exhibition and Fine Art Transporters<br \/>\n<a href=\"http:\/\/www.icefat.org\/\" target=\"_blank\">www.icefat.org<\/a><\/td>\n<\/tr>\n<tr>\n<td>\u00a0F\u00e9dr\u00e9ration Internationale des D\u00e9m\u00e9nageurs Intenationaux<br \/>\n<a href=\"http:\/\/www.fidi.org\/\" target=\"_blank\">www.fidi.org<\/a><\/td>\n<\/tr>\n<tr>\n<td>Overseas Moving Network International<br \/>\n<a href=\"http:\/\/www.omnimoving.com\/\" target=\"_blank\">www.omnimoving.com<\/a><\/td>\n<\/tr>\n<tr>\n<td>One Group<br \/>\n<a href=\"http:\/\/www.one-group.org\/\" target=\"_blank\">www.one-group.org<\/a><\/td>\n<\/tr>\n<tr>\n<td>International Association of Movers<br \/>\n<a href=\"http:\/\/www.iamovers.org\/\" target=\"_blank\">www.iamovers.org<\/a><\/td>\n<\/tr>\n<tr>\n<td>International Air Transport Association<br \/>\n<a href=\"http:\/\/www.iata.org\/\" target=\"_blank\">www.iata.org<\/a><\/td>\n<\/tr>\n<tr>\n<td>Uluslararasi Nakliyeciler Dernegi<br \/>\n<a href=\"http:\/\/www.und.org.tr\/\" target=\"_blank\">www.und.org.tr<\/a><\/td>\n<\/tr>\n<\/tbody>\n<\/table>\n<p>[\/vc_column_text][\/vc_column][\/vc_row]<\/p>","protected":false},"excerpt":{"rendered":"<p>[vc_row][vc_column width=&#8221;1\/4&#8243; css=&#8221;.vc_custom_1458988506598{background-color: #e0e0e0 !important;}&#8221;][vc_column_text css_animation=&#8221;bottom-to-top&#8221;] COMPANY THE TEAM MEMBERSHIPS ENVIRONMENTAL POLICY CORPORATE SOCIAL RESPONSIBILITY POLICY NEWS [\/vc_column_text][\/vc_column][vc_column width=&#8221;3\/4&#8243;][vc_separator][vc_column_text] WE ARE PROUD TO BE ACCREDITED BY [&hellip;]<\/p>\n","protected":false},"author":1,"featured_media":0,"parent":901,"menu_order":0,"comment_status":"closed","ping_status":"closed","template":"","meta":{"footnotes":""},"class_list":["post-907","page","type-page","status-publish","hentry"],"_links":{"self":[{"href":"https:\/\/asyanakliyat.com\/tr\/wp-json\/wp\/v2\/pages\/907","targetHints":{"allow":["GET"]}}],"collection":[{"href":"https:\/\/asyanakliyat.com\/tr\/wp-json\/wp\/v2\/pages"}],"about":[{"href":"https:\/\/asyanakliyat.com\/tr\/wp-json\/wp\/v2\/types\/page"}],"author":[{"embeddable":true,"href":"https:\/\/asyanakliyat.com\/tr\/wp-json\/wp\/v2\/users\/1"}],"replies":[{"embeddable":true,"href":"https:\/\/asyanakliyat.com\/tr\/wp-json\/wp\/v2\/comments?post=907"}],"version-history":[{"count":2,"href":"https:\/\/asyanakliyat.com\/tr\/wp-json\/wp\/v2\/pages\/907\/revisions"}],"predecessor-version":[{"id":968,"href":"https:\/\/asyanakliyat.com\/tr\/wp-json\/wp\/v2\/pages\/907\/revisions\/968"}],"up":[{"embeddable":true,"href":"https:\/\/asyanakliyat.com\/tr\/wp-json\/wp\/v2\/pages\/901"}],"wp:attachment":[{"href":"https:\/\/asyanakliyat.com\/tr\/wp-json\/wp\/v2\/media?parent=907"}],"curies":[{"name":"wp","href":"https:\/\/api.w.org\/{rel}","templated":true}]}}