{"id":6,"date":"2014-09-22T08:35:53","date_gmt":"2014-09-22T08:35:53","guid":{"rendered":"http:\/\/themes.muffingroup.com\/be\/business\/?page_id=2"},"modified":"2020-08-21T11:01:25","modified_gmt":"2020-08-21T11:01:25","slug":"home","status":"publish","type":"page","link":"https:\/\/asyanakliyat.com\/tr\/","title":{"rendered":"Anasayfa"},"content":{"rendered":"<p>[vc_row full_width=&#8221;stretch_row_content_no_spaces&#8221;][vc_column]\n<div id=\"rev_slider_4_1_wrapper\" class=\"rev_slider_wrapper fullwidthbanner-container\" style=\"margin:0px auto;background-color:transparent;padding:0px;margin-top:0px;margin-bottom:0px;\">\n<!-- START REVOLUTION SLIDER 5.1.6 auto mode -->\n\t<div id=\"rev_slider_4_1\" class=\"rev_slider fullwidthabanner\" style=\"display:none;\" data-version=\"5.1.6\">\n<ul>\t<!-- SLIDE  -->\n\t<li data-index=\"rs-108\" data-transition=\"fade\" data-slotamount=\"default\" data-hideafterloop=\"0\" data-hideslideonmobile=\"off\"  data-easein=\"default\" data-easeout=\"default\" data-masterspeed=\"300\"  data-thumb=\"https:\/\/asyanakliyat.com\/wp-content\/uploads\/2020\/06\/Banner-tr-100x50.jpg\"  data-rotate=\"0\"  data-saveperformance=\"off\"  data-title=\"Slide\" data-param1=\"\" data-param2=\"\" data-param3=\"\" data-param4=\"\" data-param5=\"\" data-param6=\"\" data-param7=\"\" data-param8=\"\" data-param9=\"\" data-param10=\"\" data-description=\"\">\n\t\t<!-- MAIN IMAGE -->\n\t\t<img loading=\"lazy\" decoding=\"async\" src=\"https:\/\/asyanakliyat.com\/wp-content\/uploads\/2020\/06\/Banner-tr.jpg\"  alt=\"\"  width=\"1920\" height=\"600\" data-bgposition=\"center center\" data-bgfit=\"cover\" data-bgrepeat=\"no-repeat\" class=\"rev-slidebg\" data-no-retina>\n\t\t<!-- LAYERS -->\n\t<\/li>\n\t<!-- SLIDE  -->\n\t<li data-index=\"rs-109\" data-transition=\"fade\" data-slotamount=\"default\" data-hideafterloop=\"0\" data-hideslideonmobile=\"off\"  data-easein=\"default\" data-easeout=\"default\" data-masterspeed=\"300\"  data-thumb=\"https:\/\/asyanakliyat.com\/wp-content\/uploads\/2016\/04\/1920x600-02-100x50.jpg\"  data-rotate=\"0\"  data-saveperformance=\"off\"  data-title=\"Slide\" data-param1=\"\" data-param2=\"\" data-param3=\"\" data-param4=\"\" data-param5=\"\" data-param6=\"\" data-param7=\"\" data-param8=\"\" data-param9=\"\" data-param10=\"\" data-description=\"\">\n\t\t<!-- MAIN IMAGE -->\n\t\t<img loading=\"lazy\" decoding=\"async\" src=\"https:\/\/asyanakliyat.com\/wp-content\/uploads\/2016\/04\/1920x600-02.jpg\"  alt=\"\"  width=\"1920\" height=\"600\" data-bgposition=\"center center\" data-bgfit=\"cover\" data-bgrepeat=\"no-repeat\" class=\"rev-slidebg\" data-no-retina>\n\t\t<!-- LAYERS -->\n\t<\/li>\n<\/ul>\n<div class=\"tp-static-layers\">\n<\/div>\n<div class=\"tp-bannertimer tp-bottom\" style=\"visibility: hidden !important;\"><\/div>\t<\/div>\n<script>var htmlDiv = document.getElementById(\"rs-plugin-settings-inline-css\"); var htmlDivCss=\"\";\n\t\t\t\tif(htmlDiv) {\n\t\t\t\t\thtmlDiv.innerHTML = htmlDiv.innerHTML + htmlDivCss;\n\t\t\t\t}else{\n\t\t\t\t\tvar htmlDiv = document.createElement(\"div\");\n\t\t\t\t\thtmlDiv.innerHTML = \"<style>\" + htmlDivCss + \"<\/style>\";\n\t\t\t\t\tdocument.getElementsByTagName(\"head\")[0].appendChild(htmlDiv.childNodes[0]);\n\t\t\t\t}\n\t\t\t<\/script>\n\t\t<script type=\"text\/javascript\">\n\t\t\t\t\t\t\/******************************************\n\t\t\t\t-\tPREPARE PLACEHOLDER FOR SLIDER\t-\n\t\t\t******************************************\/\n\n\t\t\tvar setREVStartSize=function(){\n\t\t\t\ttry{var e=new Object,i=jQuery(window).width(),t=9999,r=0,n=0,l=0,f=0,s=0,h=0;\n\t\t\t\t\te.c = jQuery('#rev_slider_4_1');\n\t\t\t\t\te.gridwidth = [1920];\n\t\t\t\t\te.gridheight = [600];\n\t\t\t\t\t\t\t\n\t\t\t\t\te.sliderLayout = \"auto\";\n\t\t\t\t\tif(e.responsiveLevels&&(jQuery.each(e.responsiveLevels,function(e,f){f>i&&(t=r=f,l=e),i>f&&f>r&&(r=f,n=e)}),t>r&&(l=n)),f=e.gridheight[l]||e.gridheight[0]||e.gridheight,s=e.gridwidth[l]||e.gridwidth[0]||e.gridwidth,h=i\/s,h=h>1?1:h,f=Math.round(h*f),\"fullscreen\"==e.sliderLayout){var u=(e.c.width(),jQuery(window).height());if(void 0!=e.fullScreenOffsetContainer){var c=e.fullScreenOffsetContainer.split(\",\");if (c) jQuery.each(c,function(e,i){u=jQuery(i).length>0?u-jQuery(i).outerHeight(!0):u}),e.fullScreenOffset.split(\"%\").length>1&&void 0!=e.fullScreenOffset&&e.fullScreenOffset.length>0?u-=jQuery(window).height()*parseInt(e.fullScreenOffset,0)\/100:void 0!=e.fullScreenOffset&&e.fullScreenOffset.length>0&&(u-=parseInt(e.fullScreenOffset,0))}f=u}else void 0!=e.minHeight&&f<e.minHeight&&(f=e.minHeight);e.c.closest(\".rev_slider_wrapper\").css({height:f})\n\t\t\t\t\t\n\t\t\t\t}catch(d){console.log(\"Failure at Presize of Slider:\"+d)}\n\t\t\t};\n\t\t\t\t\t\t\n\t\t\t\t\n\t\t\tsetREVStartSize();\n\t\t\tfunction revslider_showDoubleJqueryError(sliderID) {\n\t\t\t\t\tvar errorMessage = \"Revolution Slider Error: You have some jquery.js library include that comes after the revolution files js include.\";\n\t\t\t\t\terrorMessage += \"<br> This includes make eliminates the revolution slider libraries, and make it not work.\";\n\t\t\t\t\terrorMessage += \"<br><br> To fix it you can:<br>&nbsp;&nbsp;&nbsp; 1. In the Slider Settings -> Troubleshooting set option:  <strong><b>Put JS Includes To Body<\/b><\/strong> option to true.\";\n\t\t\t\t\terrorMessage += \"<br>&nbsp;&nbsp;&nbsp; 2. Find the double jquery.js include and remove it.\";\n\t\t\t\t\terrorMessage = \"<span style='font-size:16px;color:#BC0C06;'>\" + errorMessage + \"<\/span>\";\n\t\t\t\t\t\tjQuery(sliderID).show().html(errorMessage);\n\t\t\t\t}\n\t\t\t\t\t\tvar tpj=jQuery;\n\t\t\t\n\t\t\tvar revapi4;\n\t\t\ttpj(document).ready(function() {\n\t\t\t\tif(tpj(\"#rev_slider_4_1\").revolution == undefined){\n\t\t\t\t\trevslider_showDoubleJqueryError(\"#rev_slider_4_1\");\n\t\t\t\t}else{\n\t\t\t\t\trevapi4 = tpj(\"#rev_slider_4_1\").show().revolution({\n\t\t\t\t\t\tsliderType:\"standard\",\njsFileLocation:\"\/\/asyanakliyat.com\/wp-content\/plugins\/revslider\/public\/assets\/js\/\",\n\t\t\t\t\t\tsliderLayout:\"auto\",\n\t\t\t\t\t\tdottedOverlay:\"none\",\n\t\t\t\t\t\tdelay:9000,\n\t\t\t\t\t\tnavigation: {\n\t\t\t\t\t\t\tkeyboardNavigation:\"off\",\n\t\t\t\t\t\t\tkeyboard_direction: \"horizontal\",\n\t\t\t\t\t\t\tmouseScrollNavigation:\"off\",\n\t\t\t\t\t\t\tonHoverStop:\"off\",\n\t\t\t\t\t\t\tarrows: {\n\t\t\t\t\t\t\t\tstyle:\"uranus\",\n\t\t\t\t\t\t\t\tenable:true,\n\t\t\t\t\t\t\t\thide_onmobile:false,\n\t\t\t\t\t\t\t\thide_onleave:false,\n\t\t\t\t\t\t\t\ttmp:'',\n\t\t\t\t\t\t\t\tleft: {\n\t\t\t\t\t\t\t\t\th_align:\"left\",\n\t\t\t\t\t\t\t\t\tv_align:\"center\",\n\t\t\t\t\t\t\t\t\th_offset:20,\n\t\t\t\t\t\t\t\t\tv_offset:0\n\t\t\t\t\t\t\t\t},\n\t\t\t\t\t\t\t\tright: {\n\t\t\t\t\t\t\t\t\th_align:\"right\",\n\t\t\t\t\t\t\t\t\tv_align:\"center\",\n\t\t\t\t\t\t\t\t\th_offset:20,\n\t\t\t\t\t\t\t\t\tv_offset:0\n\t\t\t\t\t\t\t\t}\n\t\t\t\t\t\t\t}\n\t\t\t\t\t\t},\n\t\t\t\t\t\tvisibilityLevels:[1240,1024,778,480],\n\t\t\t\t\t\tgridwidth:1920,\n\t\t\t\t\t\tgridheight:600,\n\t\t\t\t\t\tlazyType:\"none\",\n\t\t\t\t\t\tshadow:0,\n\t\t\t\t\t\tspinner:\"spinner0\",\n\t\t\t\t\t\tstopLoop:\"off\",\n\t\t\t\t\t\tstopAfterLoops:-1,\n\t\t\t\t\t\tstopAtSlide:-1,\n\t\t\t\t\t\tshuffle:\"off\",\n\t\t\t\t\t\tautoHeight:\"off\",\n\t\t\t\t\t\tdisableProgressBar:\"on\",\n\t\t\t\t\t\thideThumbsOnMobile:\"off\",\n\t\t\t\t\t\thideSliderAtLimit:0,\n\t\t\t\t\t\thideCaptionAtLimit:0,\n\t\t\t\t\t\thideAllCaptionAtLilmit:0,\n\t\t\t\t\t\tdebugMode:false,\n\t\t\t\t\t\tfallbacks: {\n\t\t\t\t\t\t\tsimplifyAll:\"off\",\n\t\t\t\t\t\t\tnextSlideOnWindowFocus:\"off\",\n\t\t\t\t\t\t\tdisableFocusListener:false,\n\t\t\t\t\t\t}\n\t\t\t\t\t});\n\t\t\t\t}\n\t\t\t});\t\/*ready*\/\n\t\t<\/script>\n\t\t<script>\n\t\t\t\t\tvar htmlDivCss = unescape(\".uranus.tparrows%20%7B%0A%20%20width%3A50px%3B%0A%20%20height%3A50px%3B%0A%20%20background%3Atransparent%3B%0A%20%7D%0A%20.uranus.tparrows%3Abefore%20%7B%0A%20width%3A50px%3B%0A%20height%3A50px%3B%0A%20line-height%3A50px%3B%0A%20font-size%3A40px%3B%0A%20transition%3Aall%200.3s%3B%0A-webkit-transition%3Aall%200.3s%3B%0A%20%7D%0A%20%0A%20%20.uranus.tparrows%3Ahover%3Abefore%20%7B%0A%20%20%20%20opacity%3A0.75%3B%0A%20%20%7D%0A\");\n\t\t\t\t\tvar htmlDiv = document.getElementById('rs-plugin-settings-inline-css');\n\t\t\t\t\tif(htmlDiv) {\n\t\t\t\t\t\thtmlDiv.innerHTML = htmlDiv.innerHTML + htmlDivCss;\n\t\t\t\t\t}\n\t\t\t\t\telse{\n\t\t\t\t\t\tvar htmlDiv = document.createElement('div');\n\t\t\t\t\t\thtmlDiv.innerHTML = '<style>' + htmlDivCss + '<\/style>';\n\t\t\t\t\t\tdocument.getElementsByTagName('head')[0].appendChild(htmlDiv.childNodes[0]);\n\t\t\t\t\t}\n\t\t\t\t  <\/script>\n\t\t\t\t<\/div><!-- END REVOLUTION SLIDER -->[\/vc_column][\/vc_row][vc_row][vc_column width=&#8221;1\/3&#8243;][vc_separator style=&#8221;shadow&#8221;][vc_column_text]<\/p>\n<h5 style=\"text-align: center;\"><\/h5>\n<h5 style=\"text-align: center;\"><span style=\"color: #3b78ab;\"><strong>D\u00dcNYA \u00c7APINDA TA\u015eIMANIN<\/strong><\/span><\/h5>\n<h4 style=\"text-align: center;\">Kalite standartlar\u0131yla tan\u0131\u015f\u0131n<\/h4>\n<p style=\"text-align: center;\">\u00c7ok iyi biliyoruz ki, yeni bir \u00fclkeye ta\u015f\u0131n\u0131rken yap\u0131lan yolculuk, yeni evinize \u201cyuva\u201d demenin ilk ad\u0131m\u0131d\u0131r. Bunun bilincinde olarak, bu yolculu\u011fun \u00e7\u0131kmaya de\u011fer bir yolculuk olmas\u0131 i\u00e7in \u00e7abal\u0131yoruz.<\/p>\n<h6 style=\"text-align: center;\"><span style=\"color: #3b78ab;\"><a style=\"color: #3b78ab;\" href=\"https:\/\/www.asyanakliyat.com\/english-worldwide\/\">DAHA FAZLA B\u0130LG\u0130<\/a><br \/>\n<\/span><\/h6>\n<hr \/>\n<p style=\"text-align: center;\"><span style=\"color: #3b78ab;\">\u00a0<\/span><\/p>\n<h5 style=\"text-align: center;\"><strong><span style=\"color: #3b78ab;\">SANAT TA\u015eIMACILI\u011eINDA<\/span><\/strong><\/h5>\n<h4 style=\"text-align: center;\"><span style=\"color: #333333;\">profesyonel hizmet anlay\u0131\u015f\u0131<\/span><\/h4>\n<p style=\"text-align: center;\">Asya Nakliyat, arkeolojik eserlerden g\u00fcncel eserlere kadar her t\u00fcr sanat eserine ola\u011fan\u00fcst\u00fc bir \u00f6zen ve en g\u00fcncel tekniklerle muamele yapmaktad\u0131r.<\/p>\n<h6 style=\"text-align: center;\"><span style=\"color: #3b78ab;\"><a style=\"color: #3b78ab;\" href=\"https:\/\/www.asyanakliyat.com\/sanat\/\">DAHA FAZLA B\u0130LG\u0130<\/a><\/span><\/h6>\n<hr \/>\n<p>[\/vc_column_text][\/vc_column][vc_column width=&#8221;1\/3&#8243;][vc_separator style=&#8221;shadow&#8221;][vc_column_text]<\/p>\n<h5 style=\"text-align: center;\"><span style=\"color: #3b78ab;\">LOKAL TA\u015eIMANIN<\/span><\/h5>\n<h4 style=\"text-align: center;\">stressiz yolu<\/h4>\n<h5 style=\"text-align: center;\"><\/h5>\n<p style=\"text-align: center;\">Geride b\u0131rakm\u0131\u015f oldu\u011fumuz 50 y\u0131l\u0131 a\u015fk\u0131n s\u00fcrede, m\u00fckemmel nakliyeyi nas\u0131l ba\u015farabilece\u011fimizin ilmini ve tecr\u00fcbesini kazanm\u0131\u015f bulunuyoruz ve bu, bir nakliyenin en ba\u015f\u0131ndan itibaren do\u011fru planlama yap\u0131lmas\u0131yla ba\u015flar.<\/p>\n<h6 style=\"text-align: center;\"><span style=\"color: #3b78ab;\"><a style=\"color: #3b78ab;\" href=\"https:\/\/www.asyanakliyat.com\/lokal\/\">DAHA FAZLA B\u0130LG\u0130<\/a><\/span><\/h6>\n<hr \/>\n<p style=\"text-align: center;\">.<\/p>\n<h5 style=\"text-align: center;\">\u00a0DEPOLAMA H\u0130ZMET\u0130<\/h5>\n<h4 style=\"text-align: center;\">En k\u0131ymetlileriniz i\u00e7in<\/h4>\n<h5 style=\"text-align: center;\"><\/h5>\n<p style=\"text-align: center;\">\u0130ster manevi, ister maddi de\u011ferli olsun, m\u00fc\u015fterilerimizin e\u015fyalar\u0131, di\u011fer milyonu a\u015fk\u0131n e\u015fya ile birlikte g\u00fcvenilir ellerde.<\/p>\n<h6 style=\"text-align: center;\"><span style=\"color: #3b78ab;\"><a style=\"color: #3b78ab;\" href=\"https:\/\/www.asyanakliyat.com\/depolama-2\/english-storage\/\">DAHA FAZLA B\u0130LG\u0130<\/a><\/span><\/h6>\n<hr \/>\n<p>[\/vc_column_text][\/vc_column][vc_column width=&#8221;1\/3&#8243; css=&#8221;.vc_custom_1458839829861{background-color: #ededed !important;}&#8221;][vc_column_text]<\/p>\n<div style=\"width: 640px;\" class=\"wp-video\"><video class=\"wp-video-shortcode\" id=\"video-6-1\" width=\"640\" height=\"360\" preload=\"metadata\" controls=\"controls\"><source type=\"video\/mp4\" src=\"https:\/\/asyanakliyat.com\/upload\/FIDI_FAIM_Asya_Nakliyat.mp4?_=1\" \/><a href=\"https:\/\/asyanakliyat.com\/upload\/FIDI_FAIM_Asya_Nakliyat.mp4\">https:\/\/asyanakliyat.com\/upload\/FIDI_FAIM_Asya_Nakliyat.mp4<\/a><\/video><\/div>\n<h6 style=\"margin-top: -20px;\"><a href=\"https:\/\/www.asyanakliyat.com\/hakkim-2\/memberships\/\" ><span style=\"color: #ff6600;text-transform: uppercase\">\u00dcyelikler<\/span><\/a><\/h6>\n<hr \/>\n<h5><b>2016 EUROPALIA FEST\u0130VAL\u0130 KAPSAMINDAK\u0130 SERG\u0130YE G\u0130DEN SANAT ESERLER\u0130N\u0130N NAKL\u0130YES\u0130 ASYA NAKL\u0130YAT TARAFINDAN GER\u00c7EKLE\u015eT\u0130R\u0130LD\u0130<\/b><\/h5>\n<p><img loading=\"lazy\" decoding=\"async\" class=\"alignright wp-image-871 size-thumbnail\" src=\"https:\/\/www.asyanakliyat.com\/wp-content\/uploads\/2016\/03\/01-150x150.jpg\" alt=\"\" width=\"150\" height=\"150\" srcset=\"https:\/\/asyanakliyat.com\/wp-content\/uploads\/2016\/03\/01-150x150.jpg 150w, https:\/\/asyanakliyat.com\/wp-content\/uploads\/2016\/03\/01-85x85.jpg 85w, https:\/\/asyanakliyat.com\/wp-content\/uploads\/2016\/03\/01-80x80.jpg 80w\" sizes=\"auto, (max-width: 150px) 100vw, 150px\" \/>Avrupa\u2019n\u0131n en prestijli k\u00fclt\u00fcr ve sanat festivallerinden biri olan, Avrupa\u2019n\u0131n \u00e7e\u015fitli kentlerinde her iki y\u0131lda bir ger\u00e7ekle\u015ftirilen ve bu y\u0131l \u00fclkemizin konuk \u00fclke olarak davet edildi\u011fi &#8230;<\/p>\n<h6><span style=\"color: #3b78ab;\"><a style=\"color: #3b78ab;\" href=\"https:\/\/www.asyanakliyat.com\/hakkim\/haberler\/\">DAHA FAZLA B\u0130LG\u0130<\/a><\/span><\/h6>\n<hr \/>\n<h5><b>B\u0130R F\u0130L\u0130N H\u0130KAYES\u0130<\/b><\/h5>\n<p><img loading=\"lazy\" decoding=\"async\" class=\"wp-image-82 alignright\" src=\"http:\/\/www.atalaywebhosting.com\/demo\/asya\/wp-content\/uploads\/2014\/09\/f\u0131d\u0131-300x182.jpg\" alt=\"f\u0131d\u0131\" width=\"97\" height=\"59\" srcset=\"https:\/\/asyanakliyat.com\/wp-content\/uploads\/2014\/09\/f\u0131d\u0131-300x182.jpg 300w, https:\/\/asyanakliyat.com\/wp-content\/uploads\/2014\/09\/f\u0131d\u0131-240x146.jpg 240w, https:\/\/asyanakliyat.com\/wp-content\/uploads\/2014\/09\/f\u0131d\u0131-50x30.jpg 50w, https:\/\/asyanakliyat.com\/wp-content\/uploads\/2014\/09\/f\u0131d\u0131-123x75.jpg 123w, https:\/\/asyanakliyat.com\/wp-content\/uploads\/2014\/09\/f\u0131d\u0131.jpg 395w\" sizes=\"auto, (max-width: 97px) 100vw, 97px\" \/>Avrupa\u2019n\u0131n en prestijli k\u00fclt\u00fcr ve sanat festivallerinden biri olan, Avrupa\u2019n\u0131n \u00e7e\u015fitli kentlerinde her iki y\u0131lda bir ger\u00e7ekle\u015ftirilen ve bu y\u0131l \u00fclkemizin konuk \u00fclke olarak davet edildi\u011fi Europalia K\u00fclt\u00fcr Sanat Festivali<\/p>\n<h6><span style=\"color: #3b78ab;\"><a style=\"color: #3b78ab;\" href=\"https:\/\/www.asyanakliyat.com\/hakkim\/haberler\/\">DAHA FAZLA B\u0130LG\u0130<\/a><\/span><\/h6>\n<hr \/>\n<p>[\/vc_column_text][\/vc_column][\/vc_row]<\/p>","protected":false},"excerpt":{"rendered":"<p>[vc_row full_width=&#8221;stretch_row_content_no_spaces&#8221;][vc_column][\/vc_column][\/vc_row][vc_row][vc_column width=&#8221;1\/3&#8243;][vc_separator style=&#8221;shadow&#8221;][vc_column_text] D\u00dcNYA \u00c7APINDA TA\u015eIMANIN Kalite standartlar\u0131yla tan\u0131\u015f\u0131n \u00c7ok iyi biliyoruz ki, yeni bir \u00fclkeye ta\u015f\u0131n\u0131rken yap\u0131lan yolculuk, yeni evinize \u201cyuva\u201d demenin ilk ad\u0131m\u0131d\u0131r. [&hellip;]<\/p>\n","protected":false},"author":1,"featured_media":0,"parent":0,"menu_order":0,"comment_status":"closed","ping_status":"closed","template":"","meta":{"footnotes":""},"class_list":["post-6","page","type-page","status-publish","hentry"],"_links":{"self":[{"href":"https:\/\/asyanakliyat.com\/tr\/wp-json\/wp\/v2\/pages\/6","targetHints":{"allow":["GET"]}}],"collection":[{"href":"https:\/\/asyanakliyat.com\/tr\/wp-json\/wp\/v2\/pages"}],"about":[{"href":"https:\/\/asyanakliyat.com\/tr\/wp-json\/wp\/v2\/types\/page"}],"author":[{"embeddable":true,"href":"https:\/\/asyanakliyat.com\/tr\/wp-json\/wp\/v2\/users\/1"}],"replies":[{"embeddable":true,"href":"https:\/\/asyanakliyat.com\/tr\/wp-json\/wp\/v2\/comments?post=6"}],"version-history":[{"count":117,"href":"https:\/\/asyanakliyat.com\/tr\/wp-json\/wp\/v2\/pages\/6\/revisions"}],"predecessor-version":[{"id":1503,"href":"https:\/\/asyanakliyat.com\/tr\/wp-json\/wp\/v2\/pages\/6\/revisions\/1503"}],"wp:attachment":[{"href":"https:\/\/asyanakliyat.com\/tr\/wp-json\/wp\/v2\/media?parent=6"}],"curies":[{"name":"wp","href":"https:\/\/api.w.org\/{rel}","templated":true}]}}