{"id":524,"date":"2016-03-25T15:01:02","date_gmt":"2016-03-25T15:01:02","guid":{"rendered":"http:\/\/www.atalaywebhosting.com\/demo\/asya\/?page_id=524"},"modified":"2016-03-25T15:10:05","modified_gmt":"2016-03-25T15:10:05","slug":"sanat-depolama","status":"publish","type":"page","link":"https:\/\/asyanakliyat.com\/tr\/sanat\/sanat-depolama\/","title":{"rendered":"sanat depolama"},"content":{"rendered":"<p>[vc_row][vc_column width=&#8221;1\/4&#8243; css=&#8221;.vc_custom_1458908786900{background-color: #e0e0e0 !important;}&#8221;][vc_column_text]<\/p>\n<h6><span style=\"color: #999999;\"><a style=\"color: #999999;\" href=\"http:\/\/www.atalaywebhosting.com\/demo\/asya\/sanat\/\">SANAT NAKL\u0130YES\u0130<\/a><br \/>\n<\/span><br \/>\n<span style=\"color: #999999;\"><a style=\"color: #999999;\" href=\"http:\/\/www.atalaywebhosting.com\/demo\/asya\/kara-yolu\/\">KARA YOLU<\/a><br \/>\n<\/span><br \/>\n<span style=\"color: #999999;\"><a style=\"color: #999999;\" href=\"http:\/\/www.atalaywebhosting.com\/demo\/asya\/hava-yolu\/\">HAVA YOLU<\/a><br \/>\n<\/span><br \/>\n<span style=\"color: #999999;\"><a style=\"color: #999999;\" href=\"http:\/\/www.atalaywebhosting.com\/demo\/asya\/deniz-yolu-2\/\">DEN\u0130Z YOLU<\/a><br \/>\n<\/span><br \/>\n<span style=\"color: #999999;\"><a style=\"color: #999999;\" href=\"http:\/\/www.atalaywebhosting.com\/demo\/asya\/kurye-hizmetleri\/\">KURYE H\u0130ZMETLER\u0130<br \/>\n<\/a><\/span><br \/>\n<span style=\"color: #999999;\"><a style=\"color: #999999;\" href=\"http:\/\/www.atalaywebhosting.com\/demo\/asya\/paketleme-ve-sandik-yapimi\/\">PAKETLEME VE SANDIK YAPIMI<\/a><br \/>\n<\/span><br \/>\n<span style=\"color: #999999;\"><a style=\"color: #999999;\" href=\"http:\/\/www.atalaywebhosting.com\/demo\/asya\/kurulum\/\">KURULUM<\/a><br \/>\n<\/span><br \/>\n<span style=\"color: #999999;\"><a style=\"color: #999999;\" href=\"http:\/\/www.atalaywebhosting.com\/demo\/asya\/sanat-gumruk\/\">G\u00dcMR\u00dcKLEME<\/a><br \/>\n<\/span><br \/>\n<span style=\"color: #ff6600;\"><a style=\"color: #ff6600;\" href=\"http:\/\/www.atalaywebhosting.com\/demo\/asya\/sanat\/sanat-depolama\/\">DEPOLAMA<\/a><\/span><\/h6>\n<p>[\/vc_column_text][\/vc_column][vc_column width=&#8221;3\/4&#8243;][vc_separator][vc_column_text]<\/p>\n<h4 style=\"text-align: justify;\"><span style=\"color: #3b78ab;\">T\u00dcRK\u0130YE`DE \u0130LK VE TEK \u0130KL\u0130M VE NEM KONTROLL\u00dc SANAT ESER\u0130 DEPOLAMASI H\u0130ZMET\u0130 VERMEKTEY\u0130Z.<\/span><\/h4>\n<p style=\"text-align: justify;\">Sadece son teknoloji sanat eseri depomuza bakarak sanata olan sevgimizi anlayabilirsiniz. Hem k\u0131sa hem de uzun s\u00fcreli olarak tam iklim ve nem kontroll\u00fc depolama sunmaktay\u0131z.<\/p>\n<p style=\"text-align: justify;\">\u0130klimlendirilmi\u015f depolaman\u0131n yan\u0131s\u0131ra standart depomuzla da belirli bir i\u015fi ve nem kontrol\u00fc ihtiyac\u0131 olmayan eserlerin depolanmas\u0131 isteklerine cevap verebilmekteyiz.<\/p>\n<p style=\"text-align: justify;\">Tuhaf \u015fekilli, al\u0131\u015f\u0131lmad\u0131k y\u00fckseklikte ve \u015fekilde objeler i\u00e7in de ayr\u0131lm\u0131\u015f \u00f6zel bir alan sunmaktay\u0131z.<\/p>\n<p style=\"text-align: justify;\">T\u00fcm tesislerimiz son teknoloji g\u00fcvenlik alarmlar\u0131, 7\/24 g\u00fcvenlik gorevlileri, yang\u0131n dedekt\u00f6rleri ve CCTV kay\u0131t sistemi ile korunmaktad\u0131r.<\/p>\n<p style=\"text-align: justify;\">Binalar\u0131m\u0131z g\u00fcvenlik kurallar\u0131na tam uyumlu ve \u00f6nemli sigorta \u015firketleri taraf\u0131ndan onayl\u0131 olup, yang\u0131n ve deprem gibi t\u00fcm yerel zorunluluklar\u0131 kar\u015f\u0131lamaktad\u0131r.<\/p>\n<p>[\/vc_column_text][\/vc_column][\/vc_row][vc_row][vc_column][\/vc_column][\/vc_row]<\/p>","protected":false},"excerpt":{"rendered":"<p>[vc_row][vc_column width=&#8221;1\/4&#8243; css=&#8221;.vc_custom_1458908786900{background-color: #e0e0e0 !important;}&#8221;][vc_column_text] SANAT NAKL\u0130YES\u0130 KARA YOLU HAVA YOLU DEN\u0130Z YOLU KURYE H\u0130ZMETLER\u0130 PAKETLEME VE SANDIK YAPIMI KURULUM G\u00dcMR\u00dcKLEME DEPOLAMA [\/vc_column_text][\/vc_column][vc_column width=&#8221;3\/4&#8243;][vc_separator][vc_column_text] T\u00dcRK\u0130YE`DE \u0130LK [&hellip;]<\/p>\n","protected":false},"author":1,"featured_media":0,"parent":99,"menu_order":0,"comment_status":"closed","ping_status":"closed","template":"","meta":{"footnotes":""},"class_list":["post-524","page","type-page","status-publish","hentry"],"_links":{"self":[{"href":"https:\/\/asyanakliyat.com\/tr\/wp-json\/wp\/v2\/pages\/524","targetHints":{"allow":["GET"]}}],"collection":[{"href":"https:\/\/asyanakliyat.com\/tr\/wp-json\/wp\/v2\/pages"}],"about":[{"href":"https:\/\/asyanakliyat.com\/tr\/wp-json\/wp\/v2\/types\/page"}],"author":[{"embeddable":true,"href":"https:\/\/asyanakliyat.com\/tr\/wp-json\/wp\/v2\/users\/1"}],"replies":[{"embeddable":true,"href":"https:\/\/asyanakliyat.com\/tr\/wp-json\/wp\/v2\/comments?post=524"}],"version-history":[{"count":2,"href":"https:\/\/asyanakliyat.com\/tr\/wp-json\/wp\/v2\/pages\/524\/revisions"}],"predecessor-version":[{"id":526,"href":"https:\/\/asyanakliyat.com\/tr\/wp-json\/wp\/v2\/pages\/524\/revisions\/526"}],"up":[{"embeddable":true,"href":"https:\/\/asyanakliyat.com\/tr\/wp-json\/wp\/v2\/pages\/99"}],"wp:attachment":[{"href":"https:\/\/asyanakliyat.com\/tr\/wp-json\/wp\/v2\/media?parent=524"}],"curies":[{"name":"wp","href":"https:\/\/api.w.org\/{rel}","templated":true}]}}