{"id":463,"date":"2016-03-25T12:33:41","date_gmt":"2016-03-25T12:33:41","guid":{"rendered":"http:\/\/www.atalaywebhosting.com\/demo\/asya\/?page_id=463"},"modified":"2016-04-28T08:41:17","modified_gmt":"2016-04-28T08:41:17","slug":"deniz-yolu-2","status":"publish","type":"page","link":"https:\/\/asyanakliyat.com\/tr\/sanat\/deniz-yolu-2\/","title":{"rendered":"DEN\u0130Z YOLU"},"content":{"rendered":"<p>[vc_row][vc_column width=&#8221;1\/4&#8243; css=&#8221;.vc_custom_1458908786900{background-color: #e0e0e0 !important;}&#8221;][vc_column_text]<\/p>\n<h6><span style=\"color: #999999;\"><a style=\"color: #999999;\" href=\"https:\/\/www.asyanakliyat.com\/sanat\/\">SANAT NAKL\u0130YES\u0130<\/a><br \/>\n<\/span><br \/>\n<span style=\"color: #999999;\"> <a style=\"color: #999999;\" href=\"https:\/\/www.asyanakliyat.com\/kara-yolu\/\">KARA YOLU<\/a><br \/>\n<\/span><br \/>\n<span style=\"color: #999999;\"> <a style=\"color: #999999;\" href=\"https:\/\/www.asyanakliyat.com\/hava-yolu\/\">HAVA YOLU<\/a><br \/>\n<\/span><br \/>\n<span style=\"color: #ff6600;\"> <a style=\"color: #ff6600;\" href=\"https:\/\/www.asyanakliyat.com\/deniz-yolu-2\/\">DEN\u0130Z YOLU<\/a><br \/>\n<\/span><br \/>\n<span style=\"color: #999999;\"> <a style=\"color: #999999;\" href=\"https:\/\/www.asyanakliyat.com\/kurye-hizmetleri\/\">KURYE H\u0130ZMETLER\u0130<br \/>\n<\/a><\/span><br \/>\n<span style=\"color: #999999;\"> <a style=\"color: #999999;\" href=\"https:\/\/www.asyanakliyat.com\/paketleme-ve-sandik-yapimi\/\">PAKETLEME VE SANDIK YAPIMI<\/a><br \/>\n<\/span><br \/>\n<span style=\"color: #999999;\"> <a style=\"color: #999999;\" href=\"https:\/\/www.asyanakliyat.com\/kurulum\/\">KURULUM<\/a><br \/>\n<\/span><br \/>\n<span style=\"color: #999999;\"> <a style=\"color: #999999;\" href=\"https:\/\/www.asyanakliyat.com\/sanat-gumruk\/\">G\u00dcMR\u00dcKLEME<\/a><br \/>\n<\/span><br \/>\n<span style=\"color: #999999;\"> <a style=\"color: #999999;\" href=\"https:\/\/www.asyanakliyat.com\/english-storage\/\">DEPOLAMA<\/a><\/span><\/h6>\n<p>[\/vc_column_text][\/vc_column][vc_column width=&#8221;3\/4&#8243;][vc_separator][vc_column_text]Ola\u011fand\u0131\u015f\u0131 \u00f6l\u00e7\u00fclerde ve a\u011f\u0131rl\u0131kta olan objeler i\u00e7in deniz yolu tek se\u00e7enek olabilir ve sayg\u0131n ve g\u00fcvenilir ta\u015f\u0131mac\u0131 a\u011f\u0131m\u0131z sayesinde deniz yolu i\u00e7in olabilecek en uygun \u00e7\u00f6z\u00fcm\u00fc sunmaktay\u0131z. Deniz yolu nakliyesinde, sanat eserleri i\u00e7in en g\u00fcvenilir y\u00f6ntem olmas\u0131 sebebiyle her zaman komple bir konteyner kullan\u0131m\u0131 tercih edilmektedir ve b\u00f6ylelikle eserler ba\u015fkaca belirsiz obje ve mallarla ayn\u0131 konteyner i\u00e7inde seyahat etmemi\u015f olur.[\/vc_column_text][\/vc_column][\/vc_row]<\/p>","protected":false},"excerpt":{"rendered":"<p>[vc_row][vc_column width=&#8221;1\/4&#8243; css=&#8221;.vc_custom_1458908786900{background-color: #e0e0e0 !important;}&#8221;][vc_column_text] SANAT NAKL\u0130YES\u0130 KARA YOLU HAVA YOLU DEN\u0130Z YOLU KURYE H\u0130ZMETLER\u0130 PAKETLEME VE SANDIK YAPIMI KURULUM G\u00dcMR\u00dcKLEME DEPOLAMA [\/vc_column_text][\/vc_column][vc_column width=&#8221;3\/4&#8243;][vc_separator][vc_column_text]Ola\u011fand\u0131\u015f\u0131 \u00f6l\u00e7\u00fclerde ve [&hellip;]<\/p>\n","protected":false},"author":1,"featured_media":0,"parent":99,"menu_order":0,"comment_status":"closed","ping_status":"closed","template":"","meta":{"footnotes":""},"class_list":["post-463","page","type-page","status-publish","hentry"],"_links":{"self":[{"href":"https:\/\/asyanakliyat.com\/tr\/wp-json\/wp\/v2\/pages\/463","targetHints":{"allow":["GET"]}}],"collection":[{"href":"https:\/\/asyanakliyat.com\/tr\/wp-json\/wp\/v2\/pages"}],"about":[{"href":"https:\/\/asyanakliyat.com\/tr\/wp-json\/wp\/v2\/types\/page"}],"author":[{"embeddable":true,"href":"https:\/\/asyanakliyat.com\/tr\/wp-json\/wp\/v2\/users\/1"}],"replies":[{"embeddable":true,"href":"https:\/\/asyanakliyat.com\/tr\/wp-json\/wp\/v2\/comments?post=463"}],"version-history":[{"count":11,"href":"https:\/\/asyanakliyat.com\/tr\/wp-json\/wp\/v2\/pages\/463\/revisions"}],"predecessor-version":[{"id":853,"href":"https:\/\/asyanakliyat.com\/tr\/wp-json\/wp\/v2\/pages\/463\/revisions\/853"}],"up":[{"embeddable":true,"href":"https:\/\/asyanakliyat.com\/tr\/wp-json\/wp\/v2\/pages\/99"}],"wp:attachment":[{"href":"https:\/\/asyanakliyat.com\/tr\/wp-json\/wp\/v2\/media?parent=463"}],"curies":[{"name":"wp","href":"https:\/\/api.w.org\/{rel}","templated":true}]}}