{"id":397,"date":"2016-03-24T16:26:57","date_gmt":"2016-03-24T16:26:57","guid":{"rendered":"http:\/\/www.atalaywebhosting.com\/demo\/asya\/?page_id=397"},"modified":"2016-04-08T10:29:51","modified_gmt":"2016-04-08T10:29:51","slug":"yolsuzluk-ve-rusvetle-mucadele-politikamiz-2","status":"publish","type":"page","link":"https:\/\/asyanakliyat.com\/tr\/hakkim-2\/yolsuzluk-ve-rusvetle-mucadele-politikamiz-2\/","title":{"rendered":"YOLSUZLUK VE R\u00dc\u015eVETLE M\u00dcCADELE POL\u0130T\u0130KAMIZ"},"content":{"rendered":"<p>[vc_row][vc_column width=&#8221;1\/4&#8243; css=&#8221;.vc_custom_1458832881148{background-color: #e0e0e0 !important;}&#8221;][vc_column_text]<\/p>\n<h6><span style=\"color: #999999;\"><a style=\"color: #999999;\" href=\"https:\/\/www.asyanakliyat.com\/hakkim\/\">HAKKIMIZDA<br \/>\n<\/a><\/span><br \/>\n<span style=\"color: #999999;\"> <a style=\"color: #999999;\" href=\"https:\/\/www.asyanakliyat.com\/ekip\/\">EK\u0130P<br \/>\n<\/a><\/span><br \/>\n<span style=\"color: #999999;\"> <a style=\"color: #999999;\" href=\"https:\/\/www.asyanakliyat.com\/memberships\/\">\u00dcYEL\u0130KLER<\/a><br \/>\n<\/span><br \/>\n<span style=\"color: #999999;\"> <a style=\"color: #999999;\" href=\"https:\/\/www.asyanakliyat.com\/environmental-policy\/\">\u00c7EVRE POL\u0130T\u0130KAMIZ<br \/>\n<\/a><\/span><br \/>\n<span style=\"color: #999999;\"> <a style=\"color: #999999;\" href=\"https:\/\/www.asyanakliyat.com\/kisiye-ozgu-bilgiler-ve-gizlilik-politikamiz\/\">K\u0130\u015e\u0130YE \u00d6ZG\u00dc B\u0130LG\u0130LER<br \/>\n<\/a><a style=\"color: #999999;\" href=\"https:\/\/www.asyanakliyat.com\/kisiye-ozgu-bilgiler-ve-gizlilik-politikamiz\/\">VE G\u0130ZL\u0130L\u0130K POL\u0130T\u0130KAMIZ<\/a><br \/>\n<\/span><br \/>\n<span style=\"color: #999999;\"><span style=\"color: #ff6600;\"> <a style=\"color: #ff6600;\" href=\"https:\/\/www.asyanakliyat.com\/yolsuzluk-ve-rusvetle-mucadele-politikamiz-2\/\">YOLSUZLUK VE R\u00dc\u015eVETLE<br \/>\n<\/a><a style=\"color: #ff6600;\" href=\"https:\/\/www.asyanakliyat.com\/yolsuzluk-ve-rusvetle-mucadele-politikamiz-2\/\">M\u00dcCADELE POL\u0130T\u0130KAMIZ<\/a><\/span><br \/>\n<\/span><br \/>\n<span style=\"color: #999999;\"> <a style=\"color: #999999;\" href=\"https:\/\/www.asyanakliyat.com\/kurumsal-ve-sosyal-sorumluluk-politikamiz\/\">KURUMSAL VE SOSYAL<br \/>\n<\/a><a style=\"color: #999999;\" href=\"https:\/\/www.asyanakliyat.com\/kurumsal-ve-sosyal-sorumluluk-politikamiz\/\">SORUMLULUK POL\u0130T\u0130KAMIZ<\/a><br \/>\n<\/span><br \/>\n<span style=\"color: #999999;\"> <a style=\"color: #999999;\" href=\"https:\/\/www.asyanakliyat.com\/is-ahlaki\/\">\u0130\u015e AHLAKI<br \/>\n<\/a><\/span><br \/>\n<span style=\"color: #999999;\"> <a style=\"color: #999999;\" href=\"https:\/\/www.asyanakliyat.com\/tedarik-zinciri\/\">TEDAR\u0130K Z\u0130NC\u0130R\u0130<\/a><br \/>\n<\/span><br \/>\n<span style=\"color: #999999;\"> <a style=\"color: #999999;\" href=\"https:\/\/www.asyanakliyat.com\/bilgi-guvenligi-ve-veri-koruma-politikamiz\/\">B\u0130LG\u0130 G\u00dcVENL\u0130\u011e\u0130\u00a0VE VER\u0130<br \/>\nKORUMA POL\u0130T\u0130KAMIZ<br \/>\n<\/a><\/span><br \/>\n<span style=\"color: #999999;\"> <a style=\"color: #999999;\" href=\"https:\/\/www.asyanakliyat.com\/hakkim\/haberler\/\">HABERLER<\/a><\/span><\/h6>\n<p>&nbsp;<\/p>\n<p>&nbsp;<\/p>\n<p>&nbsp;<\/p>\n<p>&nbsp;<\/p>\n<p>&nbsp;<\/p>\n<p>&nbsp;<\/p>\n<p>&nbsp;<\/p>\n<p>&nbsp;<\/p>\n<p>&nbsp;<\/p>\n<p>&nbsp;<\/p>\n<p>&nbsp;<\/p>\n<p>&nbsp;<\/p>\n<p>&nbsp;<\/p>\n<p>&nbsp;<\/p>\n<p>[\/vc_column_text][\/vc_column][vc_column width=&#8221;3\/4&#8243;][vc_separator][vc_column_text]<\/p>\n<h4 style=\"text-align: justify;\"><span style=\"color: #ff6600;\">Ama\u00e7 ve Kapsam<\/span><\/h4>\n<p style=\"text-align: justify;\"><span style=\"color: #333333;\">Yolsuzluk; do\u011frudan do\u011fruya veya dolayl\u0131 yollardan r\u00fc\u015fvet ya da yasad\u0131\u015f\u0131 bir menfaat temin edilmesi, verilmesi ya da kabul edilmesidir. \u015eirketimizin b\u00fct\u00fcnl\u00fc\u011f\u00fcn\u00fc ve itibar\u0131n\u0131 korumak gayesiyle yolsuzluk eylemlerini belirlemeye ve \u00f6nlemeye y\u00f6nelik kurallar\u0131 bulunmaktad\u0131r ve bu kurallar personelle s\u00fcrekli olarak payla\u015f\u0131lmaktad\u0131r.<\/span><\/p>\n<h4 style=\"text-align: justify;\"><span style=\"color: #ff6600;\">Yolsuzluk Te\u015fkil Eden Eylemler<\/span><\/h4>\n<p style=\"text-align: justify;\"><span style=\"color: #333333;\">S\u0131n\u0131rl\u0131 olmamak kayd\u0131yla zimmet, g\u00fcveni suiistimal, r\u00fc\u015fvet ve di\u011fer mali anlamdaki uygunsuz davran\u0131\u015flar da yolsuzluk niteli\u011findeki eylemler kapsam\u0131ndad\u0131r.<\/span><\/p>\n<h4 style=\"text-align: justify;\"><span style=\"color: #ff6600;\">R\u00fc\u015fvet<\/span><\/h4>\n<p style=\"text-align: justify;\"><span style=\"color: #333333;\">R\u00fc\u015fvet, yasal olmayan \u015fekilde \u00e7\u0131kar sa\u011flanmas\u0131, karar ve uygulamalar\u0131 etkilemek amac\u0131yla do\u011frudan veya dolayl\u0131 olarak \u00f6deme veya menfaat teklif edilmesidir. Bu durum, nakdi veya gayri nakdi \u015fekilde \u00f6deme yap\u0131lmas\u0131, de\u011ferli hediye verilmesi gibi farkl\u0131 \u015fekillerde ortaya \u00e7\u0131kabilir.<\/span><\/p>\n<p style=\"text-align: justify;\"><span style=\"color: #333333;\">\u00c7al\u0131\u015fanlar g\u00f6revlerini yerine getirirken, \u00fc\u00e7\u00fcnc\u00fc bir ki\u015fiye r\u00fc\u015fvet olarak nitelendirilebilecek bir \u00f6deme yapamaz ya da kar\u015f\u0131 taraf\u0131n bunu teklif etmesine, vaat etmesine, rica etmesine, talep etmesine, vermesine veya kabul etmesine tolerans g\u00f6steremez. \u015eirket Y\u00f6netimi taraf\u0131ndan gerekli onaylar verilmedi\u011fi s\u00fcrece yabanc\u0131 veya yerli, devlet ve kamu memurlar\u0131na do\u011frudan ya da dolayl\u0131 olarak hediye, a\u011f\u0131rlama, ikram veya ba\u015fka bir menfaat teklif edilemez, verilemez.<\/span><\/p>\n<h4 style=\"text-align: justify;\"><span style=\"color: #ff6600;\">Yolsuzluklar\u0131n Bildirimi Ve Sorumluluklar<\/span><\/h4>\n<p style=\"text-align: justify;\"><span style=\"color: #333333;\">\u015eirketin itibar\u0131n\u0131 korumak i\u00e7in, yolsuzlukla ilgili ihlalleri bildirmek t\u00fcm \u00e7al\u0131\u015fanlar\u0131n bireysel sorumlulu\u011fundad\u0131r. Herhangi bir personelin bu kurallar\u0131 ihlal etmesi halinde, \u201cYolsuzlukla M\u00fccadele\u201d ile ilgili yetkililere bilgilendirmede bulunulur. Fark edildi\u011fi halde yolsuzluk eylemlerine ayk\u0131r\u0131 durumlar\u0131n raporlanmamas\u0131 ya da g\u00f6rmezden gelinmesi de yolsuzlukla m\u00fccadele kurallar\u0131n\u0131n ihlal edilmesi kapsam\u0131nda de\u011ferlendirilir.<\/span><\/p>\n<h4 style=\"text-align: justify;\"><span style=\"color: #ff6600;\">Yolsuzlukla M\u00fccadele Ve Uygunluk<\/span><\/h4>\n<p style=\"text-align: justify;\"><span style=\"color: #333333;\">\u00c7al\u0131\u015fanlar g\u00f6revlerini yerine getirirken yasal mevzuata ve Yolsuzlukla M\u00fccadele Politikas\u0131nda yer alan kurallara uymakla y\u00fck\u00fcml\u00fcd\u00fcrler ve bu kurallar\u0131n bilinmemesi, ihlal edilmesi i\u00e7in mazeret kabul edilemez. ASYA`nin, yolsuzluk eylemlerine kar\u015f\u0131 herhangi bir tolerans\u0131 bulunmamaktad\u0131r.<\/span><\/p>\n<p style=\"text-align: justify;\"><span style=\"color: #333333;\">\u00c7al\u0131\u015fanlar, herhangi bir i\u015flem veya i\u015f i\u00e7in 30 dolara kar\u015f\u0131l\u0131k gelen sembolik de\u011feri a\u015fan bir e\u015fya veya hizmet veya de\u011feri ne olursa olsun nakit, \u00e7ek gibi bir menfaati talep, temin ve kabul edemez.<\/span><\/p>\n<p style=\"text-align: justify;\"><span style=\"color: #333333;\">Ge\u00e7ici veya s\u00fcrekli nitelikteki bir i\u015f teklifinin herhangi bir surette yolsuzluk eylemi olabilece\u011fi izlenimini ortadan kald\u0131rmak i\u00e7in, bu tekliflerin \u201cnormal rekabete dayal\u0131 i\u015fe alma s\u00fcre\u00e7leri d\u0131\u015f\u0131nda\u201d m\u00fc\u015fterilere, i\u015f ortaklar\u0131na (onlarla yak\u0131ndan ili\u015fkili oldu\u011fu bilinen ki\u015filere) veya devlet memurlar\u0131na ve kamu g\u00f6revlilerine (ya da devlet memurlar\u0131 ile yak\u0131ndan ba\u011flant\u0131l\u0131 oldu\u011fu bilinenlere) yap\u0131lamaz.<\/span><\/p>\n<p style=\"text-align: justify;\"><span style=\"color: #333333;\">ASYA vekil s\u0131fat\u0131yla hizmet veren, y\u00f6netim dan\u0131\u015fmanl\u0131\u011f\u0131 yapan, muhasebe, bordro, bilgi teknolojileri veya tesis y\u00f6netimi gibi i\u015flevlerle ilgilenen vekiller, tedarik\u00e7iler ve y\u00fckleniciler gibi ki\u015fi ve\/veya kurumlarla girdi\u011fi ili\u015fkilerde, \u00fc\u00e7\u00fcnc\u00fc ki\u015filere r\u00fc\u015fvet verdi\u011fi duyumu al\u0131nm\u0131\u015f olan veya bundan \u015f\u00fcphelenilen ki\u015fi veya kurumlarla ili\u015fki kurmaz, \u015fayet s\u00f6z konusu t\u00fcrde kurulmu\u015f bir ili\u015fki varsa, bu ili\u015fki derhal sonland\u0131r\u0131l\u0131r. ASYA ile ili\u015fki kurarak onun ad\u0131na vekaleten i\u015f g\u00f6ren ki\u015filerin, tedarik\u00e7i veya y\u00fcklenicilerin, yasal d\u00fczenlemeler ve y\u00fcr\u00fcrl\u00fckteki t\u00fcm yolsuzlukla m\u00fccadele kanunlar\u0131na uymaya mutab\u0131k olmalar\u0131 gerekmektedir.<\/span><\/p>\n<p style=\"text-align: justify;\"><span style=\"color: #333333;\">ASYA ile, birlikte i\u015f yapanlar veya \u00fc\u00e7\u00fcnc\u00fc taraflarla olan \u00e7al\u0131\u015fmalarda, kendilerine i\u015fbu politikan\u0131n ilgili k\u0131s\u0131mlar\u0131n\u0131n birer sureti verilir ve yolsuzlukla m\u00fccadele politikas\u0131na uymak zorunda olduklar\u0131 konusunda bilgilendirilirler. Birlikte i\u015f yapanlar veya \u00fc\u00e7\u00fcnc\u00fc taraflar\u0131n eylemleri, ASYA taraf\u0131ndan i\u015flenmi\u015f olarak de\u011ferlendirilir.<\/span><br \/>\n<span style=\"color: #333333;\">ASYA, siyasi ama\u00e7l\u0131 ba\u011f\u0131\u015f yapamaz.<\/span><br \/>\n<span style=\"color: #333333;\">ASYA talep edilecek yard\u0131m ama\u00e7l\u0131 katk\u0131 ve sponsorluklar\u0131n yasal olmalar\u0131 ve \u015eirketin y\u00f6netmelik, politika, y\u00f6nerge ve d\u00fczenlemelerine uyumlu olmas\u0131 halinde yard\u0131m ve sponsorluklarda bulunabilir.<\/span><\/p>\n<p>[\/vc_column_text][\/vc_column][\/vc_row][vc_row][vc_column][\/vc_column][\/vc_row]<\/p>","protected":false},"excerpt":{"rendered":"<p>[vc_row][vc_column width=&#8221;1\/4&#8243; css=&#8221;.vc_custom_1458832881148{background-color: #e0e0e0 !important;}&#8221;][vc_column_text] HAKKIMIZDA EK\u0130P \u00dcYEL\u0130KLER \u00c7EVRE POL\u0130T\u0130KAMIZ K\u0130\u015e\u0130YE \u00d6ZG\u00dc B\u0130LG\u0130LER VE G\u0130ZL\u0130L\u0130K POL\u0130T\u0130KAMIZ YOLSUZLUK VE R\u00dc\u015eVETLE M\u00dcCADELE POL\u0130T\u0130KAMIZ KURUMSAL VE SOSYAL SORUMLULUK POL\u0130T\u0130KAMIZ [&hellip;]<\/p>\n","protected":false},"author":1,"featured_media":0,"parent":91,"menu_order":0,"comment_status":"closed","ping_status":"closed","template":"","meta":{"footnotes":""},"class_list":["post-397","page","type-page","status-publish","hentry"],"_links":{"self":[{"href":"https:\/\/asyanakliyat.com\/tr\/wp-json\/wp\/v2\/pages\/397","targetHints":{"allow":["GET"]}}],"collection":[{"href":"https:\/\/asyanakliyat.com\/tr\/wp-json\/wp\/v2\/pages"}],"about":[{"href":"https:\/\/asyanakliyat.com\/tr\/wp-json\/wp\/v2\/types\/page"}],"author":[{"embeddable":true,"href":"https:\/\/asyanakliyat.com\/tr\/wp-json\/wp\/v2\/users\/1"}],"replies":[{"embeddable":true,"href":"https:\/\/asyanakliyat.com\/tr\/wp-json\/wp\/v2\/comments?post=397"}],"version-history":[{"count":9,"href":"https:\/\/asyanakliyat.com\/tr\/wp-json\/wp\/v2\/pages\/397\/revisions"}],"predecessor-version":[{"id":712,"href":"https:\/\/asyanakliyat.com\/tr\/wp-json\/wp\/v2\/pages\/397\/revisions\/712"}],"up":[{"embeddable":true,"href":"https:\/\/asyanakliyat.com\/tr\/wp-json\/wp\/v2\/pages\/91"}],"wp:attachment":[{"href":"https:\/\/asyanakliyat.com\/tr\/wp-json\/wp\/v2\/media?parent=397"}],"curies":[{"name":"wp","href":"https:\/\/api.w.org\/{rel}","templated":true}]}}