{"id":265,"date":"2016-03-23T23:30:23","date_gmt":"2016-03-23T23:30:23","guid":{"rendered":"http:\/\/www.atalaywebhosting.com\/demo\/asya\/?page_id=265"},"modified":"2016-04-28T08:33:53","modified_gmt":"2016-04-28T08:33:53","slug":"ev-esyasi","status":"publish","type":"page","link":"https:\/\/asyanakliyat.com\/tr\/depolama-2\/english-storage\/ev-esyasi\/","title":{"rendered":"EV E\u015eYASI"},"content":{"rendered":"<p>[vc_row][vc_column width=&#8221;1\/4&#8243; css=&#8221;.vc_custom_1458832881148{background-color: #e0e0e0 !important;}&#8221;][vc_column_text]<\/p>\n<h6><span style=\"color: #999999;\"><a style=\"color: #999999;\" href=\"https:\/\/www.asyanakliyat.com\/english-storage\/\">SANAT ESERI<\/a><br \/>\n<\/span><br \/>\n<span style=\"color: #ff6600;\"><a style=\"color: #ff6600;\" href=\"https:\/\/www.asyanakliyat.com\/ev-esyasi\/\">EV E\u015eYASI<\/a><\/span><\/h6>\n<p>&nbsp;<\/p>\n<p>&nbsp;<\/p>\n<p>&nbsp;<\/p>\n<p>&nbsp;<\/p>\n<p>&nbsp;<\/p>\n<p>&nbsp;<\/p>\n<p>&nbsp;[\/vc_column_text][\/vc_column][vc_column width=&#8221;1\/2&#8243;][vc_separator][vc_column_text]<\/p>\n<h4 style=\"text-align: justify;\"><span style=\"color: #3b78ab;\">iSTER MANEVi, iSTER MADDi DE\u011eERLi OLSUN, M\u00dc\u015eTERiLERiMiZiN E\u015eYALARI, Di\u011eER MiLYONU A\u015eKIN E\u015eYA iLE BiRLiKTE G\u00dcVENiLiR ELLERDE&#8230;\u00a0<\/span><\/h4>\n<p>Istanbul, Ankara, \u0130zmir ve Adana\u2019daki sadece ev e\u015fyas\u0131 depolamas\u0131 i\u00e7in tasarlanm\u0131\u015f depolama tesislerimizde hem k\u0131sa hem de uzun vadeli depolama se\u00e7enekleri sunmaktay\u0131z. Tesislerimizin hepsi yerel kural ve kanunlara uygundur. M\u00fc\u015fterilerimize, e\u015fyalar\u0131n\u0131 g\u00fcvenli ve emniyetli bir \u015fekilde depolaman\u0131n rahatl\u0131\u011f\u0131n\u0131 sunmaktay\u0131z.[\/vc_column_text][\/vc_column][vc_column width=&#8221;1\/4&#8243;][vc_column_text]<\/p>\n\n\t\t\t<style type='text\/css'>\n\t\t\t\t#gallery-1 {\n\t\t\t\t\tmargin: auto;\n\t\t\t\t}\n\t\t\t\t#gallery-1 .gallery-item {\n\t\t\t\t\tfloat: left;\n\t\t\t\t\tmargin-top: 10px;\n\t\t\t\t\ttext-align: center;\n\t\t\t\t\twidth: 49.99%;\n\t\t\t\t}\n\t\t\t\t#gallery-1 img {\n\t\t\t\t\tborder: 2px solid #cfcfcf;\n\t\t\t\t}\n\t\t\t\t#gallery-1 .gallery-caption {\n\t\t\t\t\tmargin-left: 0;\n\t\t\t\t}\n\t\t\t\t\/* see gallery_shortcode() in wp-includes\/media.php *\/\n\t\t\t<\/style>\n\t\t<div id='gallery-1' class='gallery galleryid-265 gallery-columns-2 gallery-size-thumbnail file'><dl class='gallery-item'>\n\t\t\t\t<dt class='gallery-icon landscape'>\n\t\t\t\t\t<a href='https:\/\/asyanakliyat.com\/wp-content\/uploads\/2016\/03\/Depolama-04.jpg'><img loading=\"lazy\" decoding=\"async\" width=\"150\" height=\"150\" src=\"https:\/\/asyanakliyat.com\/wp-content\/uploads\/2016\/03\/Depolama-04-150x150.jpg\" class=\"attachment-thumbnail size-thumbnail\" alt=\"\" srcset=\"https:\/\/asyanakliyat.com\/wp-content\/uploads\/2016\/03\/Depolama-04-150x150.jpg 150w, https:\/\/asyanakliyat.com\/wp-content\/uploads\/2016\/03\/Depolama-04-85x85.jpg 85w, https:\/\/asyanakliyat.com\/wp-content\/uploads\/2016\/03\/Depolama-04-80x80.jpg 80w\" sizes=\"auto, (max-width: 150px) 100vw, 150px\" \/><\/a>\n\t\t\t\t<\/dt><\/dl><dl class='gallery-item'>\n\t\t\t\t<dt class='gallery-icon landscape'>\n\t\t\t\t\t<a href='https:\/\/asyanakliyat.com\/wp-content\/uploads\/2016\/03\/Depolama-03.jpg'><img loading=\"lazy\" decoding=\"async\" width=\"150\" height=\"150\" src=\"https:\/\/asyanakliyat.com\/wp-content\/uploads\/2016\/03\/Depolama-03-150x150.jpg\" class=\"attachment-thumbnail size-thumbnail\" alt=\"\" srcset=\"https:\/\/asyanakliyat.com\/wp-content\/uploads\/2016\/03\/Depolama-03-150x150.jpg 150w, https:\/\/asyanakliyat.com\/wp-content\/uploads\/2016\/03\/Depolama-03-85x85.jpg 85w, https:\/\/asyanakliyat.com\/wp-content\/uploads\/2016\/03\/Depolama-03-80x80.jpg 80w\" sizes=\"auto, (max-width: 150px) 100vw, 150px\" \/><\/a>\n\t\t\t\t<\/dt><\/dl><br style=\"clear: both\" \/><dl class='gallery-item'>\n\t\t\t\t<dt class='gallery-icon landscape'>\n\t\t\t\t\t<a href='https:\/\/asyanakliyat.com\/wp-content\/uploads\/2016\/03\/Depolama-02.jpg'><img loading=\"lazy\" decoding=\"async\" width=\"150\" height=\"150\" src=\"https:\/\/asyanakliyat.com\/wp-content\/uploads\/2016\/03\/Depolama-02-150x150.jpg\" class=\"attachment-thumbnail size-thumbnail\" alt=\"\" srcset=\"https:\/\/asyanakliyat.com\/wp-content\/uploads\/2016\/03\/Depolama-02-150x150.jpg 150w, https:\/\/asyanakliyat.com\/wp-content\/uploads\/2016\/03\/Depolama-02-85x85.jpg 85w, https:\/\/asyanakliyat.com\/wp-content\/uploads\/2016\/03\/Depolama-02-80x80.jpg 80w\" sizes=\"auto, (max-width: 150px) 100vw, 150px\" \/><\/a>\n\t\t\t\t<\/dt><\/dl><dl class='gallery-item'>\n\t\t\t\t<dt class='gallery-icon landscape'>\n\t\t\t\t\t<a href='https:\/\/asyanakliyat.com\/wp-content\/uploads\/2016\/03\/Depolama-01.jpg'><img loading=\"lazy\" decoding=\"async\" width=\"150\" height=\"150\" src=\"https:\/\/asyanakliyat.com\/wp-content\/uploads\/2016\/03\/Depolama-01-150x150.jpg\" class=\"attachment-thumbnail size-thumbnail\" alt=\"\" srcset=\"https:\/\/asyanakliyat.com\/wp-content\/uploads\/2016\/03\/Depolama-01-150x150.jpg 150w, https:\/\/asyanakliyat.com\/wp-content\/uploads\/2016\/03\/Depolama-01-85x85.jpg 85w, https:\/\/asyanakliyat.com\/wp-content\/uploads\/2016\/03\/Depolama-01-80x80.jpg 80w\" sizes=\"auto, (max-width: 150px) 100vw, 150px\" \/><\/a>\n\t\t\t\t<\/dt><\/dl><br style=\"clear: both\" \/>\n\t\t\t<\/div>\n\n<p>[\/vc_column_text][\/vc_column][\/vc_row][vc_row][vc_column][\/vc_column][\/vc_row]<\/p>","protected":false},"excerpt":{"rendered":"<p>[vc_row][vc_column width=&#8221;1\/4&#8243; css=&#8221;.vc_custom_1458832881148{background-color: #e0e0e0 !important;}&#8221;][vc_column_text] SANAT ESERI EV E\u015eYASI &nbsp; &nbsp; &nbsp; &nbsp; &nbsp; &nbsp; &nbsp;[\/vc_column_text][\/vc_column][vc_column width=&#8221;1\/2&#8243;][vc_separator][vc_column_text] iSTER MANEVi, iSTER MADDi DE\u011eERLi OLSUN, M\u00dc\u015eTERiLERiMiZiN E\u015eYALARI, Di\u011eER [&hellip;]<\/p>\n","protected":false},"author":1,"featured_media":0,"parent":104,"menu_order":0,"comment_status":"closed","ping_status":"closed","template":"","meta":{"footnotes":""},"class_list":["post-265","page","type-page","status-publish","hentry"],"_links":{"self":[{"href":"https:\/\/asyanakliyat.com\/tr\/wp-json\/wp\/v2\/pages\/265","targetHints":{"allow":["GET"]}}],"collection":[{"href":"https:\/\/asyanakliyat.com\/tr\/wp-json\/wp\/v2\/pages"}],"about":[{"href":"https:\/\/asyanakliyat.com\/tr\/wp-json\/wp\/v2\/types\/page"}],"author":[{"embeddable":true,"href":"https:\/\/asyanakliyat.com\/tr\/wp-json\/wp\/v2\/users\/1"}],"replies":[{"embeddable":true,"href":"https:\/\/asyanakliyat.com\/tr\/wp-json\/wp\/v2\/comments?post=265"}],"version-history":[{"count":17,"href":"https:\/\/asyanakliyat.com\/tr\/wp-json\/wp\/v2\/pages\/265\/revisions"}],"predecessor-version":[{"id":849,"href":"https:\/\/asyanakliyat.com\/tr\/wp-json\/wp\/v2\/pages\/265\/revisions\/849"}],"up":[{"embeddable":true,"href":"https:\/\/asyanakliyat.com\/tr\/wp-json\/wp\/v2\/pages\/104"}],"wp:attachment":[{"href":"https:\/\/asyanakliyat.com\/tr\/wp-json\/wp\/v2\/media?parent=265"}],"curies":[{"name":"wp","href":"https:\/\/api.w.org\/{rel}","templated":true}]}}