{"id":264,"date":"2016-03-23T23:26:03","date_gmt":"2016-03-23T23:26:03","guid":{"rendered":"http:\/\/www.atalaywebhosting.com\/demo\/asya\/?page_id=264"},"modified":"2016-04-28T08:51:32","modified_gmt":"2016-04-28T08:51:32","slug":"ofis-nakliyesi","status":"publish","type":"page","link":"https:\/\/asyanakliyat.com\/tr\/lokal\/ofis-nakliyesi\/","title":{"rendered":"OF\u0130S NAKL\u0130YES\u0130"},"content":{"rendered":"<p>[vc_row][vc_column width=&#8221;1\/4&#8243; css=&#8221;.vc_custom_1458920129556{background-color: #e8e8e8 !important;}&#8221;][vc_column_text]<\/p>\n<h6><a href=\"https:\/\/www.asyanakliyat.com\/lokal\/\"><span style=\"color: #999999;\">LOKAL EV NAKL\u0130YES\u0130<\/span><\/a><\/h6>\n<h6><a href=\"https:\/\/www.asyanakliyat.com\/en\/ofis-nakliyesi\"><span style=\"color: #ff6600;\">OF\u0130S NAKL\u0130YES\u0130<\/span><\/a><\/h6>\n<p>&nbsp;<\/p>\n<p>&nbsp;<\/p>\n<p>&nbsp;<\/p>\n<p>&nbsp;<\/p>\n<p>&nbsp;<\/p>\n<p>&nbsp;<\/p>\n<p>&nbsp;<\/p>\n<p>&nbsp;<\/p>\n<p>&nbsp;<\/p>\n<p>&nbsp;<\/p>\n<p>&nbsp;<\/p>\n<p>&nbsp;<\/p>\n<p>&nbsp;[\/vc_column_text][\/vc_column][vc_column width=&#8221;1\/2&#8243;][vc_separator][vc_column_text]<\/p>\n<h4 style=\"text-align: justify;\"><span style=\"color: #3b78ab;\">BiLiYORUZ Ki OFiS NAKLiYELERi BiR NEVi ZAMANA KAR\u015eI YAPILAN YARI\u015eTIR.\u00a0<\/span><\/h4>\n<p style=\"text-align: justify;\">Olabildi\u011fince az g\u00fc\u00e7l\u00fckle ve gecikme ya\u015famadan yeni ofise ta\u015f\u0131nman\u0131n, m\u00fc\u015fterilerimizin \u00e7al\u0131\u015fanlar\u0131n\u0131n i\u015flerine daha iyi odaklanmalar\u0131n\u0131 ve i\u015flerinde aksakl\u0131k ya\u015famamalar\u0131n\u0131 sa\u011flamaktad\u0131r. Ofis nakliyesi ekibimiz, h\u0131zl\u0131 ve p\u00fcr\u00fczs\u00fcz bir nakliye deneyimi sa\u011flayabilmek i\u00e7in a\u015fa\u011f\u0131daki hizmetleri vermektedir;<\/p>\n<p style=\"text-align: justify;\">\u2022 Ta\u015f\u0131nma \u00f6ncesi planlama<\/p>\n<p style=\"text-align: justify;\">\u2022 Zemin plan\u0131n\u0131n \u00e7al\u0131\u015f\u0131lmas\u0131 ve ona uygun nakliye y\u00f6nteminin tayin edilmesi<\/p>\n<p style=\"text-align: justify;\">\u2022 Her elemana\/masaya bo\u015f koli sa\u011flanmas\u0131 ve b\u00f6ylelikle kolilerin e\u015fya sahipleri taraf\u0131ndan paketlenmesi<\/p>\n<p style=\"text-align: justify;\">\u2022 Server ve elektronikler i\u00e7in IT deste\u011fi verilmesi<\/p>\n<p style=\"text-align: justify;\">\u2022 Mod\u00fcler mobilyalar\u0131n demonte edilmesi ve geri monte edilmesi<\/p>\n<p style=\"text-align: justify;\">\u2022 Elektronik ekipmanlar\u0131n s\u00f6k\u00fcl\u00fcp tekrar tak\u0131lmas\u0131<\/p>\n<p style=\"text-align: justify;\">\u2022 Ayd\u0131nlatmalar\u0131n, tablolar\u0131n vs. tak\u0131lmas\u0131 \u2022 Nakliye sonras\u0131 temizlik<\/p>\n<p style=\"text-align: justify;\">\u2022 T\u00fcm nakliye boyunca tek bir kontak ki\u015fisi ile irtibatta olma ayr\u0131cal\u0131\u011f\u0131<\/p>\n<p style=\"text-align: justify;\">\u2022 Gerekmesi halinde depolama<\/p>\n<p>[\/vc_column_text][vc_separator][\/vc_column][vc_column width=&#8221;1\/4&#8243;][vc_column_text]<\/p>\n\n\t\t\t<style type='text\/css'>\n\t\t\t\t#gallery-1 {\n\t\t\t\t\tmargin: auto;\n\t\t\t\t}\n\t\t\t\t#gallery-1 .gallery-item {\n\t\t\t\t\tfloat: left;\n\t\t\t\t\tmargin-top: 10px;\n\t\t\t\t\ttext-align: center;\n\t\t\t\t\twidth: 49.99%;\n\t\t\t\t}\n\t\t\t\t#gallery-1 img {\n\t\t\t\t\tborder: 2px solid #cfcfcf;\n\t\t\t\t}\n\t\t\t\t#gallery-1 .gallery-caption {\n\t\t\t\t\tmargin-left: 0;\n\t\t\t\t}\n\t\t\t\t\/* see gallery_shortcode() in wp-includes\/media.php *\/\n\t\t\t<\/style>\n\t\t<div id='gallery-1' class='gallery galleryid-264 gallery-columns-2 gallery-size-thumbnail file'><dl class='gallery-item'>\n\t\t\t\t<dt class='gallery-icon landscape'>\n\t\t\t\t\t<a href='https:\/\/asyanakliyat.com\/wp-content\/uploads\/2016\/03\/office-01.jpg'><img loading=\"lazy\" decoding=\"async\" width=\"150\" height=\"150\" src=\"https:\/\/asyanakliyat.com\/wp-content\/uploads\/2016\/03\/office-01-150x150.jpg\" class=\"attachment-thumbnail size-thumbnail\" alt=\"\" srcset=\"https:\/\/asyanakliyat.com\/wp-content\/uploads\/2016\/03\/office-01-150x150.jpg 150w, https:\/\/asyanakliyat.com\/wp-content\/uploads\/2016\/03\/office-01-85x85.jpg 85w, https:\/\/asyanakliyat.com\/wp-content\/uploads\/2016\/03\/office-01-80x80.jpg 80w\" sizes=\"auto, (max-width: 150px) 100vw, 150px\" \/><\/a>\n\t\t\t\t<\/dt><\/dl><dl class='gallery-item'>\n\t\t\t\t<dt class='gallery-icon landscape'>\n\t\t\t\t\t<a href='https:\/\/asyanakliyat.com\/wp-content\/uploads\/2016\/03\/office-02.jpg'><img loading=\"lazy\" decoding=\"async\" width=\"150\" height=\"150\" src=\"https:\/\/asyanakliyat.com\/wp-content\/uploads\/2016\/03\/office-02-150x150.jpg\" class=\"attachment-thumbnail size-thumbnail\" alt=\"\" srcset=\"https:\/\/asyanakliyat.com\/wp-content\/uploads\/2016\/03\/office-02-150x150.jpg 150w, https:\/\/asyanakliyat.com\/wp-content\/uploads\/2016\/03\/office-02-85x85.jpg 85w, https:\/\/asyanakliyat.com\/wp-content\/uploads\/2016\/03\/office-02-80x80.jpg 80w\" sizes=\"auto, (max-width: 150px) 100vw, 150px\" \/><\/a>\n\t\t\t\t<\/dt><\/dl><br style=\"clear: both\" \/><dl class='gallery-item'>\n\t\t\t\t<dt class='gallery-icon landscape'>\n\t\t\t\t\t<a href='https:\/\/asyanakliyat.com\/wp-content\/uploads\/2016\/03\/office-03.jpg'><img loading=\"lazy\" decoding=\"async\" width=\"150\" height=\"150\" src=\"https:\/\/asyanakliyat.com\/wp-content\/uploads\/2016\/03\/office-03-150x150.jpg\" class=\"attachment-thumbnail size-thumbnail\" alt=\"\" srcset=\"https:\/\/asyanakliyat.com\/wp-content\/uploads\/2016\/03\/office-03-150x150.jpg 150w, https:\/\/asyanakliyat.com\/wp-content\/uploads\/2016\/03\/office-03-85x85.jpg 85w, https:\/\/asyanakliyat.com\/wp-content\/uploads\/2016\/03\/office-03-80x80.jpg 80w\" sizes=\"auto, (max-width: 150px) 100vw, 150px\" \/><\/a>\n\t\t\t\t<\/dt><\/dl><dl class='gallery-item'>\n\t\t\t\t<dt class='gallery-icon landscape'>\n\t\t\t\t\t<a href='https:\/\/asyanakliyat.com\/wp-content\/uploads\/2016\/03\/office-04.jpg'><img loading=\"lazy\" decoding=\"async\" width=\"150\" height=\"150\" src=\"https:\/\/asyanakliyat.com\/wp-content\/uploads\/2016\/03\/office-04-150x150.jpg\" class=\"attachment-thumbnail size-thumbnail\" alt=\"\" srcset=\"https:\/\/asyanakliyat.com\/wp-content\/uploads\/2016\/03\/office-04-150x150.jpg 150w, https:\/\/asyanakliyat.com\/wp-content\/uploads\/2016\/03\/office-04-85x85.jpg 85w, https:\/\/asyanakliyat.com\/wp-content\/uploads\/2016\/03\/office-04-80x80.jpg 80w\" sizes=\"auto, (max-width: 150px) 100vw, 150px\" \/><\/a>\n\t\t\t\t<\/dt><\/dl><br style=\"clear: both\" \/>\n\t\t\t<\/div>\n\n<p>[\/vc_column_text][\/vc_column][\/vc_row]<\/p>","protected":false},"excerpt":{"rendered":"<p>[vc_row][vc_column width=&#8221;1\/4&#8243; css=&#8221;.vc_custom_1458920129556{background-color: #e8e8e8 !important;}&#8221;][vc_column_text] LOKAL EV NAKL\u0130YES\u0130 OF\u0130S NAKL\u0130YES\u0130 &nbsp; &nbsp; &nbsp; &nbsp; &nbsp; &nbsp; &nbsp; &nbsp; &nbsp; &nbsp; &nbsp; &nbsp; &nbsp;[\/vc_column_text][\/vc_column][vc_column width=&#8221;1\/2&#8243;][vc_separator][vc_column_text] BiLiYORUZ Ki [&hellip;]<\/p>\n","protected":false},"author":1,"featured_media":0,"parent":102,"menu_order":0,"comment_status":"closed","ping_status":"closed","template":"","meta":{"footnotes":""},"class_list":["post-264","page","type-page","status-publish","hentry"],"_links":{"self":[{"href":"https:\/\/asyanakliyat.com\/tr\/wp-json\/wp\/v2\/pages\/264","targetHints":{"allow":["GET"]}}],"collection":[{"href":"https:\/\/asyanakliyat.com\/tr\/wp-json\/wp\/v2\/pages"}],"about":[{"href":"https:\/\/asyanakliyat.com\/tr\/wp-json\/wp\/v2\/types\/page"}],"author":[{"embeddable":true,"href":"https:\/\/asyanakliyat.com\/tr\/wp-json\/wp\/v2\/users\/1"}],"replies":[{"embeddable":true,"href":"https:\/\/asyanakliyat.com\/tr\/wp-json\/wp\/v2\/comments?post=264"}],"version-history":[{"count":9,"href":"https:\/\/asyanakliyat.com\/tr\/wp-json\/wp\/v2\/pages\/264\/revisions"}],"predecessor-version":[{"id":860,"href":"https:\/\/asyanakliyat.com\/tr\/wp-json\/wp\/v2\/pages\/264\/revisions\/860"}],"up":[{"embeddable":true,"href":"https:\/\/asyanakliyat.com\/tr\/wp-json\/wp\/v2\/pages\/102"}],"wp:attachment":[{"href":"https:\/\/asyanakliyat.com\/tr\/wp-json\/wp\/v2\/media?parent=264"}],"curies":[{"name":"wp","href":"https:\/\/api.w.org\/{rel}","templated":true}]}}