{"id":261,"date":"2016-03-23T23:24:02","date_gmt":"2016-03-23T23:24:02","guid":{"rendered":"http:\/\/www.atalaywebhosting.com\/demo\/asya\/?page_id=261"},"modified":"2016-03-26T12:15:07","modified_gmt":"2016-03-26T12:15:07","slug":"depolama-2","status":"publish","type":"page","link":"https:\/\/asyanakliyat.com\/tr\/depolama-2\/","title":{"rendered":"DEPOLAMA"},"content":{"rendered":"<p>[vc_row][vc_column][vc_column_text]<\/p>\n<h6><\/h6>\n<p>[\/vc_column_text][\/vc_column][\/vc_row][vc_row][vc_column width=&#8221;1\/4&#8243; css=&#8221;.vc_custom_1458832881148{background-color: #e0e0e0 !important;}&#8221;][vc_column_text]<\/p>\n<h6><span style=\"color: #999999;\"><a style=\"color: #999999;\" href=\"http:\/\/www.atalaywebhosting.com\/demo\/asya\/adan-zye-nakliye\/\">ULUSLARARASI NAKL\u0130YE<br \/>\n<\/a><\/span><br \/>\n<span style=\"color: #999999;\"><a style=\"color: #999999;\" href=\"http:\/\/www.atalaywebhosting.com\/demo\/asya\/adan-zye-nakliye\/\">A`DAN Z`YE NAKL\u0130YE<\/a><br \/>\n<\/span><br \/>\n<span style=\"color: #999999;\"><a style=\"color: #999999;\" href=\"http:\/\/www.atalaywebhosting.com\/demo\/asya\/hava-kara-ve-deniz\/\">HAVA, KARA VE DEN\u0130Z<\/a><br \/>\n<\/span><br \/>\n<span style=\"color: #999999;\"><a style=\"color: #999999;\" href=\"http:\/\/www.atalaywebhosting.com\/demo\/asya\/gumrukleme-2\/\">G\u00dcMR\u00dcKLEME<\/a><br \/>\n<\/span><br \/>\n<span style=\"color: #ff6600;\"><a style=\"color: #ff6600;\" href=\"http:\/\/www.atalaywebhosting.com\/demo\/asya\/depolama-2\/\">DEPOLAMA<\/a><\/span><\/h6>\n<p>[\/vc_column_text][\/vc_column][vc_column width=&#8221;3\/4&#8243;][vc_separator][vc_column_text]<\/p>\n<h4><span style=\"color: #3b78ab;\">T\u00dcRK\u0130YE`DE \u0130LK VE TEK \u0130KL\u0130M VE NEM KONTROLL\u00dc SANAT ESER\u0130 DEPOLAMASI H\u0130ZMET\u0130 VERMEKTEY\u0130Z<\/span>.<\/h4>\n<p>Sadece son teknoloji sanat eseri depomuza bakarak sanata olan sevgimizi anlayabilirsiniz. Hem k\u0131sa hem de uzun s\u00fcreli olarak tam iklim ve nem kontroll\u00fc depolama sunmaktay\u0131z.<\/p>\n<p>\u0130klimlendirilmi\u015f depolaman\u0131n yan\u0131s\u0131ra standart depomuzla da belirli bir i\u015fi ve nem kontrol\u00fc ihtiyac\u0131 olmayan eserlerin depolanmas\u0131 isteklerine cevap verebilmekteyiz.<\/p>\n<p>Tuhaf \u015fekilli, al\u0131\u015f\u0131lmad\u0131k y\u00fckseklikte ve \u015fekilde objeler i\u00e7in de ayr\u0131lm\u0131\u015f \u00f6zel bir alan sunmaktay\u0131z.<\/p>\n<p>T\u00fcm tesislerimiz son teknoloji g\u00fcvenlik alarmlar\u0131, 7\/24 g\u00fcvenlik gorevlileri, yang\u0131n dedekt\u00f6rleri ve CCTV kay\u0131t sistemi ile korunmaktad\u0131r.<\/p>\n<p>Binalar\u0131m\u0131z g\u00fcvenlik kurallar\u0131na tam uyumlu ve \u00f6nemli sigorta \u015firketleri taraf\u0131ndan onayl\u0131 olup, yang\u0131n ve deprem gibi t\u00fcm yerel zorunluluklar\u0131 kar\u015f\u0131lamaktad\u0131r.[\/vc_column_text][\/vc_column][\/vc_row][vc_row][vc_column][\/vc_column][\/vc_row][vc_row][vc_column width=&#8221;1\/4&#8243; css=&#8221;.vc_custom_1458832881148{background-color: #e0e0e0 !important;}&#8221;][\/vc_column][\/vc_row][vc_row][vc_column][\/vc_column][\/vc_row]<\/p>","protected":false},"excerpt":{"rendered":"<p>[vc_row][vc_column][vc_column_text] [\/vc_column_text][\/vc_column][\/vc_row][vc_row][vc_column width=&#8221;1\/4&#8243; css=&#8221;.vc_custom_1458832881148{background-color: #e0e0e0 !important;}&#8221;][vc_column_text] ULUSLARARASI NAKL\u0130YE A`DAN Z`YE NAKL\u0130YE HAVA, KARA VE DEN\u0130Z G\u00dcMR\u00dcKLEME DEPOLAMA [\/vc_column_text][\/vc_column][vc_column width=&#8221;3\/4&#8243;][vc_separator][vc_column_text] T\u00dcRK\u0130YE`DE \u0130LK VE TEK \u0130KL\u0130M VE NEM [&hellip;]<\/p>\n","protected":false},"author":1,"featured_media":0,"parent":0,"menu_order":0,"comment_status":"closed","ping_status":"closed","template":"","meta":{"footnotes":""},"class_list":["post-261","page","type-page","status-publish","hentry"],"_links":{"self":[{"href":"https:\/\/asyanakliyat.com\/tr\/wp-json\/wp\/v2\/pages\/261","targetHints":{"allow":["GET"]}}],"collection":[{"href":"https:\/\/asyanakliyat.com\/tr\/wp-json\/wp\/v2\/pages"}],"about":[{"href":"https:\/\/asyanakliyat.com\/tr\/wp-json\/wp\/v2\/types\/page"}],"author":[{"embeddable":true,"href":"https:\/\/asyanakliyat.com\/tr\/wp-json\/wp\/v2\/users\/1"}],"replies":[{"embeddable":true,"href":"https:\/\/asyanakliyat.com\/tr\/wp-json\/wp\/v2\/comments?post=261"}],"version-history":[{"count":4,"href":"https:\/\/asyanakliyat.com\/tr\/wp-json\/wp\/v2\/pages\/261\/revisions"}],"predecessor-version":[{"id":615,"href":"https:\/\/asyanakliyat.com\/tr\/wp-json\/wp\/v2\/pages\/261\/revisions\/615"}],"wp:attachment":[{"href":"https:\/\/asyanakliyat.com\/tr\/wp-json\/wp\/v2\/media?parent=261"}],"curies":[{"name":"wp","href":"https:\/\/api.w.org\/{rel}","templated":true}]}}