{"id":259,"date":"2016-03-23T23:22:52","date_gmt":"2016-03-23T23:22:52","guid":{"rendered":"http:\/\/www.atalaywebhosting.com\/demo\/asya\/?page_id=259"},"modified":"2016-04-27T14:46:50","modified_gmt":"2016-04-27T14:46:50","slug":"gumrukleme-2","status":"publish","type":"page","link":"https:\/\/asyanakliyat.com\/tr\/english-worldwide\/gumrukleme-2\/","title":{"rendered":"G\u00dcMR\u00dcKLEME"},"content":{"rendered":"<p>[vc_row][vc_column width=&#8221;1\/4&#8243; css=&#8221;.vc_custom_1458832881148{background-color: #e0e0e0 !important;}&#8221;][vc_column_text]<\/p>\n<h6><span style=\"color: #999999;\"><a style=\"color: #999999;\" href=\"https:\/\/www.asyanakliyat.com\/english-worldwide\/\">ULUSLARARASI NAKL\u0130YE<br \/>\n<\/a><\/span><br \/>\n<span style=\"color: #999999;\"><a style=\"color: #999999;\" href=\"https:\/\/www.asyanakliyat.com\/adan-zye-nakliye\/\">A`DAN Z`YE NAKL\u0130YE<\/a><br \/>\n<\/span><br \/>\n<span style=\"color: #999999;\"><a style=\"color: #999999;\" href=\"https:\/\/www.asyanakliyat.com\/hava-kara-ve-deniz\/\">HAVA, KARA VE DEN\u0130Z<\/a><br \/>\n<\/span><br \/>\n<span style=\"color: #999999;\"><span style=\"color: #ff6600;\"><a style=\"color: #ff6600;\" href=\"https:\/\/www.asyanakliyat.com\/asya\/gumrukleme-2\/\">G\u00dcMR\u00dcKLEME<\/a><\/span><br \/>\n<\/span><br \/>\n<span style=\"color: #999999;\"><a style=\"color: #999999;\" href=\"https:\/\/www.asyanakliyat.com\/english-storage\/\">DEPOLAMA<\/a><\/span><\/h6>\n<p>[\/vc_column_text][\/vc_column][vc_column width=&#8221;3\/4&#8243;][vc_separator][vc_column_text]<\/p>\n<p style=\"text-align: justify;\">Her ulkenin farkli gumruk kurallari vardir. Sureci hafifletebilmek adina, hem cikis hem de varis ulkesindeki gerekli tum form ve evraklari musterilerimize saglamaktayiz.<\/p>\n<p style=\"text-align: justify;\">Ulkemizdeki g\u00fcmr\u00fck i\u015flemlerinin takibini, grubumuzun gumruk musavirligi firmas\u0131 arac\u0131l\u0131\u011f\u0131lya hizli ve verimli bir sekilde yerine getirmekteyiz.<\/p>\n<p>[\/vc_column_text][\/vc_column][\/vc_row]<\/p>","protected":false},"excerpt":{"rendered":"<p>[vc_row][vc_column width=&#8221;1\/4&#8243; css=&#8221;.vc_custom_1458832881148{background-color: #e0e0e0 !important;}&#8221;][vc_column_text] ULUSLARARASI NAKL\u0130YE A`DAN Z`YE NAKL\u0130YE HAVA, KARA VE DEN\u0130Z G\u00dcMR\u00dcKLEME DEPOLAMA [\/vc_column_text][\/vc_column][vc_column width=&#8221;3\/4&#8243;][vc_separator][vc_column_text] Her ulkenin farkli gumruk kurallari vardir. Sureci hafifletebilmek [&hellip;]<\/p>\n","protected":false},"author":1,"featured_media":0,"parent":94,"menu_order":0,"comment_status":"closed","ping_status":"closed","template":"","meta":{"footnotes":""},"class_list":["post-259","page","type-page","status-publish","hentry"],"_links":{"self":[{"href":"https:\/\/asyanakliyat.com\/tr\/wp-json\/wp\/v2\/pages\/259","targetHints":{"allow":["GET"]}}],"collection":[{"href":"https:\/\/asyanakliyat.com\/tr\/wp-json\/wp\/v2\/pages"}],"about":[{"href":"https:\/\/asyanakliyat.com\/tr\/wp-json\/wp\/v2\/types\/page"}],"author":[{"embeddable":true,"href":"https:\/\/asyanakliyat.com\/tr\/wp-json\/wp\/v2\/users\/1"}],"replies":[{"embeddable":true,"href":"https:\/\/asyanakliyat.com\/tr\/wp-json\/wp\/v2\/comments?post=259"}],"version-history":[{"count":13,"href":"https:\/\/asyanakliyat.com\/tr\/wp-json\/wp\/v2\/pages\/259\/revisions"}],"predecessor-version":[{"id":816,"href":"https:\/\/asyanakliyat.com\/tr\/wp-json\/wp\/v2\/pages\/259\/revisions\/816"}],"up":[{"embeddable":true,"href":"https:\/\/asyanakliyat.com\/tr\/wp-json\/wp\/v2\/pages\/94"}],"wp:attachment":[{"href":"https:\/\/asyanakliyat.com\/tr\/wp-json\/wp\/v2\/media?parent=259"}],"curies":[{"name":"wp","href":"https:\/\/api.w.org\/{rel}","templated":true}]}}