{"id":257,"date":"2016-03-23T23:21:31","date_gmt":"2016-03-23T23:21:31","guid":{"rendered":"http:\/\/www.atalaywebhosting.com\/demo\/asya\/?page_id=257"},"modified":"2016-04-28T08:45:07","modified_gmt":"2016-04-28T08:45:07","slug":"kurulum","status":"publish","type":"page","link":"https:\/\/asyanakliyat.com\/tr\/sanat\/kurulum\/","title":{"rendered":"KURULUM"},"content":{"rendered":"<p>[vc_row][vc_column width=&#8221;1\/4&#8243; css=&#8221;.vc_custom_1458908786900{background-color: #e0e0e0 !important;}&#8221;][vc_column_text]<\/p>\n<h6><span style=\"color: #999999;\"><a style=\"color: #999999;\" href=\"https:\/\/www.asyanakliyat.com\/sanat\/\">SANAT NAKL\u0130YES\u0130<\/a><br \/>\n<\/span><br \/>\n<span style=\"color: #999999;\"> <a style=\"color: #999999;\" href=\"https:\/\/www.asyanakliyat.com\/kara-yolu\/\">KARA YOLU<\/a><br \/>\n<\/span><br \/>\n<span style=\"color: #999999;\"> <a style=\"color: #999999;\" href=\"https:\/\/www.asyanakliyat.com\/hava-yolu\/\">HAVA YOLU<\/a><br \/>\n<\/span><br \/>\n<span style=\"color: #999999;\"> <a style=\"color: #999999;\" href=\"https:\/\/www.asyanakliyat.com\/deniz-yolu-2\/\">DEN\u0130Z YOLU<\/a><br \/>\n<\/span><br \/>\n<span style=\"color: #999999;\"> <a style=\"color: #999999;\" href=\"https:\/\/www.asyanakliyat.com\/kurye-hizmetleri\/\">KURYE H\u0130ZMETLER\u0130<br \/>\n<\/a><\/span><br \/>\n<span style=\"color: #999999;\"> <a style=\"color: #999999;\" href=\"https:\/\/www.asyanakliyat.com\/paketleme-ve-sandik-yapimi\/\">PAKETLEME VE SANDIK YAPIMI<\/a><br \/>\n<\/span><br \/>\n<span style=\"color: #999999;\"><span style=\"color: #ff6600;\"> <a style=\"color: #ff6600;\" href=\"https:\/\/www.asyanakliyat.com\/kurulum\/\">KURULUM<\/a><\/span><br \/>\n<\/span><br \/>\n<span style=\"color: #999999;\"> <a style=\"color: #999999;\" href=\"https:\/\/www.asyanakliyat.com\/sanat-gumruk\/\">G\u00dcMR\u00dcKLEME<\/a><br \/>\n<\/span><br \/>\n<span style=\"color: #999999;\"> <a style=\"color: #999999;\" href=\"https:\/\/www.asyanakliyat.com\/english-storage\/\">DEPOLAMA<\/a><\/span><\/h6>\n<p>[\/vc_column_text][\/vc_column][vc_column width=&#8221;3\/4&#8243;][vc_separator][vc_column_text]<\/p>\n<h4 style=\"text-align: justify;\"><span style=\"color: #3b78ab;\">YETENEKLi TEKNiSYENLERiMiZ, A\u011eIR, TUHAF \u015eEKiLLi YAHUT OLA\u011eANDI\u015eI MALZEMELERDEN VEYA ELEKTRONiK OBJELERDEN \u00dcRETiLMi\u015e HER T\u00dcR ESERiN KURULUMUNU YAPABiLMEKTEDiR.\u00a0<\/span><\/h4>\n<p>Olabilecek en kar\u0131\u015f\u0131k objelerin kurulumunu severiz. Ne kadar zorlay\u0131c\u0131 olursa olsun, uzmanlar\u0131m\u0131z en do\u011fru \u00e7\u00f6z\u00fcm\u00fc bulacak ve kurulumu tamamlayacaklard\u0131r. Kuruluma ek olarak bir\u00e7ok m\u00fcze ve binadaki giri\u015f zorluklar\u0131n\u0131 gidermekte de uzman\u0131z. Zor giri\u015fi olan adreslere bir\u00e7ok \u00e7\u00f6z\u00fcmle teslimat ve kurulum yapabilmekteyiz, \u00f6rne\u011fin ge\u00e7i\u015f kap\u0131lar\u0131n\u0131n kald\u0131rt\u0131lmas\u0131, geni\u015fletilmesi, vin\u00e7 ve forklift kullan\u0131lmas\u0131 gibi.[\/vc_column_text][\/vc_column][\/vc_row]<\/p>","protected":false},"excerpt":{"rendered":"<p>[vc_row][vc_column width=&#8221;1\/4&#8243; css=&#8221;.vc_custom_1458908786900{background-color: #e0e0e0 !important;}&#8221;][vc_column_text] SANAT NAKL\u0130YES\u0130 KARA YOLU HAVA YOLU DEN\u0130Z YOLU KURYE H\u0130ZMETLER\u0130 PAKETLEME VE SANDIK YAPIMI KURULUM G\u00dcMR\u00dcKLEME DEPOLAMA [\/vc_column_text][\/vc_column][vc_column width=&#8221;3\/4&#8243;][vc_separator][vc_column_text] YETENEKLi TEKNiSYENLERiMiZ, [&hellip;]<\/p>\n","protected":false},"author":1,"featured_media":0,"parent":99,"menu_order":0,"comment_status":"closed","ping_status":"closed","template":"","meta":{"footnotes":""},"class_list":["post-257","page","type-page","status-publish","hentry"],"_links":{"self":[{"href":"https:\/\/asyanakliyat.com\/tr\/wp-json\/wp\/v2\/pages\/257","targetHints":{"allow":["GET"]}}],"collection":[{"href":"https:\/\/asyanakliyat.com\/tr\/wp-json\/wp\/v2\/pages"}],"about":[{"href":"https:\/\/asyanakliyat.com\/tr\/wp-json\/wp\/v2\/types\/page"}],"author":[{"embeddable":true,"href":"https:\/\/asyanakliyat.com\/tr\/wp-json\/wp\/v2\/users\/1"}],"replies":[{"embeddable":true,"href":"https:\/\/asyanakliyat.com\/tr\/wp-json\/wp\/v2\/comments?post=257"}],"version-history":[{"count":9,"href":"https:\/\/asyanakliyat.com\/tr\/wp-json\/wp\/v2\/pages\/257\/revisions"}],"predecessor-version":[{"id":856,"href":"https:\/\/asyanakliyat.com\/tr\/wp-json\/wp\/v2\/pages\/257\/revisions\/856"}],"up":[{"embeddable":true,"href":"https:\/\/asyanakliyat.com\/tr\/wp-json\/wp\/v2\/pages\/99"}],"wp:attachment":[{"href":"https:\/\/asyanakliyat.com\/tr\/wp-json\/wp\/v2\/media?parent=257"}],"curies":[{"name":"wp","href":"https:\/\/api.w.org\/{rel}","templated":true}]}}