{"id":255,"date":"2016-03-23T23:20:22","date_gmt":"2016-03-23T23:20:22","guid":{"rendered":"http:\/\/www.atalaywebhosting.com\/demo\/asya\/?page_id=255"},"modified":"2016-04-28T08:43:29","modified_gmt":"2016-04-28T08:43:29","slug":"paketleme-ve-sandik-yapimi","status":"publish","type":"page","link":"https:\/\/asyanakliyat.com\/tr\/sanat\/paketleme-ve-sandik-yapimi\/","title":{"rendered":"PAKETLEME VE SANDIK YAPIMI"},"content":{"rendered":"<p>[vc_row][vc_column width=&#8221;1\/4&#8243; css=&#8221;.vc_custom_1458908786900{background-color: #e0e0e0 !important;}&#8221;][vc_column_text]<\/p>\n<h6><span style=\"color: #999999;\"><a style=\"color: #999999;\" href=\"https:\/\/www.asyanakliyat.com\/sanat\/\">SANAT NAKL\u0130YES\u0130<\/a><br \/>\n<\/span><br \/>\n<span style=\"color: #999999;\"> <a style=\"color: #999999;\" href=\"https:\/\/www.asyanakliyat.com\/kara-yolu\/\">KARA YOLU<\/a><br \/>\n<\/span><br \/>\n<span style=\"color: #999999;\"> <a style=\"color: #999999;\" href=\"https:\/\/www.asyanakliyat.com\/hava-yolu\/\">HAVA YOLU<\/a><br \/>\n<\/span><br \/>\n<span style=\"color: #999999;\"> <a style=\"color: #999999;\" href=\"https:\/\/www.asyanakliyat.com\/deniz-yolu-2\/\">DEN\u0130Z YOLU<\/a><br \/>\n<\/span><br \/>\n<span style=\"color: #999999;\"> <a style=\"color: #999999;\" href=\"https:\/\/www.asyanakliyat.com\/kurye-hizmetleri\/\">KURYE H\u0130ZMETLER\u0130<br \/>\n<\/a><\/span><br \/>\n<span style=\"color: #999999;\"><span style=\"color: #ff6600;\"> <a style=\"color: #ff6600;\" href=\"https:\/\/www.asyanakliyat.com\/paketleme-ve-sandik-yapimi\/\">PAKETLEME VE SANDIK YAPIMI<\/a><\/span><br \/>\n<\/span><br \/>\n<span style=\"color: #999999;\"> <a style=\"color: #999999;\" href=\"https:\/\/www.asyanakliyat.com\/kurulum\/\">KURULUM<\/a><br \/>\n<\/span><br \/>\n<span style=\"color: #999999;\"> <a style=\"color: #999999;\" href=\"https:\/\/www.asyanakliyat.com\/sanat-gumruk\/\">G\u00dcMR\u00dcKLEME<\/a><br \/>\n<\/span><br \/>\n<span style=\"color: #999999;\"> <a style=\"color: #999999;\" href=\"https:\/\/www.asyanakliyat.com\/english-storage\/\">DEPOLAMA<\/a><\/span><\/h6>\n<p>&nbsp;<\/p>\n<p>&nbsp;<\/p>\n<p>&nbsp;<\/p>\n<p>&nbsp;<\/p>\n<p>[\/vc_column_text][\/vc_column][vc_column width=&#8221;3\/4&#8243;][vc_separator][vc_column_text]<\/p>\n<h4 style=\"text-align: justify;\"><span style=\"color: #3b78ab;\">HER BiR SANAT ESERi KENDiNE \u00d6ZG\u00dc GEREKLiLiKLERE G\u00d6RE VE \u00dcST\u00dcN G\u00dcVENLiK SA\u011eLANARAK PAKETLENMEKTEDiR.\u00a0<\/span><\/h4>\n<p>Objeyi elle\u00e7lemeden, mekanik veya do\u011fal herhangi bir hasardan korumak i\u00e7in en uygun paketleme y\u00f6ntemi bulunmal\u0131 ve bu da ancak objenin durumu ve t\u00fcr\u00fc bilindi\u011fi taktirde m\u00fcmk\u00fcn olabilir.<\/p>\n<p>Tecr\u00fcbeli uzman ekibimiz her bir objenin \u00f6zelliklerini belirleyerek, nakliyenin sorunsuz olmas\u0131 ad\u0131na her birini detayl\u0131 olarak incelemekte ve ihtiyac\u0131 kar\u015f\u0131layacak bir ambalaj yapmaktad\u0131r.<\/p>\n<p>En iyi nakliye y\u00f6ntemi belirlenirken, ayni zamanda nakliyenin maddi a\u00e7\u0131dan da en uygunu olmas\u0131na dikkat etmekteyiz.<\/p>\n<p>Tahta ambalaj malzemesi hususundaki gerekliliklere harfiyen uyar\u0131z ve muhakkak \u0131s\u0131l i\u015flem g\u00f6rm\u00fc\u015f tahta sand\u0131klar kullan\u0131r\u0131z. Objenin g\u00fcvenli\u011fini \u00f6n planda tutarak en makul sand\u0131\u011f\u0131 imal etmekteyiz. B\u00f6ylelikle kimi zaman bir eser tek ba\u015f\u0131na nakliye edilirken kimi zaman bir\u00e7ok eser bir sand\u0131kta nakliye edilebilmektedir.<\/p>\n<p>Eserin ihtiyac\u0131na ba\u011fl\u0131 olarak, iklimlendirilmi\u015f ortam olana\u011f\u0131 sa\u011flayan -belirli bir sure isi ve nemi sabit tutabilen- sand\u0131klar imal etmekteyiz.[\/vc_column_text][\/vc_column][\/vc_row]<\/p>","protected":false},"excerpt":{"rendered":"<p>[vc_row][vc_column width=&#8221;1\/4&#8243; css=&#8221;.vc_custom_1458908786900{background-color: #e0e0e0 !important;}&#8221;][vc_column_text] SANAT NAKL\u0130YES\u0130 KARA YOLU HAVA YOLU DEN\u0130Z YOLU KURYE H\u0130ZMETLER\u0130 PAKETLEME VE SANDIK YAPIMI KURULUM G\u00dcMR\u00dcKLEME DEPOLAMA &nbsp; &nbsp; &nbsp; &nbsp; [&hellip;]<\/p>\n","protected":false},"author":1,"featured_media":0,"parent":99,"menu_order":0,"comment_status":"closed","ping_status":"closed","template":"","meta":{"footnotes":""},"class_list":["post-255","page","type-page","status-publish","hentry"],"_links":{"self":[{"href":"https:\/\/asyanakliyat.com\/tr\/wp-json\/wp\/v2\/pages\/255","targetHints":{"allow":["GET"]}}],"collection":[{"href":"https:\/\/asyanakliyat.com\/tr\/wp-json\/wp\/v2\/pages"}],"about":[{"href":"https:\/\/asyanakliyat.com\/tr\/wp-json\/wp\/v2\/types\/page"}],"author":[{"embeddable":true,"href":"https:\/\/asyanakliyat.com\/tr\/wp-json\/wp\/v2\/users\/1"}],"replies":[{"embeddable":true,"href":"https:\/\/asyanakliyat.com\/tr\/wp-json\/wp\/v2\/comments?post=255"}],"version-history":[{"count":15,"href":"https:\/\/asyanakliyat.com\/tr\/wp-json\/wp\/v2\/pages\/255\/revisions"}],"predecessor-version":[{"id":855,"href":"https:\/\/asyanakliyat.com\/tr\/wp-json\/wp\/v2\/pages\/255\/revisions\/855"}],"up":[{"embeddable":true,"href":"https:\/\/asyanakliyat.com\/tr\/wp-json\/wp\/v2\/pages\/99"}],"wp:attachment":[{"href":"https:\/\/asyanakliyat.com\/tr\/wp-json\/wp\/v2\/media?parent=255"}],"curies":[{"name":"wp","href":"https:\/\/api.w.org\/{rel}","templated":true}]}}