{"id":249,"date":"2016-03-23T23:15:40","date_gmt":"2016-03-23T23:15:40","guid":{"rendered":"http:\/\/www.atalaywebhosting.com\/demo\/asya\/?page_id=249"},"modified":"2016-04-28T08:40:52","modified_gmt":"2016-04-28T08:40:52","slug":"hava-yolu","status":"publish","type":"page","link":"https:\/\/asyanakliyat.com\/tr\/sanat\/hava-yolu\/","title":{"rendered":"HAVA YOLU"},"content":{"rendered":"<p>[vc_row][vc_column width=&#8221;1\/4&#8243; css=&#8221;.vc_custom_1458908739839{background-color: #e0e0e0 !important;}&#8221;][vc_column_text]<\/p>\n<h6><span style=\"color: #999999;\"><a style=\"color: #999999;\" href=\"https:\/\/www.asyanakliyat.com\/sanat\/\">SANAT NAKL\u0130YES\u0130<\/a><br \/>\n<\/span><br \/>\n<span style=\"color: #999999;\"> <a style=\"color: #999999;\" href=\"https:\/\/www.asyanakliyat.com\/kara-yolu\/\">KARA YOLU<\/a><br \/>\n<\/span><br \/>\n<span style=\"color: #999999;\"><span style=\"color: #ff6600;\"> <a style=\"color: #ff6600;\" href=\"https:\/\/www.asyanakliyat.com\/hava-yolu\/\">HAVA YOLU<\/a><\/span><br \/>\n<\/span><br \/>\n<span style=\"color: #999999;\"> <a style=\"color: #999999;\" href=\"https:\/\/www.asyanakliyat.com\/deniz-yolu-2\/\">DEN\u0130Z YOLU<\/a><br \/>\n<\/span><br \/>\n<span style=\"color: #999999;\"> <a style=\"color: #999999;\" href=\"https:\/\/www.asyanakliyat.com\/kurye-hizmetleri\/\">KURYE H\u0130ZMETLER\u0130<br \/>\n<\/a><\/span><br \/>\n<span style=\"color: #999999;\"> <a style=\"color: #999999;\" href=\"https:\/\/www.asyanakliyat.com\/paketleme-ve-sandik-yapimi\/\">PAKETLEME VE SANDIK YAPIMI<\/a><br \/>\n<\/span><br \/>\n<span style=\"color: #999999;\"> <a style=\"color: #999999;\" href=\"https:\/\/www.asyanakliyat.com\/kurulum\/\">KURULUM<\/a><br \/>\n<\/span><br \/>\n<span style=\"color: #999999;\"> <a style=\"color: #999999;\" href=\"https:\/\/www.asyanakliyat.com\/sanat-gumruk\/\">G\u00dcMR\u00dcKLEME<\/a><br \/>\n<\/span><br \/>\n<span style=\"color: #999999;\"> <a style=\"color: #999999;\" href=\"https:\/\/www.asyanakliyat.com\/english-storage\/\">DEPOLAMA<\/a><\/span><\/h6>\n<p>[\/vc_column_text][\/vc_column][vc_column width=&#8221;3\/4&#8243;][vc_separator][vc_column_text]<\/p>\n<h4 style=\"text-align: justify;\"><span style=\"color: #3b78ab;\">HAVAYOLU TA\u015eIMACILI\u011eI \u015eiRKETLERi VE HAVAALANI SAHA \u00c7ALI\u015eANLARI iLE OLAN iLETi\u015eiMiMiZ SAYESiNDE KARGO ALANLARINDA \u00c7OK DAHA HIZLI VE G\u00dcVENLi GE\u00c7i\u015e SA\u011eLAYABiLMEKTEYiZ.\u00a0<\/span><\/h4>\n<p>Biz IATA acentesi olarak arada ba\u015fka bir kurum olmadan t\u00fcm ana havayolu ta\u015f\u0131mac\u0131lar\u0131 ile ve m\u00fcmk\u00fcn olan en k\u0131sa transit s\u00fcrelerle direkt olarak u\u00e7u\u015f rezervasyonu yapmaktay\u0131z. B\u00f6ylelikle m\u00fc\u015fterilerimize zaman ve maddi a\u00e7\u0131dan ek bir tasarruf sa\u011flayabilmekteyiz.[\/vc_column_text][\/vc_column][\/vc_row]<\/p>","protected":false},"excerpt":{"rendered":"<p>[vc_row][vc_column width=&#8221;1\/4&#8243; css=&#8221;.vc_custom_1458908739839{background-color: #e0e0e0 !important;}&#8221;][vc_column_text] SANAT NAKL\u0130YES\u0130 KARA YOLU HAVA YOLU DEN\u0130Z YOLU KURYE H\u0130ZMETLER\u0130 PAKETLEME VE SANDIK YAPIMI KURULUM G\u00dcMR\u00dcKLEME DEPOLAMA [\/vc_column_text][\/vc_column][vc_column width=&#8221;3\/4&#8243;][vc_separator][vc_column_text] HAVAYOLU TA\u015eIMACILI\u011eI [&hellip;]<\/p>\n","protected":false},"author":1,"featured_media":0,"parent":99,"menu_order":0,"comment_status":"closed","ping_status":"closed","template":"","meta":{"footnotes":""},"class_list":["post-249","page","type-page","status-publish","hentry"],"_links":{"self":[{"href":"https:\/\/asyanakliyat.com\/tr\/wp-json\/wp\/v2\/pages\/249","targetHints":{"allow":["GET"]}}],"collection":[{"href":"https:\/\/asyanakliyat.com\/tr\/wp-json\/wp\/v2\/pages"}],"about":[{"href":"https:\/\/asyanakliyat.com\/tr\/wp-json\/wp\/v2\/types\/page"}],"author":[{"embeddable":true,"href":"https:\/\/asyanakliyat.com\/tr\/wp-json\/wp\/v2\/users\/1"}],"replies":[{"embeddable":true,"href":"https:\/\/asyanakliyat.com\/tr\/wp-json\/wp\/v2\/comments?post=249"}],"version-history":[{"count":8,"href":"https:\/\/asyanakliyat.com\/tr\/wp-json\/wp\/v2\/pages\/249\/revisions"}],"predecessor-version":[{"id":852,"href":"https:\/\/asyanakliyat.com\/tr\/wp-json\/wp\/v2\/pages\/249\/revisions\/852"}],"up":[{"embeddable":true,"href":"https:\/\/asyanakliyat.com\/tr\/wp-json\/wp\/v2\/pages\/99"}],"wp:attachment":[{"href":"https:\/\/asyanakliyat.com\/tr\/wp-json\/wp\/v2\/media?parent=249"}],"curies":[{"name":"wp","href":"https:\/\/api.w.org\/{rel}","templated":true}]}}