{"id":247,"date":"2016-03-23T23:13:54","date_gmt":"2016-03-23T23:13:54","guid":{"rendered":"http:\/\/www.atalaywebhosting.com\/demo\/asya\/?page_id=247"},"modified":"2016-04-28T08:39:15","modified_gmt":"2016-04-28T08:39:15","slug":"kara-yolu","status":"publish","type":"page","link":"https:\/\/asyanakliyat.com\/tr\/sanat\/kara-yolu\/","title":{"rendered":"KARA YOLU"},"content":{"rendered":"<p>[vc_row][vc_column width=&#8221;1\/4&#8243; css=&#8221;.vc_custom_1458908739839{background-color: #e0e0e0 !important;}&#8221;][vc_column_text]<\/p>\n<h6><span style=\"color: #ff6600;\"><span style=\"color: #999999;\"><a style=\"color: #999999;\" href=\"https:\/\/www.asyanakliyat.com\/sanat\/\">SANAT NAKL\u0130YES\u0130<\/a><\/span><br \/>\n<\/span><br \/>\n<span style=\"color: #ff6600;\"> <a style=\"color: #ff6600;\" href=\"https:\/\/www.asyanakliyat.com\/kara-yolu\/\">KARA YOLU<\/a><br \/>\n<\/span><br \/>\n<span style=\"color: #999999;\"><a style=\"color: #999999;\" href=\"https:\/\/www.asyanakliyat.com\/hava-yolu\/\">HAVA YOLU<\/a><br \/>\n<\/span><br \/>\n<span style=\"color: #999999;\"><a style=\"color: #999999;\" href=\"https:\/\/www.asyanakliyat.com\/deniz-yolu-2\/\">DEN\u0130Z YOLU<\/a><br \/>\n<\/span><br \/>\n<span style=\"color: #999999;\"><a style=\"color: #999999;\" href=\"https:\/\/www.asyanakliyat.com\/kurye-hizmetleri\/\">KURYE H\u0130ZMETLER\u0130<br \/>\n<\/a><\/span><br \/>\n<span style=\"color: #999999;\"><a style=\"color: #999999;\" href=\"https:\/\/www.asyanakliyat.com\/paketleme-ve-sandik-yapimi\/\">PAKETLEME VE SANDIK YAPIMI<\/a><br \/>\n<\/span><br \/>\n<span style=\"color: #999999;\"><a style=\"color: #999999;\" href=\"https:\/\/www.asyanakliyat.com\/kurulum\/\">KURULUM<\/a><br \/>\n<\/span><br \/>\n<span style=\"color: #999999;\"><a style=\"color: #999999;\" href=\"https:\/\/www.asyanakliyat.com\/sanat-gumruk\/\">G\u00dcMR\u00dcKLEME<\/a><br \/>\n<\/span><br \/>\n<a href=\"https:\/\/www.asyanakliyat.com\/english-storage\/\"><span style=\"color: #999999;\">DEPOLAMA<\/span><\/a><\/h6>\n<p>[\/vc_column_text][\/vc_column][vc_column width=&#8221;3\/4&#8243;][vc_separator][vc_column_text]<\/p>\n<h4 style=\"text-align: justify;\"><span style=\"color: #3b78ab;\">ULUSLARARASI NAKLiYE YAPABiLMEK i\u00c7iN GEREKEN T\u00dcM SERTiFIKALARA SAHiBiZ VE AVRUPA\u2019DA KENDi ARA\u00c7LARIMIZLA HiZMET VERMEKTEYiZ.\u00a0<\/span><\/h4>\n<p>Kendi ekibimizle kap\u0131dan kap\u0131ya uluslararas\u0131 nakliye hizmeti verebilmekteyiz ve bu sayede kendi ekibimizle hem \u00e7\u0131k\u0131\u015f \u00fclkesinde hem de var\u0131\u015f \u00fclkesinde ayni ekiple tam anlam\u0131yla p\u00fcr\u00fczs\u00fcz bir hizmet sa\u011flama olana\u011f\u0131na sahibiz. T\u00fcm ara\u00e7lar\u0131m\u0131z tamamen kilitlenebilir ve \u00e7elik kasad\u0131r. G\u00fcvenlik sebebiyle ara\u00e7lar\u0131n kasas\u0131nda pencere bulunmamaktad\u0131r ve s\u00fcr\u00fcc\u00fc kabininden ge\u00e7i\u015fi bulunmamaktad\u0131r. \u00d6zel sanat ara\u00e7lar\u0131m\u0131zda iklimlendirme ve \u00f6zel s\u00fcspansiyon bulunmaktad\u0131r ve ek g\u00fcvenlik \u00f6nlemi olarak yaz\u0131 bulunmamaktad\u0131r.[\/vc_column_text][\/vc_column][\/vc_row]<\/p>","protected":false},"excerpt":{"rendered":"<p>[vc_row][vc_column width=&#8221;1\/4&#8243; css=&#8221;.vc_custom_1458908739839{background-color: #e0e0e0 !important;}&#8221;][vc_column_text] SANAT NAKL\u0130YES\u0130 KARA YOLU HAVA YOLU DEN\u0130Z YOLU KURYE H\u0130ZMETLER\u0130 PAKETLEME VE SANDIK YAPIMI KURULUM G\u00dcMR\u00dcKLEME DEPOLAMA [\/vc_column_text][\/vc_column][vc_column width=&#8221;3\/4&#8243;][vc_separator][vc_column_text] ULUSLARARASI NAKLiYE [&hellip;]<\/p>\n","protected":false},"author":1,"featured_media":0,"parent":99,"menu_order":0,"comment_status":"closed","ping_status":"closed","template":"","meta":{"footnotes":""},"class_list":["post-247","page","type-page","status-publish","hentry"],"_links":{"self":[{"href":"https:\/\/asyanakliyat.com\/tr\/wp-json\/wp\/v2\/pages\/247","targetHints":{"allow":["GET"]}}],"collection":[{"href":"https:\/\/asyanakliyat.com\/tr\/wp-json\/wp\/v2\/pages"}],"about":[{"href":"https:\/\/asyanakliyat.com\/tr\/wp-json\/wp\/v2\/types\/page"}],"author":[{"embeddable":true,"href":"https:\/\/asyanakliyat.com\/tr\/wp-json\/wp\/v2\/users\/1"}],"replies":[{"embeddable":true,"href":"https:\/\/asyanakliyat.com\/tr\/wp-json\/wp\/v2\/comments?post=247"}],"version-history":[{"count":10,"href":"https:\/\/asyanakliyat.com\/tr\/wp-json\/wp\/v2\/pages\/247\/revisions"}],"predecessor-version":[{"id":851,"href":"https:\/\/asyanakliyat.com\/tr\/wp-json\/wp\/v2\/pages\/247\/revisions\/851"}],"up":[{"embeddable":true,"href":"https:\/\/asyanakliyat.com\/tr\/wp-json\/wp\/v2\/pages\/99"}],"wp:attachment":[{"href":"https:\/\/asyanakliyat.com\/tr\/wp-json\/wp\/v2\/media?parent=247"}],"curies":[{"name":"wp","href":"https:\/\/api.w.org\/{rel}","templated":true}]}}