{"id":233,"date":"2016-03-23T23:04:41","date_gmt":"2016-03-23T23:04:41","guid":{"rendered":"http:\/\/www.atalaywebhosting.com\/demo\/asya\/?page_id=233"},"modified":"2016-04-28T08:28:27","modified_gmt":"2016-04-28T08:28:27","slug":"hava-kara-ve-deniz","status":"publish","type":"page","link":"https:\/\/asyanakliyat.com\/tr\/english-worldwide\/hava-kara-ve-deniz\/","title":{"rendered":"HAVA, KARA VE DEN\u0130Z"},"content":{"rendered":"<p>[vc_row][vc_column width=&#8221;1\/4&#8243; css=&#8221;.vc_custom_1458832881148{background-color: #e0e0e0 !important;}&#8221;][vc_column_text]<\/p>\n<h6><span style=\"color: #999999;\"><a style=\"color: #999999;\" href=\"https:\/\/www.asyanakliyat.com\/english-worldwide\/\">ULUSLARARASI NAKL\u0130YE<br \/>\n<\/a><\/span><br \/>\n<span style=\"color: #999999;\"> <a style=\"color: #999999;\" href=\"https:\/\/www.asyanakliyat.com\/adan-zye-nakliye\/\">A`DAN Z`YE NAKL\u0130YE<\/a><br \/>\n<\/span><br \/>\n<span style=\"color: #999999;\"><span style=\"color: #ff6600;\"> <a style=\"color: #ff6600;\" href=\"https:\/\/www.asyanakliyat.com\/hava-kara-ve-deniz\/\">HAVA, KARA VE DEN\u0130Z<\/a><\/span><br \/>\n<\/span><br \/>\n<span style=\"color: #999999;\"> <a style=\"color: #999999;\" href=\"https:\/\/www.asyanakliyat.com\/asya\/gumrukleme-2\/\">G\u00dcMR\u00dcKLEME<\/a><br \/>\n<\/span><br \/>\n<span style=\"color: #999999;\"> <a style=\"color: #999999;\" href=\"https:\/\/www.asyanakliyat.com\/english-storage\/\">DEPOLAMA<\/a><\/span><\/h6>\n<p>&nbsp;<\/p>\n<p>&nbsp;<\/p>\n<p>&nbsp;<\/p>\n<p>&nbsp;<\/p>\n<p>&nbsp;<\/p>\n<p>&nbsp;<\/p>\n<p>&nbsp;<\/p>\n<p>&nbsp;<\/p>\n<p>&nbsp;<\/p>\n<p>&nbsp;<\/p>\n<p>&nbsp;<\/p>\n<p>&nbsp;<\/p>\n<p>&nbsp;<\/p>\n<p>[\/vc_column_text][\/vc_column][vc_column width=&#8221;3\/4&#8243;][vc_separator][vc_column_text]<\/p>\n<h4><span style=\"color: #ff6600;\">KARA YOLU<\/span><\/h4>\n<p>Uluslararas\u0131 nakliye yapabilmek i\u00e7in gereken t\u00fcm sertifikalara sahibiz ve Avrupa\u2019da kendi ara\u00e7lar\u0131m\u0131zla hizmet vermekteyiz.<\/p>\n<p>Kendi ekibimizle kap\u0131dan kap\u0131ya uluslararas\u0131 nakliye hizmeti verebilmekteyiz ve bu sayede hem \u00e7\u0131k\u0131\u015f \u00fclkesinde hem de varis \u00fclkesinde ayni ekiple tam anlam\u0131yla p\u00fcr\u00fczs\u00fcz bir hizmet sa\u011flama olana\u011f\u0131na sahibiz. T\u00fcm ara\u00e7lar\u0131m\u0131z tamamen kilitlenebilir ve \u00e7elik kasad\u0131r. G\u00fcvenlik sebebiyle ara\u00e7lar\u0131n kasas\u0131nda pencere bulunmamaktad\u0131r ve s\u00fcr\u00fcc\u00fc kabininden ge\u00e7i\u015fi bulunmamaktad\u0131r.<\/p>\n<h4><span style=\"color: #ff6600;\">DENiZ YOLU<\/span><\/h4>\n<p>E\u015fyan\u0131n hacmine ve varaca\u011f\u0131 \u00fclkeye ba\u011fl\u0131 olarak deniz yolu ile nakliye daha iyi bir se\u00e7enek olabilir. E\u015fyalar komple konteyner i\u00e7erisinde yahut daha azsa parsiyel olarak g\u00f6nderilebilir. Hem fiyat, hem zamanlama hem de g\u00fcvenlik a\u00e7\u0131s\u0131ndan en do\u011fru olan y\u00f6ntemi size sunmak g\u00f6revimizdir.<\/p>\n<h4><span style=\"color: #ff6600;\">HAVA YOLU<\/span><\/h4>\n<p>Havayolunu di\u011fer nakliyelerden ay\u0131ran \u00f6zellik, \u00e7ok k\u0131sa olan transit suresidir ancak di\u011ferlerine k\u0131yasla daha pahal\u0131 bir nakliye t\u00fcr\u00fcd\u00fcr. Bunun yans\u0131ra e\u011fer nakliye edilecek e\u015fyalar fazla de\u011filse, e\u015fyan\u0131n b\u00fcy\u00fckl\u00fc\u011f\u00fcne ba\u011fl\u0131 olarak daha uygun da olabilmektedir. Bu se\u00e7enek daha \u00e7ok \u201consuz yap\u0131lamayacak\u201d t\u00fcrde acil olan e\u015fyalar veya \u00e7ok ufak hacimli e\u015fyalar i\u00e7in se\u00e7ilmektedir.<\/p>\n<p>Biz IATA acentesi olarak, t\u00fcm ana havayolu ta\u015f\u0131mac\u0131lar\u0131 ile ve m\u00fcmk\u00fcn olan en k\u0131sa transit surelerle do\u011frudan u\u00e7u\u015f rezervasyonu yapmaktay\u0131z.[\/vc_column_text][\/vc_column][\/vc_row]<\/p>","protected":false},"excerpt":{"rendered":"<p>[vc_row][vc_column width=&#8221;1\/4&#8243; css=&#8221;.vc_custom_1458832881148{background-color: #e0e0e0 !important;}&#8221;][vc_column_text] ULUSLARARASI NAKL\u0130YE A`DAN Z`YE NAKL\u0130YE HAVA, KARA VE DEN\u0130Z G\u00dcMR\u00dcKLEME DEPOLAMA &nbsp; &nbsp; &nbsp; &nbsp; &nbsp; &nbsp; &nbsp; &nbsp; &nbsp; &nbsp; [&hellip;]<\/p>\n","protected":false},"author":1,"featured_media":0,"parent":94,"menu_order":0,"comment_status":"closed","ping_status":"closed","template":"","meta":{"footnotes":""},"class_list":["post-233","page","type-page","status-publish","hentry"],"_links":{"self":[{"href":"https:\/\/asyanakliyat.com\/tr\/wp-json\/wp\/v2\/pages\/233","targetHints":{"allow":["GET"]}}],"collection":[{"href":"https:\/\/asyanakliyat.com\/tr\/wp-json\/wp\/v2\/pages"}],"about":[{"href":"https:\/\/asyanakliyat.com\/tr\/wp-json\/wp\/v2\/types\/page"}],"author":[{"embeddable":true,"href":"https:\/\/asyanakliyat.com\/tr\/wp-json\/wp\/v2\/users\/1"}],"replies":[{"embeddable":true,"href":"https:\/\/asyanakliyat.com\/tr\/wp-json\/wp\/v2\/comments?post=233"}],"version-history":[{"count":16,"href":"https:\/\/asyanakliyat.com\/tr\/wp-json\/wp\/v2\/pages\/233\/revisions"}],"predecessor-version":[{"id":846,"href":"https:\/\/asyanakliyat.com\/tr\/wp-json\/wp\/v2\/pages\/233\/revisions\/846"}],"up":[{"embeddable":true,"href":"https:\/\/asyanakliyat.com\/tr\/wp-json\/wp\/v2\/pages\/94"}],"wp:attachment":[{"href":"https:\/\/asyanakliyat.com\/tr\/wp-json\/wp\/v2\/media?parent=233"}],"curies":[{"name":"wp","href":"https:\/\/api.w.org\/{rel}","templated":true}]}}