{"id":230,"date":"2016-03-23T23:02:27","date_gmt":"2016-03-23T23:02:27","guid":{"rendered":"http:\/\/www.atalaywebhosting.com\/demo\/asya\/?page_id=230"},"modified":"2016-05-06T09:36:26","modified_gmt":"2016-05-06T09:36:26","slug":"adan-zye-nakliye","status":"publish","type":"page","link":"https:\/\/asyanakliyat.com\/tr\/english-worldwide\/adan-zye-nakliye\/","title":{"rendered":"A`DAN Z`YE NAKL\u0130YE"},"content":{"rendered":"<p>[vc_row][vc_column width=&#8221;1\/4&#8243; css=&#8221;.vc_custom_1458832881148{background-color: #e0e0e0 !important;}&#8221;][vc_column_text]<\/p>\n<h6><span style=\"color: #999999;\"><a style=\"color: #999999;\" href=\"https:\/\/www.asyanakliyat.com\/english-worldwide\/\">ULUSLARARASI NAKL\u0130YE<br \/>\n<\/a><\/span><br \/>\n<span style=\"color: #999999;\"><span style=\"color: #ff6600;\"><a style=\"color: #ff6600;\" href=\"https:\/\/www.asyanakliyat.com\/adan-zye-nakliye\/\">A`DAN Z`YE NAKL\u0130YE<\/a><\/span><br \/>\n<\/span><br \/>\n<span style=\"color: #999999;\"><a style=\"color: #999999;\" href=\"https:\/\/www.asyanakliyat.com\/hava-kara-ve-deniz\/\">HAVA, KARA VE DEN\u0130Z<\/a><br \/>\n<\/span><br \/>\n<span style=\"color: #999999;\"><a style=\"color: #999999;\" href=\"https:\/\/www.asyanakliyat.com\/gumrukleme-2\/\">G\u00dcMR\u00dcKLEME<\/a><br \/>\n<\/span><br \/>\n<span style=\"color: #999999;\"><a style=\"color: #999999;\" href=\"https:\/\/www.asyanakliyat.com\/english-storage\/\">DEPOLAMA<\/a><\/span><\/h6>\n<p>&nbsp;<\/p>\n<p>&nbsp;<\/p>\n<p>&nbsp;<\/p>\n<p>&nbsp;<\/p>\n<p>&nbsp;<\/p>\n<p>&nbsp;<\/p>\n<p>&nbsp;<\/p>\n<p>&nbsp;<\/p>\n<p>[\/vc_column_text][\/vc_column][vc_column width=&#8221;1\/2&#8243;][vc_separator][vc_column_text]\u2022 E\u015fyan\u0131n hacmini hesaplayabilmek i\u00e7in evde bir ke\u015fif yap\u0131lmas\u0131<br \/>\n\u2022 Herbir nakliye i\u00e7in \u00f6zel tasarlanm\u0131\u015f ta\u015f\u0131nma stratejisi,<br \/>\n\u2022 Paketleme g\u00fcn\u00fcn belirlenmesi<br \/>\n\u2022 G\u00fcmr\u00fck evraklar\u0131n\u0131n haz\u0131rlanmas\u0131<br \/>\n\u2022 Sigorta<br \/>\n\u2022 Paketleme g\u00fcn\u00fcnde yerlerin kaplanarak evin korumaya al\u0131nmas\u0131<br \/>\n\u2022 Paketleme ve sand\u0131k imalat\u0131<br \/>\n\u2022 \u00c7\u0131k\u0131\u015f \u00fclkesinde g\u00fcmr\u00fck ihracat i\u015flemleri<br \/>\n\u2022 Hava, deniz veya kara nakliyesi<br \/>\n\u2022 Var\u0131\u015f \u00fclkesinde g\u00fcmr\u00fck ithalat i\u015flemleri<br \/>\n\u2022 Teslimat hizmetleri<br \/>\n\u2022 Teslimat g\u00fcn\u00fcnde bo\u015f ambalaj malzemelerinin al\u0131nmas\u0131<br \/>\n\u2022 Gerekmesi halinde sigorta i\u015flemlerinde destek olunmas\u0131<br \/>\n\u2022 K\u0131sa ve uzun s\u00fcreli depolama[\/vc_column_text][\/vc_column][vc_column width=&#8221;1\/4&#8243;][vc_column_text]<\/p>\n\n\t\t\t<style type='text\/css'>\n\t\t\t\t#gallery-1 {\n\t\t\t\t\tmargin: auto;\n\t\t\t\t}\n\t\t\t\t#gallery-1 .gallery-item {\n\t\t\t\t\tfloat: left;\n\t\t\t\t\tmargin-top: 10px;\n\t\t\t\t\ttext-align: center;\n\t\t\t\t\twidth: 49.99%;\n\t\t\t\t}\n\t\t\t\t#gallery-1 img {\n\t\t\t\t\tborder: 2px solid #cfcfcf;\n\t\t\t\t}\n\t\t\t\t#gallery-1 .gallery-caption {\n\t\t\t\t\tmargin-left: 0;\n\t\t\t\t}\n\t\t\t\t\/* see gallery_shortcode() in wp-includes\/media.php *\/\n\t\t\t<\/style>\n\t\t<div id='gallery-1' class='gallery galleryid-230 gallery-columns-2 gallery-size-large file'><dl class='gallery-item'>\n\t\t\t\t<dt class='gallery-icon landscape'>\n\t\t\t\t\t<a href='https:\/\/asyanakliyat.com\/wp-content\/uploads\/2016\/03\/AdanZye-04.jpg'><img loading=\"lazy\" decoding=\"async\" width=\"1000\" height=\"810\" src=\"https:\/\/asyanakliyat.com\/wp-content\/uploads\/2016\/03\/AdanZye-04.jpg\" class=\"attachment-large size-large\" alt=\"\" srcset=\"https:\/\/asyanakliyat.com\/wp-content\/uploads\/2016\/03\/AdanZye-04.jpg 1000w, https:\/\/asyanakliyat.com\/wp-content\/uploads\/2016\/03\/AdanZye-04-300x243.jpg 300w, https:\/\/asyanakliyat.com\/wp-content\/uploads\/2016\/03\/AdanZye-04-768x622.jpg 768w, https:\/\/asyanakliyat.com\/wp-content\/uploads\/2016\/03\/AdanZye-04-180x146.jpg 180w, https:\/\/asyanakliyat.com\/wp-content\/uploads\/2016\/03\/AdanZye-04-50x41.jpg 50w, https:\/\/asyanakliyat.com\/wp-content\/uploads\/2016\/03\/AdanZye-04-93x75.jpg 93w\" sizes=\"auto, (max-width: 1000px) 100vw, 1000px\" \/><\/a>\n\t\t\t\t<\/dt><\/dl><dl class='gallery-item'>\n\t\t\t\t<dt class='gallery-icon landscape'>\n\t\t\t\t\t<a href='https:\/\/asyanakliyat.com\/wp-content\/uploads\/2016\/03\/AdanZye-03.jpg'><img loading=\"lazy\" decoding=\"async\" width=\"1000\" height=\"810\" src=\"https:\/\/asyanakliyat.com\/wp-content\/uploads\/2016\/03\/AdanZye-03.jpg\" class=\"attachment-large size-large\" alt=\"\" srcset=\"https:\/\/asyanakliyat.com\/wp-content\/uploads\/2016\/03\/AdanZye-03.jpg 1000w, https:\/\/asyanakliyat.com\/wp-content\/uploads\/2016\/03\/AdanZye-03-300x243.jpg 300w, https:\/\/asyanakliyat.com\/wp-content\/uploads\/2016\/03\/AdanZye-03-768x622.jpg 768w, https:\/\/asyanakliyat.com\/wp-content\/uploads\/2016\/03\/AdanZye-03-180x146.jpg 180w, https:\/\/asyanakliyat.com\/wp-content\/uploads\/2016\/03\/AdanZye-03-50x41.jpg 50w, https:\/\/asyanakliyat.com\/wp-content\/uploads\/2016\/03\/AdanZye-03-93x75.jpg 93w\" sizes=\"auto, (max-width: 1000px) 100vw, 1000px\" \/><\/a>\n\t\t\t\t<\/dt><\/dl><br style=\"clear: both\" \/><dl class='gallery-item'>\n\t\t\t\t<dt class='gallery-icon landscape'>\n\t\t\t\t\t<a href='https:\/\/asyanakliyat.com\/wp-content\/uploads\/2016\/03\/AdanZye-02.jpg'><img loading=\"lazy\" decoding=\"async\" width=\"1000\" height=\"810\" src=\"https:\/\/asyanakliyat.com\/wp-content\/uploads\/2016\/03\/AdanZye-02.jpg\" class=\"attachment-large size-large\" alt=\"\" srcset=\"https:\/\/asyanakliyat.com\/wp-content\/uploads\/2016\/03\/AdanZye-02.jpg 1000w, https:\/\/asyanakliyat.com\/wp-content\/uploads\/2016\/03\/AdanZye-02-300x243.jpg 300w, https:\/\/asyanakliyat.com\/wp-content\/uploads\/2016\/03\/AdanZye-02-768x622.jpg 768w, https:\/\/asyanakliyat.com\/wp-content\/uploads\/2016\/03\/AdanZye-02-180x146.jpg 180w, https:\/\/asyanakliyat.com\/wp-content\/uploads\/2016\/03\/AdanZye-02-50x41.jpg 50w, https:\/\/asyanakliyat.com\/wp-content\/uploads\/2016\/03\/AdanZye-02-93x75.jpg 93w\" sizes=\"auto, (max-width: 1000px) 100vw, 1000px\" \/><\/a>\n\t\t\t\t<\/dt><\/dl><dl class='gallery-item'>\n\t\t\t\t<dt class='gallery-icon landscape'>\n\t\t\t\t\t<a href='https:\/\/asyanakliyat.com\/wp-content\/uploads\/2016\/03\/AdanZye-01.jpg'><img loading=\"lazy\" decoding=\"async\" width=\"1000\" height=\"810\" src=\"https:\/\/asyanakliyat.com\/wp-content\/uploads\/2016\/03\/AdanZye-01.jpg\" class=\"attachment-large size-large\" alt=\"\" srcset=\"https:\/\/asyanakliyat.com\/wp-content\/uploads\/2016\/03\/AdanZye-01.jpg 1000w, https:\/\/asyanakliyat.com\/wp-content\/uploads\/2016\/03\/AdanZye-01-300x243.jpg 300w, https:\/\/asyanakliyat.com\/wp-content\/uploads\/2016\/03\/AdanZye-01-768x622.jpg 768w, https:\/\/asyanakliyat.com\/wp-content\/uploads\/2016\/03\/AdanZye-01-180x146.jpg 180w, https:\/\/asyanakliyat.com\/wp-content\/uploads\/2016\/03\/AdanZye-01-50x41.jpg 50w, https:\/\/asyanakliyat.com\/wp-content\/uploads\/2016\/03\/AdanZye-01-93x75.jpg 93w\" sizes=\"auto, (max-width: 1000px) 100vw, 1000px\" \/><\/a>\n\t\t\t\t<\/dt><\/dl><br style=\"clear: both\" \/>\n\t\t\t<\/div>\n\n<p>[\/vc_column_text][\/vc_column][\/vc_row]<\/p>","protected":false},"excerpt":{"rendered":"<p>[vc_row][vc_column width=&#8221;1\/4&#8243; css=&#8221;.vc_custom_1458832881148{background-color: #e0e0e0 !important;}&#8221;][vc_column_text] ULUSLARARASI NAKL\u0130YE A`DAN Z`YE NAKL\u0130YE HAVA, KARA VE DEN\u0130Z G\u00dcMR\u00dcKLEME DEPOLAMA &nbsp; &nbsp; &nbsp; &nbsp; &nbsp; &nbsp; &nbsp; &nbsp; [\/vc_column_text][\/vc_column][vc_column width=&#8221;1\/2&#8243;][vc_separator][vc_column_text]\u2022 [&hellip;]<\/p>\n","protected":false},"author":1,"featured_media":0,"parent":94,"menu_order":0,"comment_status":"closed","ping_status":"closed","template":"","meta":{"footnotes":""},"class_list":["post-230","page","type-page","status-publish","hentry"],"_links":{"self":[{"href":"https:\/\/asyanakliyat.com\/tr\/wp-json\/wp\/v2\/pages\/230","targetHints":{"allow":["GET"]}}],"collection":[{"href":"https:\/\/asyanakliyat.com\/tr\/wp-json\/wp\/v2\/pages"}],"about":[{"href":"https:\/\/asyanakliyat.com\/tr\/wp-json\/wp\/v2\/types\/page"}],"author":[{"embeddable":true,"href":"https:\/\/asyanakliyat.com\/tr\/wp-json\/wp\/v2\/users\/1"}],"replies":[{"embeddable":true,"href":"https:\/\/asyanakliyat.com\/tr\/wp-json\/wp\/v2\/comments?post=230"}],"version-history":[{"count":22,"href":"https:\/\/asyanakliyat.com\/tr\/wp-json\/wp\/v2\/pages\/230\/revisions"}],"predecessor-version":[{"id":1132,"href":"https:\/\/asyanakliyat.com\/tr\/wp-json\/wp\/v2\/pages\/230\/revisions\/1132"}],"up":[{"embeddable":true,"href":"https:\/\/asyanakliyat.com\/tr\/wp-json\/wp\/v2\/pages\/94"}],"wp:attachment":[{"href":"https:\/\/asyanakliyat.com\/tr\/wp-json\/wp\/v2\/media?parent=230"}],"curies":[{"name":"wp","href":"https:\/\/api.w.org\/{rel}","templated":true}]}}