{"id":229,"date":"2016-03-23T22:59:23","date_gmt":"2016-03-23T22:59:23","guid":{"rendered":"http:\/\/www.atalaywebhosting.com\/demo\/asya\/?page_id=229"},"modified":"2025-09-10T08:18:15","modified_gmt":"2025-09-10T08:18:15","slug":"haberler","status":"publish","type":"page","link":"https:\/\/asyanakliyat.com\/tr\/hakkim-2\/haberler\/","title":{"rendered":"HABERLER"},"content":{"rendered":"<p>[vc_row][vc_column width=&#8221;1\/4&#8243; css=&#8221;.vc_custom_1458899100739{background-color: #dddddd !important;}&#8221;][vc_column_text]<\/p>\n<h6><span style=\"color: #999999;\"><a style=\"color: #999999;\" href=\"https:\/\/www.asyanakliyat.com\/hakkim\/\">HAKKIMIZDA<\/a><\/span><\/h6>\n<p><span style=\"color: #999999;\"><a style=\"color: #999999;\" href=\"https:\/\/www.asyanakliyat.com\/ekip\/\">EKiP<\/a><\/span><\/p>\n<p><span style=\"color: #999999;\"><a style=\"color: #999999;\" href=\"https:\/\/www.asyanakliyat.com\/memberships\/\">\u00dcYELiKLER<\/a><\/span><\/p>\n<p><span style=\"color: #999999;\"><a style=\"color: #999999;\" href=\"https:\/\/www.asyanakliyat.com\/hakkim\/kalite-yonetimi\/kisisel-verilerin-korunmasi-ve-islenmesi-politikasi\/\">KAL\u0130TE Y\u00d6NET\u0130M\u0130<\/a><\/span><\/p>\n<p><span style=\"color: #999999;\"><a style=\"color: #999999;\" href=\"https:\/\/www.asyanakliyat.com\/hakkim\/kalite-yonetimi\/kisisel-verilerin-korunmasi-ve-islenmesi-politikasi\/\">&#8211; Ki\u015fisel Verilerin Korunmas\u0131 ve \u0130\u015flenmesi Politikas\u0131<\/a><\/span><\/p>\n<p><span style=\"color: #999999;\"><a style=\"color: #999999;\" href=\"https:\/\/www.asyanakliyat.com\/hakkim\/kalite-yonetimi\/kisisel-veri-saklama-ve-imha-politikasi\/\">&#8211; Ki\u015fisel Veri Saklama ve \u0130mha Politikas\u0131<\/a><\/span><\/p>\n<p><span style=\"color: #999999;\"><a style=\"color: #999999;\" href=\"https:\/\/www.asyanakliyat.com\/hakkim\/kalite-yonetimi\/cerez-politikalari\/\">&#8211; \u00c7erez Politikalar\u0131<\/a><\/span><\/p>\n<p><span style=\"color: #999999;\"><a style=\"color: #999999;\" href=\"https:\/\/www.asyanakliyat.com\/hakkim\/kalite-yonetimi\/veri-sahibinin-acik-riza-beyan-formu\/\">&#8211; Veri Sahibinin A\u00e7\u0131k R\u0131za Beyan Formu<\/a><\/span><\/p>\n<p><span style=\"color: #999999;\"><a style=\"color: #999999;\" href=\"https:\/\/www.asyanakliyat.com\/hakkim\/kalite-yonetimi\/veri-sahibi-basvuru-formu\/\">&#8211; Veri Sahibi Ba\u015fvuru Formu<\/a><\/span><\/p>\n<p><span style=\"color: #999999;\"><a style=\"color: #999999;\" href=\"https:\/\/www.asyanakliyat.com\/hakkim\/kalite-yonetimi\/kisisel-verilerin-islenmesi-ve-aktarimina-iliskin-bilgilendirme-formu\/\">&#8211; Ki\u015fisel Verilerin \u0130\u015flenmesi ve Aktar\u0131m\u0131na \u0130li\u015fkin Bilgilendirme (Ayd\u0131nlatma) Formu<\/a><\/span><\/p>\n<p><span style=\"color: #999999;\"><a style=\"color: #999999;\" href=\"https:\/\/www.asyanakliyat.com\/wp-content\/uploads\/2016\/03\/corporate-sustainability-program.pdf\" target=\"_blank\" rel=\"noopener\">&#8211; Kurumsal S\u00fcrd\u00fcr\u00fclebilirlik Program\u0131<\/a><\/span><\/p>\n<p><a href=\"https:\/\/www.asyanakliyat.com\/policies\/\"><span style=\"color: #999999;\">POLiTiKALARIMIZ<\/span><\/a><\/p>\n<p><a href=\"https:\/\/www.asyanakliyat.com\/wp-content\/uploads\/2016\/03\/bilgi-guvenligi-politikasi.pdf\" target=\"_blank\" rel=\"noopener\"><span style=\"color: #999999;\">Bilgi G\u00fcvenli\u011fi Politikas\u0131<\/span><\/a><\/p>\n<p><a href=\"https:\/\/www.asyanakliyat.com\/wp-content\/uploads\/2016\/03\/BRANCH-RESPONSIBILITY-STATEMENT.pdf\" target=\"_blank\" rel=\"noopener\"><span style=\"color: #999999;\">\u015eube Sorumluluk Beyan\u0131<\/span><\/a><\/p>\n<p><a href=\"https:\/\/www.asyanakliyat.com\/wp-content\/uploads\/2016\/03\/ATC-Charter.pdf\" target=\"_blank\" rel=\"noopener\"><span style=\"color: #999999;\">Anti-Tr\u00f6st Beyannamesi<\/span><\/a><\/p>\n<p><a href=\"https:\/\/www.asyanakliyat.com\/wp-content\/uploads\/2016\/03\/ABC-Charter.pdf\" target=\"_blank\" rel=\"noopener\"><span style=\"color: #999999;\">R\u00fc\u015fvet ve Yolsuzlukla M\u00fccadele Beyannamesi<\/span><\/a><\/p>\n<p><span style=\"color: #999999;\"><a style=\"color: #999999;\" href=\"https:\/\/www.asyanakliyat.com\/hakkim\/haberler\/\"><span style=\"color: #ff6600;\">HABERLER<\/span><\/a><\/span><\/p>\n<h6><\/h6>\n<p>[\/vc_column_text][\/vc_column][vc_column width=&#8221;1\/2&#8243;][vc_separator][vc_column_text]<\/p>\n<h4><a href=\"https:\/\/www.nakliyefiyati.com\/\" target=\"_blank\" rel=\"noopener\"><img loading=\"lazy\" decoding=\"async\" class=\"wp-image-1478 size-full alignleft\" src=\"https:\/\/www.asyanakliyat.com\/wp-content\/uploads\/2020\/08\/Nakliyefiyatial-post.jpg\" alt=\"\" width=\"700\" height=\"700\" \/><\/a><\/h4>\n<p>&nbsp;<\/p>\n<p>Evden eve nakliyeniz i\u00e7in g\u00fcvenilir teklif almak hi\u00e7 bu kadar kolay olmam\u0131\u015ft\u0131! \u0130ster cep telefonunuzdan, ister tabletinizden, ister masa\u00fcst\u00fc bilgisayar\u0131n\u0131zdan; Asya Nakliyat&#8217;\u0131n kaliteli ta\u015f\u0131ma hizmetine ula\u015fmak art\u0131k sadece birka\u00e7 t\u0131k mesafede.<\/p>\n<h4><\/h4>\n<h4><span style=\"color: #3b78ab;\">UNPLUGGED WITH PEGGY SMITH &amp; EBRU DEM\u0130REL<\/span><\/h4>\n<p><iframe loading=\"lazy\" src=\"https:\/\/www.youtube.com\/embed\/Z_uLpYA8Q_Y\" width=\"560\" height=\"315\" frameborder=\"0\" allowfullscreen=\"allowfullscreen\"><\/iframe><\/p>\n<h4><span style=\"color: #3b78ab;\">2016 EUROPALIA FEST\u0130VAL\u0130 KAPSAMINDAK\u0130 SERG\u0130YE G\u0130DEN SANAT ESERLER\u0130N\u0130N NAKL\u0130YES\u0130 ASYA NAKL\u0130YAT TARAFINDAN GER\u00c7EKLE\u015eT\u0130R\u0130LD\u0130<\/span><\/h4>\n<p>Avrupa\u2019n\u0131n en prestijli k\u00fclt\u00fcr ve sanat festivallerinden biri olan, Avrupa\u2019n\u0131n \u00e7e\u015fitli kentlerinde her iki y\u0131lda bir ger\u00e7ekle\u015ftirilen ve bu y\u0131l \u00fclkemizin konuk \u00fclke olarak davet edildi\u011fi Europalia K\u00fclt\u00fcr Sanat Festivali kapsam\u0131nda, T\u00fcrkiye\u2019den 29 m\u00fczeden getirilmi\u015f ve baz\u0131lar\u0131 \u015fimdiye kadar hi\u00e7 sergilenmemi\u015f 255 sanat eserinin sergilendi\u011fi \u201cAnadolu: Sonsuzlu\u011fun Evi\u201d isimli sergiyi Asya Nakliyat gururla gerceklestirmistir.<\/p>\n<p>Video of the exhibition can be seen from;<br \/>\n<iframe loading=\"lazy\" style=\"border: none; overflow: hidden;\" src=\"https:\/\/www.facebook.com\/plugins\/video.php?href=https%3A%2F%2Fwww.facebook.com%2FEuropalia%2Fvideos%2Fvb.247416715401%2F10156426043655402%2F%3Ftype%3D3&amp;show_text=0&amp;width=560\" width=\"560\" height=\"315\" frameborder=\"0\" scrolling=\"no\" allowfullscreen=\"allowfullscreen\"><\/iframe><br \/>\n<a href=\"http:\/\/europalia.eu\/\">http:\/\/europalia.eu\/<\/a>[\/vc_column_text][vc_separator][vc_column_text]<\/p>\n<h4><span style=\"color: #3b78ab;\">A STORY OF AN ELEPHANT<\/span><\/h4>\n<p>We are committed to adopt the rules of these associations in order to make sure our clients experience the highest industry standards through us.<\/p>\n<p>By virtue of these associations, we have access to an exclusive network of more than 500 movers worldwide, which helps us provide our clients an outstanding and seamless service from end to end. Our clients can feel the confidence of entrusting their precious items to a leading global provider affiliated with certified partners within the industry committed to ensuring the same level of quality.[\/vc_column_text][vc_separator][\/vc_column][vc_column width=&#8221;1\/4&#8243;][vc_wp_text]<\/p>\n\n\t\t\t<style type='text\/css'>\n\t\t\t\t#gallery-1 {\n\t\t\t\t\tmargin: auto;\n\t\t\t\t}\n\t\t\t\t#gallery-1 .gallery-item {\n\t\t\t\t\tfloat: left;\n\t\t\t\t\tmargin-top: 10px;\n\t\t\t\t\ttext-align: center;\n\t\t\t\t\twidth: 49.99%;\n\t\t\t\t}\n\t\t\t\t#gallery-1 img {\n\t\t\t\t\tborder: 2px solid #cfcfcf;\n\t\t\t\t}\n\t\t\t\t#gallery-1 .gallery-caption {\n\t\t\t\t\tmargin-left: 0;\n\t\t\t\t}\n\t\t\t\t\/* see gallery_shortcode() in wp-includes\/media.php *\/\n\t\t\t<\/style>\n\t\t<div id='gallery-1' class='gallery galleryid-229 gallery-columns-2 gallery-size-large file'><dl class='gallery-item'>\n\t\t\t\t<dt class='gallery-icon portrait'>\n\t\t\t\t\t<a href='https:\/\/asyanakliyat.com\/wp-content\/uploads\/2016\/03\/04.jpg'><img loading=\"lazy\" decoding=\"async\" width=\"812\" height=\"1024\" src=\"https:\/\/asyanakliyat.com\/wp-content\/uploads\/2016\/03\/04-812x1024.jpg\" class=\"attachment-large size-large\" alt=\"\" srcset=\"https:\/\/asyanakliyat.com\/wp-content\/uploads\/2016\/03\/04-812x1024.jpg 812w, https:\/\/asyanakliyat.com\/wp-content\/uploads\/2016\/03\/04-238x300.jpg 238w, https:\/\/asyanakliyat.com\/wp-content\/uploads\/2016\/03\/04-768x969.jpg 768w, https:\/\/asyanakliyat.com\/wp-content\/uploads\/2016\/03\/04-116x146.jpg 116w, https:\/\/asyanakliyat.com\/wp-content\/uploads\/2016\/03\/04-40x50.jpg 40w, https:\/\/asyanakliyat.com\/wp-content\/uploads\/2016\/03\/04-59x75.jpg 59w, https:\/\/asyanakliyat.com\/wp-content\/uploads\/2016\/03\/04.jpg 1375w\" sizes=\"auto, (max-width: 812px) 100vw, 812px\" \/><\/a>\n\t\t\t\t<\/dt><\/dl><dl class='gallery-item'>\n\t\t\t\t<dt class='gallery-icon portrait'>\n\t\t\t\t\t<a href='https:\/\/asyanakliyat.com\/wp-content\/uploads\/2016\/03\/05.jpg'><img loading=\"lazy\" decoding=\"async\" width=\"819\" height=\"1024\" src=\"https:\/\/asyanakliyat.com\/wp-content\/uploads\/2016\/03\/05-819x1024.jpg\" class=\"attachment-large size-large\" alt=\"\" srcset=\"https:\/\/asyanakliyat.com\/wp-content\/uploads\/2016\/03\/05-819x1024.jpg 819w, https:\/\/asyanakliyat.com\/wp-content\/uploads\/2016\/03\/05-240x300.jpg 240w, https:\/\/asyanakliyat.com\/wp-content\/uploads\/2016\/03\/05-768x960.jpg 768w, https:\/\/asyanakliyat.com\/wp-content\/uploads\/2016\/03\/05-117x146.jpg 117w, https:\/\/asyanakliyat.com\/wp-content\/uploads\/2016\/03\/05-40x50.jpg 40w, https:\/\/asyanakliyat.com\/wp-content\/uploads\/2016\/03\/05-60x75.jpg 60w, https:\/\/asyanakliyat.com\/wp-content\/uploads\/2016\/03\/05.jpg 1375w\" sizes=\"auto, (max-width: 819px) 100vw, 819px\" \/><\/a>\n\t\t\t\t<\/dt><\/dl><br style=\"clear: both\" \/><dl class='gallery-item'>\n\t\t\t\t<dt class='gallery-icon landscape'>\n\t\t\t\t\t<a href='https:\/\/asyanakliyat.com\/wp-content\/uploads\/2016\/03\/03-1.jpg'><img loading=\"lazy\" decoding=\"async\" width=\"1024\" height=\"768\" src=\"https:\/\/asyanakliyat.com\/wp-content\/uploads\/2016\/03\/03-1-1024x768.jpg\" class=\"attachment-large size-large\" alt=\"\" srcset=\"https:\/\/asyanakliyat.com\/wp-content\/uploads\/2016\/03\/03-1-1024x768.jpg 1024w, https:\/\/asyanakliyat.com\/wp-content\/uploads\/2016\/03\/03-1-300x225.jpg 300w, https:\/\/asyanakliyat.com\/wp-content\/uploads\/2016\/03\/03-1-768x576.jpg 768w, https:\/\/asyanakliyat.com\/wp-content\/uploads\/2016\/03\/03-1-195x146.jpg 195w, https:\/\/asyanakliyat.com\/wp-content\/uploads\/2016\/03\/03-1-50x38.jpg 50w, https:\/\/asyanakliyat.com\/wp-content\/uploads\/2016\/03\/03-1-100x75.jpg 100w, https:\/\/asyanakliyat.com\/wp-content\/uploads\/2016\/03\/03-1.jpg 1625w\" sizes=\"auto, (max-width: 1024px) 100vw, 1024px\" \/><\/a>\n\t\t\t\t<\/dt><\/dl><dl class='gallery-item'>\n\t\t\t\t<dt class='gallery-icon portrait'>\n\t\t\t\t\t<a href='https:\/\/asyanakliyat.com\/wp-content\/uploads\/2016\/03\/01.jpg'><img loading=\"lazy\" decoding=\"async\" width=\"576\" height=\"1024\" src=\"https:\/\/asyanakliyat.com\/wp-content\/uploads\/2016\/03\/01-576x1024.jpg\" class=\"attachment-large size-large\" alt=\"\" srcset=\"https:\/\/asyanakliyat.com\/wp-content\/uploads\/2016\/03\/01-576x1024.jpg 576w, https:\/\/asyanakliyat.com\/wp-content\/uploads\/2016\/03\/01-169x300.jpg 169w, https:\/\/asyanakliyat.com\/wp-content\/uploads\/2016\/03\/01-768x1366.jpg 768w, https:\/\/asyanakliyat.com\/wp-content\/uploads\/2016\/03\/01-82x146.jpg 82w, https:\/\/asyanakliyat.com\/wp-content\/uploads\/2016\/03\/01-28x50.jpg 28w, https:\/\/asyanakliyat.com\/wp-content\/uploads\/2016\/03\/01-42x75.jpg 42w, https:\/\/asyanakliyat.com\/wp-content\/uploads\/2016\/03\/01.jpg 1406w\" sizes=\"auto, (max-width: 576px) 100vw, 576px\" \/><\/a>\n\t\t\t\t<\/dt><\/dl><br style=\"clear: both\" \/><dl class='gallery-item'>\n\t\t\t\t<dt class='gallery-icon portrait'>\n\t\t\t\t\t<a href='https:\/\/asyanakliyat.com\/wp-content\/uploads\/2016\/03\/02.jpg'><img loading=\"lazy\" decoding=\"async\" width=\"809\" height=\"1024\" src=\"https:\/\/asyanakliyat.com\/wp-content\/uploads\/2016\/03\/02-809x1024.jpg\" class=\"attachment-large size-large\" alt=\"\" srcset=\"https:\/\/asyanakliyat.com\/wp-content\/uploads\/2016\/03\/02-809x1024.jpg 809w, https:\/\/asyanakliyat.com\/wp-content\/uploads\/2016\/03\/02-237x300.jpg 237w, https:\/\/asyanakliyat.com\/wp-content\/uploads\/2016\/03\/02-768x972.jpg 768w, https:\/\/asyanakliyat.com\/wp-content\/uploads\/2016\/03\/02-115x146.jpg 115w, https:\/\/asyanakliyat.com\/wp-content\/uploads\/2016\/03\/02-39x50.jpg 39w, https:\/\/asyanakliyat.com\/wp-content\/uploads\/2016\/03\/02-59x75.jpg 59w, https:\/\/asyanakliyat.com\/wp-content\/uploads\/2016\/03\/02.jpg 1375w\" sizes=\"auto, (max-width: 809px) 100vw, 809px\" \/><\/a>\n\t\t\t\t<\/dt><\/dl><dl class='gallery-item'>\n\t\t\t\t<dt class='gallery-icon landscape'>\n\t\t\t\t\t<a href='https:\/\/asyanakliyat.com\/wp-content\/uploads\/2016\/03\/06.jpg'><img loading=\"lazy\" decoding=\"async\" width=\"1024\" height=\"768\" src=\"https:\/\/asyanakliyat.com\/wp-content\/uploads\/2016\/03\/06-1024x768.jpg\" class=\"attachment-large size-large\" alt=\"\" srcset=\"https:\/\/asyanakliyat.com\/wp-content\/uploads\/2016\/03\/06-1024x768.jpg 1024w, https:\/\/asyanakliyat.com\/wp-content\/uploads\/2016\/03\/06-300x225.jpg 300w, https:\/\/asyanakliyat.com\/wp-content\/uploads\/2016\/03\/06-768x576.jpg 768w, https:\/\/asyanakliyat.com\/wp-content\/uploads\/2016\/03\/06-195x146.jpg 195w, https:\/\/asyanakliyat.com\/wp-content\/uploads\/2016\/03\/06-50x38.jpg 50w, https:\/\/asyanakliyat.com\/wp-content\/uploads\/2016\/03\/06-100x75.jpg 100w, https:\/\/asyanakliyat.com\/wp-content\/uploads\/2016\/03\/06.jpg 1625w\" sizes=\"auto, (max-width: 1024px) 100vw, 1024px\" \/><\/a>\n\t\t\t\t<\/dt><\/dl><br style=\"clear: both\" \/>\n\t\t\t<\/div>\n\n<p>&nbsp;<\/p>\n<p>&nbsp;<\/p>\n<p>&nbsp;<\/p>\n\n\t\t\t<style type='text\/css'>\n\t\t\t\t#gallery-2 {\n\t\t\t\t\tmargin: auto;\n\t\t\t\t}\n\t\t\t\t#gallery-2 .gallery-item {\n\t\t\t\t\tfloat: left;\n\t\t\t\t\tmargin-top: 10px;\n\t\t\t\t\ttext-align: center;\n\t\t\t\t\twidth: 49.99%;\n\t\t\t\t}\n\t\t\t\t#gallery-2 img {\n\t\t\t\t\tborder: 2px solid #cfcfcf;\n\t\t\t\t}\n\t\t\t\t#gallery-2 .gallery-caption {\n\t\t\t\t\tmargin-left: 0;\n\t\t\t\t}\n\t\t\t\t\/* see gallery_shortcode() in wp-includes\/media.php *\/\n\t\t\t<\/style>\n\t\t<div id='gallery-2' class='gallery galleryid-229 gallery-columns-2 gallery-size-thumbnail file'><dl class='gallery-item'>\n\t\t\t\t<dt class='gallery-icon landscape'>\n\t\t\t\t\t<a href='https:\/\/asyanakliyat.com\/wp-content\/uploads\/2016\/03\/COMPANY-03-min.png'><img loading=\"lazy\" decoding=\"async\" width=\"150\" height=\"150\" src=\"https:\/\/asyanakliyat.com\/wp-content\/uploads\/2016\/03\/COMPANY-03-min-150x150.png\" class=\"attachment-thumbnail size-thumbnail\" alt=\"\" srcset=\"https:\/\/asyanakliyat.com\/wp-content\/uploads\/2016\/03\/COMPANY-03-min-150x150.png 150w, https:\/\/asyanakliyat.com\/wp-content\/uploads\/2016\/03\/COMPANY-03-min-85x85.png 85w, https:\/\/asyanakliyat.com\/wp-content\/uploads\/2016\/03\/COMPANY-03-min-80x80.png 80w\" sizes=\"auto, (max-width: 150px) 100vw, 150px\" \/><\/a>\n\t\t\t\t<\/dt><\/dl><dl class='gallery-item'>\n\t\t\t\t<dt class='gallery-icon landscape'>\n\t\t\t\t\t<a href='https:\/\/asyanakliyat.com\/wp-content\/uploads\/2016\/03\/COMPANY-02-min.png'><img loading=\"lazy\" decoding=\"async\" width=\"150\" height=\"150\" src=\"https:\/\/asyanakliyat.com\/wp-content\/uploads\/2016\/03\/COMPANY-02-min-150x150.png\" class=\"attachment-thumbnail size-thumbnail\" alt=\"\" srcset=\"https:\/\/asyanakliyat.com\/wp-content\/uploads\/2016\/03\/COMPANY-02-min-150x150.png 150w, https:\/\/asyanakliyat.com\/wp-content\/uploads\/2016\/03\/COMPANY-02-min-85x85.png 85w, https:\/\/asyanakliyat.com\/wp-content\/uploads\/2016\/03\/COMPANY-02-min-80x80.png 80w\" sizes=\"auto, (max-width: 150px) 100vw, 150px\" \/><\/a>\n\t\t\t\t<\/dt><\/dl><br style=\"clear: both\" \/>\n\t\t\t<\/div>\n\n<p>[\/vc_wp_text][vc_separator][vc_wp_text]<\/p>\n\n\t\t\t<style type='text\/css'>\n\t\t\t\t#gallery-3 {\n\t\t\t\t\tmargin: auto;\n\t\t\t\t}\n\t\t\t\t#gallery-3 .gallery-item {\n\t\t\t\t\tfloat: left;\n\t\t\t\t\tmargin-top: 10px;\n\t\t\t\t\ttext-align: center;\n\t\t\t\t\twidth: 49.99%;\n\t\t\t\t}\n\t\t\t\t#gallery-3 img {\n\t\t\t\t\tborder: 2px solid #cfcfcf;\n\t\t\t\t}\n\t\t\t\t#gallery-3 .gallery-caption {\n\t\t\t\t\tmargin-left: 0;\n\t\t\t\t}\n\t\t\t\t\/* see gallery_shortcode() in wp-includes\/media.php *\/\n\t\t\t<\/style>\n\t\t<div id='gallery-3' class='gallery galleryid-229 gallery-columns-2 gallery-size-thumbnail file'><dl class='gallery-item'>\n\t\t\t\t<dt class='gallery-icon landscape'>\n\t\t\t\t\t<a href='https:\/\/asyanakliyat.com\/wp-content\/uploads\/2016\/03\/COMPANY-03-min.png'><img loading=\"lazy\" decoding=\"async\" width=\"150\" height=\"150\" src=\"https:\/\/asyanakliyat.com\/wp-content\/uploads\/2016\/03\/COMPANY-03-min-150x150.png\" class=\"attachment-thumbnail size-thumbnail\" alt=\"\" srcset=\"https:\/\/asyanakliyat.com\/wp-content\/uploads\/2016\/03\/COMPANY-03-min-150x150.png 150w, https:\/\/asyanakliyat.com\/wp-content\/uploads\/2016\/03\/COMPANY-03-min-85x85.png 85w, https:\/\/asyanakliyat.com\/wp-content\/uploads\/2016\/03\/COMPANY-03-min-80x80.png 80w\" sizes=\"auto, (max-width: 150px) 100vw, 150px\" \/><\/a>\n\t\t\t\t<\/dt><\/dl><dl class='gallery-item'>\n\t\t\t\t<dt class='gallery-icon landscape'>\n\t\t\t\t\t<a href='https:\/\/asyanakliyat.com\/wp-content\/uploads\/2016\/03\/COMPANY-02-min.png'><img loading=\"lazy\" decoding=\"async\" width=\"150\" height=\"150\" src=\"https:\/\/asyanakliyat.com\/wp-content\/uploads\/2016\/03\/COMPANY-02-min-150x150.png\" class=\"attachment-thumbnail size-thumbnail\" alt=\"\" srcset=\"https:\/\/asyanakliyat.com\/wp-content\/uploads\/2016\/03\/COMPANY-02-min-150x150.png 150w, https:\/\/asyanakliyat.com\/wp-content\/uploads\/2016\/03\/COMPANY-02-min-85x85.png 85w, https:\/\/asyanakliyat.com\/wp-content\/uploads\/2016\/03\/COMPANY-02-min-80x80.png 80w\" sizes=\"auto, (max-width: 150px) 100vw, 150px\" \/><\/a>\n\t\t\t\t<\/dt><\/dl><br style=\"clear: both\" \/>\n\t\t\t<\/div>\n\n\n\t\t\t<style type='text\/css'>\n\t\t\t\t#gallery-4 {\n\t\t\t\t\tmargin: auto;\n\t\t\t\t}\n\t\t\t\t#gallery-4 .gallery-item {\n\t\t\t\t\tfloat: left;\n\t\t\t\t\tmargin-top: 10px;\n\t\t\t\t\ttext-align: center;\n\t\t\t\t\twidth: 49.99%;\n\t\t\t\t}\n\t\t\t\t#gallery-4 img {\n\t\t\t\t\tborder: 2px solid #cfcfcf;\n\t\t\t\t}\n\t\t\t\t#gallery-4 .gallery-caption {\n\t\t\t\t\tmargin-left: 0;\n\t\t\t\t}\n\t\t\t\t\/* see gallery_shortcode() in wp-includes\/media.php *\/\n\t\t\t<\/style>\n\t\t<div id='gallery-4' class='gallery galleryid-229 gallery-columns-2 gallery-size-thumbnail file'><dl class='gallery-item'>\n\t\t\t\t<dt class='gallery-icon landscape'>\n\t\t\t\t\t<a href='https:\/\/asyanakliyat.com\/wp-content\/uploads\/2016\/03\/COMPANY-03-min.png'><img loading=\"lazy\" decoding=\"async\" width=\"150\" height=\"150\" src=\"https:\/\/asyanakliyat.com\/wp-content\/uploads\/2016\/03\/COMPANY-03-min-150x150.png\" class=\"attachment-thumbnail size-thumbnail\" alt=\"\" srcset=\"https:\/\/asyanakliyat.com\/wp-content\/uploads\/2016\/03\/COMPANY-03-min-150x150.png 150w, https:\/\/asyanakliyat.com\/wp-content\/uploads\/2016\/03\/COMPANY-03-min-85x85.png 85w, https:\/\/asyanakliyat.com\/wp-content\/uploads\/2016\/03\/COMPANY-03-min-80x80.png 80w\" sizes=\"auto, (max-width: 150px) 100vw, 150px\" \/><\/a>\n\t\t\t\t<\/dt><\/dl><dl class='gallery-item'>\n\t\t\t\t<dt class='gallery-icon landscape'>\n\t\t\t\t\t<a href='https:\/\/asyanakliyat.com\/wp-content\/uploads\/2016\/03\/COMPANY-02-min.png'><img loading=\"lazy\" decoding=\"async\" width=\"150\" height=\"150\" src=\"https:\/\/asyanakliyat.com\/wp-content\/uploads\/2016\/03\/COMPANY-02-min-150x150.png\" class=\"attachment-thumbnail size-thumbnail\" alt=\"\" srcset=\"https:\/\/asyanakliyat.com\/wp-content\/uploads\/2016\/03\/COMPANY-02-min-150x150.png 150w, https:\/\/asyanakliyat.com\/wp-content\/uploads\/2016\/03\/COMPANY-02-min-85x85.png 85w, https:\/\/asyanakliyat.com\/wp-content\/uploads\/2016\/03\/COMPANY-02-min-80x80.png 80w\" sizes=\"auto, (max-width: 150px) 100vw, 150px\" \/><\/a>\n\t\t\t\t<\/dt><\/dl><br style=\"clear: both\" \/>\n\t\t\t<\/div>\n\n<p>[\/vc_wp_text][\/vc_column][\/vc_row][vc_row][vc_column][\/vc_column][\/vc_row]<code><\/code><\/p>","protected":false},"excerpt":{"rendered":"<p>[vc_row][vc_column width=&#8221;1\/4&#8243; css=&#8221;.vc_custom_1458899100739{background-color: #dddddd !important;}&#8221;][vc_column_text] HAKKIMIZDA EKiP \u00dcYELiKLER KAL\u0130TE Y\u00d6NET\u0130M\u0130 &#8211; Ki\u015fisel Verilerin Korunmas\u0131 ve \u0130\u015flenmesi Politikas\u0131 &#8211; Ki\u015fisel Veri Saklama ve \u0130mha Politikas\u0131 &#8211; \u00c7erez [&hellip;]<\/p>\n","protected":false},"author":1,"featured_media":0,"parent":91,"menu_order":0,"comment_status":"closed","ping_status":"closed","template":"","meta":{"footnotes":""},"class_list":["post-229","page","type-page","status-publish","hentry"],"_links":{"self":[{"href":"https:\/\/asyanakliyat.com\/tr\/wp-json\/wp\/v2\/pages\/229","targetHints":{"allow":["GET"]}}],"collection":[{"href":"https:\/\/asyanakliyat.com\/tr\/wp-json\/wp\/v2\/pages"}],"about":[{"href":"https:\/\/asyanakliyat.com\/tr\/wp-json\/wp\/v2\/types\/page"}],"author":[{"embeddable":true,"href":"https:\/\/asyanakliyat.com\/tr\/wp-json\/wp\/v2\/users\/1"}],"replies":[{"embeddable":true,"href":"https:\/\/asyanakliyat.com\/tr\/wp-json\/wp\/v2\/comments?post=229"}],"version-history":[{"count":66,"href":"https:\/\/asyanakliyat.com\/tr\/wp-json\/wp\/v2\/pages\/229\/revisions"}],"predecessor-version":[{"id":1586,"href":"https:\/\/asyanakliyat.com\/tr\/wp-json\/wp\/v2\/pages\/229\/revisions\/1586"}],"up":[{"embeddable":true,"href":"https:\/\/asyanakliyat.com\/tr\/wp-json\/wp\/v2\/pages\/91"}],"wp:attachment":[{"href":"https:\/\/asyanakliyat.com\/tr\/wp-json\/wp\/v2\/media?parent=229"}],"curies":[{"name":"wp","href":"https:\/\/api.w.org\/{rel}","templated":true}]}}