{"id":227,"date":"2016-03-23T22:53:51","date_gmt":"2016-03-23T22:53:51","guid":{"rendered":"http:\/\/www.atalaywebhosting.com\/demo\/asya\/?page_id=227"},"modified":"2016-04-08T10:29:40","modified_gmt":"2016-04-08T10:29:40","slug":"bilgi-guvenligi-ve-veri-koruma-politikamiz","status":"publish","type":"page","link":"https:\/\/asyanakliyat.com\/tr\/hakkim-2\/bilgi-guvenligi-ve-veri-koruma-politikamiz\/","title":{"rendered":"B\u0130LG\u0130 G\u00dcVENL\u0130\u011e\u0130 VE VER\u0130 KORUMA POL\u0130T\u0130KAMIZ"},"content":{"rendered":"<p>[vc_row][vc_column width=&#8221;1\/4&#8243; css=&#8221;.vc_custom_1458832881148{background-color: #e0e0e0 !important;}&#8221;][vc_column_text]<\/p>\n<h6><span style=\"color: #999999;\"><a style=\"color: #999999;\" href=\"https:\/\/www.asyanakliyat.com\/hakkim\/\">HAKKIMIZDA<br \/>\n<\/a><\/span><br \/>\n<span style=\"color: #999999;\"> <a style=\"color: #999999;\" href=\"https:\/\/www.asyanakliyat.com\/ekip\/\">EK\u0130P<br \/>\n<\/a><\/span><br \/>\n<span style=\"color: #999999;\"> <a style=\"color: #999999;\" href=\"https:\/\/www.asyanakliyat.com\/memberships\/\">\u00dcYEL\u0130KLER<\/a><br \/>\n<\/span><br \/>\n<span style=\"color: #999999;\"> <a style=\"color: #999999;\" href=\"https:\/\/www.asyanakliyat.com\/environmental-policy\/\">\u00c7EVRE POL\u0130T\u0130KAMIZ<br \/>\n<\/a><\/span><br \/>\n<span style=\"color: #999999;\"> <a style=\"color: #999999;\" href=\"https:\/\/www.asyanakliyat.com\/kisiye-ozgu-bilgiler-ve-gizlilik-politikamiz\/\">K\u0130\u015e\u0130YE \u00d6ZG\u00dc B\u0130LG\u0130LER<br \/>\n<\/a><a style=\"color: #999999;\" href=\"https:\/\/www.asyanakliyat.com\/kisiye-ozgu-bilgiler-ve-gizlilik-politikamiz\/\">VE G\u0130ZL\u0130L\u0130K POL\u0130T\u0130KAMIZ<\/a><br \/>\n<\/span><br \/>\n<span style=\"color: #999999;\"> <a style=\"color: #999999;\" href=\"https:\/\/www.asyanakliyat.com\/yolsuzluk-ve-rusvetle-mucadele-politikamiz-2\/\">YOLSUZLUK VE R\u00dc\u015eVETLE<br \/>\n<\/a><a style=\"color: #999999;\" href=\"https:\/\/www.asyanakliyat.com\/yolsuzluk-ve-rusvetle-mucadele-politikamiz-2\/\">M\u00dcCADELE POL\u0130T\u0130KAMIZ<\/a><br \/>\n<\/span><br \/>\n<span style=\"color: #999999;\"> <a style=\"color: #999999;\" href=\"https:\/\/www.asyanakliyat.com\/kurumsal-ve-sosyal-sorumluluk-politikamiz\/\">KURUMSAL VE SOSYAL<br \/>\n<\/a><a style=\"color: #999999;\" href=\"https:\/\/www.asyanakliyat.com\/kurumsal-ve-sosyal-sorumluluk-politikamiz\/\">SORUMLULUK POL\u0130T\u0130KAMIZ<\/a><br \/>\n<\/span><br \/>\n<span style=\"color: #999999;\"> <a style=\"color: #999999;\" href=\"https:\/\/www.asyanakliyat.com\/is-ahlaki\/\">\u0130\u015e AHLAKI<br \/>\n<\/a><\/span><br \/>\n<span style=\"color: #999999;\"> <a style=\"color: #999999;\" href=\"https:\/\/www.asyanakliyat.com\/tedarik-zinciri\/\">TEDAR\u0130K Z\u0130NC\u0130R\u0130<\/a><br \/>\n<\/span><br \/>\n<span style=\"color: #999999;\"> <a style=\"color: #999999;\" href=\"https:\/\/www.asyanakliyat.com\/bilgi-guvenligi-ve-veri-koruma-politikamiz\/\"><span style=\"color: #ff6600;\">B\u0130LG\u0130 G\u00dcVENL\u0130\u011e\u0130\u00a0VE VER\u0130<\/span><br \/>\n<span style=\"color: #ff6600;\"> KORUMA POL\u0130T\u0130KAMIZ<\/span><br \/>\n<\/a><\/span><br \/>\n<span style=\"color: #999999;\"> <a style=\"color: #999999;\" href=\"https:\/\/www.asyanakliyat.com\/hakkim\/haberler\/\">HABERLER<\/a><\/span><\/h6>\n<p>&nbsp;<\/p>\n<p>&nbsp;<\/p>\n<p>&nbsp;<\/p>\n<p>&nbsp;<\/p>\n<p>&nbsp;<\/p>\n<p>&nbsp;<\/p>\n<p>&nbsp;<\/p>\n<p>&nbsp;<\/p>\n<p>&nbsp;<\/p>\n<p>&nbsp;<\/p>\n<p>&nbsp;<\/p>\n<p>&nbsp;<\/p>\n<p>&nbsp;<\/p>\n<p>&nbsp;<\/p>\n<p>&nbsp;<\/p>\n<p>&nbsp;<\/p>\n<p>&nbsp;<\/p>\n<p>&nbsp;<\/p>\n<p>&nbsp;<\/p>\n<p>&nbsp;<\/p>\n<p>&nbsp;<\/p>\n<p>&nbsp;<\/p>\n<p>&nbsp;<\/p>\n<p>&nbsp;<\/p>\n<p>&nbsp;<\/p>\n<p>&nbsp;<\/p>\n<p>&nbsp;<\/p>\n<p>&nbsp;<\/p>\n<p>[\/vc_column_text][\/vc_column][vc_column width=&#8221;3\/4&#8243;][vc_separator][vc_column_text]<\/p>\n<h4 style=\"text-align: justify;\"><span style=\"color: #3b78ab;\">Asya`nin kulland\u0131\u011f\u0131 bilgi sistemleri \u00f6nemli bir yat\u0131r\u0131m\u0131 ifade etmektedir ve \u015firketimiz i\u00e7in de\u011ferli varl\u0131klard\u0131r. Bu varl\u0131klar, \u015firketimizin faaliyetlerini etkin ve s\u00fcrekli bir \u015fekilde yerine getirebilmesi i\u00e7in gerekli olan ekipmanlar, yaz\u0131l\u0131mlar ve verilerdir. Verilerin \u00e7o\u011fu gizli niteliktedir ve t\u00fcm bilgi sistemlerinin, \u015firketimizin faaliyetlerini veya bilgilere yapm\u0131\u015f oldu\u011fu yat\u0131r\u0131m\u0131 riske atabilecek k\u00f6t\u00fc niyetli veya yanl\u0131\u015fl\u0131kla ger\u00e7ekle\u015fen her t\u00fcrl\u00fc olaya kar\u015f\u0131 korunmas\u0131 gerekmektedir.<\/span><\/h4>\n<h4 style=\"text-align: justify;\"><span style=\"color: #ff6600;\">Politika Beyan\u0131 <\/span><\/h4>\n<p style=\"text-align: justify;\">Bu politikan\u0131n amac\u0131 t\u00fcm personelimize bilgi sistemlerinin g\u00fcvenli\u011fini iyile\u015ftirme ve koruma ihtiyac\u0131n\u0131 bildirmektir. Ayni zamanda uygun g\u00fcvenlik d\u00fczeyine ula\u015fmak i\u00e7in benimsenen yakla\u015f\u0131m\u0131 ve ki\u015fisel ve hassas verilerin gizlili\u011fini sa\u011flaman\u0131n \u00f6nemini y\u00f6neticilere a\u00e7\u0131klamakt\u0131r.<\/p>\n<h4 style=\"text-align: justify;\"><span style=\"color: #ff6600;\">Ama\u00e7\u00a0<\/span><\/h4>\n<p style=\"text-align: justify;\">Bilgi sistemlerinin g\u00fcvenli\u011finin amac\u0131 a\u015fa\u011f\u0131da belirtilen unsurlar\u0131 uygun d\u00fczeyde sa\u011flamakt\u0131r:<\/p>\n<h4 style=\"text-align: justify;\"><span style=\"color: #ff6600;\">Gizlilik <\/span><\/h4>\n<p style=\"text-align: justify;\">Bilgiler yasalara uygun bir \u015fekilde elde edilmekte, saklanmakta ve if\u015fa edilmektedir ve veri eri\u015fimi s\u00f6z konusu verileri g\u00f6rme ve\/veya de\u011fi\u015ftirme yetkisine sahip olanlarla s\u0131n\u0131rl\u0131d\u0131r.<\/p>\n<h4 style=\"text-align: justify;\"><span style=\"color: #ff6600;\">B\u00fct\u00fcnl\u00fck <\/span><\/h4>\n<p style=\"text-align: justify;\">T\u00fcm sistem varl\u0131klar\u0131 spesifikasyona uygun bir \u015fekilde kullan\u0131lmaktad\u0131r ve veri do\u011frulu\u011fu sa\u011flanmaktad\u0131r.<\/p>\n<h4 style=\"text-align: justify;\"><span style=\"color: #ff6600;\">Haz\u0131r bulundurma <\/span><\/h4>\n<p style=\"text-align: justify;\"><span style=\"color: #333333;\">Sistemler ve veriler gerekli oldu\u011funda kullan\u0131lacak \u015fekilde haz\u0131r bulunmaktad\u0131r ve elde edilen \u00e7\u0131kt\u0131lar kullan\u0131c\u0131ya ihtiya\u00e7 duydu\u011funda teslim edilmektedir.<\/span><\/p>\n<h4 style=\"text-align: justify;\"><span style=\"color: #ff6600;\">\u015eifreler ve Eri\u015fim Kontrol\u00fc <\/span><\/h4>\n<p style=\"text-align: justify;\"><span style=\"color: #333333;\">Herkes kendi \u015fifresinin g\u00fcvenli\u011fini sa\u011flamakla sorumludur ve hi\u00e7bir ko\u015ful alt\u0131nda \u015fifrenin herhangi bir ba\u015fka ki\u015fiye a\u00e7\u0131klanmamas\u0131 ve herhangi bir ba\u015fka ki\u015fi taraf\u0131ndan kullan\u0131lmamas\u0131n\u0131 sa\u011flamal\u0131d\u0131r. Personel sistemlere yaln\u0131zca kendi kullan\u0131c\u0131 ad\u0131 ve \u015fifresini kullanarak eri\u015fmelidir. T\u00fcm personel kendi kullan\u0131c\u0131 ad\u0131 ve \u015fifresi ile ger\u00e7ekle\u015ftirmi\u015f oldu\u011fu her t\u00fcrl\u00fc faaliyetten sorumludur ve bu denetlenmektedir.<\/span><\/p>\n<h4 style=\"text-align: justify;\"><span style=\"color: #ff6600;\">Y\u00f6netim ve Eri\u015fim <\/span><\/h4>\n<p style=\"text-align: justify;\"><span style=\"color: #333333;\">\u015eirket; Asya`nin server\u0131na ve verilerine m\u00fcnhas\u0131r eri\u015fim yetkisi bulunan a\u015fa\u011f\u0131daki Maestro personelini g\u00f6revlendirmi\u015ftir;<\/span><br \/>\n<span style=\"color: #333333;\">\u2022 Bay Sebahattin Misirli<\/span><br \/>\n<span style=\"color: #333333;\">\u2022 Bay Erkan Demiray<\/span><\/p>\n<p style=\"text-align: justify;\"><span style=\"color: #333333;\">Yukar\u0131da ad\u0131 belirtilen ki\u015filer bilgi g\u00fcvenli\u011fi \u00f6nlemlerini uygul<\/span>amak, takip etmek, belgelendirmek ve bildirmekle sorumludurlar.<\/p>\n<p style=\"text-align: justify;\">Bilgi g\u00fcvenli\u011fi t\u00fcm personel i\u00e7in i\u015fe alma a\u015famas\u0131nda ele al\u0131nmaktad\u0131r ve i\u015f s\u00f6zle\u015fmelerine bir gizlilik maddesi eklenmektedir.<\/p>\n<h4 style=\"text-align: justify;\"><span style=\"color: #ff6600;\">Risk Analizi<\/span><\/h4>\n<p style=\"text-align: justify;\">Kaynaklardan en iyi \u015fekilde yararlanabilmek i\u00e7in her bir bilgi sisteminin belirli d\u00fczeyde risk \u00f6nlemi ile g\u00fcvence alt\u0131na al\u0131nmas\u0131 \u00f6nem ta\u015f\u0131maktad\u0131r. D\u00fczenli olarak Maestro taraf\u0131ndan bilgi sistemlerimiz ve her bir sistemin uygun d\u00fczeyde g\u00fcvenli\u011finin sa\u011flanmas\u0131 i\u00e7in uygulanan \u00f6nlemlerle ilgili olarak bir risk de\u011ferlendirilmesi ger\u00e7ekle\u015ftirilmektedir.<\/p>\n<h4 style=\"text-align: justify;\"><span style=\"color: #ff6600;\">Bilgisayar Operasyonu <\/span><\/h4>\n<p style=\"text-align: justify;\">T\u00fcm bilgisayarlar\u0131n ve a\u011flar\u0131n y\u00f6netilmesi ve kullan\u0131lmas\u0131 i\u00e7in sorumluluklar ve prosed\u00fcrler belirlenmektedir, belgelendirilmektedir ve uygun kullan\u0131m talimatlar\u0131 ile desteklenmektedir.<br \/>\nProsed\u00fcrlere, yedekleme, medya kontrol\u00fc, olay g\u00fcnl\u00fc\u011f\u00fc, izleme, h\u0131rs\u0131zl\u0131k ve hasara, yetkisiz eri\u015feme kar\u015f\u0131 koruma ve kapasite planlamas\u0131 dahildir.<\/p>\n<h4 style=\"text-align: justify;\"><span style=\"color: #ff6600;\">\u0130\u015f S\u00fcreklilik Planlamas\u0131 <\/span><\/h4>\n<p style=\"text-align: justify;\">T\u00fcm kritik IT sistemlerinin h\u0131zl\u0131 bir \u015fekilde kurtar\u0131lmas\u0131 i\u00e7in uygun planlar\u0131n geli\u015ftirilmesini ve s\u00fcrd\u00fcr\u00fclmesine ili\u015fkin bir s\u00fcre\u00e7 s\u00f6z konusudur. Sistemler tehdit alt\u0131ndad\u0131r ve sistemlerin \u015firket i\u00e7in ne kadar kritik \u00f6neme sahip oldu\u011funu belirlemek i\u00e7in sistem a\u00e7\u0131klar\u0131 de\u011ferlendirilmektedir. Bireysel ekiplerin IT sisteminin \u00e7\u00f6kmesi durumunda temel hizmetlere devam edebilmesini sa\u011flayacak prosed\u00fcrleri bulunmaktad\u0131r .<\/p>\n<h4 style=\"text-align: justify;\"><span style=\"color: #ff6600;\">Ki\u015fisel Bilgisayarlar <\/span><\/h4>\n<p style=\"text-align: justify;\">Bilgisayar vir\u00fcslerinin \u00f6nlenmesi ve tespit edilmesi i\u00e7in tedbirler al\u0131nmaktad\u0131r. Vir\u00fcs kontrol\u00fc ile ilgili olarak Maestro dan\u0131\u015fmanl\u0131k ve destek sa\u011flayacakt\u0131r. E\u011fer ki\u015fisel bilgisayarda hassas bilgiler mevcutsa bu durumda ki\u015fisel bilgisayar\u0131n tesis d\u0131\u015f\u0131na \u00e7\u0131kar\u0131ld\u0131\u011f\u0131 veya g\u00fcvenli bir alanda bulunmad\u0131\u011f\u0131 durumlara kar\u015f\u0131 ek g\u00fcvenlik yaz\u0131l\u0131mlar\u0131 kurulmal\u0131d\u0131r.<\/p>\n<h4 style=\"text-align: justify;\"><span style=\"color: #ff6600;\">Ki\u015fisel Kullan\u0131m <\/span><\/h4>\n<p style=\"text-align: justify;\">B\u00f6l\u00fcm y\u00f6netiminin onay\u0131n\u0131n al\u0131nmas\u0131, bir i\u015fi destekleyici nitelikte olmamas\u0131, sistem kaynaklar\u0131n\u0131 a\u015f\u0131r\u0131 kullanmamas\u0131 ve \u00e7al\u0131\u015fanlar\u0131n bo\u015f zamanlar\u0131nda olmak sureti ile IT ekipmanlar\u0131n\u0131n kullan\u0131lmas\u0131na izin verilmektedir. T\u00fcketim malzemelerinin bedeli \u00f6denmelidir.<\/p>\n<h4 style=\"text-align: justify;\"><span style=\"color: #ff6600;\">Fark\u0131ndal\u0131k <\/span><\/h4>\n<p style=\"text-align: justify;\">T\u00fcm personelin bu politikadan haberdar olmalar\u0131 ve bu politikaya uymalar\u0131ndan m\u00fcd\u00fcrler sorumludur.<\/p>\n<p>[\/vc_column_text][\/vc_column][\/vc_row][vc_row][vc_column][\/vc_column][\/vc_row]<\/p>","protected":false},"excerpt":{"rendered":"<p>[vc_row][vc_column width=&#8221;1\/4&#8243; css=&#8221;.vc_custom_1458832881148{background-color: #e0e0e0 !important;}&#8221;][vc_column_text] HAKKIMIZDA EK\u0130P \u00dcYEL\u0130KLER \u00c7EVRE POL\u0130T\u0130KAMIZ K\u0130\u015e\u0130YE \u00d6ZG\u00dc B\u0130LG\u0130LER VE G\u0130ZL\u0130L\u0130K POL\u0130T\u0130KAMIZ YOLSUZLUK VE R\u00dc\u015eVETLE M\u00dcCADELE POL\u0130T\u0130KAMIZ KURUMSAL VE SOSYAL SORUMLULUK POL\u0130T\u0130KAMIZ [&hellip;]<\/p>\n","protected":false},"author":1,"featured_media":0,"parent":91,"menu_order":0,"comment_status":"closed","ping_status":"closed","template":"","meta":{"footnotes":""},"class_list":["post-227","page","type-page","status-publish","hentry"],"_links":{"self":[{"href":"https:\/\/asyanakliyat.com\/tr\/wp-json\/wp\/v2\/pages\/227","targetHints":{"allow":["GET"]}}],"collection":[{"href":"https:\/\/asyanakliyat.com\/tr\/wp-json\/wp\/v2\/pages"}],"about":[{"href":"https:\/\/asyanakliyat.com\/tr\/wp-json\/wp\/v2\/types\/page"}],"author":[{"embeddable":true,"href":"https:\/\/asyanakliyat.com\/tr\/wp-json\/wp\/v2\/users\/1"}],"replies":[{"embeddable":true,"href":"https:\/\/asyanakliyat.com\/tr\/wp-json\/wp\/v2\/comments?post=227"}],"version-history":[{"count":16,"href":"https:\/\/asyanakliyat.com\/tr\/wp-json\/wp\/v2\/pages\/227\/revisions"}],"predecessor-version":[{"id":722,"href":"https:\/\/asyanakliyat.com\/tr\/wp-json\/wp\/v2\/pages\/227\/revisions\/722"}],"up":[{"embeddable":true,"href":"https:\/\/asyanakliyat.com\/tr\/wp-json\/wp\/v2\/pages\/91"}],"wp:attachment":[{"href":"https:\/\/asyanakliyat.com\/tr\/wp-json\/wp\/v2\/media?parent=227"}],"curies":[{"name":"wp","href":"https:\/\/api.w.org\/{rel}","templated":true}]}}