{"id":224,"date":"2016-03-23T22:51:45","date_gmt":"2016-03-23T22:51:45","guid":{"rendered":"http:\/\/www.atalaywebhosting.com\/demo\/asya\/?page_id=224"},"modified":"2016-04-08T10:29:33","modified_gmt":"2016-04-08T10:29:33","slug":"tedarik-zinciri","status":"publish","type":"page","link":"https:\/\/asyanakliyat.com\/tr\/hakkim-2\/tedarik-zinciri\/","title":{"rendered":"TEDAR\u0130K Z\u0130NC\u0130R\u0130"},"content":{"rendered":"<p>[vc_row][vc_column width=&#8221;1\/4&#8243; css=&#8221;.vc_custom_1458832881148{background-color: #e0e0e0 !important;}&#8221;][vc_column_text]<\/p>\n<h6><span style=\"color: #999999;\"><a style=\"color: #999999;\" href=\"https:\/\/www.asyanakliyat.com\/hakkim\/\">HAKKIMIZDA<br \/>\n<\/a><\/span><br \/>\n<span style=\"color: #999999;\"> <a style=\"color: #999999;\" href=\"https:\/\/www.asyanakliyat.com\/ekip\/\">EK\u0130P<br \/>\n<\/a><\/span><br \/>\n<span style=\"color: #999999;\"> <a style=\"color: #999999;\" href=\"https:\/\/www.asyanakliyat.com\/memberships\/\">\u00dcYEL\u0130KLER<\/a><br \/>\n<\/span><br \/>\n<span style=\"color: #999999;\"> <a style=\"color: #999999;\" href=\"https:\/\/www.asyanakliyat.com\/environmental-policy\/\">\u00c7EVRE POL\u0130T\u0130KAMIZ<br \/>\n<\/a><\/span><br \/>\n<span style=\"color: #999999;\"> <a style=\"color: #999999;\" href=\"https:\/\/www.asyanakliyat.com\/kisiye-ozgu-bilgiler-ve-gizlilik-politikamiz\/\">K\u0130\u015e\u0130YE \u00d6ZG\u00dc B\u0130LG\u0130LER<br \/>\n<\/a><a style=\"color: #999999;\" href=\"https:\/\/www.asyanakliyat.com\/kisiye-ozgu-bilgiler-ve-gizlilik-politikamiz\/\">VE G\u0130ZL\u0130L\u0130K POL\u0130T\u0130KAMIZ<\/a><br \/>\n<\/span><br \/>\n<span style=\"color: #999999;\"> <a style=\"color: #999999;\" href=\"https:\/\/www.asyanakliyat.com\/yolsuzluk-ve-rusvetle-mucadele-politikamiz-2\/\">YOLSUZLUK VE R\u00dc\u015eVETLE<br \/>\n<\/a><a style=\"color: #999999;\" href=\"https:\/\/www.asyanakliyat.com\/yolsuzluk-ve-rusvetle-mucadele-politikamiz-2\/\">M\u00dcCADELE POL\u0130T\u0130KAMIZ<\/a><br \/>\n<\/span><br \/>\n<span style=\"color: #999999;\"> <a style=\"color: #999999;\" href=\"https:\/\/www.asyanakliyat.com\/kurumsal-ve-sosyal-sorumluluk-politikamiz\/\">KURUMSAL VE SOSYAL<br \/>\n<\/a><a style=\"color: #999999;\" href=\"https:\/\/www.asyanakliyat.com\/kurumsal-ve-sosyal-sorumluluk-politikamiz\/\">SORUMLULUK POL\u0130T\u0130KAMIZ<\/a><br \/>\n<\/span><br \/>\n<span style=\"color: #999999;\"> <a style=\"color: #999999;\" href=\"https:\/\/www.asyanakliyat.com\/is-ahlaki\/\">\u0130\u015e AHLAKI<br \/>\n<\/a><\/span><br \/>\n<span style=\"color: #ff6600;\"> <a style=\"color: #ff6600;\" href=\"https:\/\/www.asyanakliyat.com\/tedarik-zinciri\/\">TEDAR\u0130K Z\u0130NC\u0130R\u0130<\/a><br \/>\n<\/span><br \/>\n<span style=\"color: #999999;\"> <a style=\"color: #999999;\" href=\"https:\/\/www.asyanakliyat.com\/bilgi-guvenligi-ve-veri-koruma-politikamiz\/\">B\u0130LG\u0130 G\u00dcVENL\u0130\u011e\u0130\u00a0VE VER\u0130<br \/>\nKORUMA POL\u0130T\u0130KAMIZ<br \/>\n<\/a><\/span><br \/>\n<span style=\"color: #999999;\"> <a style=\"color: #999999;\" href=\"https:\/\/www.asyanakliyat.com\/hakkim\/haberler\/\">HABERLER<\/a><\/span><\/h6>\n<p>&nbsp;<\/p>\n<p>&nbsp;<\/p>\n<p>&nbsp;<\/p>\n<p>&nbsp;<\/p>\n<p>&nbsp;<\/p>\n<p>&nbsp;<\/p>\n<p>&nbsp;<\/p>\n<p>&nbsp;<\/p>\n<p>&nbsp;<\/p>\n<p>&nbsp;<\/p>\n<p>&nbsp;<\/p>\n<p>[\/vc_column_text][\/vc_column][vc_column width=&#8221;3\/4&#8243;][vc_separator][vc_column_text]<\/p>\n<h4 style=\"text-align: justify;\"><span style=\"color: #3b78ab;\">Asya Nakliyat, operasyonlar\u0131n\u0131 ger\u00e7ekle\u015ftirirken yasalara, etik de\u011ferlere ve \u00e7evreye duyarl\u0131 hareket eder. \u00dcyesi oldu\u011fu FIDI-FAIM (Internationale Des Demenageurs Internationaux)\u2019in politika ve de\u011ferlerini \u00f6nceller. Benimsenen t\u00fcm politika ve ilkeler; insan haklar\u0131 ihlalleri ile r\u00fc\u015fvet ve yolsuzlu\u011fun \u00f6nlenmesine; \u00e7al\u0131\u015fma \u015fartlar\u0131 ile hizmet ve \u00fcr\u00fcn kalitesinin art\u0131r\u0131lmas\u0131na; gerekli denetim mekanizmalar\u0131n\u0131n olu\u015fturulmas\u0131na imkan sa\u011flar.<\/span><\/h4>\n<p style=\"text-align: justify;\">Asya Nakliyat, operasyonlar\u0131n\u0131 ger\u00e7ekle\u015ftirmek i\u00e7in gerekli \u00fcr\u00fcn ve hizmetleri yasalara ve etik de\u011ferlere uygun temin etmeyi; insan haklar\u0131n\u0131, i\u015f sa\u011fl\u0131\u011f\u0131 ve i\u015f g\u00fcvenli\u011fi ile \u00e7evreyi ihlal eden kaynaklardan gelmemesini \u00f6nemser. Bu nedenle ger\u00e7ekle\u015ftirilen operasyonlar\u0131n Sorumlu Sat\u0131nalma Politikas\u0131\u2019na uygunlu\u011funa dikkat eder.<\/p>\n<p style=\"text-align: justify;\">Sorumlu Sat\u0131nalma Politikas\u0131; FIDI FAIM\u2019in benimsedi\u011fi politika ve ilkeler ile \u015firketimizin \u00e7\u0131kard\u0131\u011f\u0131 \u0130\u015f Eti\u011fi Kurallar\u0131, \u0130\u015f Sa\u011fl\u0131\u011f\u0131 ve \u0130\u015f G\u00fcvenli\u011fi Y\u00f6netmeli\u011fi\u2019nde benimsenen ilke ve kurallar temel al\u0131narak olu\u015fturulmu\u015ftur.<\/p>\n<p style=\"text-align: justify;\">Sorumlu Sat\u0131nalma Politikas\u0131; benimsedi\u011fimiz de\u011ferler ve politikalar\u0131n, t\u00fcm tedarik zinciri boyunca yay\u0131lmas\u0131n\u0131 ve devaml\u0131l\u0131\u011f\u0131n\u0131 hedefler. Bu hedefe ula\u015fabilmek i\u00e7in tedarik\u00e7ilerimizin \u015firketimizle dayan\u0131\u015fma halinde olmas\u0131n\u0131 bekleriz. S\u00fcrekli iyile\u015ftirmenin ger\u00e7ekle\u015ftirilebilmesi i\u00e7in geri d\u00f6n\u00fc\u015flerin sa\u011flanmas\u0131 ve olumlu uygulamalar\u0131n payla\u015f\u0131lmas\u0131n\u0131 \u00f6nemseriz. Bu nedenle Asya Nakliyat, tedarik\u00e7i se\u00e7iminde Sorumlu Sat\u0131nalma Politikas\u0131\u2019n\u0131 esas alarak hareket eder.<\/p>\n<h4 style=\"text-align: justify;\"><span style=\"color: #ff6600;\">Tedarik\u00e7ilerle \u0130li\u015fkilerde G\u00f6zetilen \u0130lkeler<\/span><\/h4>\n<p style=\"text-align: justify;\">1. Yasalara ve Etik De\u011ferlere Uygun Hareket etmek<br \/>\nTedarik\u00e7ilerin faaliyetleri s\u0131ras\u0131nda yasalara ve ilgili mevzuata uygun hareket etmesi \u00f6nemlidir. T\u00fcm tedarik\u00e7ilerin do\u011fruluk, d\u00fcr\u00fcstl\u00fck ve a\u00e7\u0131kl\u0131k prensibini benimsemi\u015f olmas\u0131n\u0131, yasalara ve etik de\u011ferlere uygun hareket etmesini bekleriz.<\/p>\n<p style=\"text-align: justify;\">2. \u0130nsan Haklar\u0131 ve \u00c7al\u0131\u015fma Esaslar\u0131n\u0131 G\u00f6zetmek<\/p>\n<p style=\"text-align: justify;\">Tedarik\u00e7ilerin insan haklar\u0131na sayg\u0131l\u0131, ayr\u0131mc\u0131l\u0131ktan uzak ve \u00e7al\u0131\u015fanlar\u0131na e\u015fit olanak ve f\u0131rsat vermeleri \u00f6nemlidir. Tedarik\u00e7ilerden \u00e7al\u0131\u015fanlar\u0131na ayr\u0131mc\u0131l\u0131k yapmamas\u0131n\u0131, f\u0131rsat e\u015fitli\u011fine imkan vermesini, zorla veya zorunlu \u00e7al\u0131\u015ft\u0131rmamas\u0131n\u0131, \u00e7ocuk i\u015f\u00e7i \u00e7al\u0131\u015ft\u0131rmamas\u0131n\u0131 bekleriz.<\/p>\n<p style=\"text-align: justify;\">Tedarik\u00e7ilerin g\u00fcvenli bir i\u015f ortam\u0131n\u0131 temin edecek nitelikte i\u015f sa\u011fl\u0131\u011f\u0131 ve i\u015f g\u00fcvenli\u011fi esaslar\u0131n\u0131 g\u00f6zeterek hareket etmesine dikkat ederiz.<\/p>\n<p style=\"text-align: justify;\">M\u00fc\u015fterilerinin ticari s\u0131rlar\u0131n\u0131 \u00f6zenle korumalar\u0131n\u0131 \u00f6nemseriz.<\/p>\n<p style=\"text-align: justify;\">3. \u00c7evreye Duyarl\u0131l\u0131k<\/p>\n<p style=\"text-align: justify;\">Tedarik\u00e7ilerin faaliyetleri esnas\u0131nda \u00e7evreye verebilecekleri olas\u0131 olumsuzluklar\u0131 en aza indirmesini; \u00e7evreyi, m\u00fc\u015fterileri ve \u00e7al\u0131\u015fanlar\u0131 koruyucu nitelikte mal ve hizmet \u00fcretmelerini bekleriz.<\/p>\n<p style=\"text-align: justify;\">Yukar\u0131da belirtilen ilke ve politikalara ayk\u0131r\u0131l\u0131\u011f\u0131 tespit edilen tedarik\u00e7ilerden, \u00f6ncelikle ayk\u0131r\u0131l\u0131\u011f\u0131n giderilmesi ve benimsenen politikalara uygun d\u00fczenlemelerin yap\u0131lmas\u0131n\u0131 talep ederiz. Ayk\u0131r\u0131l\u0131\u011f\u0131 gidermeyi kabul etmeyen veya belirlenen s\u00fcrede gerekli d\u00fczenleme ve uyumu sa\u011flamayan tedarik\u00e7ilerle ticari ili\u015fki sona erdirilir.<\/p>\n<p>[\/vc_column_text][\/vc_column][\/vc_row][vc_row][vc_column][\/vc_column][\/vc_row]<\/p>","protected":false},"excerpt":{"rendered":"<p>[vc_row][vc_column width=&#8221;1\/4&#8243; css=&#8221;.vc_custom_1458832881148{background-color: #e0e0e0 !important;}&#8221;][vc_column_text] HAKKIMIZDA EK\u0130P \u00dcYEL\u0130KLER \u00c7EVRE POL\u0130T\u0130KAMIZ K\u0130\u015e\u0130YE \u00d6ZG\u00dc B\u0130LG\u0130LER VE G\u0130ZL\u0130L\u0130K POL\u0130T\u0130KAMIZ YOLSUZLUK VE R\u00dc\u015eVETLE M\u00dcCADELE POL\u0130T\u0130KAMIZ KURUMSAL VE SOSYAL SORUMLULUK POL\u0130T\u0130KAMIZ [&hellip;]<\/p>\n","protected":false},"author":1,"featured_media":0,"parent":91,"menu_order":0,"comment_status":"closed","ping_status":"closed","template":"","meta":{"footnotes":""},"class_list":["post-224","page","type-page","status-publish","hentry"],"_links":{"self":[{"href":"https:\/\/asyanakliyat.com\/tr\/wp-json\/wp\/v2\/pages\/224","targetHints":{"allow":["GET"]}}],"collection":[{"href":"https:\/\/asyanakliyat.com\/tr\/wp-json\/wp\/v2\/pages"}],"about":[{"href":"https:\/\/asyanakliyat.com\/tr\/wp-json\/wp\/v2\/types\/page"}],"author":[{"embeddable":true,"href":"https:\/\/asyanakliyat.com\/tr\/wp-json\/wp\/v2\/users\/1"}],"replies":[{"embeddable":true,"href":"https:\/\/asyanakliyat.com\/tr\/wp-json\/wp\/v2\/comments?post=224"}],"version-history":[{"count":7,"href":"https:\/\/asyanakliyat.com\/tr\/wp-json\/wp\/v2\/pages\/224\/revisions"}],"predecessor-version":[{"id":720,"href":"https:\/\/asyanakliyat.com\/tr\/wp-json\/wp\/v2\/pages\/224\/revisions\/720"}],"up":[{"embeddable":true,"href":"https:\/\/asyanakliyat.com\/tr\/wp-json\/wp\/v2\/pages\/91"}],"wp:attachment":[{"href":"https:\/\/asyanakliyat.com\/tr\/wp-json\/wp\/v2\/media?parent=224"}],"curies":[{"name":"wp","href":"https:\/\/api.w.org\/{rel}","templated":true}]}}