{"id":217,"date":"2016-03-23T22:43:56","date_gmt":"2016-03-23T22:43:56","guid":{"rendered":"http:\/\/www.atalaywebhosting.com\/demo\/asya\/?page_id=217"},"modified":"2016-05-04T17:50:27","modified_gmt":"2016-05-04T17:50:27","slug":"kurumsal-ve-sosyal-sorumluluk-politikamiz","status":"publish","type":"page","link":"https:\/\/asyanakliyat.com\/tr\/hakkim-2\/kurumsal-ve-sosyal-sorumluluk-politikamiz\/","title":{"rendered":"KURUMSAL VE SOSYAL SORUMLULUK POL\u0130T\u0130KAMIZ"},"content":{"rendered":"<p>[vc_row][vc_column width=&#8221;1\/4&#8243; css=&#8221;.vc_custom_1458832881148{background-color: #e0e0e0 !important;}&#8221;][vc_column_text]<\/p>\n<h6><span style=\"color: #999999;\"><a style=\"color: #999999;\" href=\"https:\/\/www.asyanakliyat.com\/hakkim\/\">HAKKIMIZDA<br \/>\n<\/a><\/span><br \/>\n<span style=\"color: #999999;\"> <a style=\"color: #999999;\" href=\"https:\/\/www.asyanakliyat.com\/ekip\/\">EK\u0130P<br \/>\n<\/a><\/span><br \/>\n<span style=\"color: #999999;\"> <a style=\"color: #999999;\" href=\"https:\/\/www.asyanakliyat.com\/memberships\/\">\u00dcYEL\u0130KLER<\/a><br \/>\n<\/span><br \/>\n<span style=\"color: #999999;\"> <a style=\"color: #999999;\" href=\"https:\/\/www.asyanakliyat.com\/environmental-policy\/\">\u00c7EVRE POL\u0130T\u0130KAMIZ<br \/>\n<\/a><\/span><\/h6>\n<h6><span style=\"color: #999999;\"><span style=\"color: #ff6600;\"> <a style=\"color: #ff6600;\" href=\"https:\/\/www.asyanakliyat.com\/kurumsal-ve-sosyal-sorumluluk-politikamiz\/\">KURUMSAL VE SOSYAL<br \/>\n<\/a><a style=\"color: #ff6600;\" href=\"https:\/\/www.asyanakliyat.com\/kurumsal-ve-sosyal-sorumluluk-politikamiz\/\">SORUMLULUK POL\u0130T\u0130KAMIZ<\/a><\/span><br \/>\n<\/span><\/h6>\n<h6><a style=\"color: #999999;\" href=\"https:\/\/www.asyanakliyat.com\/Politikalarimiz.pdf\">POL\u0130T\u0130KALARIMIZ<\/a><\/h6>\n<h6><span style=\"color: #999999;\"> <a style=\"color: #999999;\" href=\"https:\/\/www.asyanakliyat.com\/hakkim\/haberler\/\">HABERLER<\/a><\/span><\/h6>\n<h6><\/h6>\n<h6><\/h6>\n<h6><\/h6>\n<h6><\/h6>\n<h6><\/h6>\n<p>[\/vc_column_text][\/vc_column][vc_column width=&#8221;3\/4&#8243;][vc_separator][vc_column_text]<\/p>\n<h4 style=\"text-align: justify;\"><span style=\"color: #3b78ab;\">\u015eiRKETiMiZ TOPLUMUN MENFAATLERiNE DE\u011eER VERMEKTEDiR VE KAR AMACI G\u00dcTMENiN \u00d6TESiNDE SOSYAL SORUMLULUKLARI \u00d6NEMSiYOR VE HAYATA GE\u00c7iRiLMESiNE \u00d6ZEN G\u00d6STERiYORUZ. YALNIZCA Y\u00d6NETiM OLARAK YEREL ORGANiZASYONLARA FAYDA SA\u011eLAMAKLA KALMIYOR AYNI ZAMANDA \u00c7ALI\u015eANLARIMIZI DA FAYDA SA\u011eLAMALARI i\u00c7iN Ki\u015eiSEL ZAMANLARINI VE BiLGi BiRiKiMLERiNi KULLANMALARI i\u00c7iN DESTEKLiYORUZ.<\/span><\/h4>\n<p>Kararlar\u0131m\u0131z\u0131n ve faaliyetlerimizin topluma ve \u00e7evreye y\u00f6nelik etkilerindeki sorumluluklar\u0131m\u0131z\u0131n bilincindeyiz.<\/p>\n<p>Vizyonumuz ve misyonumuz do\u011frultusunda ticari faaliyetlerimizi y\u00fcksek d\u00fcr\u00fcstl\u00fck standartlar\u0131 ile toplumsal a\u00e7\u0131dan sorumlu bir \u015fekilde ger\u00e7ekle\u015ftiriyoruz.<\/p>\n<h4 style=\"text-align: justify;\"><span style=\"color: #ff6600;\">\u015eirket olarak;<\/span><\/h4>\n<ul>\n<li>Ticari faaliyetlerimizi etik ve \u015feffaf bir \u015fekilde ger\u00e7ekle\u015ftirmeye<\/li>\n<li>S\u00fcrd\u00fcr\u00fclebilir uygulamalara katk\u0131 sa\u011flamaya<\/li>\n<li>T\u00fcm payda\u015flar\u0131m\u0131z\u0131n menfaatlerini ve beklentilerini g\u00f6zetmeye<\/li>\n<li>Y\u00fcr\u00fcrl\u00fckteki yerel yasalara uymaya<\/li>\n<li>Uluslararas\u0131 davran\u0131\u015f normlar\u0131na uymaya<\/li>\n<li>Yasal, etik, adil ve objektif \u00e7al\u0131\u015fma ko\u015fullar\u0131 ve e\u015fit i\u015f f\u0131rsatlar\u0131 sunmaya<\/li>\n<li>Personel, m\u00fc\u015fteriler ve ziyaret\u00e7iler d\u00e2hil bireylerin sa\u011fl\u0131\u011f\u0131na ve g\u00fcvenli\u011fine<\/li>\n<li>T\u00fcm payda\u015flar\u0131m\u0131za t\u00fcm ticari i\u015flemlerimizde sayg\u0131 ve itimat ile muamele etmeye<\/li>\n<li>Ya\u015fad\u0131\u011f\u0131m\u0131z ve \u00e7al\u0131\u015ft\u0131\u011f\u0131m\u0131z topluma olumlu bir \u015fekilde katk\u0131 sa\u011flamaya, \u00f6nem g\u00f6steriyoruz.<\/li>\n<\/ul>\n<p>&nbsp;<\/p>\n<h4 style=\"text-align: justify;\"><span style=\"color: #ff6600;\">Kurumsal Sosyal Sorumluluk Program\u0131m\u0131z\u0131n kapsam\u0131:<\/span><\/h4>\n<ul>\n<li>\u00c7evresel ama\u00e7lar, ofis i\u00e7erisinde at\u0131k, enerji ve su t\u00fcketiminin azalt\u0131lmas\u0131<\/li>\n<li>Faaliyetlerimizi ger\u00e7ekle\u015ftirirken t\u00fcketmi\u015f oldu\u011fumuz \u00fcr\u00fcnler ve hizmetler i\u00e7in adil bir bedel \u00f6deme gibi etik sorunlar<\/li>\n<li>\u00c7al\u0131\u015fanlar\u0131n i\u015f \/hayat dengesi dahil olmak \u00fczere herkes i\u00e7in daha iyi bir ya\u015fam kalitesi sa\u011flama<\/li>\n<li>Etik i\u015f ili\u015fkileri, zaman\u0131nda \u00f6deme yapma ve t\u00fcm ticari faaliyetlerimizde net davran\u0131\u015f kurallar\u0131 uygulama<\/li>\n<li>\u00c7al\u0131\u015fanlar\u0131n g\u00f6n\u00fcll\u00fc olarak \u00e7aba sarf etmelerini te\u015fvik etme ve destekleme<\/li>\n<\/ul>\n<h4 style=\"text-align: justify;\"><\/h4>\n<h4 style=\"text-align: justify;\"><span style=\"color: #ff6600;\">Sorumluluklar<\/span><\/h4>\n<p style=\"text-align: justify;\">\u015eirket y\u00f6neticilerimiz, i\u015fletmemizin mevzuata uygun bir \u015fekilde ve bu politikan\u0131n ko\u015fullar\u0131 do\u011frultusunda faaliyette bulunmas\u0131n\u0131 sa\u011flamakla sorumludur ve y\u00f6netim ekibi bu politikan\u0131n ilgili ekiplerde uygulanmas\u0131 i\u00e7in sorumluluk ve yetkiye sahiptir. Bununla birlikte \u015firketimizin t\u00fcm \u00e7al\u0131\u015fanlar\u0131 inisiyatifleri destekleme ve inisiyatiflere kat\u0131lmakla sorumludurlar.<\/p>\n<p>[\/vc_column_text][\/vc_column][\/vc_row][vc_row][vc_column][\/vc_column][\/vc_row]<\/p>","protected":false},"excerpt":{"rendered":"<p>[vc_row][vc_column width=&#8221;1\/4&#8243; css=&#8221;.vc_custom_1458832881148{background-color: #e0e0e0 !important;}&#8221;][vc_column_text] HAKKIMIZDA EK\u0130P \u00dcYEL\u0130KLER \u00c7EVRE POL\u0130T\u0130KAMIZ KURUMSAL VE SOSYAL SORUMLULUK POL\u0130T\u0130KAMIZ POL\u0130T\u0130KALARIMIZ HABERLER [\/vc_column_text][\/vc_column][vc_column width=&#8221;3\/4&#8243;][vc_separator][vc_column_text] \u015eiRKETiMiZ TOPLUMUN MENFAATLERiNE DE\u011eER VERMEKTEDiR VE KAR [&hellip;]<\/p>\n","protected":false},"author":1,"featured_media":0,"parent":91,"menu_order":0,"comment_status":"closed","ping_status":"closed","template":"","meta":{"footnotes":""},"class_list":["post-217","page","type-page","status-publish","hentry"],"_links":{"self":[{"href":"https:\/\/asyanakliyat.com\/tr\/wp-json\/wp\/v2\/pages\/217","targetHints":{"allow":["GET"]}}],"collection":[{"href":"https:\/\/asyanakliyat.com\/tr\/wp-json\/wp\/v2\/pages"}],"about":[{"href":"https:\/\/asyanakliyat.com\/tr\/wp-json\/wp\/v2\/types\/page"}],"author":[{"embeddable":true,"href":"https:\/\/asyanakliyat.com\/tr\/wp-json\/wp\/v2\/users\/1"}],"replies":[{"embeddable":true,"href":"https:\/\/asyanakliyat.com\/tr\/wp-json\/wp\/v2\/comments?post=217"}],"version-history":[{"count":18,"href":"https:\/\/asyanakliyat.com\/tr\/wp-json\/wp\/v2\/pages\/217\/revisions"}],"predecessor-version":[{"id":1080,"href":"https:\/\/asyanakliyat.com\/tr\/wp-json\/wp\/v2\/pages\/217\/revisions\/1080"}],"up":[{"embeddable":true,"href":"https:\/\/asyanakliyat.com\/tr\/wp-json\/wp\/v2\/pages\/91"}],"wp:attachment":[{"href":"https:\/\/asyanakliyat.com\/tr\/wp-json\/wp\/v2\/media?parent=217"}],"curies":[{"name":"wp","href":"https:\/\/api.w.org\/{rel}","templated":true}]}}