{"id":213,"date":"2016-03-23T22:37:42","date_gmt":"2016-03-23T22:37:42","guid":{"rendered":"http:\/\/www.atalaywebhosting.com\/demo\/asya\/?page_id=213"},"modified":"2016-04-08T10:29:07","modified_gmt":"2016-04-08T10:29:07","slug":"kisiye-ozgu-bilgiler-ve-gizlilik-politikamiz","status":"publish","type":"page","link":"https:\/\/asyanakliyat.com\/tr\/hakkim-2\/kisiye-ozgu-bilgiler-ve-gizlilik-politikamiz\/","title":{"rendered":"K\u0130\u015e\u0130YE \u00d6ZG\u00dc B\u0130LG\u0130LER VE G\u0130ZL\u0130L\u0130K POL\u0130T\u0130KAMIZ"},"content":{"rendered":"<p>[vc_row][vc_column width=&#8221;1\/4&#8243; css=&#8221;.vc_custom_1458834118697{background-color: #e0e0e0 !important;}&#8221;][vc_column_text]<\/p>\n<h6><span style=\"color: #999999;\"><a style=\"color: #999999;\" href=\"https:\/\/www.asyanakliyat.com\/hakkim\/\">HAKKIMIZDA<br \/>\n<\/a><\/span><br \/>\n<span style=\"color: #999999;\"> <a style=\"color: #999999;\" href=\"https:\/\/www.asyanakliyat.com\/ekip\/\">EK\u0130P<br \/>\n<\/a><\/span><br \/>\n<span style=\"color: #999999;\"> <a style=\"color: #999999;\" href=\"https:\/\/www.asyanakliyat.com\/memberships\/\">\u00dcYEL\u0130KLER<\/a><br \/>\n<\/span><br \/>\n<span style=\"color: #999999;\"> <a style=\"color: #999999;\" href=\"https:\/\/www.asyanakliyat.com\/environmental-policy\/\">\u00c7EVRE POL\u0130T\u0130KAMIZ<br \/>\n<\/a><\/span><br \/>\n<span style=\"color: #ff6600;\"> <a style=\"color: #ff6600;\" href=\"https:\/\/www.asyanakliyat.com\/kisiye-ozgu-bilgiler-ve-gizlilik-politikamiz\/\">K\u0130\u015e\u0130YE \u00d6ZG\u00dc B\u0130LG\u0130LER<br \/>\n<\/a><a style=\"color: #ff6600;\" href=\"https:\/\/www.asyanakliyat.com\/kisiye-ozgu-bilgiler-ve-gizlilik-politikamiz\/\">VE G\u0130ZL\u0130L\u0130K POL\u0130T\u0130KAMIZ<\/a><br \/>\n<\/span><br \/>\n<span style=\"color: #999999;\"> <a style=\"color: #999999;\" href=\"https:\/\/www.asyanakliyat.com\/yolsuzluk-ve-rusvetle-mucadele-politikamiz-2\/\">YOLSUZLUK VE R\u00dc\u015eVETLE<br \/>\n<\/a><a style=\"color: #999999;\" href=\"https:\/\/www.asyanakliyat.com\/yolsuzluk-ve-rusvetle-mucadele-politikamiz-2\/\">M\u00dcCADELE POL\u0130T\u0130KAMIZ<\/a><br \/>\n<\/span><br \/>\n<span style=\"color: #999999;\"> <a style=\"color: #999999;\" href=\"https:\/\/www.asyanakliyat.com\/kurumsal-ve-sosyal-sorumluluk-politikamiz\/\">KURUMSAL VE SOSYAL<br \/>\n<\/a><a style=\"color: #999999;\" href=\"https:\/\/www.asyanakliyat.com\/kurumsal-ve-sosyal-sorumluluk-politikamiz\/\">SORUMLULUK POL\u0130T\u0130KAMIZ<\/a><br \/>\n<\/span><br \/>\n<span style=\"color: #999999;\"> <a style=\"color: #999999;\" href=\"https:\/\/www.asyanakliyat.com\/is-ahlaki\/\">\u0130\u015e AHLAKI<br \/>\n<\/a><\/span><br \/>\n<span style=\"color: #999999;\"> <a style=\"color: #999999;\" href=\"https:\/\/www.asyanakliyat.com\/tedarik-zinciri\/\">TEDAR\u0130K Z\u0130NC\u0130R\u0130<\/a><br \/>\n<\/span><br \/>\n<span style=\"color: #999999;\"> <a style=\"color: #999999;\" href=\"https:\/\/www.asyanakliyat.com\/bilgi-guvenligi-ve-veri-koruma-politikamiz\/\">B\u0130LG\u0130 G\u00dcVENL\u0130\u011e\u0130\u00a0VE VER\u0130<br \/>\nKORUMA POL\u0130T\u0130KAMIZ<br \/>\n<\/a><\/span><br \/>\n<span style=\"color: #999999;\"> <a style=\"color: #999999;\" href=\"https:\/\/www.asyanakliyat.com\/hakkim\/haberler\/\">HABERLER<\/a><\/span><\/h6>\n<p>&nbsp;<\/p>\n<p>&nbsp;<\/p>\n<p>&nbsp;<\/p>\n<p>&nbsp;<\/p>\n<p>&nbsp;<\/p>\n<p>&nbsp;<\/p>\n<p>&nbsp;<\/p>\n<p>&nbsp;<\/p>\n<p>&nbsp;<\/p>\n<p>&nbsp;<\/p>\n<p>&nbsp;<\/p>\n<p>&nbsp;<\/p>\n<p>&nbsp;<\/p>\n<p>&nbsp;<\/p>\n<p>&nbsp;<\/p>\n<p>&nbsp;<\/p>\n<p>&nbsp;<\/p>\n<p>&nbsp;<\/p>\n<p>&nbsp;<\/p>\n<p>&nbsp;<\/p>\n<p>&nbsp;<\/p>\n<p>&nbsp;<\/p>\n<p>&nbsp;<\/p>\n<p>&nbsp;<\/p>\n<p>&nbsp;<\/p>\n<p>&nbsp;<\/p>\n<p>&nbsp;<\/p>\n<p>[\/vc_column_text][\/vc_column][vc_column width=&#8221;3\/4&#8243;][vc_separator][vc_column_text]<\/p>\n<h4 style=\"text-align: justify;\"><span style=\"color: #3b78ab;\">\u0130leti\u015fim halinde oldu\u011fumuz g\u00f6revlilerin, i\u015f ortaklar\u0131n\u0131n, m\u00fc\u015fterilerin ve tedarik\u00e7ilerin gizlili\u011fini korumay\u0131 taahh\u00fct etmekteyiz. Hedefimiz; hizmetlerimizi en y\u00fcksek d\u00fczeyde profesyonellik ve dikkat ile sa\u011flamakt\u0131r. Hizmetlerimizi sa\u011flarken, bazen \u00f6zel bilgileri toplamam\u0131z ve bize verilen \u00f6zel bilgileri kullanmam\u0131z gerekebilmektedir; fakat bu bilgileri yaln\u0131zca bizim i\u00e7in izin verilen ama\u00e7la kullanaca\u011f\u0131m\u0131z\u0131 ve bilgileri yaln\u0131zca ve mutlak surette \u2018bilinmesi gerekti\u011finde\u2019 ve \u00f6nceden izin alarak \u00fc\u00e7\u00fcnc\u00fc taraflara a\u00e7\u0131klayaca\u011f\u0131m\u0131z\u0131 taahh\u00fct etmekteyiz.<\/span><\/h4>\n<h4 style=\"text-align: justify;\"><span style=\"color: #ff6600;\">Ama\u00e7<\/span><\/h4>\n<p style=\"text-align: justify;\">T\u00fcm ki\u015fiye \u00f6zg\u00fc, hassas ve gizli bilgilerin yasal, me\u015fru, etik gerekliliklere ve m\u00fc\u015fterilerin gereksinimlerine uygun bir \u015fekilde depolanmas\u0131n\u0131, saklanmas\u0131n\u0131, kullan\u0131m ve yeniden kullan\u0131m i\u00e7in eri\u015fim sa\u011flanmas\u0131n\u0131 ve nihai olarak imha edilmesini sa\u011flamakt\u0131r.<\/p>\n<h4 style=\"text-align: justify;\"><span style=\"color: #ff6600;\">Arka Plan<\/span><\/h4>\n<p style=\"text-align: justify;\">T\u00fcm faaliyetleri boyunca Asya Nakliyat; ki\u015filer ve aileleri i\u00e7in sa\u011flanan nakliye hizmetlerine ili\u015fkin bilgileri toplamakta, saklamakta, kullanmakta ve ilgilisiyle payla\u015fmaktad\u0131r.<\/p>\n<p style=\"text-align: justify;\">Uygun g\u00fcvenli dosyalama ve ar\u015fivleme ko\u015fullar\u0131 ve imha metotlar\u0131; bilgilerin korunmas\u0131n\u0131, bilgilere eri\u015filmesini, y\u00f6netilmesini ve ayr\u0131ca ihtiya\u00e7 duyulmamas\u0131 halinde bilgilerin imha edilmesini sa\u011flayacakt\u0131r. Bize emanet edilen bilgilerin yeterli bir \u015fekilde korunmas\u0131n\u0131 ve imha edilmesini sa\u011flamak i\u00e7in uygun imha planlar\u0131 ve imha metotlar\u0131 uygulanmal\u0131d\u0131r.<\/p>\n<h4 style=\"text-align: justify;\"><span style=\"color: #ff6600;\">Kapsam<\/span><\/h4>\n<p style=\"text-align: justify;\">Asya Nakliyat\u2019\u0131n zaman zaman hizmet tedariki ger\u00e7ekle\u015ftiren t\u00fcm personeli a\u015fa\u011f\u0131da belirtilenler dahil olup bunlarla s\u0131n\u0131rl\u0131 olmamak \u00fczere ki\u015fisel ve gizli bilgilere eri\u015fmektedir;<br \/>\n&#8211; \u0130sim, do\u011fum tarihi, do\u011fum yeri<br \/>\n&#8211; Ev ve i\u015f adresleri<br \/>\n&#8211; \u00c7al\u0131\u015f\u0131lan pozisyon<br \/>\n&#8211; Pasaportun biyografik sayfalar\u0131n\u0131n kopyalar\u0131<br \/>\n&#8211; Kira kontratlari, tapular<\/p>\n<p style=\"text-align: justify;\">Bu politikan\u0131n kapsam\u0131na hem ka\u011f\u0131t \u00e7\u0131kt\u0131 halindeki veriler hem de elektronik veriler dahildir.<\/p>\n<h4 style=\"text-align: justify;\"><span style=\"color: #ff6600;\">Politika A\u00e7\u0131klamas\u0131<\/span><\/h4>\n<p style=\"text-align: justify;\">Asya Nakliyat, ki\u015fiye \u00f6zg\u00fc bilgilerin ilgili mevzuata, y\u00f6netmeliklere ve m\u00fc\u015fterilerin talimatlar\u0131na uygun bir \u015fekilde y\u00f6netilmesinin zorunlu oldu\u011funu kabul etmektedir. Bu politika Asya Nakliyat&#8217;\u0131n T\u00fcrkiye Cumhuriyeti mevzuat\u0131na ve m\u00fc\u015fterilerimizin ve s\u00f6zle\u015fmeli hizmet ger\u00e7ekle\u015ftirdi\u011fimiz b\u00f6lgesel y\u00f6netim \u015firketlerinin talep etti\u011fi standartlara uyma taahh\u00fcd\u00fcn\u00fc desteklemektedir.<\/p>\n<p style=\"text-align: justify;\">Asya Nakliyat\u2019ta \u00e7al\u0131\u015fan herkes ki\u015fiye \u00f6zg\u00fc ve gizli bilgileri dikkatli bir \u015fekilde y\u00f6netmekle ve bilgileri yaln\u0131zca izin verilen ama\u00e7larla kullanmakla sorumludur.<\/p>\n<h4 style=\"text-align: justify;\"><span style=\"color: #ff6600;\">Ka\u011f\u0131t \u00c7\u0131kt\u0131 Halindeki Kay\u0131tlar<\/span><\/h4>\n<p style=\"text-align: justify;\">Ka\u011f\u0131t \u00e7\u0131kt\u0131 halindeki kay\u0131tlar i\u00e7in saklama ko\u015fullar\u0131, yaln\u0131zca izinsiz eri\u015fim ve h\u0131rs\u0131zl\u0131\u011fa kar\u015f\u0131 de\u011fil ayn\u0131 zamanda ha\u015fereler, yang\u0131n, su, k\u00fcf ve do\u011fal afetlerin neden oldu\u011fu zarara kar\u015f\u0131 koruma sa\u011flayacak \u015fekilde tasarlanmaktad\u0131r. T\u00fcm g\u00f6revli dosyalar\u0131 g\u00fcvenli dosyalama dolaplar\u0131nda saklanmaktad\u0131r. T\u00fcm \u00e7al\u0131\u015fanlar\u0131n i\u015flemi devam eden dosyalar\u0131n her g\u00fcn bitiminde ve hafta sonlar\u0131 g\u00fcvence alt\u0131na al\u0131nmas\u0131 a\u00e7\u0131s\u0131ndan her zaman masalar\u0131n\u0131 temiz tutmalar\u0131 gerekmektedir.<\/p>\n<p style=\"text-align: justify;\">G\u00f6revlilerin pasaportlar\u0131 ve\/veya ikamet tezkereleri gibi gizli ki\u015fisel evraklar; g\u00f6zetimimiz alt\u0131nda bulunduklar\u0131 nadir durumlarda (\u00f6rne\u011fin g\u00fcmr\u00fck hizmetleri esnas\u0131nda) kilitli bir ofiste bir kasa i\u00e7erisinde muhafaza edilmelidir.<\/p>\n<p style=\"text-align: justify;\">Fiziksel g\u00f6revli dosyalar\u0131, g\u00fcvenlik a\u00e7\u0131s\u0131ndan devriye hizmetine tabi tutulan ve kapal\u0131 devre kamera sistemi ile izlenen g\u00fcvenli tesislerimizde saklanmaktad\u0131r. Tamamlanan hizmet dosyalar\u0131 10 y\u0131l s\u00fcreyle tesiste ar\u015fivlenmektedir, bununla birlikte ki\u015fiye \u00f6zg\u00fc, gizli ve hassas bilgiler; hizmet nihai olarak tamamlan\u0131p g\u00f6revli T\u00fcrkiye\u2019den ayr\u0131ld\u0131ktan sonra dosyalardan \u00e7\u0131kart\u0131lmal\u0131d\u0131r. Bu bilgiler ka\u011f\u0131t do\u011fray\u0131c\u0131da imha edilmelidir ve imha i\u015fleminin kay\u0131t alt\u0131na al\u0131nmas\u0131 amac\u0131yla dosyaya bir not d\u00fc\u015f\u00fcl\u00fcr.<\/p>\n<p style=\"text-align: justify;\">Hizmet tamamland\u0131ktan sonra, pasaport gibi gizlili\u011fi y\u00fcksek bilgilerin t\u00fcm kopyalar\u0131 imha edilmelidir ve asla ar\u015fivlenmemelidir.<\/p>\n<h4 style=\"text-align: justify;\"><span style=\"color: #ff6600;\">Elektronik Kay\u0131tlar<\/span><\/h4>\n<p style=\"text-align: justify;\">Server\u2019lar\u0131m\u0131z\u0131n ve elektronik verilerimizin g\u00fcvenli\u011fini y\u00f6netmesi i\u00e7in sayg\u0131n bir IT sa\u011flay\u0131c\u0131 ile \u00e7al\u0131\u015fmaktay\u0131z. 10 y\u0131l\u0131 a\u015fk\u0131n s\u00fcredir ayn\u0131 g\u00fcvenilir IT sa\u011flay\u0131c\u0131 ile bir g\u00fcvenlik anla\u015fmam\u0131z bulunmaktad\u0131r ve bu s\u00fcre zarf\u0131nda herhangi bir g\u00fcvenlik ihlali ya\u015fanmam\u0131\u015ft\u0131r.<\/p>\n<p style=\"text-align: justify;\">Ofisimizde yerle\u015fik olan server\u2019lar\u0131m\u0131z ve ofis d\u0131\u015f\u0131ndaki yedekleme server\u2019\u0131 IT hizmetleri sa\u011flay\u0131c\u0131m\u0131z taraf\u0131ndan izlenmekte ve bak\u0131m\u0131 yap\u0131lmaktad\u0131r. Sistemler haftal\u0131k olarak yerinde g\u00f6zden ge\u00e7irilmektedir ve g\u00fcnl\u00fck yedeklemeler ger\u00e7ekle\u015ftirilmektedir. T\u00fcm bilgisayarlar\u0131m\u0131zda anti-vir\u00fcs yaz\u0131l\u0131m\u0131 kullan\u0131lmaktad\u0131r, verilerimiz d\u00fczenli olarak yedeklenmektedir ve \u015fifreler, korunan verilerin g\u00fcvenli\u011fini tehlikeye atmayacak \u015fekilde saklanmaktad\u0131r.<\/p>\n<p style=\"text-align: justify;\">E-mail yaz\u0131\u015fmalar\u0131 ve PDF belgeleri dahil olmak \u00fczere elektronik kay\u0131tlar, bir i\u015f ihtiyac\u0131 s\u00f6z konusu oldu\u011funda veya yasal, politika ve ar\u015fiv h\u00fck\u00fcmleri ve prosed\u00fcrler muhafaza edilmesini gerektirdi\u011fi s\u00fcrece haz\u0131r, eri\u015filebilir, kurtar\u0131labilir ve kullan\u0131labilir vaziyette olmal\u0131d\u0131r.<\/p>\n<p>[\/vc_column_text][\/vc_column][\/vc_row][vc_row][vc_column][\/vc_column][\/vc_row]<\/p>","protected":false},"excerpt":{"rendered":"<p>[vc_row][vc_column width=&#8221;1\/4&#8243; css=&#8221;.vc_custom_1458834118697{background-color: #e0e0e0 !important;}&#8221;][vc_column_text] HAKKIMIZDA EK\u0130P \u00dcYEL\u0130KLER \u00c7EVRE POL\u0130T\u0130KAMIZ K\u0130\u015e\u0130YE \u00d6ZG\u00dc B\u0130LG\u0130LER VE G\u0130ZL\u0130L\u0130K POL\u0130T\u0130KAMIZ YOLSUZLUK VE R\u00dc\u015eVETLE M\u00dcCADELE POL\u0130T\u0130KAMIZ KURUMSAL VE SOSYAL SORUMLULUK POL\u0130T\u0130KAMIZ [&hellip;]<\/p>\n","protected":false},"author":1,"featured_media":0,"parent":91,"menu_order":0,"comment_status":"closed","ping_status":"closed","template":"","meta":{"footnotes":""},"class_list":["post-213","page","type-page","status-publish","hentry"],"_links":{"self":[{"href":"https:\/\/asyanakliyat.com\/tr\/wp-json\/wp\/v2\/pages\/213","targetHints":{"allow":["GET"]}}],"collection":[{"href":"https:\/\/asyanakliyat.com\/tr\/wp-json\/wp\/v2\/pages"}],"about":[{"href":"https:\/\/asyanakliyat.com\/tr\/wp-json\/wp\/v2\/types\/page"}],"author":[{"embeddable":true,"href":"https:\/\/asyanakliyat.com\/tr\/wp-json\/wp\/v2\/users\/1"}],"replies":[{"embeddable":true,"href":"https:\/\/asyanakliyat.com\/tr\/wp-json\/wp\/v2\/comments?post=213"}],"version-history":[{"count":19,"href":"https:\/\/asyanakliyat.com\/tr\/wp-json\/wp\/v2\/pages\/213\/revisions"}],"predecessor-version":[{"id":769,"href":"https:\/\/asyanakliyat.com\/tr\/wp-json\/wp\/v2\/pages\/213\/revisions\/769"}],"up":[{"embeddable":true,"href":"https:\/\/asyanakliyat.com\/tr\/wp-json\/wp\/v2\/pages\/91"}],"wp:attachment":[{"href":"https:\/\/asyanakliyat.com\/tr\/wp-json\/wp\/v2\/media?parent=213"}],"curies":[{"name":"wp","href":"https:\/\/api.w.org\/{rel}","templated":true}]}}