{"id":134,"date":"2016-03-23T19:08:30","date_gmt":"2016-03-23T19:08:30","guid":{"rendered":"http:\/\/www.atalaywebhosting.com\/demo\/asya\/?page_id=134"},"modified":"2016-05-04T11:08:10","modified_gmt":"2016-05-04T11:08:10","slug":"environmental-policy","status":"publish","type":"page","link":"https:\/\/asyanakliyat.com\/tr\/hakkim-2\/environmental-policy\/","title":{"rendered":"\u00c7EVRE POL\u0130T\u0130KAMIZ"},"content":{"rendered":"<p>[vc_row][vc_column width=&#8221;1\/4&#8243; css=&#8221;.vc_custom_1458832881148{background-color: #e0e0e0 !important;}&#8221;][vc_column_text]<\/p>\n<h6><span style=\"color: #999999;\"><a style=\"color: #999999;\" href=\"https:\/\/www.asyanakliyat.com\/hakkim\/\">HAKKIMIZDA<br \/>\n<\/a><\/span><br \/>\n<span style=\"color: #999999;\"> <a style=\"color: #999999;\" href=\"https:\/\/www.asyanakliyat.com\/ekip\/\">EK\u0130P<br \/>\n<\/a><\/span><br \/>\n<span style=\"color: #999999;\"> <a style=\"color: #999999;\" href=\"https:\/\/www.asyanakliyat.com\/memberships\/\">\u00dcYEL\u0130KLER<\/a><br \/>\n<\/span><br \/>\n<span style=\"color: #999999;\"> <a style=\"color: #999999;\" href=\"https:\/\/www.asyanakliyat.com\/environmental-policy\/\"><span style=\"color: #ff6600;\">\u00c7EVRE POL\u0130T\u0130KAMIZ<\/span><br \/>\n<\/a><\/span><br \/>\n<a style=\"color: #999999;\" href=\"https:\/\/www.asyanakliyat.com\/kurumsal-ve-sosyal-sorumluluk-politikamiz\/\">KURUMSAL VE SOSYAL<\/a><br \/>\n<span style=\"color: #999999;\"><a style=\"color: #999999;\" href=\"https:\/\/www.asyanakliyat.com\/kurumsal-ve-sosyal-sorumluluk-politikamiz\/\">SORUMLULUK POL\u0130T\u0130KAMIZ<\/a><\/span><\/h6>\n<h6><span style=\"color: #999999;\"><a style=\"color: #999999;\" href=\"https:\/\/www.asyanakliyat.com\/Politikalarimiz.pdf\">POL\u0130T\u0130KALARIMIZ<\/a><br \/>\n<\/span><br \/>\n<span style=\"color: #999999;\"> <a style=\"color: #999999;\" href=\"https:\/\/www.asyanakliyat.com\/hakkim\/haberler\/\">HABERLER<\/a><\/span><\/h6>\n<p>&nbsp;<\/p>\n<p>&nbsp;<\/p>\n<p>&nbsp;<\/p>\n<p>[\/vc_column_text][\/vc_column][vc_column width=&#8221;3\/4&#8243;][vc_separator][vc_column_text]<\/p>\n<h4 style=\"text-align: justify;\"><span style=\"color: #3b78ab;\">iNANIYORUZ Ki, DO\u011eADAN ALINANLAR MUHAKKAK DO\u011eAYA GERi VERiLMELi. BU D\u00dc\u015e\u00dcNCEYLE, DO\u011eAYA OLAN KATKIMIZI ARTIRMAK i\u00c7iN T\u00dcKETiMiMiZi EN AZA iNDiRMEYE \u00c7ALI\u015eMAKTAYIZ.<\/span><\/h4>\n<p style=\"text-align: justify;\">Lider bir sanat eseri ve ev e\u015fyas\u0131 nakliyesi hizmet sa\u011flay\u0131c\u0131s\u0131 olarak, kalitemizden asla \u00f6d\u00fcn vermeden, do\u011fa \u00fczerindeki etkimizi azaltmaya adanm\u0131\u015f bir firmay\u0131z. Do\u011fam\u0131z\u0131 korumaya ve s\u00fcrd\u00fcr\u00fclebilirli\u011fini sa\u011flamaya olan ba\u011fl\u0131l\u0131\u011f\u0131m\u0131z \u00e7er\u00e7evesinde biz;<\/p>\n<p style=\"text-align: justify;\">\u2022 Geri d\u00f6n\u00fc\u015febilen ve beyazlat\u0131lmam\u0131\u015f, saf paketleme malzemesi ve karton kullanmaktay\u0131z<\/p>\n<p style=\"text-align: justify;\">\u2022 Binalar\u0131m\u0131z\u0131 enerji tasarruflu olacak \u015fekilde tasarl\u0131yoruz<\/p>\n<p style=\"text-align: justify;\">\u2022 \u00c7evre dostu yak\u0131t kullan\u0131yoruz<\/p>\n<p style=\"text-align: justify;\">\u2022 D\u00fc\u015f\u00fck enerji t\u00fcketen \u0131\u015f\u0131kland\u0131rma kullan\u0131yor, elektronik e\u015fya kullan\u0131m\u0131n\u0131 en aza indirmeye \u00e7al\u0131\u015f\u0131yoruz<\/p>\n<p style=\"text-align: justify;\">\u2022 Gereksiz su t\u00fcketimini en aza indirmeye \u00e7al\u0131\u015f\u0131yoruz<\/p>\n<p style=\"text-align: justify;\">\u2022 Sefer say\u0131s\u0131n\u0131 azaltmak amac\u0131yla g\u00f6nderileri birle\u015ftirmeye \u00e7al\u0131\u015f\u0131yoruz<\/p>\n<p style=\"text-align: justify;\">\u2022 \u00c7al\u0131\u015fanlar\u0131m\u0131z\u0131 tek ara\u00e7la seyahat edebilecekleri \u015fekilde yahut toplu ta\u015f\u0131ma ara\u00e7lar\u0131n\u0131 kullanmalar\u0131 konusunda te\u015fvik ediyoruz<\/p>\n<p style=\"text-align: justify;\">\u2022 At\u0131k \u00fcretimini en aza indirmeye, m\u00fcmk\u00fcn oldu\u011funca her \u015feyi tekrar kullanmaya ve geri d\u00f6n\u00fc\u015ft\u00fcrmeye \u00e7al\u0131\u015f\u0131yoruz<\/p>\n<p style=\"text-align: justify;\">\u2022 IT kullan\u0131m\u0131n\u0131 artt\u0131rarak k\u00e2\u011f\u0131t t\u00fcketimini azaltmay\u0131 ama\u00e7l\u0131yoruz<\/p>\n<p style=\"text-align: justify;\">\u2022 Suda \u00e7\u00f6z\u00fcnen boya ve vernik ile \u00e7\u00f6z\u00fcc\u00fc i\u00e7ermeyen katk\u0131 maddeleri kullan\u0131yoruz<\/p>\n<p style=\"text-align: justify;\">\u2022 Tedarik\u00e7ilerimizin de enerji dostu olmas\u0131na \u00f6zen g\u00f6steriyoruz<\/p>\n<p style=\"text-align: justify;\">\u2022 At\u0131k malzeme ve ka\u011f\u0131tlar\u0131 periyodik olarak TEMA Vakf\u0131na ve Tuzla Belediyesi\u2019ne ba\u011f\u0131\u015fl\u0131yoruz<\/p>\n<p>[\/vc_column_text][\/vc_column][\/vc_row][vc_row][vc_column][\/vc_column][\/vc_row]<\/p>","protected":false},"excerpt":{"rendered":"<p>[vc_row][vc_column width=&#8221;1\/4&#8243; css=&#8221;.vc_custom_1458832881148{background-color: #e0e0e0 !important;}&#8221;][vc_column_text] HAKKIMIZDA EK\u0130P \u00dcYEL\u0130KLER \u00c7EVRE POL\u0130T\u0130KAMIZ KURUMSAL VE SOSYAL SORUMLULUK POL\u0130T\u0130KAMIZ POL\u0130T\u0130KALARIMIZ HABERLER &nbsp; &nbsp; &nbsp; [\/vc_column_text][\/vc_column][vc_column width=&#8221;3\/4&#8243;][vc_separator][vc_column_text] iNANIYORUZ Ki, DO\u011eADAN ALINANLAR [&hellip;]<\/p>\n","protected":false},"author":1,"featured_media":0,"parent":91,"menu_order":0,"comment_status":"closed","ping_status":"closed","template":"","meta":{"footnotes":""},"class_list":["post-134","page","type-page","status-publish","hentry"],"_links":{"self":[{"href":"https:\/\/asyanakliyat.com\/tr\/wp-json\/wp\/v2\/pages\/134","targetHints":{"allow":["GET"]}}],"collection":[{"href":"https:\/\/asyanakliyat.com\/tr\/wp-json\/wp\/v2\/pages"}],"about":[{"href":"https:\/\/asyanakliyat.com\/tr\/wp-json\/wp\/v2\/types\/page"}],"author":[{"embeddable":true,"href":"https:\/\/asyanakliyat.com\/tr\/wp-json\/wp\/v2\/users\/1"}],"replies":[{"embeddable":true,"href":"https:\/\/asyanakliyat.com\/tr\/wp-json\/wp\/v2\/comments?post=134"}],"version-history":[{"count":20,"href":"https:\/\/asyanakliyat.com\/tr\/wp-json\/wp\/v2\/pages\/134\/revisions"}],"predecessor-version":[{"id":1032,"href":"https:\/\/asyanakliyat.com\/tr\/wp-json\/wp\/v2\/pages\/134\/revisions\/1032"}],"up":[{"embeddable":true,"href":"https:\/\/asyanakliyat.com\/tr\/wp-json\/wp\/v2\/pages\/91"}],"wp:attachment":[{"href":"https:\/\/asyanakliyat.com\/tr\/wp-json\/wp\/v2\/media?parent=134"}],"curies":[{"name":"wp","href":"https:\/\/api.w.org\/{rel}","templated":true}]}}