{"id":132,"date":"2016-03-23T19:06:02","date_gmt":"2016-03-23T19:06:02","guid":{"rendered":"http:\/\/www.atalaywebhosting.com\/demo\/asya\/?page_id=132"},"modified":"2025-09-12T10:28:21","modified_gmt":"2025-09-12T10:28:21","slug":"memberships","status":"publish","type":"page","link":"https:\/\/asyanakliyat.com\/tr\/hakkim-2\/memberships\/","title":{"rendered":"\u00dcyelikler"},"content":{"rendered":"<p>[vc_row][vc_column width=&#8221;1\/4&#8243; css=&#8221;.vc_custom_1458829823332{background-color: #e0e0e0 !important;}&#8221;][vc_column_text]<\/p>\n<h6><span style=\"color: #999999;\"><a style=\"color: #999999;\" href=\"https:\/\/www.asyanakliyat.com\/hakkim\/\">HAKKIMIZDA<\/a><\/span><\/h6>\n<p><span style=\"color: #999999;\"><a style=\"color: #999999;\" href=\"https:\/\/www.asyanakliyat.com\/ekip\/\">EKiP<\/a><\/span><\/p>\n<p><span style=\"color: #999999;\"><a style=\"color: #999999;\" href=\"https:\/\/www.asyanakliyat.com\/memberships\/\"><span style=\"color: #ff6600;\">\u00dcYELiKLER<\/span><\/a><\/span><\/p>\n<p><span style=\"color: #999999;\"><a style=\"color: #999999;\" href=\"https:\/\/www.asyanakliyat.com\/hakkim\/kalite-yonetimi\/kisisel-verilerin-korunmasi-ve-islenmesi-politikasi\/\">KAL\u0130TE Y\u00d6NET\u0130M\u0130<\/a><\/span><\/p>\n<p><span style=\"color: #999999;\"><a style=\"color: #999999;\" href=\"https:\/\/www.asyanakliyat.com\/hakkim\/kalite-yonetimi\/kisisel-verilerin-korunmasi-ve-islenmesi-politikasi\/\">&#8211; Ki\u015fisel Verilerin Korunmas\u0131 ve \u0130\u015flenmesi Politikas\u0131<\/a><\/span><\/p>\n<p><span style=\"color: #999999;\"><a style=\"color: #999999;\" href=\"https:\/\/www.asyanakliyat.com\/hakkim\/kalite-yonetimi\/kisisel-veri-saklama-ve-imha-politikasi\/\">&#8211; Ki\u015fisel Veri Saklama ve \u0130mha Politikas\u0131<\/a><\/span><\/p>\n<p><span style=\"color: #999999;\"><a style=\"color: #999999;\" href=\"https:\/\/www.asyanakliyat.com\/hakkim\/kalite-yonetimi\/cerez-politikalari\/\">&#8211; \u00c7erez Politikalar\u0131<\/a><\/span><\/p>\n<p><span style=\"color: #999999;\"><a style=\"color: #999999;\" href=\"https:\/\/www.asyanakliyat.com\/hakkim\/kalite-yonetimi\/veri-sahibinin-acik-riza-beyan-formu\/\">&#8211; Veri Sahibinin A\u00e7\u0131k R\u0131za Beyan Formu<\/a><\/span><\/p>\n<p><span style=\"color: #999999;\"><a style=\"color: #999999;\" href=\"https:\/\/www.asyanakliyat.com\/hakkim\/kalite-yonetimi\/veri-sahibi-basvuru-formu\/\">&#8211; Veri Sahibi Ba\u015fvuru Formu<\/a><\/span><\/p>\n<p><span style=\"color: #999999;\"><a style=\"color: #999999;\" href=\"https:\/\/www.asyanakliyat.com\/hakkim\/kalite-yonetimi\/kisisel-verilerin-islenmesi-ve-aktarimina-iliskin-bilgilendirme-formu\/\">&#8211; Ki\u015fisel Verilerin \u0130\u015flenmesi ve Aktar\u0131m\u0131na \u0130li\u015fkin Bilgilendirme (Ayd\u0131nlatma) Formu<\/a><\/span><\/p>\n<p><span style=\"color: #999999;\"><a style=\"color: #999999;\" href=\"https:\/\/www.asyanakliyat.com\/wp-content\/uploads\/2016\/03\/corporate-sustainability-program.pdf\" target=\"_blank\" rel=\"noopener\">&#8211; Kurumsal S\u00fcrd\u00fcr\u00fclebilirlik Program\u0131<\/a><\/span><\/p>\n<p><span style=\"color: #999999;\"><a style=\"color: #999999;\" href=\"https:\/\/www.asyanakliyat.com\/wp-content\/uploads\/2016\/03\/rekabet-ve-anti-trost-politikasi.pdf\" target=\"_blank\" rel=\"noopener\">&#8211; Rekabet Kurallar\u0131 ve Anti Tr\u00f6st Politikas\u0131<\/a><\/span><\/p>\n<p><span style=\"color: #999999;\"><a style=\"color: #999999;\" href=\"https:\/\/www.asyanakliyat.com\/wp-content\/uploads\/2016\/03\/yolsuzluk-ve-rusvetle-m\u00fccadele.pdf\" target=\"_blank\" rel=\"noopener\">&#8211; Yolsuzluk ve R\u00fc\u015fvetle M\u00fccadele Politikas\u0131<\/a><\/span><\/p>\n<p><a href=\"https:\/\/www.asyanakliyat.com\/policies\/\"><span style=\"color: #999999;\">POLiTiKALARIMIZ<\/span><\/a><\/p>\n<p><a href=\"https:\/\/www.asyanakliyat.com\/wp-content\/uploads\/2016\/03\/bilgi-guvenligi-politikasi.pdf\" target=\"_blank\" rel=\"noopener\"><span style=\"color: #999999;\">Bilgi G\u00fcvenli\u011fi Politikas\u0131<\/span><\/a><\/p>\n<p><a href=\"https:\/\/www.asyanakliyat.com\/wp-content\/uploads\/2016\/03\/BRANCH-RESPONSIBILITY-STATEMENT.pdf\" target=\"_blank\" rel=\"noopener\"><span style=\"color: #999999;\">\u015eube Sorumluluk Beyan\u0131<\/span><\/a><\/p>\n<p><a href=\"https:\/\/www.asyanakliyat.com\/wp-content\/uploads\/2016\/03\/ATC-Charter.pdf\" target=\"_blank\" rel=\"noopener\"><span style=\"color: #999999;\">Anti-Tr\u00f6st Beyannamesi<\/span><\/a><\/p>\n<p><a href=\"https:\/\/www.asyanakliyat.com\/wp-content\/uploads\/2016\/03\/ABC-Charter.pdf\" target=\"_blank\" rel=\"noopener\"><span style=\"color: #999999;\">R\u00fc\u015fvet ve Yolsuzlukla M\u00fccadele Beyannamesi<\/span><\/a><\/p>\n<p><span style=\"color: #999999;\"><a style=\"color: #999999;\" href=\"https:\/\/www.asyanakliyat.com\/hakkim\/haberler\/\">HABERLER<\/a><\/span><\/p>\n<h6><\/h6>\n<p>[\/vc_column_text]<\/p>\n<div style=\"text-align: center; background: #fcfcfc; margin: 0 -15px; margin-bottom: -15px; padding-top: 94px;\">\n<p><img decoding=\"async\" style=\"height: 60px;\" src=\"https:\/\/www.asyanakliyat.com\/wp-content\/uploads\/2016\/03\/faim22.png\" \/><\/p>\n<div style=\"width: 640px;\" class=\"wp-video\"><video class=\"wp-video-shortcode\" id=\"video-132-1\" width=\"640\" height=\"360\" preload=\"metadata\" controls=\"controls\"><source type=\"video\/mp4\" src=\"https:\/\/asyanakliyat.com\/upload\/FIDI_FAIM_Asya_Nakliyat.mp4?_=1\" \/><a href=\"https:\/\/asyanakliyat.com\/upload\/FIDI_FAIM_Asya_Nakliyat.mp4\">https:\/\/asyanakliyat.com\/upload\/FIDI_FAIM_Asya_Nakliyat.mp4<\/a><\/video><\/div>\n<\/div>\n<p>[\/vc_column][vc_column width=&#8221;3\/4&#8243;][vc_separator][vc_separator style=&#8221;shadow&#8221;][vc_column_text]<\/p>\n<h4 style=\"text-align: justify;\"><span style=\"color: #3b78ab;\">T\u00dcM D\u00dcNYADA SEKT\u00d6R\u00dcM\u00dcZ\u00dcN EN SE\u00c7KiN KURUMLARINA \u00dcYE OLMAKTAN GURUR DUYUYORUZ.<br \/>\n<\/span><\/h4>\n<p>Bizleri se\u00e7en m\u00fc\u015fterilerimizin sekt\u00f6r\u00fcn en y\u00fcksek standartlar\u0131nda hizmet ald\u0131\u011f\u0131ndan emin olmak i\u00e7in, t\u00fcm bu kurumlar\u0131n kurallar\u0131n\u0131 benimsemeye \u00f6nem g\u00f6steren bir firmay\u0131z.<\/p>\n<p>G\u00fc\u00e7l\u00fc i\u015fbirliklerimiz sayesinde d\u00fcnya \u00e7ap\u0131nda 500\u2019den fazla se\u00e7kin nakliyeci a\u011f\u0131na eri\u015fme \u015fans\u0131m\u0131z bulunmaktad\u0131r. S\u00f6z konusu i\u015fbirlikleri sayesinde m\u00fc\u015fterilerimize bastan sona kusursuz bir hizmet verme imk\u00e2n\u0131na sahip bulunmaktay\u0131z.<\/p>\n<table style=\"height: %100;\" width=\"%100\">\n<tbody>\n<tr>\n<td style=\"text-align: left;\" rowspan=\"7\"><img loading=\"lazy\" decoding=\"async\" class=\"alignnone wp-image-1164\" src=\"https:\/\/www.asyanakliyat.com\/wp-content\/uploads\/2016\/03\/0001-115x300.jpg\" alt=\"0001\" width=\"159\" height=\"415\" srcset=\"https:\/\/asyanakliyat.com\/wp-content\/uploads\/2016\/03\/0001-115x300.jpg 115w, https:\/\/asyanakliyat.com\/wp-content\/uploads\/2016\/03\/0001-56x146.jpg 56w, https:\/\/asyanakliyat.com\/wp-content\/uploads\/2016\/03\/0001-19x50.jpg 19w, https:\/\/asyanakliyat.com\/wp-content\/uploads\/2016\/03\/0001-29x75.jpg 29w, https:\/\/asyanakliyat.com\/wp-content\/uploads\/2016\/03\/0001.jpg 188w\" sizes=\"auto, (max-width: 159px) 100vw, 159px\" \/><\/td>\n<td style=\"text-align: left;\">International Convention of Exhibition and Fine Art Transporters<br \/>\n<a href=\"http:\/\/www.icefat.org\/\" target=\"_blank\" rel=\"noopener\">www.icefat.org<br \/>\n<\/a><\/td>\n<\/tr>\n<tr>\n<td style=\"text-align: left;\">\u00a0F\u00e9dr\u00e9ration Internationale des D\u00e9m\u00e9nageurs Intenationaux<br \/>\n<a href=\"http:\/\/www.fidi.org\/\" target=\"_blank\" rel=\"noopener\">www.fidi.org<\/a><\/td>\n<\/tr>\n<tr>\n<td style=\"text-align: left;\">Overseas Moving Network International<br \/>\n<a href=\"http:\/\/www.omnimoving.com\/\" target=\"_blank\" rel=\"noopener\">www.omnimoving.com<\/a><\/td>\n<\/tr>\n<tr>\n<td style=\"text-align: left;\">One Group<br \/>\n<a href=\"http:\/\/www.one-group.org\/\" target=\"_blank\" rel=\"noopener\">www.one-group.org<\/a><\/td>\n<\/tr>\n<tr>\n<td style=\"text-align: left;\">International Association of Movers<br \/>\n<a href=\"http:\/\/www.iamovers.org\/\" target=\"_blank\" rel=\"noopener\">www.iamovers.org<\/a><\/td>\n<\/tr>\n<tr>\n<td style=\"text-align: left;\">International Air Transport Association<br \/>\n<a href=\"http:\/\/www.iata.org\/\" target=\"_blank\" rel=\"noopener\">www.iata.org<\/a><\/td>\n<\/tr>\n<tr>\n<td style=\"text-align: left;\">Uluslararasi Nakliyeciler Dernegi<br \/>\n<a href=\"http:\/\/www.und.org.tr\/\" target=\"_blank\" rel=\"noopener\">www.und.org.tr<\/a><\/td>\n<\/tr>\n<\/tbody>\n<\/table>\n<p>[\/vc_column_text][\/vc_column][\/vc_row][vc_row][vc_column][\/vc_column][\/vc_row]<\/p>","protected":false},"excerpt":{"rendered":"<p>[vc_row][vc_column width=&#8221;1\/4&#8243; css=&#8221;.vc_custom_1458829823332{background-color: #e0e0e0 !important;}&#8221;][vc_column_text] HAKKIMIZDA EKiP \u00dcYELiKLER KAL\u0130TE Y\u00d6NET\u0130M\u0130 &#8211; Ki\u015fisel Verilerin Korunmas\u0131 ve \u0130\u015flenmesi Politikas\u0131 &#8211; Ki\u015fisel Veri Saklama ve \u0130mha Politikas\u0131 &#8211; \u00c7erez [&hellip;]<\/p>\n","protected":false},"author":1,"featured_media":0,"parent":91,"menu_order":0,"comment_status":"closed","ping_status":"closed","template":"","meta":{"footnotes":""},"class_list":["post-132","page","type-page","status-publish","hentry"],"_links":{"self":[{"href":"https:\/\/asyanakliyat.com\/tr\/wp-json\/wp\/v2\/pages\/132","targetHints":{"allow":["GET"]}}],"collection":[{"href":"https:\/\/asyanakliyat.com\/tr\/wp-json\/wp\/v2\/pages"}],"about":[{"href":"https:\/\/asyanakliyat.com\/tr\/wp-json\/wp\/v2\/types\/page"}],"author":[{"embeddable":true,"href":"https:\/\/asyanakliyat.com\/tr\/wp-json\/wp\/v2\/users\/1"}],"replies":[{"embeddable":true,"href":"https:\/\/asyanakliyat.com\/tr\/wp-json\/wp\/v2\/comments?post=132"}],"version-history":[{"count":67,"href":"https:\/\/asyanakliyat.com\/tr\/wp-json\/wp\/v2\/pages\/132\/revisions"}],"predecessor-version":[{"id":1589,"href":"https:\/\/asyanakliyat.com\/tr\/wp-json\/wp\/v2\/pages\/132\/revisions\/1589"}],"up":[{"embeddable":true,"href":"https:\/\/asyanakliyat.com\/tr\/wp-json\/wp\/v2\/pages\/91"}],"wp:attachment":[{"href":"https:\/\/asyanakliyat.com\/tr\/wp-json\/wp\/v2\/media?parent=132"}],"curies":[{"name":"wp","href":"https:\/\/api.w.org\/{rel}","templated":true}]}}