{"id":1318,"date":"2020-01-23T07:30:53","date_gmt":"2020-01-23T07:30:53","guid":{"rendered":"http:\/\/www.asyanakliyat.com\/?page_id=1318"},"modified":"2025-09-10T08:16:49","modified_gmt":"2025-09-10T08:16:49","slug":"kisisel-verilerin-islenmesi-ve-aktarimina-iliskin-bilgilendirme-formu","status":"publish","type":"page","link":"https:\/\/asyanakliyat.com\/tr\/hakkim-2\/kalite-yonetimi\/kisisel-verilerin-islenmesi-ve-aktarimina-iliskin-bilgilendirme-formu\/","title":{"rendered":"Ki\u015fisel Verilerin \u0130\u015flenmesi ve Aktar\u0131m\u0131na \u0130li\u015fkin Bilgilendirme (Ayd\u0131nlatma) Formu"},"content":{"rendered":"<p>[vc_row][vc_column width=&#8221;1\/4&#8243; css=&#8221;.vc_custom_1458828995319{background-color: #e0e0e0 !important;}&#8221;][vc_column_text]<\/p>\n<h6><span style=\"color: #999999;\"><a style=\"color: #999999;\" href=\"https:\/\/www.asyanakliyat.com\/hakkim\/\">HAKKIMIZDA<\/a><\/span><\/p>\n<p><span style=\"color: #999999;\"><a style=\"color: #999999;\" href=\"https:\/\/www.asyanakliyat.com\/ekip\/\">EKiP<\/a><\/span><\/p>\n<p><span style=\"color: #999999;\"><a style=\"color: #999999;\" href=\"https:\/\/www.asyanakliyat.com\/memberships\/\">\u00dcYELiKLER<\/a><\/span><\/p>\n<p><span style=\"color: #999999;\"><a style=\"color: #999999;\" href=\"https:\/\/www.asyanakliyat.com\/hakkim\/kalite-yonetimi\/kisisel-verilerin-korunmasi-ve-islenmesi-politikasi\/\">KAL\u0130TE Y\u00d6NET\u0130M\u0130<\/a><\/span><\/p>\n<p><span style=\"color: #999999;\"><a style=\"color: #999999;\" href=\"https:\/\/www.asyanakliyat.com\/hakkim\/kalite-yonetimi\/iso-9001-kalite-politikamiz\/\">&#8211; ISO 9001 Kalite Politikam\u0131z<\/a><\/span><\/p>\n<p><span style=\"color: #999999;\"><a style=\"color: #999999;\" href=\"https:\/\/www.asyanakliyat.com\/hakkim\/kalite-yonetimi\/kisisel-verilerin-korunmasi-ve-islenmesi-politikasi\/\">&#8211; Ki\u015fisel Verilerin Korunmas\u0131 ve \u0130\u015flenmesi Politikas\u0131<\/a><\/span><\/p>\n<p><span style=\"color: #999999;\"><a style=\"color: #999999;\" href=\"https:\/\/www.asyanakliyat.com\/hakkim\/kalite-yonetimi\/kisisel-veri-saklama-ve-imha-politikasi\/\">&#8211; Ki\u015fisel Veri Saklama ve \u0130mha Politikas\u0131<\/a><\/span><\/p>\n<p><span style=\"color: #999999;\"><a style=\"color: #999999;\" href=\"https:\/\/www.asyanakliyat.com\/hakkim\/kalite-yonetimi\/cerez-politikalari\/\">&#8211; \u00c7erez Politikalar\u0131<\/a><\/span><\/p>\n<p><span style=\"color: #999999;\"><a style=\"color: #999999;\" href=\"https:\/\/www.asyanakliyat.com\/hakkim\/kalite-yonetimi\/veri-sahibinin-acik-riza-beyan-formu\/\">&#8211; Veri Sahibinin A\u00e7\u0131k R\u0131za Beyan Formu<\/a><\/span><\/p>\n<p><span style=\"color: #999999;\"><a style=\"color: #999999;\" href=\"https:\/\/www.asyanakliyat.com\/hakkim\/kalite-yonetimi\/veri-sahibi-basvuru-formu\/\">&#8211; Veri Sahibi Ba\u015fvuru Formu<\/a><\/span><\/p>\n<p><span style=\"color: #999999;\"><a style=\"color: #999999;\" href=\"https:\/\/www.asyanakliyat.com\/hakkim\/kalite-yonetimi\/kisisel-verilerin-islenmesi-ve-aktarimina-iliskin-bilgilendirme-formu\/\"><span style=\"color: #ff6600;\">&#8211; Ki\u015fisel Verilerin \u0130\u015flenmesi ve Aktar\u0131m\u0131na \u0130li\u015fkin Bilgilendirme (Ayd\u0131nlatma) Formu<\/span><\/a><\/span><\/p>\n<p><span style=\"color: #999999;\"><a style=\"color: #999999;\" href=\"https:\/\/www.asyanakliyat.com\/wp-content\/uploads\/2016\/03\/corporate-sustainability-program.pdf\" target=\"_blank\" rel=\"noopener\">&#8211; Kurumsal S\u00fcrd\u00fcr\u00fclebilirlik Program\u0131<\/a><\/span><\/p>\n<p><a href=\"https:\/\/www.asyanakliyat.com\/policies\/\"><span style=\"color: #999999;\">POLiTiKALARIMIZ<\/span><\/a><\/p>\n<p><a href=\"https:\/\/www.asyanakliyat.com\/wp-content\/uploads\/2016\/03\/bilgi-guvenligi-politikasi.pdf\" target=\"_blank\" rel=\"noopener\"><span style=\"color: #999999;\">Bilgi G\u00fcvenli\u011fi Politikas\u0131<\/span><\/a><\/p>\n<p><a href=\"https:\/\/www.asyanakliyat.com\/wp-content\/uploads\/2016\/03\/BRANCH-RESPONSIBILITY-STATEMENT.pdf\" target=\"_blank\" rel=\"noopener\"><span style=\"color: #999999;\">\u015eube Sorumluluk Beyan\u0131<\/span><\/a><\/p>\n<p><a href=\"https:\/\/www.asyanakliyat.com\/wp-content\/uploads\/2016\/03\/ATC-Charter.pdf\" target=\"_blank\" rel=\"noopener\"><span style=\"color: #999999;\">Anti-Tr\u00f6st Beyannamesi<\/span><span style=\"color: #999999;\"><\/span><\/a><\/p>\n<p><a href=\"https:\/\/www.asyanakliyat.com\/wp-content\/uploads\/2016\/03\/ABC-Charter.pdf\" target=\"_blank\" rel=\"noopener\"><span style=\"color: #999999;\">R\u00fc\u015fvet ve Yolsuzlukla M\u00fccadele Beyannamesi<\/span><span style=\"color: #999999;\"><\/span><\/a><\/p>\n<p><span style=\"color: #999999;\"><a style=\"color: #999999;\" href=\"https:\/\/www.asyanakliyat.com\/hakkim\/haberler\/\">HABERLER<\/a><\/span><br \/>\n<\/h6>\n<h6><\/h6>\n<p>[\/vc_column_text][\/vc_column][vc_column width=&#8221;3\/4&#8243;][vc_separator][vc_separator style=&#8221;dashed&#8221;][vc_column_text]<\/p>\n<h4 style=\"text-align: left;\"><span style=\"color: #3b78ab;\">KAL\u0130TE Y\u00d6NET\u0130M\u0130<\/span><\/h4>\n<div>\n<h4 align=\"left\"><span style=\"color: #3b78ab;\">K\u0130\u015e\u0130SEL VER\u0130LER\u0130N \u0130\u015eLENMES\u0130 VE AKTARIMINA \u0130L\u0130\u015eK\u0130N B\u0130LG\u0130LEND\u0130RME (AYDINLATMA) FORMU<\/span><\/h4>\n<p>\u0130ndirmek i\u00e7in <a href=\"https:\/\/www.asyanakliyat.com\/KVKK-FR-03-bilgilendirme-ayd\u0131nlatma-formu.pdf\" target=\"_blank\">t\u0131klay\u0131n\u0131z<\/a><\/p>\n<p>07.04.2016 tarihinde Resmi Gazete&rsquo;de yay\u0131nlanarak y&uuml;r&uuml;rl&uuml;\u011fe giren 6698 say\u0131l\u0131 Ki\u015fisel Verilerin Korunmas\u0131 Kanunu (&ldquo;KVKK&rdquo;) kapsam\u0131nda <strong>&ldquo;Veri Sorumlusu&rdquo; <\/strong>s\u0131fat\u0131na sahip olan <strong>&ldquo;Asya Nakliyat Tic. Ltd. \u015eti&rdquo; (bundan sonra Firma olarak an\u0131lacakt\u0131r) <\/strong>&nbsp;ile payla\u015fm\u0131\u015f oldu\u011funuz ki\u015fisel verileriniz, \u015eirketimiz taraf\u0131ndan, Kanun ve ikincil mevzuatta belirtilen esaslara uygun olmak \u015fart\u0131yla, a\u015fa\u011f\u0131da belirtilen ama&ccedil; ve esaslarda i\u015flenebilir1 ve &uuml;&ccedil;&uuml;nc&uuml; ki\u015filere aktar\u0131labilir.<\/p>\n<p>&nbsp;<span style=\"color: #ff6600;\"><u>Ki\u015fisel Verilerinizin Toplanma Y&ouml;ntemi<\/u><\/span>: Ki\u015fisel verileriniz, otomatik ya da otomatik olmayan y&ouml;ntemlerle, Firmam\u0131za ait internet sitesi, sosyal medya mecralar\u0131 ve benzeri vas\u0131talarla s&ouml;zl&uuml;, yaz\u0131l\u0131 ya da elektronik olarak toplanmaktad\u0131r. Ki\u015fisel verileriniz, Firmam\u0131z taraf\u0131ndan verilen hizmetlerden yararland\u0131\u011f\u0131n\u0131z s&uuml;rece, Firmam\u0131z\u0131 arad\u0131\u011f\u0131n\u0131zda, Firmam\u0131za i\u015f ba\u015fvurusu yapt\u0131\u011f\u0131n\u0131zda, Firmam\u0131z Merkez ve \u015fubelerini, web sitesini ve sosyal medya hesaplar\u0131n\u0131 ziyaret etti\u011finizde toplanabilecek, g&uuml;ncellenebilecek ve i\u015flenebilecektir.<\/p>\n<p>&nbsp;<span style=\"color: #ff6600;\"><u>Ki\u015fisel Verilerinizin \u0130\u015flenme Amac\u0131 ve Nedeni<\/u><\/span>: Firma sunmu\u015f oldu\u011funuz Ki\u015fisel Verileriniz, veri sorumlusu s\u0131fat\u0131yla Firma taraf\u0131ndan verilen hizmetin i&ccedil;eri\u011fine g&ouml;re ithalat, ihracat, depolama ve\/ veya g&uuml;mr&uuml;kleme i\u015flemlerinin yerine getirilmesi ama&ccedil; ve kapsam\u0131nda i\u015flemektedir.<\/p>\n<p><span style=\"color: #ff6600;\"><u>Ki\u015fisel Verilerinizin Aktar\u0131m\u0131 <\/u><\/span>: Toplanan ki\u015fisel verileriniz; yukar\u0131da belirtilen sebepler, ama&ccedil;lar ve Kanun&rsquo;da yer alan d&uuml;zenlemeler &ccedil;er&ccedil;evesinde; Firmam\u0131z taraf\u0131ndan d&acirc;hili olarak kullan\u0131laca\u011f\u0131 gibi, Sosyal G&uuml;venlik Kurumu, Ticaret Bakanl\u0131\u011f\u0131 (g&uuml;mr&uuml;k i\u015flemleri i&ccedil;in), Vergi Daireleri ve kanunen yetkili di\u011fer kamu kurumlar\u0131, faaliyetlerimizi y&uuml;r&uuml;tebilmek amac\u0131yla i\u015fbirli\u011fi yapt\u0131\u011f\u0131m\u0131z kurum ve kurulu\u015flarla, verilerin saklanmas\u0131 i&ccedil;in hizmetlerinden faydaland\u0131\u011f\u0131m\u0131z, fiziksel server ve\/veya bulut hizmeti ald\u0131\u011f\u0131m\u0131z yurt i&ccedil;i\/yurt d\u0131\u015f\u0131 ki\u015fi ve kurumlarla, ticari elektronik iletilerin g&ouml;nderilmesi konusunda hizmet ald\u0131\u011f\u0131m\u0131z yurt i&ccedil;i\/yurt d\u0131\u015f\u0131 firmalarla, anla\u015fmal\u0131 oldu\u011fumuz bankalarla, uluslararas\u0131 sertifikasyon sahibi &ouml;deme kurulu\u015flar\u0131yla ya da yurti&ccedil;i\/yurtd\u0131\u015f\u0131 di\u011fer i\u015f ortaklar\u0131m\u0131zla, kanunen yetkili kamu kurumlar\u0131 ve &ouml;zel ki\u015filere yurti&ccedil;i ve yurtd\u0131\u015f\u0131nda KVKK&rsquo;n\u0131n 8. ve 9. maddelerinde belirtilen ki\u015fisel veri i\u015fleme \u015fartlar\u0131 ve ama&ccedil;lar\u0131 &ccedil;er&ccedil;evesinde payla\u015f\u0131labilecektir.<\/p>\n<p><span style=\"color: #ff6600;\"><u>Veri Sahibi Olarak Haklar\u0131n\u0131z<\/u><\/span>: Ki\u015fisel Verilerinizin i\u015flenmesi ile ilgili olarak Veri Sorumlusu olan \u015eirketimize ba\u015fvurarak:<\/p>\n<ol>\n<li>Ki\u015fisel verinizin i\u015flenip i\u015flenmedi\u011fini &ouml;\u011frenme,<\/li>\n<li>Ki\u015fisel veriniz i\u015flenmi\u015fse buna ili\u015fkin bilgi talep etme,<\/li>\n<li>Ki\u015fisel verilerinizin i\u015flenme amac\u0131n\u0131 ve bunlar\u0131n amac\u0131na uygun kullan\u0131l\u0131p kullan\u0131lmad\u0131\u011f\u0131n\u0131 &ouml;\u011frenme,<\/li>\n<li>Yurt i&ccedil;inde veya yurt d\u0131\u015f\u0131nda ki\u015fisel verilerinizin aktar\u0131ld\u0131\u011f\u0131 &uuml;&ccedil;&uuml;nc&uuml; ki\u015fileri bilme,<\/li>\n<li>Ki\u015fisel verilerinizin eksik veya yanl\u0131\u015f i\u015flenmi\u015f olmas\u0131 h&acirc;linde bunlar\u0131n d&uuml;zeltilmesini isteme,<\/li>\n<li>Kanun&rsquo;un 7. Maddesinde &ouml;ng&ouml;r&uuml;len \u015fartlar &ccedil;er&ccedil;evesinde ki\u015fisel verilerinizin silinmesini veya yok edilmesini isteme,<\/li>\n<li>Yukar\u0131da yer alan (d) ve (e) bentleri uyar\u0131nca yap\u0131lan i\u015flemlerin, ki\u015fisel verilerinizin aktar\u0131ld\u0131\u011f\u0131 &uuml;&ccedil;&uuml;nc&uuml; ki\u015filere bildirilmesini isteme,<\/li>\n<li>\u0130\u015flenen verilerin m&uuml;nhas\u0131ran otomatik sistemler vas\u0131tas\u0131yla analiz edilmesi suretiyle taraf\u0131n\u0131z aleyhine bir sonucun ortaya &ccedil;\u0131kmas\u0131na itiraz etme, ve<\/li>\n<li>Ki\u015fisel verilerinizin Kanun&rsquo;a ayk\u0131r\u0131 olarak i\u015flenmesi sebebiyle zarara u\u011framan\u0131z h&acirc;linde zarar\u0131n giderilmesini talep etme, haklar\u0131na sahip oldu\u011funuzu bilgilerinize sunar\u0131z.<\/li>\n<\/ol>\n<p>&nbsp;<\/p>\n<p>Yukar\u0131da belirtilen haklar\u0131n\u0131za ili\u015fkin taleplerinizi bir dilek&ccedil;e ile, kimlik fotokopiniz ve di\u011fer ileti\u015fim bilgilerinizi&nbsp; de&nbsp; eklemek&nbsp; suretiyle&nbsp; \u0131slak&nbsp; imzal\u0131&nbsp; olarak&nbsp; <strong>Asya Nakliyat Tic. Ltd. \u015eti.<\/strong>&nbsp; Re\u015fitpa\u015fa Mah. De\u011firmentepe Aykan Sok. No: 18\/2 Emirgan, 34467 Sar\u0131yer \u0130stanbul-T&uuml;rkiye adresine bizzat elden iletebilir, noter kanal\u0131yla veya iadeli taahh&uuml;tl&uuml; mektup yoluyla g&ouml;nderebilirsiniz.<br \/>\n&nbsp;<br \/>\n&nbsp;<br \/>\n&nbsp;<br \/>\n&nbsp;<br \/>\n<strong>&nbsp;&nbsp;&nbsp;&nbsp;&nbsp;&nbsp;&nbsp; Veri Sorumlusu&nbsp;&nbsp; <\/strong><br \/>\n<strong>&nbsp;&nbsp;&nbsp;&nbsp;&nbsp;&nbsp;&nbsp; Asya Nakliyat Tic. Ltd. \u015eti.&nbsp; <\/strong><br \/>\n&nbsp;<br \/>\n&nbsp;<br \/>\n&nbsp;<br \/>\n&nbsp;&nbsp;<br \/>\n<br clear=\"ALL\" \/><br \/>\n1 KVKK uyar\u0131nca, ki\u015fisel verilerin tamamen veya k\u0131smen otomatik olan ya da herhangi bir veri kay\u0131t sisteminin par&ccedil;as\u0131 olmak kayd\u0131yla otomatik olmayan yollarla elde edilmesi, kaydedilmesi, depolanmas\u0131, muhafaza edilmesi, de\u011fi\u015ftirilmesi, yeniden d&uuml;zenlenmesi, a&ccedil;\u0131klanmas\u0131, aktar\u0131lmas\u0131, devral\u0131nmas\u0131, elde edilebilir h&acirc;le getirilmesi, s\u0131n\u0131fland\u0131r\u0131lmas\u0131 ya da kullan\u0131lmas\u0131n\u0131n engellenmesi gibi veriler &uuml;zerinde ger&ccedil;ekle\u015ftirilen her t&uuml;rl&uuml; i\u015flem <em>&ldquo;ki\u015fisel verilerin i\u015flenmesi&rdquo; <\/em>olarak kabul edilmektedir.<\/p>\n<p>[\/vc_column_text][\/vc_column][\/vc_row][vc_row][vc_column][\/vc_column][\/vc_row][vc_row][vc_column][\/vc_column][\/vc_row]<\/p>","protected":false},"excerpt":{"rendered":"<p>[vc_row][vc_column width=&#8221;1\/4&#8243; css=&#8221;.vc_custom_1458828995319{background-color: #e0e0e0 !important;}&#8221;][vc_column_text] HAKKIMIZDA EKiP \u00dcYELiKLER KAL\u0130TE Y\u00d6NET\u0130M\u0130 &#8211; ISO 9001 Kalite Politikam\u0131z &#8211; Ki\u015fisel Verilerin Korunmas\u0131 ve \u0130\u015flenmesi Politikas\u0131 &#8211; Ki\u015fisel Veri Saklama [&hellip;]<\/p>\n","protected":false},"author":1,"featured_media":0,"parent":1281,"menu_order":0,"comment_status":"closed","ping_status":"closed","template":"","meta":{"footnotes":""},"class_list":["post-1318","page","type-page","status-publish","hentry"],"_links":{"self":[{"href":"https:\/\/asyanakliyat.com\/tr\/wp-json\/wp\/v2\/pages\/1318","targetHints":{"allow":["GET"]}}],"collection":[{"href":"https:\/\/asyanakliyat.com\/tr\/wp-json\/wp\/v2\/pages"}],"about":[{"href":"https:\/\/asyanakliyat.com\/tr\/wp-json\/wp\/v2\/types\/page"}],"author":[{"embeddable":true,"href":"https:\/\/asyanakliyat.com\/tr\/wp-json\/wp\/v2\/users\/1"}],"replies":[{"embeddable":true,"href":"https:\/\/asyanakliyat.com\/tr\/wp-json\/wp\/v2\/comments?post=1318"}],"version-history":[{"count":17,"href":"https:\/\/asyanakliyat.com\/tr\/wp-json\/wp\/v2\/pages\/1318\/revisions"}],"predecessor-version":[{"id":1585,"href":"https:\/\/asyanakliyat.com\/tr\/wp-json\/wp\/v2\/pages\/1318\/revisions\/1585"}],"up":[{"embeddable":true,"href":"https:\/\/asyanakliyat.com\/tr\/wp-json\/wp\/v2\/pages\/1281"}],"wp:attachment":[{"href":"https:\/\/asyanakliyat.com\/tr\/wp-json\/wp\/v2\/media?parent=1318"}],"curies":[{"name":"wp","href":"https:\/\/api.w.org\/{rel}","templated":true}]}}