{"id":1316,"date":"2020-01-23T07:25:08","date_gmt":"2020-01-23T07:25:08","guid":{"rendered":"http:\/\/www.asyanakliyat.com\/?page_id=1316"},"modified":"2025-09-10T08:15:02","modified_gmt":"2025-09-10T08:15:02","slug":"veri-sahibi-basvuru-formu","status":"publish","type":"page","link":"https:\/\/asyanakliyat.com\/tr\/hakkim-2\/kalite-yonetimi\/veri-sahibi-basvuru-formu\/","title":{"rendered":"Veri Sahibi Ba\u015fvuru Formu"},"content":{"rendered":"<p>[vc_row][vc_column width=&#8221;1\/4&#8243; css=&#8221;.vc_custom_1458828995319{background-color: #e0e0e0 !important;}&#8221;][vc_column_text]<\/p>\n<h6><span style=\"color: #999999;\"><a style=\"color: #999999;\" href=\"https:\/\/www.asyanakliyat.com\/hakkim\/\">HAKKIMIZDA<\/a><\/span><\/p>\n<p><span style=\"color: #999999;\"><a style=\"color: #999999;\" href=\"https:\/\/www.asyanakliyat.com\/ekip\/\">EKiP<\/a><\/span><\/p>\n<p><span style=\"color: #999999;\"><a style=\"color: #999999;\" href=\"https:\/\/www.asyanakliyat.com\/memberships\/\">\u00dcYELiKLER<\/a><\/span><\/p>\n<p><span style=\"color: #999999;\"><a style=\"color: #999999;\" href=\"https:\/\/www.asyanakliyat.com\/hakkim\/kalite-yonetimi\/kisisel-verilerin-korunmasi-ve-islenmesi-politikasi\/\">KAL\u0130TE Y\u00d6NET\u0130M\u0130<\/a><\/span><\/p>\n<p><span style=\"color: #999999;\"><a style=\"color: #999999;\" href=\"https:\/\/www.asyanakliyat.com\/hakkim\/kalite-yonetimi\/iso-9001-kalite-politikamiz\/\">&#8211; ISO 9001 Kalite Politikam\u0131z<\/a><\/span><\/p>\n<p><span style=\"color: #999999;\"><a style=\"color: #999999;\" href=\"https:\/\/www.asyanakliyat.com\/hakkim\/kalite-yonetimi\/kisisel-verilerin-korunmasi-ve-islenmesi-politikasi\/\">&#8211; Ki\u015fisel Verilerin Korunmas\u0131 ve \u0130\u015flenmesi Politikas\u0131<\/a><\/span><\/p>\n<p><span style=\"color: #999999;\"><a style=\"color: #999999;\" href=\"https:\/\/www.asyanakliyat.com\/hakkim\/kalite-yonetimi\/kisisel-veri-saklama-ve-imha-politikasi\/\">&#8211; Ki\u015fisel Veri Saklama ve \u0130mha Politikas\u0131<\/a><\/span><\/p>\n<p><span style=\"color: #999999;\"><a style=\"color: #999999;\" href=\"https:\/\/www.asyanakliyat.com\/hakkim\/kalite-yonetimi\/cerez-politikalari\/\">&#8211; \u00c7erez Politikalar\u0131<\/a><\/span><\/p>\n<p><span style=\"color: #999999;\"><a style=\"color: #999999;\" href=\"https:\/\/www.asyanakliyat.com\/hakkim\/kalite-yonetimi\/veri-sahibinin-acik-riza-beyan-formu\/\">&#8211; Veri Sahibinin A\u00e7\u0131k R\u0131za Beyan Formu<\/a><\/span><\/p>\n<p><span style=\"color: #999999;\"><a style=\"color: #999999;\" href=\"https:\/\/www.asyanakliyat.com\/hakkim\/kalite-yonetimi\/veri-sahibi-basvuru-formu\/\"><span style=\"color: #ff6600;\">&#8211; Veri Sahibi Ba\u015fvuru Formu<\/span><\/a><\/span><\/p>\n<p><span style=\"color: #999999;\"><a style=\"color: #999999;\" href=\"https:\/\/www.asyanakliyat.com\/hakkim\/kalite-yonetimi\/kisisel-verilerin-islenmesi-ve-aktarimina-iliskin-bilgilendirme-formu\/\">&#8211; Ki\u015fisel Verilerin \u0130\u015flenmesi ve Aktar\u0131m\u0131na \u0130li\u015fkin Bilgilendirme (Ayd\u0131nlatma) Formu<\/a><\/span><\/p>\n<p><span style=\"color: #999999;\"><a style=\"color: #999999;\" href=\"https:\/\/www.asyanakliyat.com\/wp-content\/uploads\/2016\/03\/corporate-sustainability-program.pdf\" target=\"_blank\" rel=\"noopener\">&#8211; Kurumsal S\u00fcrd\u00fcr\u00fclebilirlik Program\u0131<\/a><\/span><\/p>\n<p><a href=\"https:\/\/www.asyanakliyat.com\/policies\/\"><span style=\"color: #999999;\">POLiTiKALARIMIZ<\/span><\/a><\/p>\n<p><a href=\"https:\/\/www.asyanakliyat.com\/wp-content\/uploads\/2016\/03\/bilgi-guvenligi-politikasi.pdf\" target=\"_blank\" rel=\"noopener\"><span style=\"color: #999999;\">Bilgi G\u00fcvenli\u011fi Politikas\u0131<\/span><\/a><\/p>\n<p><a href=\"https:\/\/www.asyanakliyat.com\/wp-content\/uploads\/2016\/03\/BRANCH-RESPONSIBILITY-STATEMENT.pdf\" target=\"_blank\" rel=\"noopener\"><span style=\"color: #999999;\">\u015eube Sorumluluk Beyan\u0131<\/span><\/a><\/p>\n<p><a href=\"https:\/\/www.asyanakliyat.com\/wp-content\/uploads\/2016\/03\/ATC-Charter.pdf\" target=\"_blank\" rel=\"noopener\"><span style=\"color: #999999;\">Anti-Tr\u00f6st Beyannamesi<\/span><span style=\"color: #999999;\"><\/span><\/a><\/p>\n<p><a href=\"https:\/\/www.asyanakliyat.com\/wp-content\/uploads\/2016\/03\/ABC-Charter.pdf\" target=\"_blank\" rel=\"noopener\"><span style=\"color: #999999;\">R\u00fc\u015fvet ve Yolsuzlukla M\u00fccadele Beyannamesi<\/span><span style=\"color: #999999;\"><\/span><\/a><\/p>\n<p><span style=\"color: #999999;\"><a style=\"color: #999999;\" href=\"https:\/\/www.asyanakliyat.com\/hakkim\/haberler\/\">HABERLER<\/a><\/span><br \/>\n<\/h6>\n<h6><\/h6>\n<p>[\/vc_column_text][\/vc_column][vc_column width=&#8221;3\/4&#8243;][vc_separator][vc_separator style=&#8221;dashed&#8221;][vc_column_text]<\/p>\n<h4 style=\"text-align: left;\"><span style=\"color: #3b78ab;\">KAL\u0130TE Y\u00d6NET\u0130M\u0130<\/span><\/h4>\n<div>\n<h4 align=\"left\"><span style=\"color: #3b78ab;\">VER\u0130 SAH\u0130B\u0130 BA\u015eVURU FORMU<\/span><\/h4>\n<p>\u0130ndirmek i\u00e7in <a href=\"https:\/\/www.asyanakliyat.com\/KVKK-FR-02-basvuru-formu.pdf\" target=\"_blank\">t\u0131klay\u0131n\u0131z<\/a><\/p>\n<h6><span style=\"color: #ff6600;\">1. GENEL<\/span><\/h6>\n<p>Siz veri sahipleri taraf\u0131ndan 6698 say\u0131l\u0131 Ki\u015fisel Verilerin Korunmas\u0131 Kanunu&rsquo;nun (&ldquo; <strong>KVKK <\/strong>&rdquo;) 11. ve 13&rsquo;&uuml;nc&uuml; maddeleri uyar\u0131nca yap\u0131lacak ba\u015fvurular\u0131 ivedilikle, etkin ve kapsaml\u0131 bir \u015fekilde de\u011ferlendirebilmek ve &ccedil;&ouml;z&uuml;mleyebilmek ad\u0131na, i\u015fbu Ba\u015fvuru Formu veri sorumlusu s\u0131fat\u0131yla<strong> &ldquo;Asya Nakliyat Tic. Ltd. \u015eti &ldquo;<\/strong>ya da <strong>&ldquo; F\u0130RMA&nbsp; &ldquo;<\/strong> taraf\u0131ndan haz\u0131rlanm\u0131\u015ft\u0131r.<br \/>\n&nbsp;<\/p>\n<h6><span style=\"color: #ff6600;\">2. BA\u015eVURU YOLU<\/span><\/h6>\n<p>Siz veri sahipleri, KVKK Kanunun 11. ve 13. maddeleri uyar\u0131nca; veri sorumlusu s\u0131fat\u0131 ta\u015f\u0131yan \u015eirketimize, KVKK Kanunun uygulanmas\u0131yla ilgili taleplerinizi yaz\u0131l\u0131 olarak i\u015fbu Ba\u015fvuru Formu&rsquo;nun doldurulmas\u0131 suretiyle veya Kurulun belirleyece\u011fi di\u011fer y&ouml;ntemlerle:<br \/>\n\u0130\u015fbu Ba\u015fvuru Formu&rsquo;nun \u0131slak imzal\u0131 bir kopyas\u0131n\u0131, ekinde kimlik fotokopisine yer vermek suretiyle &ldquo;<strong>Asya Nakliyat Tic. Ltd. \u015eti<\/strong>&rdquo; Re\u015fitpa\u015fa Mah. De\u011firmentepe Aykan Sok. No: 18\/2 Emirgan, 34467 Sar\u0131yer \u0130stanbul adresine iadeli taahh&uuml;tl&uuml; mektup ile g&ouml;ndermek suretiyle iletebilirsiniz.<br \/>\n&nbsp;<\/p>\n<h6><span style=\"color: #ff6600;\">3. VER\u0130 SAH\u0130B\u0130NE \u0130L\u0130\u015eK\u0130N B\u0130LG\u0130LER<\/span><\/h6>\n<p>Ba\u015fvurunuz ile ilgili gerekli ara\u015ft\u0131rma ve de\u011ferlendirmelerin yap\u0131labilmesi ve konuya ili\u015fkin &ccedil;&ouml;z&uuml;mlerin geli\u015ftirilebilmesi amac\u0131yla a\u015fa\u011f\u0131daki alanlar\u0131 mutlaka do\u011fru ve eksiksiz bir bi&ccedil;imde doldurman\u0131z gerekmektedir:<br \/>\n&nbsp;<br \/>\n&nbsp;<\/p>\n<table align=\"center\" border=\"1\" cellpadding=\"0\" cellspacing=\"0\">\n<tbody>\n<tr>\n<td style=\"width:218px;height:22px;\">Ad Soyad*<\/td>\n<td style=\"width:406px;height:22px;\">&nbsp;<\/td>\n<\/tr>\n<tr>\n<td style=\"width:218px;height:22px;\">T.C Kimlik Numaras\u0131*<\/td>\n<td style=\"width:406px;height:22px;\">&nbsp;<\/td>\n<\/tr>\n<tr>\n<td style=\"width:218px;height:22px;\">Adres*<\/td>\n<td style=\"width:406px;height:22px;\">&nbsp;<\/td>\n<\/tr>\n<tr>\n<td style=\"width:218px;height:22px;\">Telefon Numaras\u0131*<\/td>\n<td style=\"width:406px;height:22px;\">&nbsp;<\/td>\n<\/tr>\n<tr>\n<td style=\"width:218px;height:22px;\">E-posta Adresi*<\/td>\n<td style=\"width:406px;height:22px;\">&nbsp;<\/td>\n<\/tr>\n<tr>\n<td style=\"width:218px;height:22px;\">Faks Numaras\u0131 (<em>iste\u011fe ba\u011fl\u0131<\/em>)<\/td>\n<td style=\"width:406px;height:22px;\">&nbsp;<\/td>\n<\/tr>\n<\/tbody>\n<\/table>\n<div style=\"clear:both;\">&nbsp;<\/div>\n<p>*<em>Doldurulmas\u0131 zorunlu alanlar.<\/em><br \/>\n&nbsp;<br \/>\nYukar\u0131da taraf\u0131m\u0131za sunmu\u015f oldu\u011funuz ki\u015fisel verileriniz, m&uuml;nhas\u0131ran i\u015fbu Ba\u015fvuru Formu&rsquo;nun de\u011ferlendirilebilmesi, sonu&ccedil;land\u0131r\u0131labilmesi ve sizinle ileti\u015fime ge&ccedil;ilebilmesi amac\u0131yla i\u015flenmektedir.<\/p>\n<h6>&ldquo;Asya Nakliyat Tic. Ltd. \u015eti &ldquo;&nbsp; ile olan ili\u015fkinize dair uygun olan se&ccedil;ene\u011fi i\u015faretleyerek, mevcut ili\u015fkinin h&acirc;li haz\u0131rda devam edip etmedi\u011fini a\u015fa\u011f\u0131da yer verilen b&ouml;l&uuml;mde belirtiniz.&nbsp;&nbsp;&nbsp;&nbsp;&nbsp;&nbsp;&nbsp;&nbsp;&nbsp;<\/h6>\n<p>&nbsp;&nbsp;&nbsp;&nbsp;&nbsp;&nbsp;&nbsp;&nbsp;&nbsp;&nbsp;&nbsp;&nbsp;&nbsp;&nbsp;&nbsp;&nbsp;&nbsp;&nbsp;&nbsp;&nbsp;&nbsp;&nbsp;&nbsp;&nbsp;&nbsp;&nbsp;&nbsp;&nbsp;&nbsp;&nbsp;&nbsp;&nbsp;&nbsp;&nbsp;&nbsp;&nbsp;&nbsp;&nbsp;&nbsp;&nbsp;<br \/>\nM&uuml;\u015fteri&nbsp;&nbsp;&nbsp;&nbsp;&nbsp;&nbsp;&nbsp;&nbsp;&nbsp;&nbsp;&nbsp;&nbsp;&nbsp;&nbsp;&nbsp;&nbsp;&nbsp;&nbsp;&nbsp;&nbsp;&nbsp;&nbsp;&nbsp;&nbsp;&nbsp;&nbsp;&nbsp;&nbsp;&nbsp;&nbsp;&nbsp;&nbsp;&nbsp;&nbsp;&nbsp;&nbsp;&nbsp;&nbsp;&nbsp;&nbsp;&nbsp;&nbsp;&nbsp;&nbsp;&nbsp;&nbsp;&nbsp;&nbsp;&nbsp;&nbsp;&nbsp;&nbsp;&nbsp;&nbsp;&nbsp;&nbsp;&nbsp;&nbsp;&nbsp;&nbsp;&nbsp;&nbsp;&nbsp;&nbsp;&nbsp;&nbsp;&nbsp;&nbsp;&nbsp;&nbsp;&nbsp;&nbsp;&nbsp;&nbsp;&nbsp;&nbsp;&nbsp;&nbsp;&nbsp;&nbsp;&nbsp;&nbsp;&nbsp;&nbsp;&nbsp;&nbsp;&nbsp;&nbsp;&nbsp;&nbsp;&nbsp; &Ccedil;al\u0131\u015fan Aday\u0131<br \/>\n\u0130\u015f Orta\u011f\u0131&nbsp;&nbsp;&nbsp;&nbsp;&nbsp;&nbsp;&nbsp;&nbsp;&nbsp;&nbsp;&nbsp;&nbsp;&nbsp;&nbsp;&nbsp;&nbsp;&nbsp;&nbsp;&nbsp;&nbsp;&nbsp;&nbsp;&nbsp;&nbsp;&nbsp;&nbsp;&nbsp;&nbsp;&nbsp;&nbsp;&nbsp;&nbsp;&nbsp;&nbsp;&nbsp;&nbsp;&nbsp;&nbsp;&nbsp;&nbsp;&nbsp;&nbsp;&nbsp;&nbsp;&nbsp;&nbsp;&nbsp;&nbsp;&nbsp;&nbsp;&nbsp;&nbsp;&nbsp;&nbsp;&nbsp;&nbsp;&nbsp;&nbsp;&nbsp;&nbsp;&nbsp;&nbsp;&nbsp;&nbsp;&nbsp;&nbsp;&nbsp;&nbsp;&nbsp;&nbsp;&nbsp;&nbsp;&nbsp;&nbsp;&nbsp;&nbsp;&nbsp;&nbsp;&nbsp;&nbsp;&nbsp;&nbsp;&nbsp;&nbsp;&nbsp;&nbsp;&nbsp;&nbsp;&nbsp;&nbsp; &Ccedil;al\u0131\u015fan<br \/>\nZiyaret&ccedil;i&nbsp;&nbsp;&nbsp;&nbsp;&nbsp;&nbsp;&nbsp;&nbsp;&nbsp;&nbsp;&nbsp;&nbsp;&nbsp;&nbsp;&nbsp;&nbsp;&nbsp;&nbsp;&nbsp;&nbsp;&nbsp;&nbsp;&nbsp;&nbsp;&nbsp;&nbsp;&nbsp;&nbsp;&nbsp;&nbsp;&nbsp;&nbsp;&nbsp;&nbsp;&nbsp;&nbsp;&nbsp;&nbsp;&nbsp;&nbsp;&nbsp;&nbsp;&nbsp;&nbsp;&nbsp;&nbsp;&nbsp;&nbsp;&nbsp;&nbsp;&nbsp;&nbsp;&nbsp;&nbsp;&nbsp;&nbsp;&nbsp;&nbsp;&nbsp;&nbsp;&nbsp;&nbsp;&nbsp;&nbsp;&nbsp;&nbsp;&nbsp;&nbsp;&nbsp;&nbsp;&nbsp;&nbsp;&nbsp;&nbsp;&nbsp;&nbsp;&nbsp;&nbsp;&nbsp;&nbsp;&nbsp;&nbsp;&nbsp;&nbsp;&nbsp;&nbsp;&nbsp; &nbsp; Di\u011fer (<u> &nbsp;&nbsp;&nbsp;&nbsp;&nbsp;&nbsp;&nbsp;&nbsp;&nbsp;&nbsp;&nbsp;&nbsp;&nbsp;&nbsp;&nbsp;&nbsp;&nbsp;&nbsp;&nbsp;&nbsp;&nbsp;&nbsp;&nbsp;&nbsp;&nbsp;&nbsp;&nbsp;&nbsp;&nbsp;&nbsp;&nbsp;&nbsp;&nbsp; <\/u>)<br \/>\n&nbsp;&nbsp;&nbsp;&nbsp;&nbsp;&nbsp;&nbsp;&nbsp;&nbsp;&nbsp;&nbsp;&nbsp;&nbsp;&nbsp;&nbsp;&nbsp;&nbsp;&nbsp;&nbsp;&nbsp;&nbsp;&nbsp;&nbsp;&nbsp;&nbsp;&nbsp;&nbsp;&nbsp;&nbsp;&nbsp;&nbsp;&nbsp;&nbsp;&nbsp;&nbsp;&nbsp;&nbsp;&nbsp;&nbsp;&nbsp;&nbsp;&nbsp;<\/p>\n<ul style=\"list-style-type:circle;\">\n<li>&nbsp;&ldquo; F\u0130RMA&nbsp; &ldquo;&nbsp;&nbsp; ile olan ili\u015fkim ba\u015fvuru tarihi itibar\u0131yla devam etmektedir.<\/li>\n<li>&ldquo; F\u0130RMA&nbsp; &ldquo;&nbsp; ile olan ili\u015fkim (<u> &nbsp;&nbsp;&nbsp;&nbsp;&nbsp;&nbsp;&nbsp;&nbsp;&nbsp;&nbsp;&nbsp;&nbsp;&nbsp;&nbsp;&nbsp;&nbsp;&nbsp;&nbsp;&nbsp;&nbsp;&nbsp;&nbsp;&nbsp;&nbsp;&nbsp;&nbsp;&nbsp;&nbsp;&nbsp;&nbsp;&nbsp;&nbsp;&nbsp;&nbsp;&nbsp;&nbsp;&nbsp;&nbsp;&nbsp;&nbsp;&nbsp;&nbsp;&nbsp;&nbsp;&nbsp;&nbsp;&nbsp;&nbsp;&nbsp;&nbsp;&nbsp;&nbsp;&nbsp;&nbsp;&nbsp;&nbsp;&nbsp;&nbsp;&nbsp;&nbsp;&nbsp;&nbsp;&nbsp;&nbsp;&nbsp;&nbsp;&nbsp;&nbsp;&nbsp;&nbsp;&nbsp; <\/u>) tarihi itibar\u0131yla sona ermi\u015ftir.<\/li>\n<\/ul>\n<p>&nbsp;<\/p>\n<h6><span style=\"color: #ff6600;\">4. VER\u0130 SAH\u0130B\u0130N\u0130N TALEPLER\u0130<\/span><\/h6>\n<p>Veri sahibi olarak, KVKK Kanunu 11. ve 13. maddeleri kapsam\u0131nda bilgi sahibi olmak istedi\u011finiz durum\/durumlar i&ccedil;in l&uuml;tfen a\u015fa\u011f\u0131da yer verilen listedeki ilgili kutucu\u011fu\/kutucuklar\u0131 i\u015faretleyiniz.<br \/>\n&nbsp;<\/p>\n<table align=\"center\" border=\"1\" cellpadding=\"0\" cellspacing=\"0\" width=\"886\">\n<tbody>\n<tr>\n<td style=\"width:274px;height:53px;\">&nbsp;<br \/>\n\t\t\t<strong>TALEB\u0130N\u0130Z<\/strong><\/td>\n<td style=\"width:331px;height:53px;\">&nbsp;<br \/>\n\t\t\t<strong>GEREKEN B\u0130LG\u0130\/BELGE<\/strong><\/td>\n<td style=\"width:104px;height:53px;\">&nbsp;<br \/>\n\t\t\t<strong>SE&Ccedil;\u0130M\u0130N\u0130Z<\/strong><\/td>\n<\/tr>\n<tr>\n<td style=\"width:274px;height:58px;\"><strong>1. <\/strong>Ki\u015fisel verilerimin &ldquo; F\u0130RMA&nbsp; &ldquo;.taraf\u0131ndan i\u015flenip i\u015flenmedi\u011fini &ouml;\u011frenmek istiyorum.<\/td>\n<td style=\"width:331px;height:58px;\">&Ouml;zel bir veri t&uuml;r&uuml;ne dair bilgi almak istiyorsan\u0131z l&uuml;tfen belirtiniz.<br \/>\n\t\t\t&hellip;&hellip;&hellip;&hellip;&hellip;&hellip;&hellip;&hellip;&hellip;&hellip;&hellip;&hellip;&hellip;&hellip;&hellip;&hellip;&hellip;&hellip;&hellip;&hellip;<\/td>\n<td style=\"width:104px;height:58px;\">&nbsp;<\/td>\n<\/tr>\n<tr>\n<td style=\"width:274px;height:66px;\"><strong>2. <\/strong>&ldquo; F\u0130RMA&nbsp; &ldquo;.taraf\u0131ndan ki\u015fisel verilerimin hangi ama&ccedil;la i\u015flendi\u011fini &ouml;\u011frenmek istiyorum.<\/td>\n<td style=\"width:331px;height:66px;\">&Ouml;zel bir veri t&uuml;r&uuml;ne dair bilgi almak istiyorsan\u0131z l&uuml;tfen belirtiniz.<br \/>\n\t\t\t&hellip;&hellip;&hellip;&hellip;&hellip;&hellip;&hellip;&hellip;&hellip;&hellip;&hellip;&hellip;&hellip;&hellip;&hellip;&hellip;&hellip;&hellip;&hellip;&hellip;<\/td>\n<td style=\"width:104px;height:66px;\">&nbsp;<\/td>\n<\/tr>\n<tr>\n<td style=\"width:274px;height:65px;\"><strong>3. <\/strong>&ldquo; F\u0130RMA&nbsp; &ldquo;.taraf\u0131ndan ki\u015fisel verilerimin amac\u0131na uygun kullan\u0131l\u0131p kullan\u0131lmad\u0131\u011f\u0131n\u0131 &ouml;\u011frenmek istiyorum.<\/td>\n<td style=\"width:331px;height:65px;\">&Ouml;zel bir veri t&uuml;r&uuml;ne dair bilgi almak istiyorsan\u0131z l&uuml;tfen belirtiniz.<br \/>\n\t\t\t&hellip;&hellip;&hellip;&hellip;&hellip;&hellip;&hellip;&hellip;&hellip;&hellip;&hellip;&hellip;&hellip;&hellip;&hellip;&hellip;&hellip;&hellip;&hellip;&hellip;<\/td>\n<td style=\"width:104px;height:65px;\">&nbsp;<\/td>\n<\/tr>\n<tr>\n<td style=\"width:274px;height:58px;\"><strong>4. <\/strong>E\u011fer ki\u015fisel verilerim yurti&ccedil;inde veya yurtd\u0131\u015f\u0131nda &uuml;&ccedil;&uuml;nc&uuml; ki\u015filere aktar\u0131l\u0131yorsa, aktar\u0131lan &uuml;&ccedil;&uuml;nc&uuml; ki\u015fileri bilmek istiyorum.<\/td>\n<td style=\"width:331px;height:58px;\">&Ouml;zel bir veri t&uuml;r&uuml;ne dair bilgi almak istiyorsan\u0131z l&uuml;tfen belirtiniz.<br \/>\n\t\t\t&hellip;&hellip;&hellip;&hellip;&hellip;&hellip;&hellip;&hellip;&hellip;&hellip;&hellip;&hellip;&hellip;&hellip;&hellip;&hellip;&hellip;&hellip;&hellip;&hellip;<\/td>\n<td style=\"width:104px;height:58px;\">\n\t\t\t&nbsp;<\/td>\n<\/tr>\n<tr>\n<td style=\"width:274px;height:82px;\"><strong>5. <\/strong>Ki\u015fisel verilerimin eksik veya yanl\u0131\u015f i\u015flendi\u011fini d&uuml;\u015f&uuml;n&uuml;yorum ve bunlar\u0131n d&uuml;zeltilmesini istiyorum.<\/td>\n<td style=\"width:331px;height:82px;\">Eksik ve yanl\u0131\u015f i\u015flendi\u011fini d&uuml;\u015f&uuml;nd&uuml;\u011f&uuml;n&uuml;z bilgileri ve bu bilgilerin do\u011frusunun nas\u0131l olmas\u0131 gerekti\u011fini l&uuml;tfen belirtiniz.<br \/>\n\t\t\t&hellip;&hellip;&hellip;&hellip;&hellip;&hellip;&hellip;&hellip;&hellip;&hellip;&hellip;&hellip;&hellip;&hellip;&hellip;&hellip;&hellip;&hellip;&hellip;&hellip;<\/td>\n<td style=\"width:104px;height:82px;\">&nbsp;<\/td>\n<\/tr>\n<tr>\n<td style=\"width:274px;height:71px;\"><strong>6. <\/strong>Eksik\/yanl\u0131\u015f i\u015flendi\u011fini d&uuml;\u015f&uuml;nd&uuml;\u011f&uuml;m ki\u015fisel verilerimin aktar\u0131ld\u0131\u011f\u0131 &uuml;&ccedil;&uuml;nc&uuml; ki\u015filer nezdinde de d&uuml;zeltilmesini istiyorum.<\/td>\n<td style=\"width:331px;height:71px;\">Eksik ve yanl\u0131\u015f i\u015flendi\u011fini d&uuml;\u015f&uuml;nd&uuml;\u011f&uuml;n&uuml;z bilgileri ve bu bilgilerin do\u011frusunun nas\u0131l olmas\u0131 gerekti\u011fini l&uuml;tfen belirtiniz.<br \/>\n\t\t\t&hellip;&hellip;&hellip;&hellip;&hellip;&hellip;&hellip;&hellip;&hellip;&hellip;&hellip;&hellip;&hellip;&hellip;&hellip;&hellip;&hellip;&hellip;&hellip;&hellip;<\/td>\n<td style=\"width:104px;height:71px;\">&nbsp;<\/td>\n<\/tr>\n<tr>\n<td style=\"width:274px;height:116px;\"><strong>7. <\/strong>Ki\u015fisel verilerimin i\u015flenmelerini gerektiren sebeplerin ortadan kalkmas\u0131 nedeniyle silinmesini\/yok edilmesini istiyorum.<\/td>\n<td style=\"width:331px;height:116px;\">Bu talebinize konu verilerin hangi veriler oldu\u011funu ve aleyhinize oldu\u011funu d&uuml;\u015f&uuml;nd&uuml;\u011f&uuml;n&uuml;z sonucun ne oldu\u011funu l&uuml;tfen belirtiniz, bu hususlara ili\u015fkin tevsik edici bilgi ve belgelere Ba\u015fvuru Formu ekinde yer veriniz.<br \/>\n\t\t\t&hellip;&hellip;&hellip;&hellip;&hellip;&hellip;&hellip;&hellip;&hellip;&hellip;&hellip;&hellip;&hellip;&hellip;&hellip;&hellip;&hellip;&hellip;&hellip;&hellip;<\/td>\n<td style=\"width:104px;height:116px;\">&nbsp;<\/td>\n<\/tr>\n<tr>\n<td style=\"width:274px;height:114px;\"><strong>8. <\/strong>Ki\u015fisel verilerimin i\u015flenmelerini gerektiren sebeplerin ortadan kalkmas\u0131 nedeniyle aktar\u0131ld\u0131klar\u0131 &uuml;&ccedil;&uuml;nc&uuml; ki\u015filer nezdinde de silinmesini\/yok edilmesini istiyorum.<\/td>\n<td style=\"width:331px;height:114px;\">Bu talebiniz, ki\u015fisel bilgilerinizin yaln\u0131zca bir k\u0131sm\u0131na ili\u015fkin ise bunlar\u0131n hangi veriler oldu\u011funu ve bu talebinizin gerek&ccedil;esini tevsik edici bilgi ve belgelerle birlikte belirtiniz, bu hususlara ili\u015fkin tevsik edici bilgi ve belgelere l&uuml;tfen Ba\u015fvuru Formu ekinde yer veriniz.<br \/>\n\t\t\t&hellip;&hellip;&hellip;&hellip;&hellip;&hellip;&hellip;&hellip;&hellip;&hellip;&hellip;&hellip;&hellip;&hellip;&hellip;&hellip;&hellip;&hellip;&hellip;<\/td>\n<td style=\"width:104px;height:114px;\">&nbsp;<\/td>\n<\/tr>\n<tr>\n<td style=\"width:274px;height:78px;\"><strong>9. <\/strong>&ldquo; F\u0130RMA&nbsp; &ldquo; taraf\u0131ndan i\u015flenen ki\u015fisel verilerimin m&uuml;nhas\u0131ran otomatik sistemler vas\u0131tas\u0131yla analiz edildi\u011fini ve bu analiz sonucunda \u015fahs\u0131m aleyhine bir sonu&ccedil; do\u011fdu\u011funu d&uuml;\u015f&uuml;n&uuml;yorum. Bu sonuca itiraz ediyorum.<\/td>\n<td style=\"width:331px;height:78px;\">Bu talebinizin gerek&ccedil;esini ve bilgi alma talebinize ili\u015fkin durumun sonucunu belirtiniz, bu hususlara ili\u015fkin tevsik edici bilgi ve belgelere l&uuml;tfen Ba\u015fvuru Formu ekinde yer veriniz.<br \/>\n\t\t\t&hellip;&hellip;&hellip;&hellip;&hellip;&hellip;&hellip;&hellip;&hellip;&hellip;&hellip;&hellip;&hellip;&hellip;&hellip;&hellip;&hellip;&hellip;&hellip;&hellip;<br \/>\n\t\t\t&nbsp;<\/td>\n<td style=\"width:104px;height:78px;\">\n\t\t\t&nbsp;<\/td>\n<\/tr>\n<tr>\n<td style=\"width:274px;height:99px;\"><strong>10. <\/strong>Ki\u015fisel verilerimin kanuna ayk\u0131r\u0131 i\u015flenmesi nedeniyle u\u011frad\u0131\u011f\u0131m zarar\u0131n tazminini talep ediyorum.<\/td>\n<td style=\"width:331px;height:99px;\">Bu talebinizin gerek&ccedil;esini ve u\u011frad\u0131\u011f\u0131n\u0131z\u0131 d&uuml;\u015f&uuml;nd&uuml;\u011f&uuml;n&uuml;z zarar\u0131 a\u015fa\u011f\u0131daki bo\u015flukta belirtiniz; bu hususlara ili\u015fkin tevsik edici bilgi ve belgelere (&ouml;rnek; Ki\u015fisel Verilerin Korunmas\u0131 Kurulu veya mahkeme kararlar\u0131) l&uuml;tfen Ba\u015fvuru Formu ekinde yer veriniz.<br \/>\n\t\t\t&hellip;&hellip;&hellip;&hellip;&hellip;&hellip;&hellip;&hellip;&hellip;&hellip;&hellip;&hellip;&hellip;&hellip;&hellip;&hellip;&hellip;&hellip;&hellip;&hellip;<\/td>\n<td style=\"width:104px;height:99px;\">&nbsp;<\/td>\n<\/tr>\n<\/tbody>\n<\/table>\n<div style=\"clear:both;\">&nbsp;<\/div>\n<p>&nbsp;<br \/>\nVeri sahibi ad\u0131na 3. ki\u015filer taraf\u0131ndan yap\u0131lacak olan ba\u015fvurularda, i\u015fbu Ba\u015fvuru Formu ile birlikte noterce onaylanm\u0131\u015f vek&acirc;letnamenin, velayet\/vesayet alt\u0131nda bulunan &ccedil;ocuklar ad\u0131na yap\u0131lacak ba\u015fvurularda ise i\u015fbu Ba\u015fvuru Formu ile birlikte velayet\/vesayet ili\u015fkisini tevsik edici belgelerin bir suretinin taraf\u0131m\u0131za g&ouml;nderilmesi gerekmektedir.<br \/>\nKi\u015fisel verilerinizin g&uuml;venli\u011fini sa\u011flamak amac\u0131yla, bilgi edinme ba\u015fvurunuzun &ldquo;Asya Nakliyat Tic. Ltd. \u015eti &ldquo; &rsquo;ne ula\u015ft\u0131\u011f\u0131 tarihten itibaren <em>yedi (7) g&uuml;n i&ccedil;inde<\/em>, &ldquo; F\u0130RMA &ldquo;, veri sahibi oldu\u011funuzu teyit etmek amac\u0131yla sizinle ileti\u015fime ge&ccedil;ebilecek, bu hususta sizlerden baz\u0131 bilgi ve belgeler talep edebilecektir. Bu kapsamda taraf\u0131m\u0131za sa\u011flam\u0131\u015f oldu\u011funuz bilgi ve belgeler, veri sahibi oldu\u011funuzun teyit edilmesini m&uuml;teakip derhal imha edilecektir.<br \/>\nTalep edilen bilgi ve belgelerin eksik olmas\u0131 durumunda, talebimiz &uuml;zerine bilgi ve belgelerin tamamlanarak taraf\u0131m\u0131za iletilmesi gerekecektir. Bilgi ve belgeler taraf\u0131m\u0131za tam olarak iletilene kadar talebin sonu&ccedil;land\u0131r\u0131lmas\u0131na ili\u015fkin KVKK&rsquo;n\u0131n 13\/2 maddesinde belirtilen <em>otuz (30) <\/em>g&uuml;nl&uuml;k s&uuml;re ask\u0131ya al\u0131nacakt\u0131r.<br \/>\n&nbsp;<\/p>\n<h6><span style=\"color: #ff6600;\">5. VER\u0130 SAH\u0130B\u0130N\u0130N TALEB\u0130N\u0130N SONU&Ccedil;LANDIRILMASI<\/span><\/h6>\n<p>Niteli\u011fine g&ouml;re talebiniz, KVKK uyar\u0131nca bizlere ula\u015ft\u0131\u011f\u0131 tarihi takip eden <em>en k\u0131sa s&uuml;rede ve en ge&ccedil; otuz<\/em><\/p>\n<ol>\n<li value=\"30\"><em>g&uuml;n i&ccedil;inde <\/em>cevapland\u0131r\u0131lacakt\u0131r. Cevaplar\u0131m\u0131z ve de\u011ferlendirmelerimiz, i\u015fbu Ba\u015fvuru Formu&rsquo;nda belirtilmi\u015f olan se&ccedil;iminize g&ouml;re KVKK&rsquo;n\u0131n 13. maddesi uyar\u0131nca yaz\u0131l\u0131 veya elektronik ortam vas\u0131tas\u0131yla taraf\u0131n\u0131za iletilecektir. Ba\u015fvuru sonucunun posta, elektronik posta veya faks y&ouml;ntemlerinden biriyle iletilmesine ili\u015fkin &ouml;ncelikli bir tercihiniz varsa, l&uuml;tfen a\u015fa\u011f\u0131da belirtiniz:<\/li>\n<\/ol>\n<table align=\"center\" border=\"1\" cellpadding=\"0\" cellspacing=\"0\">\n<tbody>\n<tr>\n<td style=\"width:555px;height:27px;\">Ba\u015fvuruma ili\u015fkin sonucun e-posta adresime g&ouml;nderilmesini istiyorum.<\/td>\n<td style=\"width:87px;height:27px;\"><a name=\"_bookmark14\"><\/a><\/td>\n<\/tr>\n<tr>\n<td style=\"width:555px;height:28px;\">Ba\u015fvuruma ili\u015fkin sonucun posta arac\u0131l\u0131\u011f\u0131 ile adresime g&ouml;nderilmesini istiyorum.<\/td>\n<td style=\"width:87px;height:28px;\">&nbsp;<\/td>\n<\/tr>\n<tr>\n<td style=\"width:555px;height:33px;\">Ba\u015fvuruma ili\u015fkin sonucun faks yolu ile g&ouml;nderilmesini istiyorum.<\/td>\n<td style=\"width:87px;height:33px;\">&nbsp;<\/td>\n<\/tr>\n<\/tbody>\n<\/table>\n<div style=\"clear:both;\">&nbsp;<\/div>\n<p>Talepleriniz &ldquo; F\u0130RMA&nbsp; &ldquo; taraf\u0131ndan &uuml;cretsiz sonu&ccedil;land\u0131r\u0131lacak olup, cevaplama s&uuml;recinin ayr\u0131ca bir maliyet do\u011furmas\u0131 halinde, ilgili mevzuat &ccedil;er&ccedil;evesinde belirlenen tutarlarda &uuml;cret talep edilebilecektir.<br \/>\n&nbsp;<\/p>\n<h6><span style=\"color: #ff6600;\">6. VER\u0130 SAH\u0130B\u0130 BEYANI<\/span><\/h6>\n<p>KVKK uyar\u0131nca yapm\u0131\u015f oldu\u011fum bilgi edinme ba\u015fvurusunun, yukar\u0131da belirtti\u011fim talep\/talepler &ccedil;er&ccedil;evesinde de\u011ferlendirilerek sonu&ccedil;land\u0131r\u0131lmas\u0131n\u0131 rica eder, i\u015fbu ba\u015fvuruda taraf\u0131n\u0131za sa\u011flam\u0131\u015f oldu\u011fum bilgi ve belgelerin do\u011fru, g&uuml;ncel ve \u015fahs\u0131ma ait oldu\u011funu kabul, beyan ve taahh&uuml;t ederim.<br \/>\n&nbsp;<\/p>\n<table align=\"center\" border=\"1\" cellpadding=\"0\" cellspacing=\"0\">\n<tbody>\n<tr>\n<td style=\"width:183px;height:28px;\"><strong>Veri Sahibi<\/strong><\/td>\n<td style=\"width:479px;height:28px;\">&nbsp;<\/td>\n<\/tr>\n<tr>\n<td style=\"width:183px;height:28px;\">Ad\u0131 Soyad\u0131<\/td>\n<td style=\"width:479px;height:28px;\">&nbsp;<\/td>\n<\/tr>\n<tr>\n<td style=\"width:183px;height:28px;\">Ba\u015fvuru Tarihi<\/td>\n<td style=\"width:479px;height:28px;\">&nbsp;<\/td>\n<\/tr>\n<tr>\n<td style=\"width:183px;height:28px;\">\u0130mza<\/td>\n<td style=\"width:479px;height:28px;\">&nbsp;<\/td>\n<\/tr>\n<\/tbody>\n<\/table>\n<div style=\"clear:both;\">&nbsp;<\/div>\n<p>&nbsp;<\/p>\n<p>[\/vc_column_text][\/vc_column][\/vc_row][vc_row][vc_column][\/vc_column][\/vc_row][vc_row][vc_column][\/vc_column][\/vc_row]<\/p>","protected":false},"excerpt":{"rendered":"<p>[vc_row][vc_column width=&#8221;1\/4&#8243; css=&#8221;.vc_custom_1458828995319{background-color: #e0e0e0 !important;}&#8221;][vc_column_text] HAKKIMIZDA EKiP \u00dcYELiKLER KAL\u0130TE Y\u00d6NET\u0130M\u0130 &#8211; ISO 9001 Kalite Politikam\u0131z &#8211; Ki\u015fisel Verilerin Korunmas\u0131 ve \u0130\u015flenmesi Politikas\u0131 &#8211; Ki\u015fisel Veri Saklama [&hellip;]<\/p>\n","protected":false},"author":1,"featured_media":0,"parent":1281,"menu_order":0,"comment_status":"closed","ping_status":"closed","template":"","meta":{"footnotes":""},"class_list":["post-1316","page","type-page","status-publish","hentry"],"_links":{"self":[{"href":"https:\/\/asyanakliyat.com\/tr\/wp-json\/wp\/v2\/pages\/1316","targetHints":{"allow":["GET"]}}],"collection":[{"href":"https:\/\/asyanakliyat.com\/tr\/wp-json\/wp\/v2\/pages"}],"about":[{"href":"https:\/\/asyanakliyat.com\/tr\/wp-json\/wp\/v2\/types\/page"}],"author":[{"embeddable":true,"href":"https:\/\/asyanakliyat.com\/tr\/wp-json\/wp\/v2\/users\/1"}],"replies":[{"embeddable":true,"href":"https:\/\/asyanakliyat.com\/tr\/wp-json\/wp\/v2\/comments?post=1316"}],"version-history":[{"count":14,"href":"https:\/\/asyanakliyat.com\/tr\/wp-json\/wp\/v2\/pages\/1316\/revisions"}],"predecessor-version":[{"id":1584,"href":"https:\/\/asyanakliyat.com\/tr\/wp-json\/wp\/v2\/pages\/1316\/revisions\/1584"}],"up":[{"embeddable":true,"href":"https:\/\/asyanakliyat.com\/tr\/wp-json\/wp\/v2\/pages\/1281"}],"wp:attachment":[{"href":"https:\/\/asyanakliyat.com\/tr\/wp-json\/wp\/v2\/media?parent=1316"}],"curies":[{"name":"wp","href":"https:\/\/api.w.org\/{rel}","templated":true}]}}