{"id":1313,"date":"2020-01-23T06:20:04","date_gmt":"2020-01-23T06:20:04","guid":{"rendered":"http:\/\/www.asyanakliyat.com\/?page_id=1313"},"modified":"2025-09-10T08:13:35","modified_gmt":"2025-09-10T08:13:35","slug":"veri-sahibinin-acik-riza-beyan-formu","status":"publish","type":"page","link":"https:\/\/asyanakliyat.com\/tr\/hakkim-2\/kalite-yonetimi\/veri-sahibinin-acik-riza-beyan-formu\/","title":{"rendered":"Veri Sahibinin A\u00e7\u0131k R\u0131za Beyan Formu"},"content":{"rendered":"<p>[vc_row][vc_column width=&#8221;1\/4&#8243; css=&#8221;.vc_custom_1458828995319{background-color: #e0e0e0 !important;}&#8221;][vc_column_text]<\/p>\n<h6><span style=\"color: #999999;\"><a style=\"color: #999999;\" href=\"https:\/\/www.asyanakliyat.com\/hakkim\/\">HAKKIMIZDA<\/a><\/span><\/p>\n<p><span style=\"color: #999999;\"><a style=\"color: #999999;\" href=\"https:\/\/www.asyanakliyat.com\/ekip\/\">EKiP<\/a><\/span><\/p>\n<p><span style=\"color: #999999;\"><a style=\"color: #999999;\" href=\"https:\/\/www.asyanakliyat.com\/memberships\/\">\u00dcYELiKLER<\/a><\/span><\/p>\n<p><span style=\"color: #999999;\"><a style=\"color: #999999;\" href=\"https:\/\/www.asyanakliyat.com\/hakkim\/kalite-yonetimi\/kisisel-verilerin-korunmasi-ve-islenmesi-politikasi\/\">KAL\u0130TE Y\u00d6NET\u0130M\u0130<\/a><\/span><\/p>\n<p><span style=\"color: #999999;\"><a style=\"color: #999999;\" href=\"https:\/\/www.asyanakliyat.com\/hakkim\/kalite-yonetimi\/iso-9001-kalite-politikamiz\/\">&#8211; ISO 9001 Kalite Politikam\u0131z<\/a><\/span><\/p>\n<p><span style=\"color: #999999;\"><a style=\"color: #999999;\" href=\"https:\/\/www.asyanakliyat.com\/hakkim\/kalite-yonetimi\/kisisel-verilerin-korunmasi-ve-islenmesi-politikasi\/\">&#8211; Ki\u015fisel Verilerin Korunmas\u0131 ve \u0130\u015flenmesi Politikas\u0131<\/a><\/span><\/p>\n<p><span style=\"color: #999999;\"><a style=\"color: #999999;\" href=\"https:\/\/www.asyanakliyat.com\/hakkim\/kalite-yonetimi\/kisisel-veri-saklama-ve-imha-politikasi\/\">&#8211; Ki\u015fisel Veri Saklama ve \u0130mha Politikas\u0131<\/a><\/span><\/p>\n<p><span style=\"color: #999999;\"><a style=\"color: #999999;\" href=\"https:\/\/www.asyanakliyat.com\/hakkim\/kalite-yonetimi\/cerez-politikalari\/\">&#8211; \u00c7erez Politikalar\u0131<\/a><\/span><\/p>\n<p><span style=\"color: #999999;\"><a style=\"color: #999999;\" href=\"https:\/\/www.asyanakliyat.com\/hakkim\/kalite-yonetimi\/veri-sahibinin-acik-riza-beyan-formu\/\"><span style=\"color: #ff6600;\">&#8211; Veri Sahibinin A\u00e7\u0131k R\u0131za Beyan Formu<\/span><\/a><\/span><\/p>\n<p><span style=\"color: #999999;\"><a style=\"color: #999999;\" href=\"https:\/\/www.asyanakliyat.com\/hakkim\/kalite-yonetimi\/veri-sahibi-basvuru-formu\/\">&#8211; Veri Sahibi Ba\u015fvuru Formu<\/a><\/span><\/p>\n<p><span style=\"color: #999999;\"><a style=\"color: #999999;\" href=\"https:\/\/www.asyanakliyat.com\/hakkim\/kalite-yonetimi\/kisisel-verilerin-islenmesi-ve-aktarimina-iliskin-bilgilendirme-formu\/\">&#8211; Ki\u015fisel Verilerin \u0130\u015flenmesi ve Aktar\u0131m\u0131na \u0130li\u015fkin Bilgilendirme (Ayd\u0131nlatma) Formu<\/a><\/span><\/p>\n<p><span style=\"color: #999999;\"><a style=\"color: #999999;\" href=\"https:\/\/www.asyanakliyat.com\/wp-content\/uploads\/2016\/03\/corporate-sustainability-program.pdf\" target=\"_blank\" rel=\"noopener\">&#8211; Kurumsal S\u00fcrd\u00fcr\u00fclebilirlik Program\u0131<\/a><\/span><\/p>\n<p><a href=\"https:\/\/www.asyanakliyat.com\/policies\/\"><span style=\"color: #999999;\">POLiTiKALARIMIZ<\/span><\/a><\/p>\n<p><a href=\"https:\/\/www.asyanakliyat.com\/wp-content\/uploads\/2016\/03\/bilgi-guvenligi-politikasi.pdf\" target=\"_blank\" rel=\"noopener\"><span style=\"color: #999999;\">Bilgi G\u00fcvenli\u011fi Politikas\u0131<\/span><\/a><\/p>\n<p><a href=\"https:\/\/www.asyanakliyat.com\/wp-content\/uploads\/2016\/03\/BRANCH-RESPONSIBILITY-STATEMENT.pdf\" target=\"_blank\" rel=\"noopener\"><span style=\"color: #999999;\">\u015eube Sorumluluk Beyan\u0131<\/span><\/a><\/p>\n<p><a href=\"https:\/\/www.asyanakliyat.com\/wp-content\/uploads\/2016\/03\/ATC-Charter.pdf\" target=\"_blank\" rel=\"noopener\"><span style=\"color: #999999;\">Anti-Tr\u00f6st Beyannamesi<\/span><span style=\"color: #999999;\"><\/span><\/a><\/p>\n<p><a href=\"https:\/\/www.asyanakliyat.com\/wp-content\/uploads\/2016\/03\/ABC-Charter.pdf\" target=\"_blank\" rel=\"noopener\"><span style=\"color: #999999;\">R\u00fc\u015fvet ve Yolsuzlukla M\u00fccadele Beyannamesi<\/span><span style=\"color: #999999;\"><\/span><\/a><\/p>\n<p><span style=\"color: #999999;\"><a style=\"color: #999999;\" href=\"https:\/\/www.asyanakliyat.com\/hakkim\/haberler\/\">HABERLER<\/a><\/span><br \/>\n<\/h6>\n<h6><\/h6>\n<p>[\/vc_column_text][\/vc_column][vc_column width=&#8221;3\/4&#8243;][vc_separator][vc_separator style=&#8221;dashed&#8221;][vc_column_text]<\/p>\n<h4 style=\"text-align: left;\"><span style=\"color: #3b78ab;\">KAL\u0130TE Y\u00d6NET\u0130M\u0130<\/span><\/h4>\n<div>\n<h4 align=\"left\"><span style=\"color: #3b78ab;\">VER\u0130 SAH\u0130B\u0130N\u0130N A\u00c7IK RIZA BEYAN FORMU<\/span><\/h4>\n<p>\u0130ndirmek i\u00e7in <a href=\"https:\/\/www.asyanakliyat.com\/KVKK-FR-01-acik-riza-formu.pdf\" target=\"_blank\">t\u0131klay\u0131n\u0131z<\/a><\/p>\n<p>6698 say\u0131l\u0131 &ldquo;Ki\u015fisel Verilerin Korunmas\u0131 Kanunu&rdquo; ve &ldquo;Ki\u015fisel Sa\u011fl\u0131k Verilerinin \u0130\u015flenmesi ve Mahremiyetinin Sa\u011flanmas\u0131 Hakk\u0131nda Y&ouml;netmelik&rdquo; gere\u011fince, ki\u015fisel verilerimin, &ouml;zel nitelikli ki\u015fisel verilerimin, sa\u011fl\u0131k verilerimin<strong> &ldquo;Asya Nakliyat Tic. Ltd. \u015eti&ldquo; &lsquo;<\/strong>ye taraf\u0131mca s&ouml;zl&uuml;\/ yaz\u0131l\u0131 ve\/veya elektronik ortamda verilen kimli\u011fimi belirleyen veya belirlemeye yarayanlar da dahil olmak &uuml;zere her t&uuml;rl&uuml; ki\u015fisel verimin, &ouml;zel nitelikli ki\u015fisel verimin, ki\u015fisel sa\u011fl\u0131k verilerimin <strong>&ldquo;Asya Nakliyat Tic. Ltd. \u015eti&ldquo;<\/strong> taraf\u0131ndan i\u015flenmesine, i\u015f gere\u011fi ile sa\u011fl\u0131k hizmeti verebilmesi ve bu hizmetlerin planlamas\u0131 amac\u0131yla, ilgili mevzuatlar kapsam\u0131nda payla\u015f\u0131m\u0131n gerekli oldu\u011fu di\u011fer ki\u015fi ve kurulu\u015flar ile payla\u015f\u0131lmas\u0131na; ki\u015fisel veriler, &ouml;zel nitelikli ki\u015fisel veriler, sa\u011fl\u0131k verilerimin 6698 say\u0131l\u0131 &ldquo;Ki\u015fisel Verilerin Korunmas\u0131 Kanunu&rdquo; &lsquo;nda ve &ldquo;Ki\u015fisel Sa\u011fl\u0131k Verilerinin \u0130\u015flenmesi ve Mahremiyetinin Sa\u011flanmas\u0131 Hakk\u0131nda Y&ouml;netmelik&rdquo; te tan\u0131mlanan kapsamda a\u015fa\u011f\u0131da detaylar\u0131 verilen ki\u015fisel ve &ouml;zel nitelikli ki\u015fisel verilerin i\u015flenmesine,<br \/>\n&nbsp;<\/p>\n<ol style=\"list-style-type:lower-roman;\">\n<li value=\"5\">Kimli\u011fi belirli veya belirlenebilir bir ger&ccedil;ek ki\u015fiye ait oldu\u011fu a&ccedil;\u0131k olan; k\u0131smen veya tamamen otomatik \u015fekilde veya veri kay\u0131t sisteminin bir par&ccedil;as\u0131 olarak otomatik olmayan \u015fekilde i\u015flenen; ki\u015finin kimli\u011fine dair bilgilerin bulundu\u011fu verilerdir; ad- soyad, T.C. Kimlik numaras\u0131, uyruk bilgisi, anne ad\u0131 &ndash; baba ad\u0131, do\u011fum yeri, do\u011fum tarihi, cinsiyet gibi bilgileri i&ccedil;eren ehliyet, n&uuml;fus c&uuml;zdan\u0131 ve pasaport gibi belgeler ile vergi numaras\u0131, SGK numaras\u0131, kredi kart bilgileri, imza bilgileri, ta\u015f\u0131t plakas\u0131 vb. bilgiler,<\/li>\n<li value=\"5\">Kimli\u011fi belirli veya belirlenebilir bir ger&ccedil;ek ki\u015fiye ait oldu\u011fu a&ccedil;\u0131k olan; k\u0131smen veya tamamen otomatik \u015fekilde veya veri kay\u0131t sisteminin bir par&ccedil;as\u0131 olarak otomatik olmayan \u015fekilde i\u015flenen; telefon numaras\u0131, adres, e-mail adresi, faks numaras\u0131, IP adresi gibi bilgiler,<\/li>\n<li value=\"5\">Kimli\u011fi belirli veya belirlenebilir bir ger&ccedil;ek ki\u015fiye ait oldu\u011fu a&ccedil;\u0131k olan; k\u0131smen veya tamamen otomatik \u015fekilde veya veri kay\u0131t sisteminin bir par&ccedil;as\u0131 olarak otomatik olmayan \u015fekilde i\u015flenen; fiziksel mek&acirc;na giri\u015fte, fiziksel mek&acirc;n\u0131n i&ccedil;erisinde kal\u0131\u015f s\u0131ras\u0131nda al\u0131nan kay\u0131tlar ve belgelere ili\u015fkin ki\u015fisel veriler; kamera kay\u0131tlar\u0131, parmak izi kay\u0131tlar\u0131 ve g&uuml;venlik noktas\u0131nda al\u0131nan kay\u0131tlar,<\/li>\n<li value=\"5\">Kimli\u011fi belirli veya belirlenebilir bir ger&ccedil;ek ki\u015fiye ait oldu\u011fu a&ccedil;\u0131k olan; foto\u011fraf ve kamera kay\u0131tlar\u0131 (Fiziksel Mek&acirc;n G&uuml;venlik Bilgisi kapsam\u0131nda giren kay\u0131tlar hari&ccedil;), ki\u015fisel veri i&ccedil;eren belgelerin kopyas\u0131 niteli\u011findeki belgelerde yer alan veriler,<\/li>\n<li>Kimli\u011fi belirli veya belirlenebilir bir ger&ccedil;ek ki\u015fiye ait oldu\u011fu a&ccedil;\u0131k olan; k\u0131smen veya tamamen otomatik \u015fekilde veya kay\u0131t sisteminin bir par&ccedil;as\u0131 olarak otomatik olmayan \u015fekilde i\u015flenen; Ki\u015fisel Verilerin Korunmas\u0131 Kanunu&rsquo; nun 6. Maddesinde belirtilen veriler (&ouml;rn. Kan grubu da d&acirc;hil sa\u011fl\u0131k verileri, biyometrik veriler vb.<\/li>\n<li value=\"5\">Kimli\u011fi belirli veya belirlenebilir bir ger&ccedil;ek ki\u015fiye ait oldu\u011fu a&ccedil;\u0131k olan; k\u0131smen veya tamamen otomatik \u015fekilde veya veri kay\u0131t sisteminin bir par&ccedil;as\u0131 olarak otomatik olmayan \u015fekilde i\u015flenen; <strong>&ldquo;Asya Nakliyat Tic. Ltd. \u015eti&ldquo; &rsquo;<\/strong> ye y&ouml;neltilmi\u015f olan her t&uuml;rl&uuml; talep veya \u015fik&acirc;yetin al\u0131nmas\u0131 ve de\u011ferlendirilmesine ili\u015fkin ki\u015fisel veriler,<\/li>\n<\/ol>\n<p>&nbsp;<br \/>\n<strong>&ldquo;Asya Nakliyat Tic. Ltd. \u015eti&ldquo;<\/strong> Ki\u015fisel Verilerin Korunmas\u0131 ve \u0130\u015flenmesi Hakk\u0131nda ayr\u0131ca web sitesinde de bulunan Bilgilendirme metnini ve haklar\u0131m\u0131 okudum ve<br \/>\n&nbsp;<br \/>\n&nbsp;<u>Ki\u015fisel verilerinizin i\u015flenmesine y&ouml;nelik tercihlerinizi belirtiniz.<\/u><br \/>\n&nbsp;&nbsp;<br \/>\n&nbsp;<\/p>\n<table border=\"1\" cellpadding=\"1\" cellspacing=\"1\" style=\"width:300px;\">\n<tbody>\n<tr>\n<td style=\"width:250px;\">Kabul Ediyorum<\/td>\n<td>&nbsp;<\/td>\n<\/tr>\n<tr>\n<td>Kabul Etmiyorum<\/td>\n<td>&nbsp;<\/td>\n<\/tr>\n<\/tbody>\n<\/table>\n<p>\n&nbsp;<\/p>\n<table align=\"left\" border=\"1\" cellpadding=\"0\" cellspacing=\"0\" width=\"803\">\n<tbody>\n<tr>\n<td style=\"width:246px;height:28px;\"><strong>Veri Sahibi<\/strong><\/td>\n<td style=\"width:397px;height:28px;\">&nbsp;<\/td>\n<\/tr>\n<tr>\n<td style=\"width:246px;height:28px;\">Ad\u0131 Soyad\u0131<\/td>\n<td style=\"width:397px;height:28px;\">&nbsp;<\/td>\n<\/tr>\n<tr>\n<td style=\"width:246px;height:28px;\">Tarihi<\/td>\n<td style=\"width:397px;height:28px;\">&nbsp;<\/td>\n<\/tr>\n<tr>\n<td style=\"width:246px;height:28px;\">\u0130mza<\/td>\n<td style=\"width:397px;height:28px;\">&nbsp;<br \/>\n\t\t\t&nbsp;<br \/>\n\t\t\t&nbsp;<br \/>\n\t\t\t&nbsp;<br \/>\n\t\t\t&nbsp;<br \/>\n\t\t\t&nbsp;<\/td>\n<\/tr>\n<\/tbody>\n<\/table>\n<p>&nbsp;<\/p>\n<p>[\/vc_column_text][\/vc_column][\/vc_row][vc_row][vc_column][\/vc_column][\/vc_row][vc_row][vc_column][\/vc_column][\/vc_row]<\/p>","protected":false},"excerpt":{"rendered":"<p>[vc_row][vc_column width=&#8221;1\/4&#8243; css=&#8221;.vc_custom_1458828995319{background-color: #e0e0e0 !important;}&#8221;][vc_column_text] HAKKIMIZDA EKiP \u00dcYELiKLER KAL\u0130TE Y\u00d6NET\u0130M\u0130 &#8211; ISO 9001 Kalite Politikam\u0131z &#8211; Ki\u015fisel Verilerin Korunmas\u0131 ve \u0130\u015flenmesi Politikas\u0131 &#8211; Ki\u015fisel Veri Saklama [&hellip;]<\/p>\n","protected":false},"author":1,"featured_media":0,"parent":1281,"menu_order":0,"comment_status":"closed","ping_status":"closed","template":"","meta":{"footnotes":""},"class_list":["post-1313","page","type-page","status-publish","hentry"],"_links":{"self":[{"href":"https:\/\/asyanakliyat.com\/tr\/wp-json\/wp\/v2\/pages\/1313","targetHints":{"allow":["GET"]}}],"collection":[{"href":"https:\/\/asyanakliyat.com\/tr\/wp-json\/wp\/v2\/pages"}],"about":[{"href":"https:\/\/asyanakliyat.com\/tr\/wp-json\/wp\/v2\/types\/page"}],"author":[{"embeddable":true,"href":"https:\/\/asyanakliyat.com\/tr\/wp-json\/wp\/v2\/users\/1"}],"replies":[{"embeddable":true,"href":"https:\/\/asyanakliyat.com\/tr\/wp-json\/wp\/v2\/comments?post=1313"}],"version-history":[{"count":15,"href":"https:\/\/asyanakliyat.com\/tr\/wp-json\/wp\/v2\/pages\/1313\/revisions"}],"predecessor-version":[{"id":1583,"href":"https:\/\/asyanakliyat.com\/tr\/wp-json\/wp\/v2\/pages\/1313\/revisions\/1583"}],"up":[{"embeddable":true,"href":"https:\/\/asyanakliyat.com\/tr\/wp-json\/wp\/v2\/pages\/1281"}],"wp:attachment":[{"href":"https:\/\/asyanakliyat.com\/tr\/wp-json\/wp\/v2\/media?parent=1313"}],"curies":[{"name":"wp","href":"https:\/\/api.w.org\/{rel}","templated":true}]}}