{"id":130,"date":"2016-03-23T19:01:13","date_gmt":"2016-03-23T19:01:13","guid":{"rendered":"http:\/\/www.atalaywebhosting.com\/demo\/asya\/?page_id=130"},"modified":"2025-09-12T10:26:51","modified_gmt":"2025-09-12T10:26:51","slug":"ekip","status":"publish","type":"page","link":"https:\/\/asyanakliyat.com\/tr\/hakkim-2\/ekip\/","title":{"rendered":"Ekip"},"content":{"rendered":"<p>[vc_row][vc_column width=&#8221;1\/4&#8243; css=&#8221;.vc_custom_1458828995319{background-color: #e0e0e0 !important;}&#8221;][vc_column_text]<\/p>\n<h6><span style=\"color: #999999;\"><a style=\"color: #999999;\" href=\"https:\/\/www.asyanakliyat.com\/hakkim\/\">HAKKIMIZDA<\/a><\/span><\/p>\n<p><span style=\"color: #999999;\"><a style=\"color: #999999;\" href=\"https:\/\/www.asyanakliyat.com\/ekip\/\"><span style=\"color: #ff6600;\">EKiP<\/span><\/a><\/span><\/p>\n<p><span style=\"color: #999999;\"><a style=\"color: #999999;\" href=\"https:\/\/www.asyanakliyat.com\/memberships\/\">\u00dcYELiKLER<\/a><\/span><\/p>\n<p><span style=\"color: #999999;\"><a style=\"color: #999999;\" href=\"https:\/\/www.asyanakliyat.com\/hakkim\/kalite-yonetimi\/kisisel-verilerin-korunmasi-ve-islenmesi-politikasi\/\">KAL\u0130TE Y\u00d6NET\u0130M\u0130<\/a><\/span><\/p>\n<p><span style=\"color: #999999;\"><a style=\"color: #999999;\" href=\"https:\/\/www.asyanakliyat.com\/hakkim\/kalite-yonetimi\/kisisel-verilerin-korunmasi-ve-islenmesi-politikasi\/\">&#8211; Ki\u015fisel Verilerin Korunmas\u0131 ve \u0130\u015flenmesi Politikas\u0131<\/a><\/span><\/p>\n<p><span style=\"color: #999999;\"><a style=\"color: #999999;\" href=\"https:\/\/www.asyanakliyat.com\/hakkim\/kalite-yonetimi\/kisisel-veri-saklama-ve-imha-politikasi\/\">&#8211; Ki\u015fisel Veri Saklama ve \u0130mha Politikas\u0131<\/a><\/span><\/p>\n<p><span style=\"color: #999999;\"><a style=\"color: #999999;\" href=\"https:\/\/www.asyanakliyat.com\/hakkim\/kalite-yonetimi\/cerez-politikalari\/\">&#8211; \u00c7erez Politikalar\u0131<\/a><\/span><\/p>\n<p><span style=\"color: #999999;\"><a style=\"color: #999999;\" href=\"https:\/\/www.asyanakliyat.com\/hakkim\/kalite-yonetimi\/veri-sahibinin-acik-riza-beyan-formu\/\">&#8211; Veri Sahibinin A\u00e7\u0131k R\u0131za Beyan Formu<\/a><\/span><\/p>\n<p><span style=\"color: #999999;\"><a style=\"color: #999999;\" href=\"https:\/\/www.asyanakliyat.com\/hakkim\/kalite-yonetimi\/veri-sahibi-basvuru-formu\/\">&#8211; Veri Sahibi Ba\u015fvuru Formu<\/a><\/span><\/p>\n<p><span style=\"color: #999999;\"><a style=\"color: #999999;\" href=\"https:\/\/www.asyanakliyat.com\/hakkim\/kalite-yonetimi\/kisisel-verilerin-islenmesi-ve-aktarimina-iliskin-bilgilendirme-formu\/\">&#8211; Ki\u015fisel Verilerin \u0130\u015flenmesi ve Aktar\u0131m\u0131na \u0130li\u015fkin Bilgilendirme (Ayd\u0131nlatma) Formu<\/a><\/span><\/p>\n<p><span style=\"color: #999999;\"><a style=\"color: #999999;\" href=\"https:\/\/www.asyanakliyat.com\/wp-content\/uploads\/2016\/03\/corporate-sustainability-program.pdf\" target=\"_blank\" rel=\"noopener\">&#8211; Kurumsal S\u00fcrd\u00fcr\u00fclebilirlik Program\u0131<\/a><\/span><\/p>\n<p><span style=\"color: #999999;\"><a style=\"color: #999999;\" href=\"https:\/\/www.asyanakliyat.com\/wp-content\/uploads\/2016\/03\/rekabet-ve-anti-trost-politikasi.pdf\" target=\"_blank\" rel=\"noopener\">&#8211; Rekabet Kurallar\u0131 ve Anti Tr\u00f6st Politikas\u0131<\/a><\/span><\/p>\n<p><span style=\"color: #999999;\"><a style=\"color: #999999;\" href=\"https:\/\/www.asyanakliyat.com\/wp-content\/uploads\/2016\/03\/yolsuzluk-ve-rusvetle-m\u00fccadele.pdf\" target=\"_blank\" rel=\"noopener\">&#8211; Yolsuzluk ve R\u00fc\u015fvetle M\u00fccadele Politikas\u0131<\/a><\/span><\/p>\n<p><a href=\"https:\/\/www.asyanakliyat.com\/policies\/\"><span style=\"color: #999999;\">POLiTiKALARIMIZ<\/span><\/a><\/p>\n<p><a href=\"https:\/\/www.asyanakliyat.com\/wp-content\/uploads\/2016\/03\/bilgi-guvenligi-politikasi.pdf\" target=\"_blank\" rel=\"noopener\"><span style=\"color: #999999;\">Bilgi G\u00fcvenli\u011fi Politikas\u0131<\/span><\/a><\/p>\n<p><a href=\"https:\/\/www.asyanakliyat.com\/wp-content\/uploads\/2016\/03\/BRANCH-RESPONSIBILITY-STATEMENT.pdf\" target=\"_blank\" rel=\"noopener\"><span style=\"color: #999999;\">\u015eube Sorumluluk Beyan\u0131<\/span><\/a><\/p>\n<p><a href=\"https:\/\/www.asyanakliyat.com\/wp-content\/uploads\/2016\/03\/ATC-Charter.pdf\" target=\"_blank\" rel=\"noopener\"><span style=\"color: #999999;\">Anti-Tr\u00f6st Beyannamesi<\/span><span style=\"color: #999999;\"><\/span><\/a><\/p>\n<p><a href=\"https:\/\/www.asyanakliyat.com\/wp-content\/uploads\/2016\/03\/ABC-Charter.pdf\" target=\"_blank\" rel=\"noopener\"><span style=\"color: #999999;\">R\u00fc\u015fvet ve Yolsuzlukla M\u00fccadele Beyannamesi<\/span><span style=\"color: #999999;\"><\/span><\/a><\/p>\n<p><span style=\"color: #999999;\"><a style=\"color: #999999;\" href=\"https:\/\/www.asyanakliyat.com\/hakkim\/haberler\/\">HABERLER<\/a><\/span><br \/>\n<\/h6>\n<h6><\/h6>\n<p>[\/vc_column_text][\/vc_column][vc_column width=&#8221;3\/4&#8243;][vc_separator][vc_separator style=&#8221;dashed&#8221;][vc_column_text]<\/p>\n<h4 style=\"text-align: left;\"><span style=\"color: #3b78ab;\">M\u00dcKEMMEL HiZMET KALiTESiNi SA\u011eLAMAK i\u00c7iN SA\u011eLAM VE PROFESYONEL BiR EKiBiN G\u00dcC\u00dcNE iNANIYORUZ.<\/span><\/h4>\n<p>Ekibimizin \u00e7o\u011fu \u00e7ok uzun y\u0131llard\u0131r \u015firketimizde \u00e7al\u0131\u015fmaktad\u0131r. T\u00fcm nakliyeler \u00e7ok dilli, zeki, yard\u0131msever ve \u00fcst\u00fcn hizmet sa\u011flamaya adanm\u0131\u015f profesyoneller taraf\u0131ndan yap\u0131lmaktad\u0131r. \u00c7al\u0131\u015fanlar\u0131m\u0131z, her bir m\u00fc\u015fterinin hizmet deneyiminin p\u00fcr\u00fczs\u00fcz olaca\u011f\u0131ndan emin olmak \u00fczere s\u00fcrekli e\u011fitimlerden ge\u00e7mektedir.[\/vc_column_text][\/vc_column][\/vc_row][vc_row][vc_column][\/vc_column][\/vc_row][vc_row][vc_column][\/vc_column][\/vc_row]<\/p>","protected":false},"excerpt":{"rendered":"<p>[vc_row][vc_column width=&#8221;1\/4&#8243; css=&#8221;.vc_custom_1458828995319{background-color: #e0e0e0 !important;}&#8221;][vc_column_text] HAKKIMIZDA EKiP \u00dcYELiKLER KAL\u0130TE Y\u00d6NET\u0130M\u0130 &#8211; Ki\u015fisel Verilerin Korunmas\u0131 ve \u0130\u015flenmesi Politikas\u0131 &#8211; Ki\u015fisel Veri Saklama ve \u0130mha Politikas\u0131 &#8211; \u00c7erez [&hellip;]<\/p>\n","protected":false},"author":1,"featured_media":0,"parent":91,"menu_order":0,"comment_status":"closed","ping_status":"closed","template":"","meta":{"footnotes":""},"class_list":["post-130","page","type-page","status-publish","hentry"],"_links":{"self":[{"href":"https:\/\/asyanakliyat.com\/tr\/wp-json\/wp\/v2\/pages\/130","targetHints":{"allow":["GET"]}}],"collection":[{"href":"https:\/\/asyanakliyat.com\/tr\/wp-json\/wp\/v2\/pages"}],"about":[{"href":"https:\/\/asyanakliyat.com\/tr\/wp-json\/wp\/v2\/types\/page"}],"author":[{"embeddable":true,"href":"https:\/\/asyanakliyat.com\/tr\/wp-json\/wp\/v2\/users\/1"}],"replies":[{"embeddable":true,"href":"https:\/\/asyanakliyat.com\/tr\/wp-json\/wp\/v2\/comments?post=130"}],"version-history":[{"count":31,"href":"https:\/\/asyanakliyat.com\/tr\/wp-json\/wp\/v2\/pages\/130\/revisions"}],"predecessor-version":[{"id":1588,"href":"https:\/\/asyanakliyat.com\/tr\/wp-json\/wp\/v2\/pages\/130\/revisions\/1588"}],"up":[{"embeddable":true,"href":"https:\/\/asyanakliyat.com\/tr\/wp-json\/wp\/v2\/pages\/91"}],"wp:attachment":[{"href":"https:\/\/asyanakliyat.com\/tr\/wp-json\/wp\/v2\/media?parent=130"}],"curies":[{"name":"wp","href":"https:\/\/api.w.org\/{rel}","templated":true}]}}