{"id":1246,"date":"2019-06-12T06:28:00","date_gmt":"2019-06-12T06:28:00","guid":{"rendered":"http:\/\/www.asyanakliyat.com\/?page_id=1246"},"modified":"2019-06-12T08:20:14","modified_gmt":"2019-06-12T08:20:14","slug":"cookie-policy","status":"publish","type":"page","link":"https:\/\/asyanakliyat.com\/tr\/cookie-policy\/","title":{"rendered":"\u00c7erez Politikas\u0131"},"content":{"rendered":"<p><strong>\u00c7erez (Cookie) Politikas\u0131<\/strong><br \/>\nBir\u00e7ok web sitesi gibi bu Site de (\u201cSite\u201d ifadesi i\u015f bu internet sitesi ve i\u015f ortaklar\u0131n\u0131n sitelerini kapsar \u015fekilde kullan\u0131lmaktad\u0131r), \u00e7e\u015fitli ama\u00e7larla \u00e7erez (cookie) kullanmaktad\u0131r. \u00c7erez ad\u0131 verilen teknik ileti\u015fim dosyalar\u0131, bir internet sitesinin kullan\u0131c\u0131n\u0131n bilgisayar\u0131 veya cep telefonu taray\u0131c\u0131s\u0131na (browser) g\u00f6nderdi\u011fi k\u00fc\u00e7\u00fck metin dosyalar\u0131d\u0131r.<\/p>\n<p><strong>\u00c7erezler Ne Ama\u00e7la ve Nas\u0131l Kullan\u0131lmaktad\u0131r?<\/strong><br \/>\nBu Site\u2019de ve i\u015f ortaklar\u0131n\u0131n sitelerinde, kullan\u0131c\u0131lara ilgi alanlar\u0131na ve ihtiya\u00e7lar\u0131na uygun, ki\u015fiye \u00f6zel i\u00e7erik ve reklam sunulmas\u0131 ama\u00e7lanmaktad\u0131r. Bunun amac\u0131, kullan\u0131c\u0131n\u0131n ilgisini \u00e7ekmeyecek, gereksiz reklam g\u00f6sterimine engel olarak Site deneyimini daha kaliteli hale getirmektir. \u00c7erezler, sizi tan\u0131mam\u0131za yard\u0131mc\u0131 olur, bu da ilginizi \u00e7ekece\u011fini d\u00fc\u015f\u00fcnd\u00fc\u011f\u00fcm\u00fcz i\u00e7erik ve reklamlar ile Site\u2019yi sizin i\u00e7in daha kullan\u0131\u015fl\u0131 ve yararl\u0131 hale getirmemizi sa\u011flar.<\/p>\n<p>1. \u00c7erezler; Site\u2019ye girdi\u011finizde ilginizi \u00e7ekebilecek reklamlar g\u00f6sterilmesini sa\u011flamak ve Site\u2019de bir reklam g\u00f6rd\u00fckten sonra bu reklamla ilgilenip ilgilenmedi\u011finizi, ilgili \u00fcr\u00fcn veya hizmetin sitesini ziyaret edip etmedi\u011finizi belirlemek amac\u0131yla kullan\u0131labilir.<br \/>\n2. Site\u2019yi ziyaret eden kullan\u0131c\u0131 say\u0131s\u0131, kullan\u0131c\u0131 tipi, ziyaret s\u0131kl\u0131\u011f\u0131, kullan\u0131c\u0131 davran\u0131\u015flar\u0131 ve al\u0131\u015fkanl\u0131klar\u0131, kullan\u0131c\u0131lar\u0131n hangi \u00fclkelerden siteyi ziyaret ettikleri vb. istatistiklerin olu\u015fturulmas\u0131 amac\u0131yla \u00e7erez kullan\u0131labilecektir.<br \/>\n3. Site \u00fczerinde, kullan\u0131c\u0131 tercihlerini daha do\u011fru \u015fekilde belirlemek amac\u0131yla 3. ki\u015filer taraf\u0131ndan yerle\u015ftirilmi\u015f \u00e7erezler (\u00f6rne\u011fin Site \u00fczerinde bu ki\u015filere ait reklamlara eri\u015filmesi halinde kullan\u0131lan \u00e7erezler) de kullan\u0131labilir. Bu \u00e7erezler vas\u0131tas\u0131yla toplanan veriler, ziyaret edilen di\u011fer siteler \u00fczerinde kullan\u0131c\u0131lara y\u00f6nelik reklam veya i\u00e7erik yerle\u015ftirilmesi amac\u0131yla da kullan\u0131labilecektir.<br \/>\n4. Yukar\u0131da a\u00e7\u0131klanan ama\u00e7larla \u00e7erez kullan\u0131m\u0131 bu Site\u2019de ve Site taraf\u0131ndan i\u015f ortaklar\u0131na ait sitelerde ger\u00e7ekle\u015ftirilebilmektedir. B\u00f6yle bir durumda dahi ama\u00e7, kullan\u0131c\u0131n\u0131n bu sayede belirlenen ilgi alanlar\u0131na \u00f6zel i\u00e7erik ve reklam sunabilmektir.<br \/>\n5. Site veya i\u015f ortaklar\u0131 taraf\u0131ndan bu Site\u2019de veya di\u011fer sitelerde kullan\u0131lan \u00e7erezler arac\u0131l\u0131\u011f\u0131yla, bu siteler d\u0131\u015f\u0131nda kullan\u0131c\u0131 taraf\u0131ndan ziyaret edilen sitelere ili\u015fkin bilgiler de i\u015flenebilmektedir.<\/p>\n<p><strong>\u00c7erezler Vas\u0131tas\u0131yla Hangi Bilgiler Al\u0131nmakta ve \u0130\u015flenmektedir?<\/strong><br \/>\nSite\u2019ye hangi siteden gelindi\u011fi ve Site\u2019den sonra hangi sitenin ziyaret edildi\u011fi, kullan\u0131c\u0131lar\u0131n co\u011frafi konumlar\u0131, sitede yer alan reklam banner\u2019lar\u0131na tepkileri, kullan\u0131c\u0131n\u0131n Site\u2019ye ve i\u015f ortaklar\u0131n\u0131n sitelerine kendi iste\u011fiyle vermi\u015f oldu\u011fu ki\u015fisel bilgiler, site \u00fczerinde ger\u00e7ekle\u015ftirilen tercihler, sosyal payla\u015f\u0131m sitelerinde Site ve i\u015f ortaklar\u0131m\u0131z\u0131n sayfalar\u0131 ile ilgili hareketler al\u0131nabilecek ve i\u015flenebilecektir. Site\u2019ye ve i\u015f ortaklar\u0131n\u0131n sitelerine vermi\u015f oldu\u011funuz \u00fcyelik bilgileriniz, burada belirlenen ama\u00e7larla Site veya i\u015f ortaklar\u0131 taraf\u0131ndan al\u0131nabilir ve i\u015flenebilir. Sosyal payla\u015f\u0131m sitelerinden belirli aplikasyonlar (uygulamalar) arac\u0131l\u0131\u011f\u0131yla veri al\u0131n\u0131p i\u015flendi\u011finden, hangi verilerinizin i\u015flenece\u011finden aplikasyon i\u00e7in verdi\u011finiz onay kapsam\u0131nda haberdar olabilirsiniz. \u0130lgili aplikasyona onay vermeyerek, yine sizin belirledi\u011finiz kapsamdaki ki\u015fisel verilerinizin i\u015flenmesine engel olman\u0131z m\u00fcmk\u00fcnd\u00fcr.<\/p>\n<p><strong>\u00c7erez Kullan\u0131m\u0131n\u0131n Engellenmesi:<\/strong><br \/>\nTaray\u0131c\u0131n\u0131z arac\u0131l\u0131\u011f\u0131yla \u00e7erezleri engellemeniz m\u00fcmk\u00fcnd\u00fcr, ancak bunlar\u0131 engellemeniz durumunda Site\u2019deki baz\u0131 \u00f6zellikleri kullanamayabilirsiniz. Taray\u0131c\u0131n\u0131z\u0131n \u00e7erezleri y\u00f6netmenize olanak sa\u011flay\u0131p sa\u011flamad\u0131\u011f\u0131n\u0131 \u00f6\u011frenmek i\u00e7in taray\u0131c\u0131 ayarlar\u0131n\u0131za bakman\u0131z tavsiye edilir.<\/p>\n<p><strong>\u00c7erezler Yard\u0131m\u0131yla Toplanan Verilerin 3. Ki\u015filerle Payla\u015f\u0131m\u0131:<\/strong><br \/>\n\u00c7erezler yard\u0131m\u0131yla toplanan ve yukar\u0131da detayl\u0131 olarak anlat\u0131lan davran\u0131\u015fsal ve ki\u015fisel veriler, i\u015fbu politikada belirlenen ama\u00e7larla i\u015f ortaklar\u0131 ve 3. ki\u015filerle payla\u015f\u0131labilecektir.<br \/>\nSite \u00fczerinde, 3. ki\u015filer taraf\u0131ndan y\u00f6netilen site ve i\u00e7eriklere ba\u011flant\u0131lar verilebilir veya eri\u015fim olana\u011f\u0131 sa\u011flanabilir. 3. Ki\u015fi i\u00e7eri\u011fi \u00fczerinde Site\u2019nin herhangi bir kontrol veya m\u00fcdahale yetkisi bulunmamaktad\u0131r.<br \/>\nSitede 3. Ki\u015filere ait platformlara y\u00f6nelik \u201cplugin\u201dler kullan\u0131labilir. Kullan\u0131c\u0131lar\u0131n Siteyi ziyaretlerinde toplanan bilgiler, bahsedilen 3. Ki\u015fi platformlar taraf\u0131ndan kullan\u0131labilir. Kullan\u0131c\u0131lar\u0131n, Siteyi, bu platformlardaki hesaplar\u0131na ba\u011fl\u0131yken ziyaret etmeleri halinde, Site ve 3. Ki\u015filer taraf\u0131ndan toplanan bilgiler ili\u015fkilendirilebilir.<br \/>\nBurada bahsi ge\u00e7en ama\u00e7larla toplanan kullan\u0131c\u0131 verileri, Site\u2019ye veya i\u015f ortaklar\u0131na ait olan ve kullan\u0131c\u0131n\u0131n da \u00fcyesi bulundu\u011fu \u00e7e\u015fitli m\u00fc\u015fteri memnuniyeti odakl\u0131 pazarlama programlar\u0131nda yer alan veriler ile birle\u015ftirilebilir. Bunun amac\u0131, kullan\u0131c\u0131 ihtiyac\u0131n\u0131 daha yak\u0131ndan tan\u0131yarak hem bu uygulama kapsam\u0131nda hem de \u00fcyesi oldu\u011funuz di\u011fer pazarlama programlar\u0131 kapsam\u0131nda kullan\u0131c\u0131lara ki\u015fiye \u00f6zel hizmet sunabilmektir. Birle\u015ftirilen veriler burada ve ilgili pazarlama program\u0131n\u0131n \u00fcyelik s\u00f6zle\u015fmesinde yer alan ama\u00e7 ve y\u00f6ntemlerle i\u015flenebilir.<br \/>\n\u0130\u015fbu politika kapsam\u0131nda Site veya 3. Ki\u015filer taraf\u0131ndan i\u015flenen ki\u015fisel veriler, Site veya 3. Ki\u015filer taraf\u0131ndan bu verilerin i\u015flenmesi amac\u0131yla hizmet al\u0131nan 3. Ki\u015filerle, bu hizmetlerin al\u0131nmas\u0131 amac\u0131yla s\u0131n\u0131rl\u0131 olmak \u00fczere payla\u015f\u0131labilir. Hizmet al\u0131nan 3. Ki\u015filer, bu verileri yurti\u00e7inde veya yurtd\u0131\u015f\u0131nda tutabilir ve yurti\u00e7i ya da yurtd\u0131\u015f\u0131nda tutulan veriler aras\u0131nda aktar\u0131m ger\u00e7ekle\u015ftirebilir.<\/p>\n<p><strong>Yasal D\u00fczenlemelere Uygunluk<\/strong><br \/>\nSite ve i\u015f ortaklar\u0131, yasalara uygun olmayan ve burada belirtilenin d\u0131\u015f\u0131nda hi\u00e7bir ama\u00e7la hareket etmez. Uygulama yasal geli\u015fmeler kar\u015f\u0131s\u0131nda revize edilir ve yasa ile belirlenen \u015fekil ve kapsamda tutulur.<\/p>\n<p><strong>Ki\u015fisel Verileri \u0130\u015flenen Ki\u015filerin Haklar\u0131<\/strong><br \/>\n\u0130\u015fbu politika kapsam\u0131nda ki\u015fisel verileri i\u015flenen ki\u015filerin, kendileriyle ilgili ki\u015fisel veri i\u015flenip i\u015flenmedi\u011fini, verileri i\u015flenmi\u015fse buna ili\u015fkin bilgileri, verilerin i\u015flenme amac\u0131n\u0131 ve bunlar\u0131n amac\u0131na uygun kullan\u0131l\u0131p kullan\u0131lmad\u0131\u011f\u0131n\u0131, yurti\u00e7inde veya yurtd\u0131\u015f\u0131nda verilerin aktar\u0131ld\u0131\u011f\u0131 \u00fc\u00e7\u00fcnc\u00fc ki\u015filerin kimler oldu\u011funu, verilerin eksik veya yanl\u0131\u015f olmas\u0131 h\u00e2linde bunlar\u0131n d\u00fczeltilmesini, ilgili mevzuatta \u00f6ng\u00f6r\u00fclen ko\u015fullar \u00e7er\u00e7evesinde ki\u015fisel verilerin silinmesini veya yok edilmesini, d\u00fczeltme\/silme\/yok etme i\u015flemlerinin imk\u00e2ns\u0131z olmamak veya orant\u0131s\u0131z \u00e7aba gerektirmemek kayd\u0131yla, verilerin aktar\u0131ld\u0131\u011f\u0131 \u00fc\u00e7\u00fcnc\u00fc ki\u015filere bildirilmesini isteme; i\u015flenen verilerin m\u00fcnhas\u0131ran otomatik sistemler vas\u0131tas\u0131yla analiz edilmesi suretiyle ki\u015finin kendisi aleyhine bir sonucun ortaya \u00e7\u0131kmas\u0131na itiraz etme ve verilerinin ilgili mevzuata ayk\u0131r\u0131 olarak i\u015flenmesi sebebiyle zarara u\u011framas\u0131 halinde zarar\u0131n giderilmesini talep etme hakk\u0131 bulunmaktad\u0131r.<br \/>\nKullan\u0131c\u0131n\u0131n bu Site\u2019yi ziyaret etmesi, \u00e7erez kullan\u0131m\u0131na ve ki\u015fisel verilerinin i\u015fbu politika kapsam\u0131nda i\u015flenmesine onay verdi\u011fi anlam\u0131na gelmektedir.<\/p>","protected":false},"excerpt":{"rendered":"<p>\u00c7erez (Cookie) Politikas\u0131 Bir\u00e7ok web sitesi gibi bu Site de (\u201cSite\u201d ifadesi i\u015f bu internet sitesi ve i\u015f ortaklar\u0131n\u0131n sitelerini kapsar \u015fekilde kullan\u0131lmaktad\u0131r), \u00e7e\u015fitli ama\u00e7larla \u00e7erez [&hellip;]<\/p>\n","protected":false},"author":1,"featured_media":0,"parent":0,"menu_order":0,"comment_status":"closed","ping_status":"closed","template":"","meta":{"footnotes":""},"class_list":["post-1246","page","type-page","status-publish","hentry"],"_links":{"self":[{"href":"https:\/\/asyanakliyat.com\/tr\/wp-json\/wp\/v2\/pages\/1246","targetHints":{"allow":["GET"]}}],"collection":[{"href":"https:\/\/asyanakliyat.com\/tr\/wp-json\/wp\/v2\/pages"}],"about":[{"href":"https:\/\/asyanakliyat.com\/tr\/wp-json\/wp\/v2\/types\/page"}],"author":[{"embeddable":true,"href":"https:\/\/asyanakliyat.com\/tr\/wp-json\/wp\/v2\/users\/1"}],"replies":[{"embeddable":true,"href":"https:\/\/asyanakliyat.com\/tr\/wp-json\/wp\/v2\/comments?post=1246"}],"version-history":[{"count":3,"href":"https:\/\/asyanakliyat.com\/tr\/wp-json\/wp\/v2\/pages\/1246\/revisions"}],"predecessor-version":[{"id":1249,"href":"https:\/\/asyanakliyat.com\/tr\/wp-json\/wp\/v2\/pages\/1246\/revisions\/1249"}],"wp:attachment":[{"href":"https:\/\/asyanakliyat.com\/tr\/wp-json\/wp\/v2\/media?parent=1246"}],"curies":[{"name":"wp","href":"https:\/\/api.w.org\/{rel}","templated":true}]}}