{"id":1203,"date":"2018-04-13T13:06:11","date_gmt":"2018-04-13T13:06:11","guid":{"rendered":"http:\/\/www.asyanakliyat.com\/?page_id=1203"},"modified":"2025-09-10T08:02:56","modified_gmt":"2025-09-10T08:02:56","slug":"data-protection-policy","status":"publish","type":"page","link":"https:\/\/asyanakliyat.com\/tr\/data-protection-policy\/","title":{"rendered":"(English) DATA PROTECTION POLICY"},"content":{"rendered":"<p>[vc_row][vc_column][\/vc_column][\/vc_row][vc_row][vc_column width=&#8221;1\/4&#8243; css=&#8221;.vc_custom_1458823762021{background-color: #e0e0e0 !important;}&#8221;][vc_column_text]<\/p>\n<h6><span style=\"color: #999999;\"><a style=\"color: #999999;\" href=\"https:\/\/www.asyanakliyat.com\/hakkim\/\"><span style=\"color: #ff6600;\">HAKKIMIZDA<\/span><br \/>\n<\/a><\/span><br \/>\n<span style=\"color: #999999;\"><a style=\"color: #999999;\" href=\"https:\/\/www.asyanakliyat.com\/ekip\/\">EKiP<br \/>\n<\/a><\/span><br \/>\n<span style=\"color: #999999;\"><a style=\"color: #999999;\" href=\"https:\/\/www.asyanakliyat.com\/memberships\/\">\u00dcYELiKLER<\/a><\/span><a href=\"https:\/\/www.asyanakliyat.com\/policies\/\"><span style=\"color: #999999;\"><br \/>\n<\/span><\/a><br \/>\n<a href=\"https:\/\/www.asyanakliyat.com\/wp-content\/uploads\/2016\/03\/BRANCH-RESPONSIBILITY-STATEMENT.pdf\" target=\"_blank\"><span style=\"color: #999999;\">\u015eUBE SORUMLULUK BEYANI<\/span><span style=\"color: #999999;\"><br \/>\n<\/span><\/a><br \/>\n<a href=\"https:\/\/www.asyanakliyat.com\/wp-content\/uploads\/2016\/03\/Anti-Trust-Charter.pdf\" target=\"_blank\"><span style=\"color: #999999;\">Anti-Tr\u00f6st Beyannamesi<\/span><span style=\"color: #999999;\"><br \/>\n<\/span><\/a><br \/>\n<a href=\"https:\/\/www.asyanakliyat.com\/wp-content\/uploads\/2016\/03\/ATC-Charter.pdf\" target=\"_blank\"><span style=\"color: #999999;\">ANT-BRIBERY VE YANLI\u015e YOLCULUK KARAKTER\u0130<\/span><span style=\"color: #999999;\"><br \/>\n<span style=\"color: #999999;\"> <a style=\"color: #999999;\" href=\"https:\/\/www.asyanakliyat.com\/hakkim\/haberler\/\">HABERLER<\/a><\/span><\/h6>\n<p>[\/vc_column_text][\/vc_column][vc_column width=&#8221;3\/4&#8243;][vc_separator][vc_separator style=&#8221;dotted&#8221;][vc_column_text]<\/p>\n<h4 style=\"text-align: justify;\"><span style=\"color: #3b78ab;\">B\u0130Z BU GELENE\u011eE 1963 SENES\u0130NDE BA\u015eLADIK. AMACIMIZ, M\u00dcMK\u00dcN OLAN EN \u0130Y\u0130 H\u0130ZMET\u0130 SUNMAK VE H\u0130\u00c7B\u0130R ZAMAN M\u00dcSTER\u0130LER\u0130M\u0130Z\u0130N MEMNUN\u0130YET\u0130NDEN VE KAL\u0130TEM\u0130ZDEN \u00d6D\u00dcN VERMEMEKT\u0130R.\u00a0<\/span><\/h4>\n<p>Sirketimiz1963 senesinde, \u00fclkemizdeki uluslararas\u0131 nakliye sekt\u00f6r\u00fcne profesyonel ve yenilik\u00e7i bir bakisi a\u00e7\u0131s\u0131 getirmek \u00fczere kuruldu. Ev e\u015fyas\u0131 nakliyesi ile ba\u015flayan ser\u00fcvenimize 20 y\u0131l\u0131 a\u015fk\u0131n suredir sanat eseri nakliyesini de ilave ederek s\u00fcrd\u00fcrmekteyiz.<\/p>\n<h4><span style=\"color: #ff6600;\">Son derece yal\u0131n olan vizyonumuz: <\/span><\/h4>\n<p>Sanat eseri ve ev e\u015fyas\u0131 elle\u00e7leme, ta\u015f\u0131ma ve depolama hizmetlerinde en y\u00fcksek kalite hizmeti sa\u011flamakt\u0131r. Bir nakliyenin yol a\u00e7aca\u011f\u0131 stresi bilerek, bizden beklenen hassasiyet ve mahremiyeti son derece \u00f6nemseyerek hareket etmekteyiz.[\/vc_column_text][\/vc_column][\/vc_row][vc_row][vc_column][\/vc_column][\/vc_row]<\/p>","protected":false},"excerpt":{"rendered":"<p>[vc_row][vc_column][\/vc_column][\/vc_row][vc_row][vc_column width=&#8221;1\/4&#8243; css=&#8221;.vc_custom_1458823762021{background-color: #e0e0e0 !important;}&#8221;][vc_column_text] HAKKIMIZDA EKiP \u00dcYELiKLER \u015eUBE SORUMLULUK BEYANI Anti-Tr\u00f6st Beyannamesi ANT-BRIBERY VE YANLI\u015e YOLCULUK KARAKTER\u0130 HABERLER [\/vc_column_text][\/vc_column][vc_column width=&#8221;3\/4&#8243;][vc_separator][vc_separator style=&#8221;dotted&#8221;][vc_column_text] B\u0130Z BU GELENE\u011eE 1963 [&hellip;]<\/p>\n","protected":false},"author":1,"featured_media":0,"parent":0,"menu_order":0,"comment_status":"closed","ping_status":"closed","template":"","meta":{"footnotes":""},"class_list":["post-1203","page","type-page","status-publish","hentry"],"_links":{"self":[{"href":"https:\/\/asyanakliyat.com\/tr\/wp-json\/wp\/v2\/pages\/1203","targetHints":{"allow":["GET"]}}],"collection":[{"href":"https:\/\/asyanakliyat.com\/tr\/wp-json\/wp\/v2\/pages"}],"about":[{"href":"https:\/\/asyanakliyat.com\/tr\/wp-json\/wp\/v2\/types\/page"}],"author":[{"embeddable":true,"href":"https:\/\/asyanakliyat.com\/tr\/wp-json\/wp\/v2\/users\/1"}],"replies":[{"embeddable":true,"href":"https:\/\/asyanakliyat.com\/tr\/wp-json\/wp\/v2\/comments?post=1203"}],"version-history":[{"count":12,"href":"https:\/\/asyanakliyat.com\/tr\/wp-json\/wp\/v2\/pages\/1203\/revisions"}],"predecessor-version":[{"id":1577,"href":"https:\/\/asyanakliyat.com\/tr\/wp-json\/wp\/v2\/pages\/1203\/revisions\/1577"}],"wp:attachment":[{"href":"https:\/\/asyanakliyat.com\/tr\/wp-json\/wp\/v2\/media?parent=1203"}],"curies":[{"name":"wp","href":"https:\/\/api.w.org\/{rel}","templated":true}]}}