{"id":104,"date":"2016-03-23T18:25:33","date_gmt":"2016-03-23T18:25:33","guid":{"rendered":"http:\/\/www.atalaywebhosting.com\/demo\/asya\/?page_id=104"},"modified":"2016-04-28T08:31:13","modified_gmt":"2016-04-28T08:31:13","slug":"english-storage","status":"publish","type":"page","link":"https:\/\/asyanakliyat.com\/tr\/depolama-2\/english-storage\/","title":{"rendered":"DEPOLAMA"},"content":{"rendered":"<p>[vc_row][vc_column width=&#8221;1\/4&#8243; css=&#8221;.vc_custom_1458912625304{background-color: #e8e8e8 !important;}&#8221;][vc_column_text]<\/p>\n<h6><a href=\"https:\/\/www.asyanakliyat.com\/english-storage\/\"><span style=\"color: #ff6600;\">SANAT ESERI<\/span><\/a><\/h6>\n<h6><a href=\"https:\/\/www.asyanakliyat.com\/ev-esyasi\/\"><span style=\"color: #999999;\">EV E\u015eYASI<\/span><\/a><\/h6>\n<p>&nbsp;<\/p>\n<p>&nbsp;<\/p>\n<p>&nbsp;<\/p>\n<p>&nbsp;<\/p>\n<p>&nbsp;<\/p>\n<p>&nbsp;<\/p>\n<p>&nbsp;<\/p>\n<p>[\/vc_column_text][\/vc_column][vc_column width=&#8221;1\/2&#8243;][vc_separator][vc_column_text]<\/p>\n<h4 style=\"text-align: justify;\"><span style=\"color: #3b78ab;\">T\u00dcRKiYE\u2019DE iLK VE TEK iKLiM VE NEM KONTROLL\u00dc SANAT ESERi DEPOLAMASI HiZMETi VERMEKTEYiZ.\u00a0<\/span><\/h4>\n<p style=\"text-align: justify;\">Sadece son teknoloji sanat eseri depomuza bakarak sanata olan sevgimizi anlayabilirsiniz. Hem k\u0131sa hem de uzun sureli olarak tam iklim ve nem kontroll\u00fc depolama sunmaktay\u0131z.<\/p>\n<p>\u0130klimlendirilmi\u015f depolaman\u0131n yans\u0131ra standart depomuzla da belirli bir \u0131s\u0131 ve nem kontrol\u00fc ihtiyac\u0131 olmayan eserlerin depolanmas\u0131 isteklerine cevap verebilmekteyiz.<\/p>\n<p>Tuhaf \u015fekilli, al\u0131\u015f\u0131lmad\u0131k y\u00fckseklikte ve \u015fekilde objeler i\u00e7in de ayr\u0131lm\u0131\u015f \u00f6zel bir alan sunmaktay\u0131z.<\/p>\n<p>T\u00fcm tesislerimiz son teknoloji g\u00fcvenlik alarmlar\u0131, 7\/24 g\u00fcvenlik g\u00f6revlileri, yang\u0131n detekt\u00f6rleri ve CCTV kay\u0131t sistemi ile korunmaktad\u0131r.<\/p>\n<p>Binalar\u0131m\u0131z g\u00fcvenlik kurallar\u0131na tam uyumlu ve \u00f6nde gelen sigorta \u015firketleri taraf\u0131ndan onayl\u0131 olup, yang\u0131n ve deprem gibi t\u00fcm yerel zorunluluklar\u0131 kar\u015f\u0131lamaktad\u0131r.[\/vc_column_text][\/vc_column][vc_column width=&#8221;1\/4&#8243;][vc_column_text]<\/p>\n\n\t\t\t<style type='text\/css'>\n\t\t\t\t#gallery-1 {\n\t\t\t\t\tmargin: auto;\n\t\t\t\t}\n\t\t\t\t#gallery-1 .gallery-item {\n\t\t\t\t\tfloat: left;\n\t\t\t\t\tmargin-top: 10px;\n\t\t\t\t\ttext-align: center;\n\t\t\t\t\twidth: 49.99%;\n\t\t\t\t}\n\t\t\t\t#gallery-1 img {\n\t\t\t\t\tborder: 2px solid #cfcfcf;\n\t\t\t\t}\n\t\t\t\t#gallery-1 .gallery-caption {\n\t\t\t\t\tmargin-left: 0;\n\t\t\t\t}\n\t\t\t\t\/* see gallery_shortcode() in wp-includes\/media.php *\/\n\t\t\t<\/style>\n\t\t<div id='gallery-1' class='gallery galleryid-104 gallery-columns-2 gallery-size-thumbnail file'><dl class='gallery-item'>\n\t\t\t\t<dt class='gallery-icon landscape'>\n\t\t\t\t\t<a href='https:\/\/asyanakliyat.com\/wp-content\/uploads\/2016\/03\/Depolama-01.jpg'><img loading=\"lazy\" decoding=\"async\" width=\"150\" height=\"150\" src=\"https:\/\/asyanakliyat.com\/wp-content\/uploads\/2016\/03\/Depolama-01-150x150.jpg\" class=\"attachment-thumbnail size-thumbnail\" alt=\"\" srcset=\"https:\/\/asyanakliyat.com\/wp-content\/uploads\/2016\/03\/Depolama-01-150x150.jpg 150w, https:\/\/asyanakliyat.com\/wp-content\/uploads\/2016\/03\/Depolama-01-85x85.jpg 85w, https:\/\/asyanakliyat.com\/wp-content\/uploads\/2016\/03\/Depolama-01-80x80.jpg 80w\" sizes=\"auto, (max-width: 150px) 100vw, 150px\" \/><\/a>\n\t\t\t\t<\/dt><\/dl><dl class='gallery-item'>\n\t\t\t\t<dt class='gallery-icon landscape'>\n\t\t\t\t\t<a href='https:\/\/asyanakliyat.com\/wp-content\/uploads\/2016\/03\/Depolama-02.jpg'><img loading=\"lazy\" decoding=\"async\" width=\"150\" height=\"150\" src=\"https:\/\/asyanakliyat.com\/wp-content\/uploads\/2016\/03\/Depolama-02-150x150.jpg\" class=\"attachment-thumbnail size-thumbnail\" alt=\"\" srcset=\"https:\/\/asyanakliyat.com\/wp-content\/uploads\/2016\/03\/Depolama-02-150x150.jpg 150w, https:\/\/asyanakliyat.com\/wp-content\/uploads\/2016\/03\/Depolama-02-85x85.jpg 85w, https:\/\/asyanakliyat.com\/wp-content\/uploads\/2016\/03\/Depolama-02-80x80.jpg 80w\" sizes=\"auto, (max-width: 150px) 100vw, 150px\" \/><\/a>\n\t\t\t\t<\/dt><\/dl><br style=\"clear: both\" \/><dl class='gallery-item'>\n\t\t\t\t<dt class='gallery-icon landscape'>\n\t\t\t\t\t<a href='https:\/\/asyanakliyat.com\/wp-content\/uploads\/2016\/03\/Depolama-03.jpg'><img loading=\"lazy\" decoding=\"async\" width=\"150\" height=\"150\" src=\"https:\/\/asyanakliyat.com\/wp-content\/uploads\/2016\/03\/Depolama-03-150x150.jpg\" class=\"attachment-thumbnail size-thumbnail\" alt=\"\" srcset=\"https:\/\/asyanakliyat.com\/wp-content\/uploads\/2016\/03\/Depolama-03-150x150.jpg 150w, https:\/\/asyanakliyat.com\/wp-content\/uploads\/2016\/03\/Depolama-03-85x85.jpg 85w, https:\/\/asyanakliyat.com\/wp-content\/uploads\/2016\/03\/Depolama-03-80x80.jpg 80w\" sizes=\"auto, (max-width: 150px) 100vw, 150px\" \/><\/a>\n\t\t\t\t<\/dt><\/dl><dl class='gallery-item'>\n\t\t\t\t<dt class='gallery-icon landscape'>\n\t\t\t\t\t<a href='https:\/\/asyanakliyat.com\/wp-content\/uploads\/2016\/03\/Depolama-04.jpg'><img loading=\"lazy\" decoding=\"async\" width=\"150\" height=\"150\" src=\"https:\/\/asyanakliyat.com\/wp-content\/uploads\/2016\/03\/Depolama-04-150x150.jpg\" class=\"attachment-thumbnail size-thumbnail\" alt=\"\" srcset=\"https:\/\/asyanakliyat.com\/wp-content\/uploads\/2016\/03\/Depolama-04-150x150.jpg 150w, https:\/\/asyanakliyat.com\/wp-content\/uploads\/2016\/03\/Depolama-04-85x85.jpg 85w, https:\/\/asyanakliyat.com\/wp-content\/uploads\/2016\/03\/Depolama-04-80x80.jpg 80w\" sizes=\"auto, (max-width: 150px) 100vw, 150px\" \/><\/a>\n\t\t\t\t<\/dt><\/dl><br style=\"clear: both\" \/>\n\t\t\t<\/div>\n\n<p>[\/vc_column_text][\/vc_column][\/vc_row][vc_row][vc_column][\/vc_column][\/vc_row]<\/p>","protected":false},"excerpt":{"rendered":"<p>[vc_row][vc_column width=&#8221;1\/4&#8243; css=&#8221;.vc_custom_1458912625304{background-color: #e8e8e8 !important;}&#8221;][vc_column_text] SANAT ESERI EV E\u015eYASI &nbsp; &nbsp; &nbsp; &nbsp; &nbsp; &nbsp; &nbsp; [\/vc_column_text][\/vc_column][vc_column width=&#8221;1\/2&#8243;][vc_separator][vc_column_text] T\u00dcRKiYE\u2019DE iLK VE TEK iKLiM VE NEM KONTROLL\u00dc [&hellip;]<\/p>\n","protected":false},"author":1,"featured_media":0,"parent":261,"menu_order":0,"comment_status":"closed","ping_status":"closed","template":"","meta":{"footnotes":""},"class_list":["post-104","page","type-page","status-publish","hentry"],"_links":{"self":[{"href":"https:\/\/asyanakliyat.com\/tr\/wp-json\/wp\/v2\/pages\/104","targetHints":{"allow":["GET"]}}],"collection":[{"href":"https:\/\/asyanakliyat.com\/tr\/wp-json\/wp\/v2\/pages"}],"about":[{"href":"https:\/\/asyanakliyat.com\/tr\/wp-json\/wp\/v2\/types\/page"}],"author":[{"embeddable":true,"href":"https:\/\/asyanakliyat.com\/tr\/wp-json\/wp\/v2\/users\/1"}],"replies":[{"embeddable":true,"href":"https:\/\/asyanakliyat.com\/tr\/wp-json\/wp\/v2\/comments?post=104"}],"version-history":[{"count":17,"href":"https:\/\/asyanakliyat.com\/tr\/wp-json\/wp\/v2\/pages\/104\/revisions"}],"predecessor-version":[{"id":847,"href":"https:\/\/asyanakliyat.com\/tr\/wp-json\/wp\/v2\/pages\/104\/revisions\/847"}],"up":[{"embeddable":true,"href":"https:\/\/asyanakliyat.com\/tr\/wp-json\/wp\/v2\/pages\/261"}],"wp:attachment":[{"href":"https:\/\/asyanakliyat.com\/tr\/wp-json\/wp\/v2\/media?parent=104"}],"curies":[{"name":"wp","href":"https:\/\/api.w.org\/{rel}","templated":true}]}}