{"id":102,"date":"2016-03-23T18:24:44","date_gmt":"2016-03-23T18:24:44","guid":{"rendered":"http:\/\/www.atalaywebhosting.com\/demo\/asya\/?page_id=102"},"modified":"2016-04-28T08:49:15","modified_gmt":"2016-04-28T08:49:15","slug":"lokal","status":"publish","type":"page","link":"https:\/\/asyanakliyat.com\/tr\/lokal\/","title":{"rendered":"LOKAL"},"content":{"rendered":"<p>[vc_row][vc_column width=&#8221;1\/4&#8243; css=&#8221;.vc_custom_1458920129556{background-color: #e8e8e8 !important;}&#8221;][vc_column_text]<\/p>\n<h6><a href=\"https:\/\/www.asyanakliyat.com\/lokal\/\"><span style=\"color: #ff6600;\">LOKAL EV NAKL\u0130YES\u0130<\/span><\/a><\/h6>\n<h6><a href=\"https:\/\/www.asyanakliyat.com\/ofis-nakliyesi\/\"><span style=\"color: #999999;\">OF\u0130S NAKL\u0130YES\u0130<\/span><\/a><\/h6>\n<p>&nbsp;<\/p>\n<p>&nbsp;<\/p>\n<p>&nbsp;<\/p>\n<p>&nbsp;<\/p>\n<p>&nbsp;<\/p>\n<p>&nbsp;<\/p>\n<p>&nbsp;<\/p>\n<p>&nbsp;<\/p>\n<p>&nbsp;[\/vc_column_text][\/vc_column][vc_column width=&#8221;1\/2&#8243;][vc_separator][vc_column_text]<\/p>\n<h4 style=\"text-align: justify;\"><span style=\"color: #3b78ab;\">GERiDE BIRAKMI\u015e OLDU\u011eUMUZ 50 YILI A\u015eKIN S\u00dcREDE, M\u00dcKEMMEL NAKLiYEYi NASIL BA\u015eARABiLECE\u011eiMiZiN iLMiNi VE TECR\u00dcBESiNi KAZANMI\u015e BULUNUYORUZ VE BU, BiR NAKLiYENiN EN BA\u015eINDAN iTiBAREN DO\u011eRU PLANLAMA YAPILMASIYLA BA\u015eLAR.\u00a0<\/span><\/h4>\n<p>Her bir nakliyeyi uluslararas\u0131 nakliye standartlar\u0131nda ele al\u0131p, ayni \u015fekilde k\u0131ymet vermekteyiz. Her bir e\u015fya kendisi i\u00e7in gerekli olan malzemelerle \u00f6zel olarak paketlenir ve avize, tablo, heykel gibi \u00f6zel par\u00e7alar \u00f6zel sand\u0131k yap\u0131lmas\u0131 veya kiralanmas\u0131 \u015fart\u0131yla ta\u015f\u0131n\u0131r.<\/p>\n<p>T\u00fcm \u00f6zel gereksinmelere cevap verebilmekteyiz \u00f6rne\u011fin harici asans\u00f6r tutulmas\u0131, \u00f6zel ambalaj malzemeleri sa\u011flanmas\u0131, marangoz hizmeti ayarlanmas\u0131 gibi. Antika bir dolab\u0131n k\u0131ymetini bildi\u011fimiz gibi, bir oyuncak ayinin da ayni \u015fekilde k\u0131ymetini biliyoruz.<\/p>\n<p>Daha k\u0131s\u0131tl\u0131 b\u00fct\u00e7eler i\u00e7in, verilecek hizmetlerde azaltma yaparak \u00f6zel tasarlanm\u0131\u015f hizmetler sunmaktay\u0131z. Her bir nakliyenin kendine \u00f6zg\u00fcn oldu\u011funun bilinciyle her birinin m\u00fckemmel yap\u0131labilmesi i\u00e7in tecr\u00fcbemize g\u00fcveniyoruz.[\/vc_column_text][\/vc_column][vc_column width=&#8221;1\/4&#8243;][vc_column_text]<\/p>\n\n\t\t\t<style type='text\/css'>\n\t\t\t\t#gallery-1 {\n\t\t\t\t\tmargin: auto;\n\t\t\t\t}\n\t\t\t\t#gallery-1 .gallery-item {\n\t\t\t\t\tfloat: left;\n\t\t\t\t\tmargin-top: 10px;\n\t\t\t\t\ttext-align: center;\n\t\t\t\t\twidth: 49.99%;\n\t\t\t\t}\n\t\t\t\t#gallery-1 img {\n\t\t\t\t\tborder: 2px solid #cfcfcf;\n\t\t\t\t}\n\t\t\t\t#gallery-1 .gallery-caption {\n\t\t\t\t\tmargin-left: 0;\n\t\t\t\t}\n\t\t\t\t\/* see gallery_shortcode() in wp-includes\/media.php *\/\n\t\t\t<\/style>\n\t\t<div id='gallery-1' class='gallery galleryid-102 gallery-columns-2 gallery-size-thumbnail file'><dl class='gallery-item'>\n\t\t\t\t<dt class='gallery-icon landscape'>\n\t\t\t\t\t<a href='https:\/\/asyanakliyat.com\/wp-content\/uploads\/2016\/03\/ev-01.jpg'><img loading=\"lazy\" decoding=\"async\" width=\"150\" height=\"150\" src=\"https:\/\/asyanakliyat.com\/wp-content\/uploads\/2016\/03\/ev-01-150x150.jpg\" class=\"attachment-thumbnail size-thumbnail\" alt=\"\" srcset=\"https:\/\/asyanakliyat.com\/wp-content\/uploads\/2016\/03\/ev-01-150x150.jpg 150w, https:\/\/asyanakliyat.com\/wp-content\/uploads\/2016\/03\/ev-01-85x85.jpg 85w, https:\/\/asyanakliyat.com\/wp-content\/uploads\/2016\/03\/ev-01-80x80.jpg 80w\" sizes=\"auto, (max-width: 150px) 100vw, 150px\" \/><\/a>\n\t\t\t\t<\/dt><\/dl><dl class='gallery-item'>\n\t\t\t\t<dt class='gallery-icon landscape'>\n\t\t\t\t\t<a href='https:\/\/asyanakliyat.com\/wp-content\/uploads\/2016\/03\/ev-02.jpg'><img loading=\"lazy\" decoding=\"async\" width=\"150\" height=\"150\" src=\"https:\/\/asyanakliyat.com\/wp-content\/uploads\/2016\/03\/ev-02-150x150.jpg\" class=\"attachment-thumbnail size-thumbnail\" alt=\"\" srcset=\"https:\/\/asyanakliyat.com\/wp-content\/uploads\/2016\/03\/ev-02-150x150.jpg 150w, https:\/\/asyanakliyat.com\/wp-content\/uploads\/2016\/03\/ev-02-85x85.jpg 85w, https:\/\/asyanakliyat.com\/wp-content\/uploads\/2016\/03\/ev-02-80x80.jpg 80w\" sizes=\"auto, (max-width: 150px) 100vw, 150px\" \/><\/a>\n\t\t\t\t<\/dt><\/dl><br style=\"clear: both\" \/><dl class='gallery-item'>\n\t\t\t\t<dt class='gallery-icon landscape'>\n\t\t\t\t\t<a href='https:\/\/asyanakliyat.com\/wp-content\/uploads\/2016\/03\/ev-03.jpg'><img loading=\"lazy\" decoding=\"async\" width=\"150\" height=\"150\" src=\"https:\/\/asyanakliyat.com\/wp-content\/uploads\/2016\/03\/ev-03-150x150.jpg\" class=\"attachment-thumbnail size-thumbnail\" alt=\"\" srcset=\"https:\/\/asyanakliyat.com\/wp-content\/uploads\/2016\/03\/ev-03-150x150.jpg 150w, https:\/\/asyanakliyat.com\/wp-content\/uploads\/2016\/03\/ev-03-85x85.jpg 85w, https:\/\/asyanakliyat.com\/wp-content\/uploads\/2016\/03\/ev-03-80x80.jpg 80w\" sizes=\"auto, (max-width: 150px) 100vw, 150px\" \/><\/a>\n\t\t\t\t<\/dt><\/dl><dl class='gallery-item'>\n\t\t\t\t<dt class='gallery-icon landscape'>\n\t\t\t\t\t<a href='https:\/\/asyanakliyat.com\/wp-content\/uploads\/2016\/03\/ev-04.jpg'><img loading=\"lazy\" decoding=\"async\" width=\"150\" height=\"150\" src=\"https:\/\/asyanakliyat.com\/wp-content\/uploads\/2016\/03\/ev-04-150x150.jpg\" class=\"attachment-thumbnail size-thumbnail\" alt=\"\" srcset=\"https:\/\/asyanakliyat.com\/wp-content\/uploads\/2016\/03\/ev-04-150x150.jpg 150w, https:\/\/asyanakliyat.com\/wp-content\/uploads\/2016\/03\/ev-04-85x85.jpg 85w, https:\/\/asyanakliyat.com\/wp-content\/uploads\/2016\/03\/ev-04-80x80.jpg 80w\" sizes=\"auto, (max-width: 150px) 100vw, 150px\" \/><\/a>\n\t\t\t\t<\/dt><\/dl><br style=\"clear: both\" \/>\n\t\t\t<\/div>\n\n<p>[\/vc_column_text][\/vc_column][\/vc_row]<\/p>","protected":false},"excerpt":{"rendered":"<p>[vc_row][vc_column width=&#8221;1\/4&#8243; css=&#8221;.vc_custom_1458920129556{background-color: #e8e8e8 !important;}&#8221;][vc_column_text] LOKAL EV NAKL\u0130YES\u0130 OF\u0130S NAKL\u0130YES\u0130 &nbsp; &nbsp; &nbsp; &nbsp; &nbsp; &nbsp; &nbsp; &nbsp; &nbsp;[\/vc_column_text][\/vc_column][vc_column width=&#8221;1\/2&#8243;][vc_separator][vc_column_text] GERiDE BIRAKMI\u015e OLDU\u011eUMUZ 50 YILI A\u015eKIN [&hellip;]<\/p>\n","protected":false},"author":1,"featured_media":0,"parent":0,"menu_order":0,"comment_status":"closed","ping_status":"closed","template":"","meta":{"footnotes":""},"class_list":["post-102","page","type-page","status-publish","hentry"],"_links":{"self":[{"href":"https:\/\/asyanakliyat.com\/tr\/wp-json\/wp\/v2\/pages\/102","targetHints":{"allow":["GET"]}}],"collection":[{"href":"https:\/\/asyanakliyat.com\/tr\/wp-json\/wp\/v2\/pages"}],"about":[{"href":"https:\/\/asyanakliyat.com\/tr\/wp-json\/wp\/v2\/types\/page"}],"author":[{"embeddable":true,"href":"https:\/\/asyanakliyat.com\/tr\/wp-json\/wp\/v2\/users\/1"}],"replies":[{"embeddable":true,"href":"https:\/\/asyanakliyat.com\/tr\/wp-json\/wp\/v2\/comments?post=102"}],"version-history":[{"count":17,"href":"https:\/\/asyanakliyat.com\/tr\/wp-json\/wp\/v2\/pages\/102\/revisions"}],"predecessor-version":[{"id":859,"href":"https:\/\/asyanakliyat.com\/tr\/wp-json\/wp\/v2\/pages\/102\/revisions\/859"}],"wp:attachment":[{"href":"https:\/\/asyanakliyat.com\/tr\/wp-json\/wp\/v2\/media?parent=102"}],"curies":[{"name":"wp","href":"https:\/\/api.w.org\/{rel}","templated":true}]}}