{"id":397,"date":"2016-03-24T16:26:57","date_gmt":"2016-03-24T16:26:57","guid":{"rendered":"http:\/\/www.atalaywebhosting.com\/demo\/asya\/?page_id=397"},"modified":"2016-04-08T10:29:51","modified_gmt":"2016-04-08T10:29:51","slug":"yolsuzluk-ve-rusvetle-mucadele-politikamiz-2","status":"publish","type":"page","link":"https:\/\/asyanakliyat.com\/en\/hakkim-2\/yolsuzluk-ve-rusvetle-mucadele-politikamiz-2\/","title":{"rendered":"Anti-Corruption and Anti-Fraud Policy"},"content":{"rendered":"<p>[vc_row][vc_column width=&#8221;1\/4&#8243; css=&#8221;.vc_custom_1458823439595{background-color: #f2f2f2 !important;}&#8221;][vc_column_text css_animation=&#8221;bottom-to-top&#8221;]<\/p>\n<h6><span style=\"color: #999999;\"><a style=\"color: #999999;\" href=\"https:\/\/www.asyanakliyat.com\/en\/hakkim\/\">COMPANY<\/a><\/span><\/h6>\n<h6><span style=\"color: #999999;\"><a style=\"color: #999999;\" href=\"https:\/\/www.asyanakliyat.com\/en\/ekip\/\">THE TEAM<\/a><\/span><\/h6>\n<h6><span style=\"color: #999999;\"><a style=\"color: #999999;\" href=\"https:\/\/www.asyanakliyat.com\/en\/memberships\/\">MEMBERSH\u0130PS<\/a><\/span><\/h6>\n<h6><span style=\"color: #999999;\"><a style=\"color: #999999;\" href=\"https:\/\/www.asyanakliyat.com\/en\/environmental-policy\/\">ENV\u0130RONMENTAL POL\u0130CY<\/a><\/span><\/h6>\n<h6><span style=\"color: #999999;\"><a style=\"color: #999999;\" href=\"https:\/\/www.asyanakliyat.com\/en\/kisiye-ozgu-bilgiler-ve-gizlilik-politikamiz\/\">Personally Identifiable Information (PII) and Privacy Policy<br \/>\n<\/a><\/span><br \/>\n<span style=\"color: #ff6600;\"> <a style=\"color: #ff6600;\" href=\"https:\/\/www.asyanakliyat.com\/en\/yolsuzluk-ve-rusvetle-mucadele-politikamiz-2\/\">Anti-Corruption and Anti-Fraud Policy<\/a><\/span><\/h6>\n<h6><span style=\"color: #999999;\"><a style=\"color: #999999;\" href=\"https:\/\/www.asyanakliyat.com\/en\/kurumsal-ve-sosyal-sorumluluk-politikamiz\/\">Corporate Social Responsibility Policy<\/a><\/span><\/h6>\n<h6><span style=\"color: #999999;\"><a style=\"color: #999999;\" href=\"https:\/\/www.asyanakliyat.com\/en\/is-ahlaki\/\">Code of Conduct<\/a><\/span><\/h6>\n<h6><span style=\"color: #999999;\"><a style=\"color: #999999;\" href=\"https:\/\/www.asyanakliyat.com\/en\/tedarik-zinciri\/\">Supply Chain<\/a><\/span><\/h6>\n<h6><span style=\"color: #999999;\"><a style=\"color: #999999;\" href=\"https:\/\/www.asyanakliyat.com\/en\/bilgi-guvenligi-ve-veri-koruma-politikamiz\/\">Information Security and Data Protection Policy<\/a><\/span><\/h6>\n<div id=\"tw-target-text-container\" class=\"tw-ta-container tw-nfl\">\n<h6 id=\"tw-target-text\" class=\"tw-data-text vk_txt tw-ta tw-text-medium\" dir=\"ltr\" data-placeholder=\"\u00c7eviri\"><span style=\"color: #999999;\"><a style=\"color: #999999;\" href=\"https:\/\/www.asyanakliyat.com\/en\/haberler\/\"><span lang=\"en\">NEWS<\/span><\/a><\/span><\/h6>\n<\/div>\n<p>[\/vc_column_text][\/vc_column][vc_column width=&#8221;3\/4&#8243;][vc_separator][vc_column_text]<\/p>\n<h4 style=\"text-align: justify;\"><span style=\"color: #3b78ab;\">bu k\u0131s\u0131m bo\u015f<\/span><\/h4>\n<p>[\/vc_column_text][\/vc_column][\/vc_row]<\/p>","protected":false},"excerpt":{"rendered":"<p>[vc_row][vc_column width=&#8221;1\/4&#8243; css=&#8221;.vc_custom_1458823439595{background-color: #f2f2f2 !important;}&#8221;][vc_column_text css_animation=&#8221;bottom-to-top&#8221;] COMPANY THE TEAM MEMBERSH\u0130PS ENV\u0130RONMENTAL POL\u0130CY Personally Identifiable Information (PII) and Privacy Policy Anti-Corruption and Anti-Fraud Policy Corporate Social Responsibility [&hellip;]<\/p>\n","protected":false},"author":1,"featured_media":0,"parent":91,"menu_order":0,"comment_status":"closed","ping_status":"closed","template":"","meta":{"footnotes":""},"class_list":["post-397","page","type-page","status-publish","hentry"],"_links":{"self":[{"href":"https:\/\/asyanakliyat.com\/en\/wp-json\/wp\/v2\/pages\/397","targetHints":{"allow":["GET"]}}],"collection":[{"href":"https:\/\/asyanakliyat.com\/en\/wp-json\/wp\/v2\/pages"}],"about":[{"href":"https:\/\/asyanakliyat.com\/en\/wp-json\/wp\/v2\/types\/page"}],"author":[{"embeddable":true,"href":"https:\/\/asyanakliyat.com\/en\/wp-json\/wp\/v2\/users\/1"}],"replies":[{"embeddable":true,"href":"https:\/\/asyanakliyat.com\/en\/wp-json\/wp\/v2\/comments?post=397"}],"version-history":[{"count":9,"href":"https:\/\/asyanakliyat.com\/en\/wp-json\/wp\/v2\/pages\/397\/revisions"}],"predecessor-version":[{"id":712,"href":"https:\/\/asyanakliyat.com\/en\/wp-json\/wp\/v2\/pages\/397\/revisions\/712"}],"up":[{"embeddable":true,"href":"https:\/\/asyanakliyat.com\/en\/wp-json\/wp\/v2\/pages\/91"}],"wp:attachment":[{"href":"https:\/\/asyanakliyat.com\/en\/wp-json\/wp\/v2\/media?parent=397"}],"curies":[{"name":"wp","href":"https:\/\/api.w.org\/{rel}","templated":true}]}}