{"id":261,"date":"2016-03-23T23:24:02","date_gmt":"2016-03-23T23:24:02","guid":{"rendered":"http:\/\/www.atalaywebhosting.com\/demo\/asya\/?page_id=261"},"modified":"2016-03-26T12:15:07","modified_gmt":"2016-03-26T12:15:07","slug":"depolama-2","status":"publish","type":"page","link":"https:\/\/asyanakliyat.com\/en\/depolama-2\/","title":{"rendered":"Storage"},"content":{"rendered":"<p>[vc_row][vc_column width=&#8221;1\/4&#8243; css=&#8221;.vc_custom_1458908786900{background-color: #e0e0e0 !important;}&#8221;][vc_column_text]<\/p>\n<h6><span style=\"color: #ff6600;\"><a style=\"color: #ff6600;\" href=\"http:\/\/www.atalaywebhosting.com\/demo\/asya\/sanat\/\">SANAT NAKL\u0130YES\u0130<\/a><br \/>\n<\/span><br \/>\n<span style=\"color: #999999;\"><a style=\"color: #999999;\" href=\"http:\/\/www.atalaywebhosting.com\/demo\/asya\/kara-yolu\/\">KARA YOLU<\/a><br \/>\n<\/span><br \/>\n<span style=\"color: #999999;\"><a style=\"color: #999999;\" href=\"http:\/\/www.atalaywebhosting.com\/demo\/asya\/hava-yolu\/\">HAVA YOLU<\/a><br \/>\n<\/span><br \/>\n<span style=\"color: #999999;\"><a style=\"color: #999999;\" href=\"http:\/\/www.atalaywebhosting.com\/demo\/asya\/deniz-yolu-2\/\">DEN\u0130Z YOLU<\/a><br \/>\n<\/span><br \/>\n<span style=\"color: #999999;\"><a style=\"color: #999999;\" href=\"http:\/\/www.atalaywebhosting.com\/demo\/asya\/kurye-hizmetleri\/\">KURYE H\u0130ZMETLER\u0130<br \/>\n<\/a><\/span><br \/>\n<span style=\"color: #999999;\"><a style=\"color: #999999;\" href=\"http:\/\/www.atalaywebhosting.com\/demo\/asya\/paketleme-ve-sandik-yapimi\/\">PAKETLEME VE SANDIK YAPIMI<\/a><br \/>\n<\/span><br \/>\n<span style=\"color: #999999;\"><a style=\"color: #999999;\" href=\"http:\/\/www.atalaywebhosting.com\/demo\/asya\/kurulum\/\">KURULUM<\/a><br \/>\n<\/span><br \/>\n<span style=\"color: #999999;\"><a style=\"color: #999999;\" href=\"http:\/\/www.atalaywebhosting.com\/demo\/asya\/sanat-gumruk\/\">G\u00dcMR\u00dcKLEME<\/a><br \/>\n<\/span><br \/>\n<span style=\"color: #999999;\"><a style=\"color: #999999;\" href=\"http:\/\/www.atalaywebhosting.com\/demo\/asya\/sanat\/sanat-depolama\/\">DEPOLAMA<\/a><\/span><\/h6>\n<p>[\/vc_column_text][\/vc_column][vc_column width=&#8221;3\/4&#8243;][vc_separator][vc_column_text]<\/p>\n<h4><span style=\"color: #3b78ab;\">We offer Turkey`s first and only fine art storage facility with the HVAC system.<\/span><\/h4>\n<p>One can tell our love for art only by looking at our state-of-the-art storage for fine arts. We offer complete climate and humidity controlled storage both for long and short term needs.<\/p>\n<p>Along with acclimatised storage, we also provide non-acclimatised storage space for objects that do not require certain temperature and humidity levels.<\/p>\n<p>We also have a designated space for odd shaped objects with unusual height, weight and\/or shape features.<\/p>\n<p>Our facilities are protected by the most up-to-date security alarms, onsite 24\/7 security guards, fire detection systems, and recorded CCTV.<\/p>\n<p>Our buildings are security compliant and approved by noted insurance companies and meet all local requirements such as fire and earthquake standards.[\/vc_column_text][\/vc_column][\/vc_row]<\/p>","protected":false},"excerpt":{"rendered":"<p>[vc_row][vc_column width=&#8221;1\/4&#8243; css=&#8221;.vc_custom_1458908786900{background-color: #e0e0e0 !important;}&#8221;][vc_column_text] SANAT NAKL\u0130YES\u0130 KARA YOLU HAVA YOLU DEN\u0130Z YOLU KURYE H\u0130ZMETLER\u0130 PAKETLEME VE SANDIK YAPIMI KURULUM G\u00dcMR\u00dcKLEME DEPOLAMA [\/vc_column_text][\/vc_column][vc_column width=&#8221;3\/4&#8243;][vc_separator][vc_column_text] We offer [&hellip;]<\/p>\n","protected":false},"author":1,"featured_media":0,"parent":0,"menu_order":0,"comment_status":"closed","ping_status":"closed","template":"","meta":{"footnotes":""},"class_list":["post-261","page","type-page","status-publish","hentry"],"_links":{"self":[{"href":"https:\/\/asyanakliyat.com\/en\/wp-json\/wp\/v2\/pages\/261","targetHints":{"allow":["GET"]}}],"collection":[{"href":"https:\/\/asyanakliyat.com\/en\/wp-json\/wp\/v2\/pages"}],"about":[{"href":"https:\/\/asyanakliyat.com\/en\/wp-json\/wp\/v2\/types\/page"}],"author":[{"embeddable":true,"href":"https:\/\/asyanakliyat.com\/en\/wp-json\/wp\/v2\/users\/1"}],"replies":[{"embeddable":true,"href":"https:\/\/asyanakliyat.com\/en\/wp-json\/wp\/v2\/comments?post=261"}],"version-history":[{"count":4,"href":"https:\/\/asyanakliyat.com\/en\/wp-json\/wp\/v2\/pages\/261\/revisions"}],"predecessor-version":[{"id":615,"href":"https:\/\/asyanakliyat.com\/en\/wp-json\/wp\/v2\/pages\/261\/revisions\/615"}],"wp:attachment":[{"href":"https:\/\/asyanakliyat.com\/en\/wp-json\/wp\/v2\/media?parent=261"}],"curies":[{"name":"wp","href":"https:\/\/api.w.org\/{rel}","templated":true}]}}