{"id":132,"date":"2016-03-23T19:06:02","date_gmt":"2016-03-23T19:06:02","guid":{"rendered":"http:\/\/www.atalaywebhosting.com\/demo\/asya\/?page_id=132"},"modified":"2025-09-12T10:28:21","modified_gmt":"2025-09-12T10:28:21","slug":"memberships","status":"publish","type":"page","link":"https:\/\/asyanakliyat.com\/en\/hakkim-2\/memberships\/","title":{"rendered":"Memberships"},"content":{"rendered":"<p>[vc_row][vc_column width=&#8221;1\/4&#8243; css=&#8221;.vc_custom_1462359174553{background-color: #f2f2f2 !important;}&#8221;][vc_column_text css_animation=&#8221;bottom-to-top&#8221;]<\/p>\n<h6><\/h6>\n<h6><span style=\"color: #999999;\"><a style=\"color: #999999;\" href=\"https:\/\/www.asyanakliyat.com\/en\/hakkim\/\">COMPANY<\/a><\/span><\/h6>\n<div id=\"tw-target-text-container\" class=\"tw-ta-container tw-nfl\">\n<h6><span style=\"color: #999999;\"><a style=\"color: #999999;\" href=\"https:\/\/www.asyanakliyat.com\/en\/data-protection-policy\">DATA PROTECTION POLICY<\/a><\/span><\/h6>\n<h6><span style=\"color: #999999;\"><a style=\"color: #999999;\" href=\"https:\/\/www.asyanakliyat.com\/en\/ekip\/\">THE TEAM<\/a><\/span><\/h6>\n<h6><span style=\"color: #ff6600;\"><a style=\"color: #ff6600;\" href=\"https:\/\/www.asyanakliyat.com\/en\/memberships\/\">MEMBERSHIPS<\/a><\/span><\/h6>\n<h6><span style=\"color: #999999;\"><a style=\"color: #999999;\" href=\"https:\/\/www.asyanakliyat.com\/en\/hakkim\/kalite-yonetimi\/kisisel-verilerin-korunmasi-ve-islenmesi-politikasi\/\">QUALITY MANAGEMENT<\/a><\/span><\/h6>\n<h6><span style=\"color: #999999;\"><a style=\"color: #999999;\" href=\"https:\/\/www.asyanakliyat.com\/en\/hakkim\/kalite-yonetimi\/kisisel-verilerin-korunmasi-ve-islenmesi-politikasi\/\">&#8211; Personal Data Protection and Processing Policy<\/a><\/span><\/h6>\n<h6><span style=\"color: #999999;\"><a style=\"color: #999999;\" href=\"https:\/\/www.asyanakliyat.com\/en\/hakkim\/kalite-yonetimi\/kisisel-veri-saklama-ve-imha-politikasi\/\">&#8211; Personal Data Storage and Destruction Policy<\/a><\/span><\/h6>\n<h6><span style=\"color: #999999;\"><a style=\"color: #999999;\" href=\"https:\/\/www.asyanakliyat.com\/en\/hakkim\/kalite-yonetimi\/cerez-politikalari\/\">&#8211; Cookie Policies<\/a><\/span><\/h6>\n<h6><span style=\"color: #999999;\"><a style=\"color: #999999;\" href=\"https:\/\/www.asyanakliyat.com\/en\/hakkim\/kalite-yonetimi\/veri-sahibinin-acik-riza-beyan-formu\/\">&#8211; Data Owner&#8217;s Express Consent Declaration Form<\/a><\/span><\/h6>\n<h6><span style=\"color: #999999;\"><a style=\"color: #999999;\" href=\"https:\/\/www.asyanakliyat.com\/en\/hakkim\/kalite-yonetimi\/veri-sahibi-basvuru-formu\/\">&#8211; Data Owner Application Form<\/a><\/span><\/h6>\n<h6><span style=\"color: #999999;\"><a style=\"color: #999999;\" href=\"https:\/\/www.asyanakliyat.com\/en\/hakkim\/kalite-yonetimi\/kisisel-verilerin-islenmesi-ve-aktarimina-iliskin-bilgilendirme-formu\/\">&#8211; Infomation (Clarification) Form Regarding Processing and Transfer of Personal Data<\/a><\/span><\/h6>\n<h6><span style=\"color: #999999;\"><a style=\"color: #999999;\" href=\"https:\/\/www.asyanakliyat.com\/wp-content\/uploads\/2016\/03\/BRANCH-RESPONSIBILITY-STATEMENT.pdf\">&#8211; BRANCH\u00a0RESPONSIBILITY\u00a0STATEMENT<\/a><\/span><\/h6>\n<p><a href=\"https:\/\/www.asyanakliyat.com\/wp-content\/uploads\/2016\/03\/ATC-Charter.pdf\" target=\"_blank\" rel=\"noopener\"><span style=\"color: #999999;\">&#8211; Anti-Trust Charter<\/span><span style=\"color: #999999;\"><br \/>\n<\/span><\/a><br \/>\n<a href=\"https:\/\/www.asyanakliyat.com\/wp-content\/uploads\/2016\/03\/ABC-Charter.pdf\" target=\"_blank\" rel=\"noopener\"><span style=\"color: #999999;\">&#8211; Anti-Bribery and Anti-Corruption Charter<\/span><span style=\"color: #999999;\"><br \/>\n<\/span><\/a><br \/>\n<span style=\"color: #999999;\"><a style=\"color: #999999;\" href=\"https:\/\/www.asyanakliyat.com\/wp-content\/uploads\/2016\/03\/corporate-sustainability-program.pdf\" target=\"_blank\" rel=\"noopener\">&#8211; Corporate Sustainability Programme<\/a><\/span><\/p>\n<p><span style=\"color: #999999;\"><a style=\"color: #999999;\" href=\"https:\/\/www.asyanakliyat.com\/wp-content\/uploads\/2016\/03\/rekabet-ve-anti-trost-politikasi.pdf\" target=\"_blank\" rel=\"noopener\">&#8211; Risk of Antitrust Non-Compliance<\/a><\/span><\/p>\n<p><span style=\"color: #999999;\"><a style=\"color: #999999;\" href=\"https:\/\/www.asyanakliyat.com\/wp-content\/uploads\/2016\/03\/yolsuzluk-ve-rusvetle-m\u00fccadele.pdf\" target=\"_blank\" rel=\"noopener\">&#8211; Anti-Bribery and Anti-Corruption Policies<\/a><\/span><\/p>\n<h6><span style=\"color: #999999;\"><span lang=\"en\"><a style=\"color: #999999;\" href=\"https:\/\/www.asyanakliyat.com\/en\/haberler\/\">NEWS<\/a><\/span><\/span><\/h6>\n<\/div>\n<div id=\"tw-target-text-container\" class=\"tw-ta-container tw-nfl\"><\/div>\n<p>[\/vc_column_text]<\/p>\n<div style=\"text-align: center; background: #fcfcfc; margin: 0 -15px; margin-bottom: -15px; padding-top: 94px;\">\n<p><img decoding=\"async\" style=\"height: 60px;\" src=\"https:\/\/www.asyanakliyat.com\/wp-content\/uploads\/2016\/03\/faim22.png\" \/><\/p>\n<div style=\"width: 640px;\" class=\"wp-video\"><video class=\"wp-video-shortcode\" id=\"video-132-2\" width=\"640\" height=\"360\" preload=\"metadata\" controls=\"controls\"><source type=\"video\/mp4\" src=\"https:\/\/asyanakliyat.com\/upload\/FIDI_FAIM_Asya_Nakliyat.mp4?_=2\" \/><a href=\"https:\/\/asyanakliyat.com\/upload\/FIDI_FAIM_Asya_Nakliyat.mp4\">https:\/\/asyanakliyat.com\/upload\/FIDI_FAIM_Asya_Nakliyat.mp4<\/a><\/video><\/div>\n<\/div>\n<p>[\/vc_column][vc_column width=&#8221;3\/4&#8243;][vc_separator][vc_column_text]<\/p>\n<h4><span style=\"color: #3b78ab;\">WE ARE PROUD TO BE ACCREDITED BY THE MOST DISTINGUISHED INDUSTRY ASSOCIATIONS FROM AROUND THE WORLD.<\/span><\/h4>\n<p style=\"text-align: justify;\">We are committed to adopt the rules of these associations in order to make sure our clients experience the highest industry standards through us.<\/p>\n<p>By virtue of these associations, we have access to an exclusive network of more than 500 movers worldwide, which helps us provide our clients an outstanding and seamless service from end to end. Our clients can feel the confidence of entrusting their precious items to a leading global provider affiliated with certified partners within the industry committed to ensuring the same level of quality.<\/p>\n<table>\n<tbody>\n<tr>\n<td rowspan=\"7\"><img loading=\"lazy\" decoding=\"async\" class=\"alignnone wp-image-1164\" src=\"https:\/\/www.asyanakliyat.com\/wp-content\/uploads\/2016\/03\/0001-115x300.jpg\" alt=\"0001\" width=\"172\" height=\"449\" srcset=\"https:\/\/asyanakliyat.com\/wp-content\/uploads\/2016\/03\/0001-115x300.jpg 115w, https:\/\/asyanakliyat.com\/wp-content\/uploads\/2016\/03\/0001-56x146.jpg 56w, https:\/\/asyanakliyat.com\/wp-content\/uploads\/2016\/03\/0001-19x50.jpg 19w, https:\/\/asyanakliyat.com\/wp-content\/uploads\/2016\/03\/0001-29x75.jpg 29w, https:\/\/asyanakliyat.com\/wp-content\/uploads\/2016\/03\/0001.jpg 188w\" sizes=\"auto, (max-width: 172px) 100vw, 172px\" \/><\/td>\n<td>International Convention of Exhibition and Fine Art Transporters<br \/>\n<a href=\"http:\/\/www.icefat.org\/\" target=\"_blank\" rel=\"noopener\">www.icefat.org<\/a><\/td>\n<\/tr>\n<tr>\n<td>\u00a0 F\u00e9dr\u00e9ration Internationale des D\u00e9m\u00e9nageurs Intenationaux<br \/>\n<a href=\"http:\/\/www.fidi.org\/\" target=\"_blank\" rel=\"noopener\">www.fidi.org<\/a><\/td>\n<\/tr>\n<tr>\n<td>Overseas Moving Network International<br \/>\n<a href=\"http:\/\/www.omnimoving.com\/\" target=\"_blank\" rel=\"noopener\">www.omnimoving.com<\/a><\/td>\n<\/tr>\n<tr>\n<td>One Group<br \/>\n<a href=\"http:\/\/www.one-group.org\/\" target=\"_blank\" rel=\"noopener\">www.one-group.org<\/a><\/td>\n<\/tr>\n<tr>\n<td>International Association of Movers<br \/>\n<a href=\"http:\/\/www.iamovers.org\/\" target=\"_blank\" rel=\"noopener\">www.iamovers.org<\/a><\/td>\n<\/tr>\n<tr>\n<td>International Air Transport Association<br \/>\n<a href=\"http:\/\/www.iata.org\/\" target=\"_blank\" rel=\"noopener\">www.iata.org<\/a><\/td>\n<\/tr>\n<tr>\n<td>Uluslararasi Nakliyeciler Dernegi<br \/>\n<a href=\"http:\/\/www.und.org.tr\/\" target=\"_blank\" rel=\"noopener\">www.und.org.tr<\/a><\/td>\n<\/tr>\n<\/tbody>\n<\/table>\n<p>[\/vc_column_text][\/vc_column][\/vc_row]<\/p>","protected":false},"excerpt":{"rendered":"<p>[vc_row][vc_column width=&#8221;1\/4&#8243; css=&#8221;.vc_custom_1462359174553{background-color: #f2f2f2 !important;}&#8221;][vc_column_text css_animation=&#8221;bottom-to-top&#8221;] COMPANY DATA PROTECTION POLICY THE TEAM MEMBERSHIPS QUALITY MANAGEMENT &#8211; Personal Data Protection and Processing Policy &#8211; Personal Data Storage [&hellip;]<\/p>\n","protected":false},"author":1,"featured_media":0,"parent":91,"menu_order":0,"comment_status":"closed","ping_status":"closed","template":"","meta":{"footnotes":""},"class_list":["post-132","page","type-page","status-publish","hentry"],"_links":{"self":[{"href":"https:\/\/asyanakliyat.com\/en\/wp-json\/wp\/v2\/pages\/132","targetHints":{"allow":["GET"]}}],"collection":[{"href":"https:\/\/asyanakliyat.com\/en\/wp-json\/wp\/v2\/pages"}],"about":[{"href":"https:\/\/asyanakliyat.com\/en\/wp-json\/wp\/v2\/types\/page"}],"author":[{"embeddable":true,"href":"https:\/\/asyanakliyat.com\/en\/wp-json\/wp\/v2\/users\/1"}],"replies":[{"embeddable":true,"href":"https:\/\/asyanakliyat.com\/en\/wp-json\/wp\/v2\/comments?post=132"}],"version-history":[{"count":67,"href":"https:\/\/asyanakliyat.com\/en\/wp-json\/wp\/v2\/pages\/132\/revisions"}],"predecessor-version":[{"id":1589,"href":"https:\/\/asyanakliyat.com\/en\/wp-json\/wp\/v2\/pages\/132\/revisions\/1589"}],"up":[{"embeddable":true,"href":"https:\/\/asyanakliyat.com\/en\/wp-json\/wp\/v2\/pages\/91"}],"wp:attachment":[{"href":"https:\/\/asyanakliyat.com\/en\/wp-json\/wp\/v2\/media?parent=132"}],"curies":[{"name":"wp","href":"https:\/\/api.w.org\/{rel}","templated":true}]}}