{"id":106,"date":"2016-03-23T18:26:06","date_gmt":"2016-03-23T18:26:06","guid":{"rendered":"http:\/\/www.atalaywebhosting.com\/demo\/asya\/?page_id=106"},"modified":"2026-01-06T02:56:15","modified_gmt":"2026-01-06T02:56:15","slug":"iletisim","status":"publish","type":"page","link":"https:\/\/asyanakliyat.com\/en\/iletisim\/","title":{"rendered":"CONTACT"},"content":{"rendered":"<p>[vc_row][vc_column width=&#8221;1\/2&#8243; css=&#8221;.vc_custom_1458923639771{background-color: #dbdbdb !important;}&#8221;][vc_column_text]<\/p>\n<div class=\"sag contact\">\n<div class=\"adresler\">\n<h1><span style=\"color: #3b78ab;\">\u0130STANBUL<\/span><\/h1>\n<p>Re\u015fitpa\u015fa Mah. De\u011firmentepe Aykan Sok. No: 18\/2 Emirgan, 34467 Sar\u0131yer \u0130stanbul-Turkey<\/p>\n<p>T: +90 212 359 20 00<br \/>\nF: +90 212 243 65 09<br \/>\nE: <a href=\"mailto:ist@asyanakliyat.com\">ist@asyanakliyat.com<\/a><br \/>\n<span style=\"color: #3b78ab;\"><a style=\"color: #3b78ab;\" href=\"https:\/\/www.google.com.tr\/maps\/place\/41%C2%B006'34.5%22N+29%C2%B002'39.8%22E\/@41.1095873,29.0422002,17z\/data=!3m1!4b1!4m5!3m4!1s0x0:0x0!8m2!3d41.1095833!4d29.0443889\" target=\"_blank\" rel=\"noopener\">CLICK FOR MAP<\/a><\/span><\/p>\n<div class=\"qr-container\"><img loading=\"lazy\" decoding=\"async\" class=\"alignnone size-medium wp-image-622\" src=\"https:\/\/www.asyanakliyat.com\/wp-content\/uploads\/2016\/03\/qr_istanbul.jpg\" alt=\"qr_istanbul\" width=\"119\" height=\"119\" srcset=\"https:\/\/asyanakliyat.com\/wp-content\/uploads\/2016\/03\/qr_istanbul.jpg 119w, https:\/\/asyanakliyat.com\/wp-content\/uploads\/2016\/03\/qr_istanbul-50x50.jpg 50w, https:\/\/asyanakliyat.com\/wp-content\/uploads\/2016\/03\/qr_istanbul-75x75.jpg 75w, https:\/\/asyanakliyat.com\/wp-content\/uploads\/2016\/03\/qr_istanbul-85x85.jpg 85w, https:\/\/asyanakliyat.com\/wp-content\/uploads\/2016\/03\/qr_istanbul-80x80.jpg 80w\" sizes=\"auto, (max-width: 119px) 100vw, 119px\" \/><\/div>\n<\/div>\n<div class=\"adresler\">\n<h1><\/h1>\n<h1><span style=\"color: #3b78ab;\">ANKARA<\/span><\/h1>\n<p>Atat\u00fcrk Bulvar\u0131 No: 127\/2 06640 Bakanl\u0131klar Ankara-Turkey<\/p>\n<p>T: +90 312 417 41 84<br \/>\nF: +90 312 425 69 95<br \/>\nE: <a href=\"mailto:ank@asyanakliyat.com\">ank@asyanakliyat.com<\/a><br \/>\n<span style=\"color: #3b78ab;\"><a style=\"color: #3b78ab;\" href=\"https:\/\/goo.gl\/maps\/einw1PRU5A72\" target=\"_blank\" rel=\"noopener\">CLICK FOR MAP<\/a><\/span><\/p>\n<div class=\"qr-container\"><img loading=\"lazy\" decoding=\"async\" class=\"alignnone size-medium wp-image-623\" src=\"https:\/\/www.asyanakliyat.com\/wp-content\/uploads\/2016\/03\/qr_ankara.jpg\" alt=\"qr_ankara\" width=\"118\" height=\"118\" srcset=\"https:\/\/asyanakliyat.com\/wp-content\/uploads\/2016\/03\/qr_ankara.jpg 118w, https:\/\/asyanakliyat.com\/wp-content\/uploads\/2016\/03\/qr_ankara-50x50.jpg 50w, https:\/\/asyanakliyat.com\/wp-content\/uploads\/2016\/03\/qr_ankara-75x75.jpg 75w, https:\/\/asyanakliyat.com\/wp-content\/uploads\/2016\/03\/qr_ankara-85x85.jpg 85w, https:\/\/asyanakliyat.com\/wp-content\/uploads\/2016\/03\/qr_ankara-80x80.jpg 80w\" sizes=\"auto, (max-width: 118px) 100vw, 118px\" \/><\/div>\n<\/div>\n<\/div>\n<p>[\/vc_column_text][\/vc_column][vc_column width=&#8221;1\/2&#8243; css=&#8221;.vc_custom_1458923647819{background-color: #dbdbdb !important;}&#8221;][vc_column_text]<\/p>\n<div class=\"sag contact\">\n<div class=\"adresler\">\n<h1><span style=\"color: #3b78ab;\">\u0130ZM\u0130R<\/span><\/h1>\n<p>Cumhuriyet Mahallesi, Mithatpasa Caddesi No:2-O G\u00f6rece-Menderes \u0130zmir Turkey<\/p>\n<p>T: +90 232 441 76 06<br \/>\nF: +90 232 441 76 33<br \/>\nE: <a href=\"mailto:izm@asyanakliyat.com\">izm@asyanakliyat.com<\/a><br \/>\n<a href=\"https:\/\/maps.app.goo.gl\/YHcRUwkpR8rHCa9Q8\" target=\"_blank\" rel=\"noopener\"><span style=\"color: #3b78ab;\">CLICK FOR MAP<\/span><\/a><\/p>\n<div class=\"qr-container\"><img loading=\"lazy\" decoding=\"async\" class=\"alignnone size-medium wp-image-624\" src=\"https:\/\/www.asyanakliyat.com\/wp-content\/uploads\/2016\/03\/qr_izmir.jpg\" alt=\"qr_izmir\" width=\"118\" height=\"118\" srcset=\"https:\/\/asyanakliyat.com\/wp-content\/uploads\/2016\/03\/qr_izmir.jpg 118w, https:\/\/asyanakliyat.com\/wp-content\/uploads\/2016\/03\/qr_izmir-50x50.jpg 50w, https:\/\/asyanakliyat.com\/wp-content\/uploads\/2016\/03\/qr_izmir-75x75.jpg 75w, https:\/\/asyanakliyat.com\/wp-content\/uploads\/2016\/03\/qr_izmir-85x85.jpg 85w, https:\/\/asyanakliyat.com\/wp-content\/uploads\/2016\/03\/qr_izmir-80x80.jpg 80w\" sizes=\"auto, (max-width: 118px) 100vw, 118px\" \/><\/div>\n<\/div>\n<h1 class=\"adresler\"><\/h1>\n<h1 class=\"adresler\"><span style=\"color: #3b78ab;\">ADANA<\/span><\/h1>\n<div class=\"adresler\">\n<p>Ceyhan Yolu 12. km 01310 \u0130ncirlik Adana-<br \/>\nTurkey<\/p>\n<p>T: +90 322 332 73 02<br \/>\nF: +90 322 332 98 65<br \/>\nE: <a href=\"mailto:adn@asyanakliyat.com\">adn@asyanakliyat.com<\/a><br \/>\n<span style=\"color: #3b78ab;\"><a style=\"color: #3b78ab;\" href=\"https:\/\/www.google.com.tr\/maps\/place\/36%C2%B058'45.8%22N+35%C2%B027'45.8%22E\/@36.9793932,35.4605335,17z\/data=!4m12!1m6!4m5!1m0!1m3!2m2!1d35.4627222!2d36.9793889!3m4!1s0x0:0x0!8m2!3d36.9793889!4d35.4627222?hl=tr\" target=\"_blank\" rel=\"noopener\">CLICK FOR MAP<\/a><\/span><\/p>\n<p><img loading=\"lazy\" decoding=\"async\" class=\"alignnone size-medium wp-image-625\" src=\"https:\/\/www.asyanakliyat.com\/wp-content\/uploads\/2016\/03\/qr_adana.jpg\" alt=\"qr_adana\" width=\"118\" height=\"118\" srcset=\"https:\/\/asyanakliyat.com\/wp-content\/uploads\/2016\/03\/qr_adana.jpg 118w, https:\/\/asyanakliyat.com\/wp-content\/uploads\/2016\/03\/qr_adana-50x50.jpg 50w, https:\/\/asyanakliyat.com\/wp-content\/uploads\/2016\/03\/qr_adana-75x75.jpg 75w, https:\/\/asyanakliyat.com\/wp-content\/uploads\/2016\/03\/qr_adana-85x85.jpg 85w, https:\/\/asyanakliyat.com\/wp-content\/uploads\/2016\/03\/qr_adana-80x80.jpg 80w\" sizes=\"auto, (max-width: 118px) 100vw, 118px\" \/><\/p>\n<\/div>\n<\/div>\n<p>[\/vc_column_text][\/vc_column][\/vc_row][vc_row][vc_column][\/vc_column][\/vc_row]<\/p>","protected":false},"excerpt":{"rendered":"<p>[vc_row][vc_column width=&#8221;1\/2&#8243; css=&#8221;.vc_custom_1458923639771{background-color: #dbdbdb !important;}&#8221;][vc_column_text] \u0130STANBUL Re\u015fitpa\u015fa Mah. De\u011firmentepe Aykan Sok. No: 18\/2 Emirgan, 34467 Sar\u0131yer \u0130stanbul-Turkey T: +90 212 359 20 00 F: +90 212 [&hellip;]<\/p>\n","protected":false},"author":1,"featured_media":0,"parent":0,"menu_order":0,"comment_status":"closed","ping_status":"closed","template":"","meta":{"footnotes":""},"class_list":["post-106","page","type-page","status-publish","hentry"],"_links":{"self":[{"href":"https:\/\/asyanakliyat.com\/en\/wp-json\/wp\/v2\/pages\/106","targetHints":{"allow":["GET"]}}],"collection":[{"href":"https:\/\/asyanakliyat.com\/en\/wp-json\/wp\/v2\/pages"}],"about":[{"href":"https:\/\/asyanakliyat.com\/en\/wp-json\/wp\/v2\/types\/page"}],"author":[{"embeddable":true,"href":"https:\/\/asyanakliyat.com\/en\/wp-json\/wp\/v2\/users\/1"}],"replies":[{"embeddable":true,"href":"https:\/\/asyanakliyat.com\/en\/wp-json\/wp\/v2\/comments?post=106"}],"version-history":[{"count":63,"href":"https:\/\/asyanakliyat.com\/en\/wp-json\/wp\/v2\/pages\/106\/revisions"}],"predecessor-version":[{"id":1596,"href":"https:\/\/asyanakliyat.com\/en\/wp-json\/wp\/v2\/pages\/106\/revisions\/1596"}],"wp:attachment":[{"href":"https:\/\/asyanakliyat.com\/en\/wp-json\/wp\/v2\/media?parent=106"}],"curies":[{"name":"wp","href":"https:\/\/api.w.org\/{rel}","templated":true}]}}